{"id":1006898,"date":"2023-06-15T11:33:16","date_gmt":"2023-06-15T10:33:16","guid":{"rendered":"https:\/\/positiveprints.com\/?post_type=product&#038;p=1006898"},"modified":"2026-04-12T22:10:05","modified_gmt":"2026-04-12T21:10:05","slug":"la-nuit-de-nos-fiancailles","status":"publish","type":"product","link":"https:\/\/positiveprints.com\/fr\/produit\/la-nuit-de-nos-fiancailles\/","title":{"rendered":"La Nuit de Nos Fian\u00e7ailles"},"content":{"rendered":"<h2 class=\"grenB f24 cblue\" style=\"margin-top: 3rem;\">La nuit de nos fian\u00e7ailles : un souvenir intemporel pour votre moment inoubliable<\/h2>\r\n\r\n<p style=\"margin-top: 1rem;\">La nuit de nos fan\u00e7ailles est un <a href=\"https:\/\/positiveprints.com\/fr\/cadeaux-de-fiancailles\/\">cadeau de fian\u00e7ailles extraordinaire et personnalis\u00e9<\/a> qui capture la magie de cette \u00e9v\u00e9nement si particulier. Ce splendide poster ou cette magnifique toile exhibera la vue exacte du ciel \u00e9toil\u00e9 \u00e0 partir de l&#8217;heure et du lieu sp\u00e9cifiquement s\u00e9lectionn\u00e9 par vous, ce qui en fait le cadeau parfait pour votre fianc\u00e9\u2022e. Gr\u00e2ce \u00e0 ce t\u00e9moignage exceptionnel, vous pourrez revivre les \u00e9motions du moment et les souvenirs de cette nuit inoubliable pour les ann\u00e9es \u00e0 venir.<\/p>\r\n\r\n<h2 class=\"grenB f24 cblue\" style=\"margin-top: 3rem;\">Cr\u00e9ez votre \u0153uvre d&#8217;art personnalis\u00e9 de La nuit de nos fian\u00e7ailles<\/h2>\r\n\r\n<p style=\"margin-top: 1rem;\">\u00c0 l&#8217;aide de notre \u00e9diteur en ligne facile \u00e0 utilis\u00e9, cela devient un jeu d&#8217;enfant de concevoir La nuit de nos fian\u00e7ailles. Commencez par s\u00e9lectionner le style et les \u00e9l\u00e9ments qui agr\u00e9menteront votre carte des \u00e9toiles. Vous choisirez parmi nos styles pr\u00e9d\u00e9finis ou, pour une touche plus personnalis\u00e9, exp\u00e9rimentez avec les couleurs qui vous correspondent le plus. Am\u00e9liorez votre chef-d&#8217; \u0153uvre c\u00e9leste en s\u00e9lectionnant des \u00e9l\u00e9ments de carte stellaire tels que des plan\u00e8tes, des noms de plan\u00e8tes, des constellations, des noms de constellations, la voie lact\u00e9e et des lignes de quadrillage.<\/p>\r\n\r\n<p style=\"margin-top: 1rem;\">Pour cr\u00e9er une impression encore plus personnalis\u00e9 de La nuit de nos fian\u00e7ailles, saisissez l&#8217;emplacement ainsi que la date pr\u00e9cise o\u00f9 vous vous \u00eates engag\u00e9s l&#8217;un envers l&#8217;autre. Ajoutez un titre et un sous-titre qui auront une signification sp\u00e9ciale pour vous et votre bien-aim\u00e9\u2022e. Mais ce n&#8217;est pas tout : afin de pouvoir rendre ce cadeau vraiment unique et intime, vous incluerez des messages de texte qui seront int\u00e9gr\u00e9s au design \u00e0 tout jamais. Qu&#8217;il s&#8217;agisse des mots doux que vous avez \u00e9chang\u00e9s ou d&#8217;une citation sinc\u00e8re, ces touches personnelles aux valeurs ajout\u00e9es transformeront votre carte des \u00e9toiles en un pr\u00e9cieux souvenir.<\/p>\r\n\r\n<p style=\"margin-top: 1rem;\">Une fois le design de La nuit de nos fian\u00e7ailles termin\u00e9, le moment sera venu de choisir le format et la taille qui correspondra le mieux \u00e0 vos besoins. Notre gamme d&#8217;options inclus des posters encadr\u00e9s ou imprim\u00e9s, des toiles ou des fichiers num\u00e9riques \u00e0 t\u00e9l\u00e9chargement instantan\u00e9. Soyez assur\u00e9 que la qualit\u00e9 et le savoir-faire de vos \u0153uvres seront de premier ordre, quel que soit le format que vous aurez choisi.<\/p>\r\n\r\n<h2 class=\"grenB f24 cblue\" style=\"margin-top: 3rem;\">Le cadeau de fian\u00e7ailles parfait<\/h2>\r\n<p style=\"margin-top: 1rem;\">Si vous souhaitez trouver le meilleur <a href=\"https:\/\/positiveprints.com\/fr\/cadeaux-de-fiancailles\/\">cadeau de fian\u00e7ailles personnalis\u00e9<\/a>, La nuit de nos fian\u00e7ailles est exactement ce qu&#8217;il vous faut. Cette carte du ciel personnalis\u00e9 immortalise les \u00e9toiles qui brillaient lors de cette nuit singuli\u00e8re dans votre vie. Contrairement aux cadeaux ordinaires que vous trouverez en magasin, ce tr\u00e9sor unique en son genre t\u00e9moigne de l&#8217;amour et de la connexion que vous partagez tous les deux. Commandez aujourd&#8217;hui encore votre <a href=\"https:\/\/positiveprints.com\/fr\/produit\/carte-du-ciel-personnalisee\/\">carte des \u00e9toiles personnalis\u00e9e<\/a> et laissez la magie de cette nuit enchanteresse illuminer vos vies \u00e0 tout jamais.<\/p>","protected":false},"excerpt":{"rendered":"<ul class=\"check-list\">\n<li>Ajoutez des plan\u00e8tes, des constellations et la Voie lact\u00e9e<\/li>\n<li>Personnalisez-la en 3 \u00e9tapes simples<\/li>\n<li>Int\u00e9grez un texte personnalis\u00e9 \u00e9loquent<\/li>\n<li>Vois le r\u00e9sultat imm\u00e9diatement \u2013 l\u2019aper\u00e7u interactif te permet de peaufiner chaque d\u00e9tail<\/li>\n<\/ul>\n","protected":false},"featured_media":1229821,"template":"","meta":[],"product_brand":[],"product_cat":[9274,104,5276,2878],"product_tag":[17670,8432],"class_list":{"0":"post-1006898","1":"product","2":"type-product","3":"status-publish","4":"has-post-thumbnail","6":"product_cat-bestsellers-label-fr","7":"product_cat-tous-les-produits","8":"product_cat-cadeaux-de-fiancailles-idees-cadeaux","9":"product_cat-star-fr-2","10":"product_tag-engagement-fr","11":"product_tag-fiancailles","13":"first","14":"instock","15":"sale","16":"taxable","17":"shipping-taxable","18":"purchasable","19":"product-type-variable"},"yoast_head":"<!-- This site is optimized with the Yoast SEO Premium plugin v27.2 (Yoast SEO v27.2) - https:\/\/yoast.com\/product\/yoast-seo-premium-wordpress\/ -->\n<title>La Nuit de Nos Fian\u00e7ailles - Positive Prints<\/title>\n<meta name=\"description\" content=\"Cr\u00e9ez votre impression personnalis\u00e9 de La nuit de nos fian\u00e7ailles aujourd&#039;hui encore et laissez la magie de cette nuit enchanteresse illuminer vos vies \u00e0 tout jamais.\" \/>\n<meta name=\"robots\" content=\"index, follow, max-snippet:-1, max-image-preview:large, max-video-preview:-1\" \/>\n<link rel=\"canonical\" href=\"https:\/\/positiveprints.com\/fr\/produit\/la-nuit-de-nos-fiancailles\/\" \/>\n<meta property=\"og:locale\" content=\"fr_FR\" \/>\n<meta property=\"og:type\" content=\"article\" \/>\n<meta property=\"og:title\" content=\"La Nuit de Nos Fian\u00e7ailles\" \/>\n<meta property=\"og:description\" content=\"Ajoutez des plan\u00e8tes, des constellations et la Voie lact\u00e9e  Personnalisez-la en 3 \u00e9tapes simples  Int\u00e9grez un texte personnalis\u00e9 \u00e9loquent  Vois le r\u00e9sultat imm\u00e9diatement \u2013 l\u2019aper\u00e7u interactif te permet de peaufiner chaque d\u00e9tail\" \/>\n<meta property=\"og:url\" content=\"https:\/\/positiveprints.com\/fr\/produit\/la-nuit-de-nos-fiancailles\/\" \/>\n<meta property=\"og:site_name\" content=\"Positive Prints\" \/>\n<meta property=\"article:publisher\" content=\"https:\/\/www.facebook.com\/positiveprintscom\" \/>\n<meta property=\"article:modified_time\" content=\"2026-04-12T21:10:05+00:00\" \/>\n<meta property=\"og:image\" content=\"https:\/\/positiveprints.com\/wp-content\/uploads\/2024\/10\/Packshot_FR_The-Night-We-Got-Engagedproduct-image.webp\" \/>\n\t<meta property=\"og:image:width\" content=\"1450\" \/>\n\t<meta property=\"og:image:height\" content=\"1450\" \/>\n\t<meta property=\"og:image:type\" content=\"image\/webp\" \/>\n<meta name=\"twitter:card\" content=\"summary_large_image\" \/>\n<meta name=\"twitter:label1\" content=\"Dur\u00e9e de lecture estim\u00e9e\" \/>\n\t<meta name=\"twitter:data1\" content=\"3 minutes\" \/>\n<!-- \/ Yoast SEO Premium plugin. -->","yoast_head_json":{"title":"La Nuit de Nos Fian\u00e7ailles - Positive Prints","description":"Cr\u00e9ez votre impression personnalis\u00e9 de La nuit de nos fian\u00e7ailles aujourd'hui encore et laissez la magie de cette nuit enchanteresse illuminer vos vies \u00e0 tout jamais.","robots":{"index":"index","follow":"follow","max-snippet":"max-snippet:-1","max-image-preview":"max-image-preview:large","max-video-preview":"max-video-preview:-1"},"canonical":"https:\/\/positiveprints.com\/fr\/produit\/la-nuit-de-nos-fiancailles\/","og_locale":"fr_FR","og_type":"article","og_title":"La Nuit de Nos Fian\u00e7ailles","og_description":"Ajoutez des plan\u00e8tes, des constellations et la Voie lact\u00e9e  Personnalisez-la en 3 \u00e9tapes simples  Int\u00e9grez un texte personnalis\u00e9 \u00e9loquent  Vois le r\u00e9sultat imm\u00e9diatement \u2013 l\u2019aper\u00e7u interactif te permet de peaufiner chaque d\u00e9tail","og_url":"https:\/\/positiveprints.com\/fr\/produit\/la-nuit-de-nos-fiancailles\/","og_site_name":"Positive Prints","article_publisher":"https:\/\/www.facebook.com\/positiveprintscom","article_modified_time":"2026-04-12T21:10:05+00:00","og_image":[{"width":1450,"height":1450,"url":"https:\/\/positiveprints.com\/wp-content\/uploads\/2024\/10\/Packshot_FR_The-Night-We-Got-Engagedproduct-image.webp","type":"image\/webp"}],"twitter_card":"summary_large_image","twitter_misc":{"Dur\u00e9e de lecture estim\u00e9e":"3 minutes"},"schema":{"@context":"https:\/\/schema.org","@graph":[{"@type":["WebPage","ItemPage"],"@id":"https:\/\/positiveprints.com\/fr\/produit\/la-nuit-de-nos-fiancailles\/","url":"https:\/\/positiveprints.com\/fr\/produit\/la-nuit-de-nos-fiancailles\/","name":"La Nuit de Nos Fian\u00e7ailles - Positive Prints","isPartOf":{"@id":"https:\/\/positiveprints.com\/fr\/#website"},"primaryImageOfPage":{"@id":"https:\/\/positiveprints.com\/fr\/produit\/la-nuit-de-nos-fiancailles\/#primaryimage"},"image":{"@id":"https:\/\/positiveprints.com\/fr\/produit\/la-nuit-de-nos-fiancailles\/#primaryimage"},"thumbnailUrl":"https:\/\/positiveprints.com\/wp-content\/uploads\/2024\/10\/Packshot_FR_The-Night-We-Got-Engagedproduct-image.webp","datePublished":"2023-06-15T10:33:16+00:00","dateModified":"2026-04-12T21:10:05+00:00","description":"Cr\u00e9ez votre impression personnalis\u00e9 de La nuit de nos fian\u00e7ailles aujourd'hui encore et laissez la magie de cette nuit enchanteresse illuminer vos vies \u00e0 tout jamais.","breadcrumb":{"@id":"https:\/\/positiveprints.com\/fr\/produit\/la-nuit-de-nos-fiancailles\/#breadcrumb"},"inLanguage":"fr-FR","potentialAction":[{"@type":"ReadAction","target":["https:\/\/positiveprints.com\/fr\/produit\/la-nuit-de-nos-fiancailles\/"]}]},{"@type":"ImageObject","inLanguage":"fr-FR","@id":"https:\/\/positiveprints.com\/fr\/produit\/la-nuit-de-nos-fiancailles\/#primaryimage","url":"https:\/\/positiveprints.com\/wp-content\/uploads\/2024\/10\/Packshot_FR_The-Night-We-Got-Engagedproduct-image.webp","contentUrl":"https:\/\/positiveprints.com\/wp-content\/uploads\/2024\/10\/Packshot_FR_The-Night-We-Got-Engagedproduct-image.webp","width":1450,"height":1450},{"@type":"BreadcrumbList","@id":"https:\/\/positiveprints.com\/fr\/produit\/la-nuit-de-nos-fiancailles\/#breadcrumb","itemListElement":[{"@type":"ListItem","position":1,"name":"Home","item":"https:\/\/positiveprints.com\/fr\/"},{"@type":"ListItem","position":2,"name":"Produits","item":"https:\/\/positiveprints.com\/fr\/shop\/"},{"@type":"ListItem","position":3,"name":"La Nuit de Nos Fian\u00e7ailles"}]},{"@type":"WebSite","@id":"https:\/\/positiveprints.com\/fr\/#website","url":"https:\/\/positiveprints.com\/fr\/","name":"Positive Prints","description":"Amazing Custom Personalized Gifts","publisher":{"@id":"https:\/\/positiveprints.com\/fr\/#organization"},"potentialAction":[{"@type":"SearchAction","target":{"@type":"EntryPoint","urlTemplate":"https:\/\/positiveprints.com\/fr\/?s={search_term_string}"},"query-input":{"@type":"PropertyValueSpecification","valueRequired":true,"valueName":"search_term_string"}}],"inLanguage":"fr-FR"},{"@type":"Organization","@id":"https:\/\/positiveprints.com\/fr\/#organization","name":"Positive Prints","alternateName":"Positive Prints","url":"https:\/\/positiveprints.com\/fr\/","logo":{"@type":"ImageObject","inLanguage":"fr-FR","@id":"https:\/\/positiveprints.com\/fr\/#\/schema\/logo\/image\/","url":"https:\/\/positiveprints.com\/wp-content\/uploads\/2026\/03\/245815646_1337939713319158_5671353136411139666_n.png","contentUrl":"https:\/\/positiveprints.com\/wp-content\/uploads\/2026\/03\/245815646_1337939713319158_5671353136411139666_n.png","width":800,"height":800,"caption":"Positive Prints"},"image":{"@id":"https:\/\/positiveprints.com\/fr\/#\/schema\/logo\/image\/"},"sameAs":["https:\/\/www.facebook.com\/positiveprintscom","https:\/\/www.instagram.com\/positiveprintscom\/","https:\/\/www.tiktok.com\/@positiveprintscom","https:\/\/www.pinterest.com\/positiveprintscom\/"]}]}},"jetpack_sharing_enabled":true,"_links":{"self":[{"href":"https:\/\/positiveprints.com\/fr\/wp-json\/wp\/v2\/product\/1006898","targetHints":{"allow":["GET"]}}],"collection":[{"href":"https:\/\/positiveprints.com\/fr\/wp-json\/wp\/v2\/product"}],"about":[{"href":"https:\/\/positiveprints.com\/fr\/wp-json\/wp\/v2\/types\/product"}],"wp:featuredmedia":[{"embeddable":true,"href":"https:\/\/positiveprints.com\/fr\/wp-json\/wp\/v2\/media\/1229821"}],"wp:attachment":[{"href":"https:\/\/positiveprints.com\/fr\/wp-json\/wp\/v2\/media?parent=1006898"}],"wp:term":[{"taxonomy":"product_brand","embeddable":true,"href":"https:\/\/positiveprints.com\/fr\/wp-json\/wp\/v2\/product_brand?post=1006898"},{"taxonomy":"product_cat","embeddable":true,"href":"https:\/\/positiveprints.com\/fr\/wp-json\/wp\/v2\/product_cat?post=1006898"},{"taxonomy":"product_tag","embeddable":true,"href":"https:\/\/positiveprints.com\/fr\/wp-json\/wp\/v2\/product_tag?post=1006898"}],"curies":[{"name":"wp","href":"https:\/\/api.w.org\/{rel}","templated":true}]}}