{"id":1004730,"date":"2023-11-20T11:45:21","date_gmt":"2023-11-20T10:45:21","guid":{"rendered":"https:\/\/positiveprints.com\/?post_type=product&#038;p=1004730"},"modified":"2026-04-18T04:49:38","modified_gmt":"2026-04-18T03:49:38","slug":"portrait-trace-a-partir-dune-photo","status":"publish","type":"product","link":"https:\/\/positiveprints.com\/fr\/produit\/portrait-trace-a-partir-dune-photo\/","title":{"rendered":"Portrait Trac\u00e9 \u00e0 partir d&#8217;une photo"},"content":{"rendered":"<p>Vous souhaitez offrir un cadeau qui refl\u00e8te parfaitement vos sentiments ? Ne cherchez pas plus loin ! Notre dessin au trait personnalisable vous offre la possibilit\u00e9 de cr\u00e9er un chef-d&#8217;\u0153uvre exceptionnel, rempli d&#8217;\u00e9motions et de souvenirs, en seulement trois \u00e9tapes simples. Vous pourrez enfin partager votre amour et vos meilleurs souvenirs en transformant votre photo favorite en une \u0153uvre d&#8217;art personnalis\u00e9e. Quelle belle fa\u00e7on de montrer votre reconnaissance, faire plaisir \u00e0 quelqu&#8217;un et partager vos moments les plus inoubliables en tout occasion.<\/p>\r\n\r\n<h2>3 \u00e9tapes simples pour cr\u00e9er une \u0153uvre d&#8217;art de dessin au trait personnalisable et unique<\/h2>\r\n\r\n<ol>\r\n\r\n<li><strong>Choisissez votre style et vos couleurs<\/strong><\/li>\r\n<p>Commencez par s\u00e9lectionner le style et les couleurs qui correspondent le mieux avec vos sentiments et vos pr\u00e9f\u00e9rences. Nos artistes qualifi\u00e9s utiliseront vos choix pour cr\u00e9er une \u0153uvre unique et en accord avec votre perspective.<\/p>\r\n\r\n<li><strong>T\u00e9l\u00e9chargez la photo de votre choix<\/strong><\/li>\r\n\r\n<p>Partagez une photo qui renferme de pr\u00e9cieux souvenirs, capturant l&#8217;essence m\u00eame de vos sentiments, \u00e0 l&#8217;occasion d&#8217;une pendaison de cr\u00e9maill\u00e8re, d&#8217;un animal de compagnie bien-aim\u00e9, d&#8217;un instant particulier en couple ou d&#8217;une r\u00e9union de famille. Nos artistes dessineront votre \u0153uvre \u00e0 la main et avec savoir-faire, \u00e0 partir de votre image.<\/p>\r\n\r\n<li><strong>Ajoutez un message personnel et finalisez<\/strong><\/li>\r\n\r\n<p>Am\u00e9liorez votre \u0153uvre d&#8217;art en y incluant un message sinc\u00e8re ou quelques mots \u00e9loquents, ce qui en fera encore plus un cadeau vraiment personnalis\u00e9. Apr\u00e8s le paiement, l&#8217;\u00e9quipe d&#8217;assistance de Positive Prints vous contactera pour confirmer votre commande et lancer le processus de cr\u00e9ation. Une fois l\u2019illustration pr\u00eate, vous recevrez un e-mail pour examiner et accepter la conception finale. Si vous le souhaitez, vous pourrez demander des modifications jusqu&#8217;\u00e0 deux reprises. Une fois que nous aurons obtenus votre approbation finale, l&#8217;\u0153uvre sera envoy\u00e9e pour impression et livraison.<\/p>\r\n\r\n<\/ol>\r\n\r\n<p>Gr\u00e2ce \u00e0 ces \u00e9tapes simples, vous pouvez cr\u00e9er une \u0153uvre d&#8217;art de dessin au trait singulier qui suscite des \u00e9motions et rend chaque occasion sp\u00e9ciale.<\/p>\r\n\r\n<h2>Le cadeau id\u00e9al qui r\u00e9veillera des \u00e9motions intenses<\/h2>\r\n\r\n<p>Pourquoi le dessin au trait personnalisable est-il le cadeau id\u00e9al ? C&#8217;est en raison de sa singularit\u00e9 et de son caract\u00e8re personnel que cette cr\u00e9ation immortalise un souvenir sp\u00e9cial. Cette \u0153uvre d&#8217;art est un moyen puissant d&#8217;exprimer de l&#8217;amour, de la gratitude ou de l&#8217;admiration. C&#8217;est un souvenir qui restera grav\u00e9 dans la m\u00e9moire de votre proche et qui lui apportera toujours un sourire. Les \u00e9motions g\u00e9n\u00e9r\u00e9es sont inestimables. Qu&#8217;il s&#8217;agisse d&#8217;une f\u00eate de pendaison de cr\u00e9maill\u00e8re, d&#8217;un hommage \u00e0 un animal de compagnie bien-aim\u00e9, d&#8217;un instant particulier en couple ou d&#8217;une r\u00e9union de famille, le dessin au trait personnalisable fait foi de beaucoup de talent.<\/p>\r\n\r\n<p>Transformez toutes les occasions en moments sp\u00e9ciaux &#8211; anniversaires, comm\u00e9morations, ou tout simplement pour marquer le coup. Commandez votre dessin au trait personnalisable d\u00e8s maintenant, et admirez le bonheur se r\u00e9pandre. C&#8217;est plus que de l&#8217;art ; c&#8217;est un souvenir pr\u00e9cieux pour la vie. Ne ratez pas cette opportunit\u00e9 de laisser une impression inoubliable. Faites en sorte que vos proches se sentent vraiment sp\u00e9ciaux \u00e0 vos yeux.<\/p>","protected":false},"excerpt":{"rendered":"<ul class=\"check-list\">\n<li>Dessin\u00e9 et envoy\u00e9 pour votre approbation dans les 2-3 jours ouvrables<\/li>\n<li>Personnalisez-la en 3 \u00e9tapes simples<\/li>\n<li>Choisissez un mod\u00e8le ou faites preuve de cr\u00e9ativit\u00e9<\/li>\n<li>2 r\u00e9visions disponibles \u00e0 la demande<\/li>\n<\/ul>\n","protected":false},"featured_media":1318641,"template":"","meta":[],"product_brand":[],"product_cat":[15109,8243,9177,104,264,11532,11607,11533,11529,11534,11530,11531],"product_tag":[14858,14861,13810,15508],"class_list":{"0":"post-1004730","1":"product","2":"type-product","3":"status-publish","4":"has-post-thumbnail","6":"product_cat-bestsellers-menu-fr","7":"product_cat-digital-products-fr","8":"product_cat-line-art-fr","9":"product_cat-tous-les-produits","10":"product_cat-creators-fr-2","11":"product_cat-10-ans-de-mariage","12":"product_cat-50-ans-de-mariage","13":"product_cat-15-ans-de-mariage","14":"product_cat-1-an-de-mariage","15":"product_cat-20-ans-de-mariage","16":"product_cat-2-ans-de-mariage","17":"product_cat-5-ans-de-mariage","18":"product_tag-creators-fr-2","19":"product_tag-custom-photo-fr","20":"product_tag-poster-photo-personnalise","21":"product_tag-une-ligne","23":"first","24":"instock","25":"sale","26":"taxable","27":"shipping-taxable","28":"purchasable","29":"product-type-variable"},"yoast_head":"<!-- This site is optimized with the Yoast SEO Premium plugin v27.2 (Yoast SEO v27.2) - https:\/\/yoast.com\/product\/yoast-seo-premium-wordpress\/ -->\n<title>Portrait Trac\u00e9 \u00e0 partir d\u2019une photo - Positive Prints<\/title>\n<meta name=\"description\" content=\"Cr\u00e9ez un dessin au trait personnalis\u00e9 unique \u00e0 partir d&#039;une photo de votre choix. Dessin\u00e9 \u00e0 la main par des artistes qualifi\u00e9s, ajoutez un message personnel. Parfait pour toutes les occasions. Commandez d\u00e8s maintenant !\" \/>\n<meta name=\"robots\" content=\"index, follow, max-snippet:-1, max-image-preview:large, max-video-preview:-1\" \/>\n<link rel=\"canonical\" href=\"https:\/\/positiveprints.com\/fr\/produit\/portrait-trace-a-partir-dune-photo\/\" \/>\n<meta property=\"og:locale\" content=\"fr_FR\" \/>\n<meta property=\"og:type\" content=\"article\" \/>\n<meta property=\"og:title\" content=\"Portrait Trac\u00e9 \u00e0 partir d&#039;une photo\" \/>\n<meta property=\"og:description\" content=\"Dessin\u00e9 et envoy\u00e9 pour votre approbation dans les 2-3 jours ouvrables      Personnalisez-la en 3 \u00e9tapes simples      Choisissez un mod\u00e8le ou faites preuve de cr\u00e9ativit\u00e9      2 r\u00e9visions disponibles \u00e0 la demande\" \/>\n<meta property=\"og:url\" content=\"https:\/\/positiveprints.com\/fr\/produit\/portrait-trace-a-partir-dune-photo\/\" \/>\n<meta property=\"og:site_name\" content=\"Positive Prints\" \/>\n<meta property=\"article:publisher\" content=\"https:\/\/www.facebook.com\/positiveprintscom\" \/>\n<meta property=\"article:modified_time\" content=\"2026-04-18T03:49:38+00:00\" \/>\n<meta property=\"og:image\" content=\"https:\/\/positiveprints.com\/wp-content\/uploads\/2025\/01\/Dessin-au-Trait-Personnalisable-1.webp\" \/>\n\t<meta property=\"og:image:width\" content=\"1450\" \/>\n\t<meta property=\"og:image:height\" content=\"1450\" \/>\n\t<meta property=\"og:image:type\" content=\"image\/webp\" \/>\n<meta name=\"twitter:card\" content=\"summary_large_image\" \/>\n<meta name=\"twitter:label1\" content=\"Dur\u00e9e de lecture estim\u00e9e\" \/>\n\t<meta name=\"twitter:data1\" content=\"3 minutes\" \/>\n<!-- \/ Yoast SEO Premium plugin. -->","yoast_head_json":{"title":"Portrait Trac\u00e9 \u00e0 partir d\u2019une photo - Positive Prints","description":"Cr\u00e9ez un dessin au trait personnalis\u00e9 unique \u00e0 partir d'une photo de votre choix. Dessin\u00e9 \u00e0 la main par des artistes qualifi\u00e9s, ajoutez un message personnel. Parfait pour toutes les occasions. Commandez d\u00e8s maintenant !","robots":{"index":"index","follow":"follow","max-snippet":"max-snippet:-1","max-image-preview":"max-image-preview:large","max-video-preview":"max-video-preview:-1"},"canonical":"https:\/\/positiveprints.com\/fr\/produit\/portrait-trace-a-partir-dune-photo\/","og_locale":"fr_FR","og_type":"article","og_title":"Portrait Trac\u00e9 \u00e0 partir d'une photo","og_description":"Dessin\u00e9 et envoy\u00e9 pour votre approbation dans les 2-3 jours ouvrables      Personnalisez-la en 3 \u00e9tapes simples      Choisissez un mod\u00e8le ou faites preuve de cr\u00e9ativit\u00e9      2 r\u00e9visions disponibles \u00e0 la demande","og_url":"https:\/\/positiveprints.com\/fr\/produit\/portrait-trace-a-partir-dune-photo\/","og_site_name":"Positive Prints","article_publisher":"https:\/\/www.facebook.com\/positiveprintscom","article_modified_time":"2026-04-18T03:49:38+00:00","og_image":[{"width":1450,"height":1450,"url":"https:\/\/positiveprints.com\/wp-content\/uploads\/2025\/01\/Dessin-au-Trait-Personnalisable-1.webp","type":"image\/webp"}],"twitter_card":"summary_large_image","twitter_misc":{"Dur\u00e9e de lecture estim\u00e9e":"3 minutes"},"schema":{"@context":"https:\/\/schema.org","@graph":[{"@type":["WebPage","ItemPage"],"@id":"https:\/\/positiveprints.com\/fr\/produit\/portrait-trace-a-partir-dune-photo\/","url":"https:\/\/positiveprints.com\/fr\/produit\/portrait-trace-a-partir-dune-photo\/","name":"Portrait Trac\u00e9 \u00e0 partir d\u2019une photo - Positive Prints","isPartOf":{"@id":"https:\/\/positiveprints.com\/fr\/#website"},"primaryImageOfPage":{"@id":"https:\/\/positiveprints.com\/fr\/produit\/portrait-trace-a-partir-dune-photo\/#primaryimage"},"image":{"@id":"https:\/\/positiveprints.com\/fr\/produit\/portrait-trace-a-partir-dune-photo\/#primaryimage"},"thumbnailUrl":"https:\/\/positiveprints.com\/wp-content\/uploads\/2025\/01\/Dessin-au-Trait-Personnalisable-1.webp","datePublished":"2023-11-20T10:45:21+00:00","dateModified":"2026-04-18T03:49:38+00:00","description":"Cr\u00e9ez un dessin au trait personnalis\u00e9 unique \u00e0 partir d'une photo de votre choix. Dessin\u00e9 \u00e0 la main par des artistes qualifi\u00e9s, ajoutez un message personnel. Parfait pour toutes les occasions. Commandez d\u00e8s maintenant !","breadcrumb":{"@id":"https:\/\/positiveprints.com\/fr\/produit\/portrait-trace-a-partir-dune-photo\/#breadcrumb"},"inLanguage":"fr-FR","potentialAction":[{"@type":"ReadAction","target":["https:\/\/positiveprints.com\/fr\/produit\/portrait-trace-a-partir-dune-photo\/"]}]},{"@type":"ImageObject","inLanguage":"fr-FR","@id":"https:\/\/positiveprints.com\/fr\/produit\/portrait-trace-a-partir-dune-photo\/#primaryimage","url":"https:\/\/positiveprints.com\/wp-content\/uploads\/2025\/01\/Dessin-au-Trait-Personnalisable-1.webp","contentUrl":"https:\/\/positiveprints.com\/wp-content\/uploads\/2025\/01\/Dessin-au-Trait-Personnalisable-1.webp","width":1450,"height":1450},{"@type":"BreadcrumbList","@id":"https:\/\/positiveprints.com\/fr\/produit\/portrait-trace-a-partir-dune-photo\/#breadcrumb","itemListElement":[{"@type":"ListItem","position":1,"name":"Home","item":"https:\/\/positiveprints.com\/fr\/"},{"@type":"ListItem","position":2,"name":"Produits","item":"https:\/\/positiveprints.com\/fr\/shop\/"},{"@type":"ListItem","position":3,"name":"Portrait Trac\u00e9 \u00e0 partir d\u2019une photo"}]},{"@type":"WebSite","@id":"https:\/\/positiveprints.com\/fr\/#website","url":"https:\/\/positiveprints.com\/fr\/","name":"Positive Prints","description":"Amazing Custom Personalized Gifts","publisher":{"@id":"https:\/\/positiveprints.com\/fr\/#organization"},"potentialAction":[{"@type":"SearchAction","target":{"@type":"EntryPoint","urlTemplate":"https:\/\/positiveprints.com\/fr\/?s={search_term_string}"},"query-input":{"@type":"PropertyValueSpecification","valueRequired":true,"valueName":"search_term_string"}}],"inLanguage":"fr-FR"},{"@type":"Organization","@id":"https:\/\/positiveprints.com\/fr\/#organization","name":"Positive Prints","alternateName":"Positive Prints","url":"https:\/\/positiveprints.com\/fr\/","logo":{"@type":"ImageObject","inLanguage":"fr-FR","@id":"https:\/\/positiveprints.com\/fr\/#\/schema\/logo\/image\/","url":"https:\/\/positiveprints.com\/wp-content\/uploads\/2026\/03\/245815646_1337939713319158_5671353136411139666_n.png","contentUrl":"https:\/\/positiveprints.com\/wp-content\/uploads\/2026\/03\/245815646_1337939713319158_5671353136411139666_n.png","width":800,"height":800,"caption":"Positive Prints"},"image":{"@id":"https:\/\/positiveprints.com\/fr\/#\/schema\/logo\/image\/"},"sameAs":["https:\/\/www.facebook.com\/positiveprintscom","https:\/\/www.instagram.com\/positiveprintscom\/","https:\/\/www.tiktok.com\/@positiveprintscom","https:\/\/www.pinterest.com\/positiveprintscom\/"]}]}},"jetpack_sharing_enabled":true,"_links":{"self":[{"href":"https:\/\/positiveprints.com\/fr\/wp-json\/wp\/v2\/product\/1004730","targetHints":{"allow":["GET"]}}],"collection":[{"href":"https:\/\/positiveprints.com\/fr\/wp-json\/wp\/v2\/product"}],"about":[{"href":"https:\/\/positiveprints.com\/fr\/wp-json\/wp\/v2\/types\/product"}],"wp:featuredmedia":[{"embeddable":true,"href":"https:\/\/positiveprints.com\/fr\/wp-json\/wp\/v2\/media\/1318641"}],"wp:attachment":[{"href":"https:\/\/positiveprints.com\/fr\/wp-json\/wp\/v2\/media?parent=1004730"}],"wp:term":[{"taxonomy":"product_brand","embeddable":true,"href":"https:\/\/positiveprints.com\/fr\/wp-json\/wp\/v2\/product_brand?post=1004730"},{"taxonomy":"product_cat","embeddable":true,"href":"https:\/\/positiveprints.com\/fr\/wp-json\/wp\/v2\/product_cat?post=1004730"},{"taxonomy":"product_tag","embeddable":true,"href":"https:\/\/positiveprints.com\/fr\/wp-json\/wp\/v2\/product_tag?post=1004730"}],"curies":[{"name":"wp","href":"https:\/\/api.w.org\/{rel}","templated":true}]}}