{"id":637157,"date":"2023-07-11T19:33:49","date_gmt":"2023-07-11T17:33:49","guid":{"rendered":"https:\/\/positiveprints.com\/?page_id=637157"},"modified":"2024-02-03T00:05:56","modified_gmt":"2024-02-02T23:05:56","slug":"reglement-du-concours-de-positive-prints","status":"publish","type":"page","link":"https:\/\/positiveprints.com\/fr\/reglement-du-concours-de-positive-prints\/","title":{"rendered":"<strong>R\u00e8glement du Concours de Positive Prints<\/strong>"},"content":{"rendered":"<h1 class=\"wp-block-heading has-text-align-center\" id=\"h-reglement-du-concours-de-positive-prints\"><strong>R\u00e8glement du Concours de Positive Prints<\/strong><\/h1><h2 class=\"wp-block-heading\" id=\"h-i-organisateur\"><strong>I. Organisateur<\/strong><\/h2><ol class=\"wp-block-list\"><li>L&#8217;organisateur du concours et l&#8217;administrateur des donn\u00e9es personnelles des participants est Positive Prints Sp. z o.o. (SRL) avec son si\u00e8ge social \u00e0 Varsovie, ul. Pu\u0142awska 145 (code postal 02-715), inscrite au registre des entrepreneurs tenu par le tribunal de district de la capitale de Varsovie \u00e0 Varsovie, XIIIe d\u00e9partement \u00e9conomique du registre national des tribunaux, sous le num\u00e9ro KRS : 0000839033 (num\u00e9ro du registre national des tribunaux).<\/li>\n\n<li>Les coordonn\u00e9es pour les questions li\u00e9es \u00e0 la concurrence sont les suivantes :<ul class=\"wp-block-list\"><li>Adresse e-mail : info@positiveprints.com<\/li><\/ul><\/li><\/ol><h2 class=\"wp-block-heading\" id=\"h-ii-participants\"><strong>II. Participants<\/strong><\/h2><ol class=\"wp-block-list\"><li>Les Participants au Concours ne peuvent \u00eatre que des personnes jouissant de la pleine capacit\u00e9 juridique qui ont achet\u00e9 un produit sur la boutique <a href=\"https:\/\/positiveprints.com\/\">https:\/\/positiveprints.com\/<\/a> et ont correctement effectu\u00e9 la t\u00e2che du concours.<\/li>\n\n<li>Le Participant au Concours peut participer au concours une fois, chaque fois qu&#8217;il ach\u00e8te sur la boutique https:\/\/positiveprints.com\/, et terminer la t\u00e2che du concours.<\/li>\n\n<li>La participation au concours est volontaire et gratuite.<\/li>\n\n<li>En s&#8217;inscrivant au concours, le Participant d\u00e9clare :<ul class=\"wp-block-list\"><li>accepter les R\u00e8gles du Concours et s&#8217;engager \u00e0 les respecter,<\/li>\n\n<li>accepter le traitement des donn\u00e9es personnelles \u00e0 des fins li\u00e9es \u00e0 la participation au Concours,<\/li>\n\n<li>et accorder une licence non exclusive \u00e0 l&#8217;Organisateur pour utiliser la participation au Concours sp\u00e9cifi\u00e9e dans les pr\u00e9sentes Conditions g\u00e9n\u00e9rales.<\/li><\/ul><\/li>\n\n<li>L&#8217;Organisateur a le droit de rejeter les participations incompl\u00e8tes, d\u00e9fectueuses, ill\u00e9gales ou violant les droits ou la propri\u00e9t\u00e9 de tiers ou de l&#8217;Organisateur. L&#8217;Organisateur a \u00e9galement le droit de rejeter les applications qui contiennent du contenu g\u00e9n\u00e9ralement consid\u00e9r\u00e9 comme offensant, pornographique, incitant \u00e0 la haine pour quelque motif que ce soit ou discriminatoire \u00e0 l&#8217;\u00e9gard de groupes sociaux.<\/li><\/ol><h2 class=\"wp-block-heading\" id=\"h-iii-lieu-temps-et-tache-du-concours\"><strong>III. Lieu, temps et t\u00e2che du concours<\/strong><\/h2><ol class=\"wp-block-list\"><li>Le concours commence le 1er f\u00e9vrier 2023 et se poursuivra jusqu&#8217;\u00e0 ce que l&#8217;organisateur la termine. La fin du concours sera annonc\u00e9e au plus tard 2 mois avant sa fin. L&#8217;Organisateur annoncera la fin du concours de la m\u00eame mani\u00e8re que son d\u00e9but.<\/li>\n\n<li>L&#8217;Organisateur annonce le d\u00e9but et la fin du concours sur son site web, ainsi que sur les m\u00e9dias sociaux g\u00e9r\u00e9s par l&#8217;Organisateur.<\/li>\n\n<li>Pour participer au Concours, le Participant doit envoyer une candidature avec la participation au Concours via le formulaire disponible sur le site : <a href=\"https:\/\/positiveprints.com\/fr\/video-de-deballage\/\">https:\/\/positiveprints.com\/fr\/video-de-deballage\/<\/a><\/li>\n\n<li>La t\u00e2che du concours consiste \u00e0 pr\u00e9parer et \u00e0 envoyer \u00e0 l&#8217;organisateur, pendant la p\u00e9riode du concours, une inscription au concours sous la forme d&#8217;une courte vid\u00e9o du d\u00e9ballage de l&#8217;affiche ou \u00e0 la remettre \u00e0 une autre personne si l&#8217;affiche a \u00e9t\u00e9 command\u00e9e en cadeau.<\/li><\/ol><h2 class=\"wp-block-heading\" id=\"h-iv-mode-de-selection-des-laureats\"><strong>IV. Mode de s\u00e9lection des laur\u00e9ats<\/strong><\/h2><ol class=\"wp-block-list\"><li>Un comit\u00e9 de concours compos\u00e9 de deux personnes nomm\u00e9es par l&#8217;Organisateur (appel\u00e9 \u00ab Comit\u00e9 de Concours \u00bb) est responsable du bon d\u00e9roulement du Concours et de la s\u00e9lection des Gagnants.<\/li>\n\n<li>Les gagnants seront s\u00e9lectionn\u00e9s une fois tous les trois mois pour la dur\u00e9e du concours. Apr\u00e8s la fin de chaque p\u00e9riode de trois mois cons\u00e9cutifs, au plus tard le 5e jour suivant le troisi\u00e8me mois, le Comit\u00e9 du Concours s\u00e9lectionnera un Participant qui a le mieux rempli la t\u00e2che du concours dans le d\u00e9lai indiqu\u00e9 et l\u2019a correctement soumise (appel\u00e9 le \u00ab Gagnant \u00bb).<\/li>\n\n<li>Le Comit\u00e9 du Concours \u00e9valuera les t\u00e2ches du concours en fonction de leur cr\u00e9ativit\u00e9, de leur originalit\u00e9 et de leur attrait.<\/li>\n\n<li>Les informations sur le gagnant seront annonc\u00e9es dans les 7 jours suivant la date de s\u00e9lection du Gagnant :<ul class=\"wp-block-list\"><li>au Gagnant sous la forme d&#8217;un message priv\u00e9 \u00e0 l&#8217;adresse e-mail fournie dans l&#8217;application<\/li>\n\n<li>et sous la forme d&#8217;une annonce de gagnant sur le site internet de l&#8217;Organisateur \u00e0 l&#8217;adresse : <a href=\"https:\/\/positiveprints.com\/fr\/video-de-deballage\/\">https:\/\/positiveprints.com\/fr\/video-de-deballage\/<\/a><\/li><\/ul><\/li><\/ol><h2 class=\"wp-block-heading\" id=\"h-v-le-prix\"><strong>V. Le prix<\/strong><\/h2><ol class=\"wp-block-list\"><li>L&#8217;Organisateur est le sponsor des prix.<\/li>\n\n<li>Les prix suivants seront attribu\u00e9s \u00e0 chaque gagnant&nbsp;:<ul class=\"wp-block-list\"><li>1er prix : une carte-cadeau \u00e9lectronique Amazon d&#8217;une valeur de 500 $<\/li>\n\n<li>et un prix en esp\u00e8ces suppl\u00e9mentaire d&#8217;un montant de 11,11 % du 1er prix pour couvrir la taxe forfaitaire sur la valeur de tous les prix, qui ne sera pas pay\u00e9 au Gagnant, car l&#8217;Organisateur est tenu de payer ce montant en tant que taxe sur les gains au bureau des imp\u00f4ts comp\u00e9tent.<\/li><\/ul><\/li>\n\n<li>L&#8217;Organisateur contactera le Gagnant, \u00e0 l&#8217;adresse e-mail fournie dans la candidature, pour transf\u00e9rer le prix.<\/li>\n\n<li>Les prix seront attribu\u00e9s \u00e0 condition que toutes les informations n\u00e9cessaires, en particulier : le nom, le pr\u00e9nom et l&#8217;adresse de r\u00e9sidence du Gagnant, soient fournies \u00e0 l&#8217;Organisateur sur demande.<\/li>\n\n<li>L&#8217;Organisateur ne sera pas responsable de l&#8217;omission de remettre le prix au Gagnant si le Gagnant n&#8217;a pas fourni les informations mentionn\u00e9es ci-dessus ou les a fournies de mani\u00e8re incorrecte. Dans un tel cas, l&#8217;Organisateur s\u00e9lectionnera un autre Gagnant parmi les participations restantes envoy\u00e9es pendant la p\u00e9riode du concours.<\/li>\n\n<li>Le Gagnant peut renoncer \u00e0 son droit au prix, mais il n&#8217;a pas droit \u00e0 un \u00e9quivalent en esp\u00e8ces ou \u00e0 tout autre prix.<\/li>\n\n<li>Le Gagnant ne peut pas transf\u00e9rer les droits sur le prix attribu\u00e9 \u00e0 un tiers.<\/li><\/ol><h2 class=\"wp-block-heading\" id=\"h-vi-droit-d-auteur-et-image\"><strong>VI. Droit d&#8217;auteur et image<\/strong><\/h2><ol class=\"wp-block-list\"><li>En s&#8217;inscrivant au concours, le Participant d\u00e9clare d\u00e9tenir un droit de propri\u00e9t\u00e9 illimit\u00e9 sur l&#8217;\u0153uvre (ou les \u0153uvres), constituant la t\u00e2che du concours et que l&#8217;\u0153uvre ne viole aucun droit ou bien de tiers ou de l&#8217;Organisateur, en particulier le droit d&#8217;auteur et les droits personnels.<\/li>\n\n<li>Lors de la soumission de la t\u00e2che du concours, le Participant accorde \u00e0 l&#8217;Organisateur une licence gratuite et non exclusive, sans restriction de temps et de territoire, qui comprend l&#8217;utilisation des \u0153uvres soumises en tant que t\u00e2che du concours \u00e0 des fins de marketing et de promotion de l&#8217;Organisateur.<\/li>\n\n<li>La licence est accord\u00e9e dans les domaines d&#8217;activit\u00e9 suivants :<ul class=\"wp-block-list\"><li>en termes de distribution : affichage public, lecture et partage de mani\u00e8re \u00e0 ce que chacun puisse y avoir acc\u00e8s \u00e0 l&#8217;endroit et au moment de son choix sur le site web, la newsletter et les m\u00e9dias sociaux de l&#8217;Organisateur<\/li>\n\n<li>dans le cadre de l&#8217;enregistrement et de la multiplication de l&#8217;\u0153uvre \u2013 production de copies de l&#8217;\u0153uvre par une technique sp\u00e9cifique, y compris l&#8217;impression, la reprographie et l&#8217;enregistrement magn\u00e9tique, en particulier par une technique num\u00e9rique.<\/li><\/ul><\/li>\n\n<li>Le Participant permet \u00e0 l&#8217;Organisateur de cr\u00e9er des arrangements, des modifications et des adaptations de l&#8217;\u0153uvre, ainsi que de disposer des arrangements, des modifications et des adaptations de l&#8217;\u0153uvre.<\/li>\n\n<li>Le Participant d\u00e9clare qu&#8217;il n&#8217;exercera pas ses droits personnels d&#8217;une mani\u00e8re qui emp\u00eache l&#8217;Organisateur d&#8217;exercer ses droits sur l&#8217;\u0153uvre. En particulier, le Participant n&#8217;exercera pas le droit de d\u00e9cider de la publication de l&#8217;\u0153uvre et de la pr\u00e9servation de son int\u00e9grit\u00e9.<\/li>\n\n<li>Supposons que l&#8217;image du participant ait \u00e9t\u00e9 enregistr\u00e9e dans la vid\u00e9o de la t\u00e2che du concours. Dans ce cas, le Participant accepte la distribution illimit\u00e9e par l&#8217;Organisateur, dans le temps et sur le territoire, de l&#8217;image mentionn\u00e9e sur les sites web et les m\u00e9dias sociaux de l&#8217;Organisateur \u00e0 des fins d&#8217;information et de promotion des activit\u00e9s de l&#8217;Organisateur.<\/li>\n\n<li>Dans une situation o\u00f9 l&#8217;image d&#8217;un tiers a \u00e9t\u00e9 enregistr\u00e9e dans la vid\u00e9o de la t\u00e2che du concours, le Participant d\u00e9clare avoir obtenu le consentement de cette personne (ou de ces personnes) pour une distribution illimit\u00e9e dans le temps et sur le territoire de son image sur les sites web et les m\u00e9dias sociaux de l&#8217;Organisateur \u00e0 des fins d&#8217;information et de promotion des activit\u00e9s de l&#8217;Organisateur.<\/li><\/ol><h2 class=\"wp-block-heading\" id=\"h-vii-donnees-a-caractere-personnel\"><strong>VII. Donn\u00e9es \u00e0 caract\u00e8re personnel<\/strong><\/h2><ol class=\"wp-block-list\"><li>L&#8217;administrateur des donn\u00e9es personnelles des Participants est l&#8217;Organisateur.<\/li>\n\n<li>La base l\u00e9gale pour le traitement des donn\u00e9es personnelles est le consentement volontaire, sp\u00e9cifique, conscient et sans ambigu\u00eft\u00e9 de la personne concern\u00e9e, exprim\u00e9 en acceptant le r\u00e8glement du concours. La personne a le droit de retirer son consentement \u00e0 tout moment. En ce qui concerne la reconnaissance des plaintes et la possibilit\u00e9 de faire valoir des r\u00e9clamations, la base l\u00e9gale est l&#8217;int\u00e9r\u00eat l\u00e9gitime de l&#8217;administrateur. En ce qui concerne l&#8217;obligation de tenir des registres des prix et des gagnants, la base l\u00e9gale est l&#8217;obligation l\u00e9gale de l&#8217;administrateur.<\/li>\n\n<li>La fourniture de donn\u00e9es personnelles est volontaire, cependant, il est n\u00e9cessaire pour une personne int\u00e9ress\u00e9e de devenir un participant au concours.<\/li>\n\n<li>Le but du traitement des donn\u00e9es est de r\u00e9aliser le concours par l&#8217;Organisateur, en particulier d&#8217;analyser les t\u00e2ches du concours, de s\u00e9lectionner les Gagnants, d&#8217;examiner toute r\u00e9clamation et, dans le cas des Gagnants, de les informer du prix et de son transfert. Dans le cas de personnes dont l&#8217;image a \u00e9t\u00e9 enregistr\u00e9e dans la t\u00e2che du concours pour r\u00e9pondre \u00e0 l&#8217;int\u00e9r\u00eat l\u00e9gitime de l&#8217;administrateur, c&#8217;est-\u00e0-dire la commercialisation et la promotion de l&#8217;entreprise de l&#8217;organisateur.<\/li>\n\n<li>L&#8217;Organisateur peut confier des donn\u00e9es personnelles \u00e0 des entit\u00e9s dont l&#8217;aide met en \u0153uvre les finalit\u00e9s susmentionn\u00e9es, y compris une soci\u00e9t\u00e9 d&#8217;h\u00e9bergement.<\/li>\n\n<li>Les donn\u00e9es personnelles seront trait\u00e9es jusqu&#8217;au retrait du consentement ou jusqu&#8217;\u00e0 l&#8217;expiration du d\u00e9lai de prescription pour les r\u00e9clamations de droit civil.<\/li>\n\n<li>La personne dont les donn\u00e9es sont trait\u00e9es par l&#8217;administrateur a les droits suivants : le droit d&#8217;acc\u00e9der aux donn\u00e9es, le droit de corriger les donn\u00e9es, le droit de restreindre le traitement des donn\u00e9es, le droit de s&#8217;opposer au traitement des donn\u00e9es, le droit de supprimer les donn\u00e9es (le soi-disant droit \u00e0 l&#8217;oubli), le droit \u00e0 la portabilit\u00e9 des donn\u00e9es, le droit de d\u00e9poser une plainte aupr\u00e8s d&#8217;une autorit\u00e9 de contr\u00f4le en ce qui concerne le traitement des donn\u00e9es personnelles par l&#8217;administrateur.<\/li>\n\n<li>Pour exercer vos droits ou nous contacter concernant vos donn\u00e9es personnelles, veuillez nous \u00e9crire \u00e0 l&#8217;adresse e-mail suivante : gdpr@positiveprints.com<\/li><\/ol><h2 class=\"wp-block-heading\" id=\"h-viii-plaintes\"><strong>VIII. Plaintes<\/strong><\/h2><ol class=\"wp-block-list\"><li>Toutes les plaintes concernant la conduite du concours, les participants doivent soumettre par e-mail \u00e0 : info@positiveprints.com, avec le titre \u00ab Plainte &#8211; Concours \u00bb.<\/li>\n\n<li>La plainte \u00e9crite doit contenir le nom, le pr\u00e9nom et l&#8217;adresse compl\u00e8te du participant ainsi qu&#8217;une description d\u00e9taill\u00e9e et une justification de la plainte.<\/li>\n\n<li>Les plaintes seront accept\u00e9es dans un d\u00e9lai de 14 jours.<\/li><\/ol><h2 class=\"wp-block-heading\" id=\"h-ix-dispositions-finales\"><strong>IX. Dispositions finales<\/strong><\/h2><ol class=\"wp-block-list\"><li>Le R\u00e8glement du Concours est disponible sur le site web de l&#8217;organisateur \u00e0 l&#8217;adresse suivante : <a href=\"https:\/\/positiveprints.com\/?page_id=395792\">https:\/\/positiveprints.com\/positive-prints-contest-rules\/<\/a><\/li>\n\n<li>Le Concours n&#8217;est pas une loterie.<\/li>\n\n<li>Dans les mati\u00e8res non couvertes par le pr\u00e9sent R\u00e8glement du Concours, les dispositions g\u00e9n\u00e9ralement applicables du droit polonais s&#8217;appliquent. Toutefois, le choix de la loi ne prive pas les Participants de leurs droits en vertu des lois imp\u00e9ratives du pays de leur r\u00e9sidence permanente.<\/li>\n\n<li>L&#8217;Organisateur fera tout son possible pour r\u00e9gler tout litige pouvant survenir dans le cadre de la conduite du Concours.<\/li>\n\n<li>L&#8217;Organisateur peut apporter des modifications au R\u00e8glement du Concours pour des raisons importantes, \u00e0 savoir : des modifications \u00e0 la loi, dans la mesure o\u00f9 ces modifications affectent la mise en \u0153uvre des dispositions du pr\u00e9sent R\u00e8glement du Concours. L&#8217;Organisateur informera des changements 14 jours avant leur mise en \u0153uvre. Les modifications ne s&#8217;appliquent pas aux demandes envoy\u00e9es avant l&#8217;introduction de modifications au R\u00e8glement du Concours.<\/li>\n\n<li>Le R\u00e8glement du Concours entrera en vigueur le 1er f\u00e9vrier 2023.<\/li><\/ol>","protected":false},"excerpt":{"rendered":"<p>R\u00e8glement du Concours de Positive PrintsI. OrganisateurII. ParticipantsIII. Lieu, temps et t\u00e2che du concoursIV. Mode de s\u00e9lection des laur\u00e9atsV. Le prixVI. Droit d&#8217;auteur et imageVII. Donn\u00e9es \u00e0 caract\u00e8re personnelVIII. PlaintesIX. Dispositions finales<\/p>\n","protected":false},"author":27,"featured_media":0,"parent":0,"menu_order":0,"comment_status":"closed","ping_status":"closed","template":"informational-page.php","meta":{"footnotes":""},"class_list":["post-637157","page","type-page","status-publish","hentry"],"yoast_head":"<!-- This site is optimized with the Yoast SEO Premium plugin v27.2 (Yoast SEO v27.2) - https:\/\/yoast.com\/product\/yoast-seo-premium-wordpress\/ -->\n<title>R\u00e8glement du Concours de Positive Prints - Positive Prints<\/title>\n<meta name=\"robots\" content=\"index, follow, max-snippet:-1, max-image-preview:large, max-video-preview:-1\" \/>\n<link rel=\"canonical\" href=\"https:\/\/positiveprints.com\/fr\/reglement-du-concours-de-positive-prints\/\" \/>\n<meta property=\"og:locale\" content=\"fr_FR\" \/>\n<meta property=\"og:type\" content=\"article\" \/>\n<meta property=\"og:title\" content=\"R\u00e8glement du Concours de Positive Prints\" \/>\n<meta property=\"og:description\" content=\"R\u00e8glement du Concours de Positive Prints I. Organisateur L&#039;organisateur du concours et l&#039;administrateur des donn\u00e9es personnelles des participants est\" \/>\n<meta property=\"og:url\" content=\"https:\/\/positiveprints.com\/fr\/reglement-du-concours-de-positive-prints\/\" \/>\n<meta property=\"og:site_name\" content=\"Positive Prints\" \/>\n<meta property=\"article:publisher\" content=\"https:\/\/www.facebook.com\/positiveprintscom\" \/>\n<meta property=\"article:modified_time\" content=\"2024-02-02T23:05:56+00:00\" \/>\n<meta property=\"og:image\" content=\"https:\/\/positiveprints.com\/wp-content\/uploads\/2026\/03\/Open-graph-2026-1200x630-1.jpg\" \/>\n\t<meta property=\"og:image:width\" content=\"1200\" \/>\n\t<meta property=\"og:image:height\" content=\"630\" \/>\n\t<meta property=\"og:image:type\" content=\"image\/jpeg\" \/>\n<meta name=\"twitter:card\" content=\"summary_large_image\" \/>\n<meta name=\"twitter:label1\" content=\"Dur\u00e9e de lecture estim\u00e9e\" \/>\n\t<meta name=\"twitter:data1\" content=\"8 minutes\" \/>\n<!-- \/ Yoast SEO Premium plugin. -->","yoast_head_json":{"title":"R\u00e8glement du Concours de Positive Prints - Positive Prints","robots":{"index":"index","follow":"follow","max-snippet":"max-snippet:-1","max-image-preview":"max-image-preview:large","max-video-preview":"max-video-preview:-1"},"canonical":"https:\/\/positiveprints.com\/fr\/reglement-du-concours-de-positive-prints\/","og_locale":"fr_FR","og_type":"article","og_title":"R\u00e8glement du Concours de Positive Prints","og_description":"R\u00e8glement du Concours de Positive Prints I. Organisateur L'organisateur du concours et l'administrateur des donn\u00e9es personnelles des participants est","og_url":"https:\/\/positiveprints.com\/fr\/reglement-du-concours-de-positive-prints\/","og_site_name":"Positive Prints","article_publisher":"https:\/\/www.facebook.com\/positiveprintscom","article_modified_time":"2024-02-02T23:05:56+00:00","og_image":[{"width":1200,"height":630,"url":"https:\/\/positiveprints.com\/wp-content\/uploads\/2026\/03\/Open-graph-2026-1200x630-1.jpg","type":"image\/jpeg"}],"twitter_card":"summary_large_image","twitter_misc":{"Dur\u00e9e de lecture estim\u00e9e":"8 minutes"},"schema":{"@context":"https:\/\/schema.org","@graph":[{"@type":"WebPage","@id":"https:\/\/positiveprints.com\/fr\/reglement-du-concours-de-positive-prints\/","url":"https:\/\/positiveprints.com\/fr\/reglement-du-concours-de-positive-prints\/","name":"R\u00e8glement du Concours de Positive Prints - Positive Prints","isPartOf":{"@id":"https:\/\/positiveprints.com\/fr\/#website"},"datePublished":"2023-07-11T17:33:49+00:00","dateModified":"2024-02-02T23:05:56+00:00","breadcrumb":{"@id":"https:\/\/positiveprints.com\/fr\/reglement-du-concours-de-positive-prints\/#breadcrumb"},"inLanguage":"fr-FR","potentialAction":[{"@type":"ReadAction","target":["https:\/\/positiveprints.com\/fr\/reglement-du-concours-de-positive-prints\/"]}]},{"@type":"BreadcrumbList","@id":"https:\/\/positiveprints.com\/fr\/reglement-du-concours-de-positive-prints\/#breadcrumb","itemListElement":[{"@type":"ListItem","position":1,"name":"Home","item":"https:\/\/positiveprints.com\/fr\/"},{"@type":"ListItem","position":2,"name":"R\u00e8glement du Concours de Positive Prints"}]},{"@type":"WebSite","@id":"https:\/\/positiveprints.com\/fr\/#website","url":"https:\/\/positiveprints.com\/fr\/","name":"Positive Prints","description":"Amazing Custom Personalized Gifts","publisher":{"@id":"https:\/\/positiveprints.com\/fr\/#organization"},"potentialAction":[{"@type":"SearchAction","target":{"@type":"EntryPoint","urlTemplate":"https:\/\/positiveprints.com\/fr\/?s={search_term_string}"},"query-input":{"@type":"PropertyValueSpecification","valueRequired":true,"valueName":"search_term_string"}}],"inLanguage":"fr-FR"},{"@type":"Organization","@id":"https:\/\/positiveprints.com\/fr\/#organization","name":"Positive Prints","alternateName":"Positive Prints","url":"https:\/\/positiveprints.com\/fr\/","logo":{"@type":"ImageObject","inLanguage":"fr-FR","@id":"https:\/\/positiveprints.com\/fr\/#\/schema\/logo\/image\/","url":"https:\/\/positiveprints.com\/wp-content\/uploads\/2026\/03\/245815646_1337939713319158_5671353136411139666_n.png","contentUrl":"https:\/\/positiveprints.com\/wp-content\/uploads\/2026\/03\/245815646_1337939713319158_5671353136411139666_n.png","width":800,"height":800,"caption":"Positive Prints"},"image":{"@id":"https:\/\/positiveprints.com\/fr\/#\/schema\/logo\/image\/"},"sameAs":["https:\/\/www.facebook.com\/positiveprintscom","https:\/\/www.instagram.com\/positiveprintscom\/","https:\/\/www.tiktok.com\/@positiveprintscom","https:\/\/www.pinterest.com\/positiveprintscom\/"]}]}},"jetpack_sharing_enabled":true,"_links":{"self":[{"href":"https:\/\/positiveprints.com\/fr\/wp-json\/wp\/v2\/pages\/637157","targetHints":{"allow":["GET"]}}],"collection":[{"href":"https:\/\/positiveprints.com\/fr\/wp-json\/wp\/v2\/pages"}],"about":[{"href":"https:\/\/positiveprints.com\/fr\/wp-json\/wp\/v2\/types\/page"}],"author":[{"embeddable":true,"href":"https:\/\/positiveprints.com\/fr\/wp-json\/wp\/v2\/users\/27"}],"replies":[{"embeddable":true,"href":"https:\/\/positiveprints.com\/fr\/wp-json\/wp\/v2\/comments?post=637157"}],"version-history":[{"count":0,"href":"https:\/\/positiveprints.com\/fr\/wp-json\/wp\/v2\/pages\/637157\/revisions"}],"wp:attachment":[{"href":"https:\/\/positiveprints.com\/fr\/wp-json\/wp\/v2\/media?parent=637157"}],"curies":[{"name":"wp","href":"https:\/\/api.w.org\/{rel}","templated":true}]}}