{"id":379684,"date":"2022-11-18T14:56:45","date_gmt":"2022-11-18T13:56:45","guid":{"rendered":"https:\/\/positiveprints.com\/discount-code\/"},"modified":"2025-12-03T12:10:14","modified_gmt":"2025-12-03T10:10:14","slug":"code-de-reduction","status":"publish","type":"page","link":"https:\/\/positiveprints.com\/fr\/code-de-reduction\/","title":{"rendered":"Code de r\u00e9duction"},"content":{"rendered":"<div class=\"st\">\n\n<h1 class=\"grenB f28\">Cherchez-vous un code de r\u00e9duction \u00e0 utiliser chez Positive Prints ?<\/h1>\n\n<p style=\"margin-top: 1rem\">Nous avons plusieurs fa\u00e7ons d&#8217;\u00e9conomiser !<\/p>\n\n<h2 class=\"grenB f24 cblue;\" style=\"margin-top: 3rem; margin-bottom: 1rem; color: #f77147;\">Remises sur toute l&#8217;ann\u00e9e<\/h2>\n<h3 class=\"grenB f18 cblue\" style=\"margin-top: 3rem\">Achetez 2 produits ou plus et profitez des r\u00e9ductions<\/h3>\n\n<p style=\"margin-top: 1rem\">Achetez deux produits et b\u00e9n\u00e9ficiez de <b>25 % de r\u00e9duction<\/b> sur le second produit ou achetez trois produits ou plus et b\u00e9n\u00e9ficiez de <b>20 % de r\u00e9duction<\/b> sur l&#8217;ensemble de votre commande ! Ces remises seront appliqu\u00e9es automatiquement dans votre panier, il n&#8217;est donc pas n\u00e9cessaire de saisir un code promo.<\/p>\n\n<br><br><br>\n\n<div id=\"newsletter\" class=\"f1\">\r\n            <h3 class=\"grenB\">Restez en contact<\/h3>\r\n            <p class=\"mT2 mB2\">Inscrivez-vous pour recevoir des informations sur nos nouveaux produits, 6% de r\u00e9duction et, bien s\u00fbr,\nvous serez en t\u00eate de liste pour les promotions \u00e0 venir !<\/p>\r\n            <span class=\"success dN f16\">Merci de vous \u00eatre abonn\u00e9<\/span>\r\n            <input id=\"newsletter_name_input\" autocomplete=\"given-name\" name=\"first-name\" placeholder=\"Pr\u00e9nom\" \/>\r\n            <input id=\"newsletter_input\" autocomplete=\"email\" name=\"email\" type=\"email\" class=\"mT05\" placeholder=\"Adresse de messagerie\" \/>\r\n            <p style=\"font-size:10px; margin-top:8px;line-height:14px;\">En nous communiquant votre adresse mail, vous acceptez le traitement de vos donn\u00e9es pendant que nous envoyons la newsletter. Nous le ferons conform\u00e9ment au RGPD et \u00e0 notre Politique de Confidentialit\u00e9. Vous pouvez retirer votre consentement \u00e0 tout moment.<\/p>\r\n            <button onclick=\"subscribe_to_newsletter(this)\" class=\"btn orB mT1 mW100\">S\u2019inscrire<\/button>\r\n        <\/div>\t\n\n\n\n<h2 class=\"grenB f24 cblue\" style=\"margin-top: 3rem; color: #f77147;\">Offres promotionnelles sp\u00e9ciales<\/h2>\n<p style=\"margin-top: 1rem\">Nous avons des codes de r\u00e9duction associ\u00e9s \u00e0 des \u00e9v\u00e9nements sp\u00e9ciaux &#8211; alors n&#8217;oubliez pas de les consulter souvent !<\/p>\n\n\n\n<p style=\"margin: 1rem auto;\"><a href=\"https:\/\/positiveprints.com\/fr\/fr-2\/\" class=\"btn orB mT1 long\" style=\"text-decoration:none!important; color:#ffffff!important;\">D\u00e9marrez<\/a><\/p>\n\n\n<\/div><p><\/p>","protected":false},"excerpt":{"rendered":"<p>Cherchez-vous un code de r\u00e9duction \u00e0 utiliser chez Positive Prints ? Nous avons plusieurs fa\u00e7ons d&#8217;\u00e9conomiser ! Remises sur toute l&#8217;ann\u00e9e Achetez 2 produits ou plus et profitez des r\u00e9ductions Achetez deux produits et b\u00e9n\u00e9ficiez de 25 % de r\u00e9duction sur le second produit ou achetez trois produits ou plus et b\u00e9n\u00e9ficiez de 20 % [&hellip;]<\/p>\n","protected":false},"author":22,"featured_media":0,"parent":0,"menu_order":0,"comment_status":"closed","ping_status":"closed","template":"informational-page.php","meta":{"footnotes":""},"class_list":["post-379684","page","type-page","status-publish","hentry"],"yoast_head":"<!-- This site is optimized with the Yoast SEO Premium plugin v27.2 (Yoast SEO v27.2) - https:\/\/yoast.com\/product\/yoast-seo-premium-wordpress\/ -->\n<title>Code de r\u00e9duction - Positive Prints<\/title>\n<meta name=\"description\" content=\"Cherchez-vous un code de r\u00e9duction \u00e0 utiliser chez Positive Prints ? Nous avons plusieurs fa\u00e7ons d&#039;\u00e9conomiser !\" \/>\n<meta name=\"robots\" content=\"index, follow, max-snippet:-1, max-image-preview:large, max-video-preview:-1\" \/>\n<link rel=\"canonical\" href=\"https:\/\/positiveprints.com\/fr\/code-de-reduction\/\" \/>\n<meta property=\"og:locale\" content=\"fr_FR\" \/>\n<meta property=\"og:type\" content=\"article\" \/>\n<meta property=\"og:title\" content=\"Code de r\u00e9duction\" \/>\n<meta property=\"og:description\" content=\"Cherchez-vous un code de r\u00e9duction \u00e0 utiliser chez Positive Prints ? Nous avons plusieurs fa\u00e7ons d&#039;\u00e9conomiser ! Remises sur toute l&#039;ann\u00e9e Achetez 2\" \/>\n<meta property=\"og:url\" content=\"https:\/\/positiveprints.com\/fr\/code-de-reduction\/\" \/>\n<meta property=\"og:site_name\" content=\"Positive Prints\" \/>\n<meta property=\"article:publisher\" content=\"https:\/\/www.facebook.com\/positiveprintscom\" \/>\n<meta property=\"article:modified_time\" content=\"2025-12-03T10:10:14+00:00\" \/>\n<meta property=\"og:image\" content=\"https:\/\/positiveprints.com\/wp-content\/uploads\/2026\/03\/Open-graph-2026-1200x630-1.jpg\" \/>\n\t<meta property=\"og:image:width\" content=\"1200\" \/>\n\t<meta property=\"og:image:height\" content=\"630\" \/>\n\t<meta property=\"og:image:type\" content=\"image\/jpeg\" \/>\n<meta name=\"twitter:card\" content=\"summary_large_image\" \/>\n<!-- \/ Yoast SEO Premium plugin. -->","yoast_head_json":{"title":"Code de r\u00e9duction - Positive Prints","description":"Cherchez-vous un code de r\u00e9duction \u00e0 utiliser chez Positive Prints ? Nous avons plusieurs fa\u00e7ons d'\u00e9conomiser !","robots":{"index":"index","follow":"follow","max-snippet":"max-snippet:-1","max-image-preview":"max-image-preview:large","max-video-preview":"max-video-preview:-1"},"canonical":"https:\/\/positiveprints.com\/fr\/code-de-reduction\/","og_locale":"fr_FR","og_type":"article","og_title":"Code de r\u00e9duction","og_description":"Cherchez-vous un code de r\u00e9duction \u00e0 utiliser chez Positive Prints ? Nous avons plusieurs fa\u00e7ons d'\u00e9conomiser ! Remises sur toute l'ann\u00e9e Achetez 2","og_url":"https:\/\/positiveprints.com\/fr\/code-de-reduction\/","og_site_name":"Positive Prints","article_publisher":"https:\/\/www.facebook.com\/positiveprintscom","article_modified_time":"2025-12-03T10:10:14+00:00","og_image":[{"width":1200,"height":630,"url":"https:\/\/positiveprints.com\/wp-content\/uploads\/2026\/03\/Open-graph-2026-1200x630-1.jpg","type":"image\/jpeg"}],"twitter_card":"summary_large_image","schema":{"@context":"https:\/\/schema.org","@graph":[{"@type":"WebPage","@id":"https:\/\/positiveprints.com\/fr\/code-de-reduction\/","url":"https:\/\/positiveprints.com\/fr\/code-de-reduction\/","name":"Code de r\u00e9duction - Positive Prints","isPartOf":{"@id":"https:\/\/positiveprints.com\/fr\/#website"},"datePublished":"2022-11-18T13:56:45+00:00","dateModified":"2025-12-03T10:10:14+00:00","description":"Cherchez-vous un code de r\u00e9duction \u00e0 utiliser chez Positive Prints ? Nous avons plusieurs fa\u00e7ons d'\u00e9conomiser !","breadcrumb":{"@id":"https:\/\/positiveprints.com\/fr\/code-de-reduction\/#breadcrumb"},"inLanguage":"fr-FR","potentialAction":[{"@type":"ReadAction","target":["https:\/\/positiveprints.com\/fr\/code-de-reduction\/"]}]},{"@type":"BreadcrumbList","@id":"https:\/\/positiveprints.com\/fr\/code-de-reduction\/#breadcrumb","itemListElement":[{"@type":"ListItem","position":1,"name":"Home","item":"https:\/\/positiveprints.com\/fr\/"},{"@type":"ListItem","position":2,"name":"Code de r\u00e9duction"}]},{"@type":"WebSite","@id":"https:\/\/positiveprints.com\/fr\/#website","url":"https:\/\/positiveprints.com\/fr\/","name":"Positive Prints","description":"Amazing Custom Personalized Gifts","publisher":{"@id":"https:\/\/positiveprints.com\/fr\/#organization"},"potentialAction":[{"@type":"SearchAction","target":{"@type":"EntryPoint","urlTemplate":"https:\/\/positiveprints.com\/fr\/?s={search_term_string}"},"query-input":{"@type":"PropertyValueSpecification","valueRequired":true,"valueName":"search_term_string"}}],"inLanguage":"fr-FR"},{"@type":"Organization","@id":"https:\/\/positiveprints.com\/fr\/#organization","name":"Positive Prints","alternateName":"Positive Prints","url":"https:\/\/positiveprints.com\/fr\/","logo":{"@type":"ImageObject","inLanguage":"fr-FR","@id":"https:\/\/positiveprints.com\/fr\/#\/schema\/logo\/image\/","url":"https:\/\/positiveprints.com\/wp-content\/uploads\/2026\/03\/245815646_1337939713319158_5671353136411139666_n.png","contentUrl":"https:\/\/positiveprints.com\/wp-content\/uploads\/2026\/03\/245815646_1337939713319158_5671353136411139666_n.png","width":800,"height":800,"caption":"Positive Prints"},"image":{"@id":"https:\/\/positiveprints.com\/fr\/#\/schema\/logo\/image\/"},"sameAs":["https:\/\/www.facebook.com\/positiveprintscom","https:\/\/www.instagram.com\/positiveprintscom\/","https:\/\/www.tiktok.com\/@positiveprintscom","https:\/\/www.pinterest.com\/positiveprintscom\/"]}]}},"jetpack_sharing_enabled":true,"_links":{"self":[{"href":"https:\/\/positiveprints.com\/fr\/wp-json\/wp\/v2\/pages\/379684","targetHints":{"allow":["GET"]}}],"collection":[{"href":"https:\/\/positiveprints.com\/fr\/wp-json\/wp\/v2\/pages"}],"about":[{"href":"https:\/\/positiveprints.com\/fr\/wp-json\/wp\/v2\/types\/page"}],"author":[{"embeddable":true,"href":"https:\/\/positiveprints.com\/fr\/wp-json\/wp\/v2\/users\/22"}],"replies":[{"embeddable":true,"href":"https:\/\/positiveprints.com\/fr\/wp-json\/wp\/v2\/comments?post=379684"}],"version-history":[{"count":0,"href":"https:\/\/positiveprints.com\/fr\/wp-json\/wp\/v2\/pages\/379684\/revisions"}],"wp:attachment":[{"href":"https:\/\/positiveprints.com\/fr\/wp-json\/wp\/v2\/media?parent=379684"}],"curies":[{"name":"wp","href":"https:\/\/api.w.org\/{rel}","templated":true}]}}