{"id":361085,"date":"2022-10-26T14:22:21","date_gmt":"2022-10-26T12:22:21","guid":{"rendered":"https:\/\/positiveprints.com\/?page_id=361085"},"modified":"2023-09-19T14:56:11","modified_gmt":"2023-09-19T12:56:11","slug":"details-de-la-societe","status":"publish","type":"page","link":"https:\/\/positiveprints.com\/fr\/details-de-la-societe\/","title":{"rendered":"D\u00c9TAILS DE LA SOCI\u00c9T\u00c9"},"content":{"rendered":"<h1 class=\"grenB\">D\u00e9tails De La Soci\u00e9t\u00e9<\/h1><br>\n\nPositive Prints LTD<br>\n\nPu\u0142awska 145<br>\n\n02-715 Warsaw<br>\n\nPoland<br>\n\nPL9512500986<br>\n\nRegistration number 385977110<br>\n\nLa Responsabilit\u00e9 \u00c9largie du Producteur: ADEME identifiant unique FR303947_03SNOR<br>\n\n<a href=\"mailto:hello@positiveprints.com\"><b>hello@positiveprints.com<\/b><\/a>","protected":false},"excerpt":{"rendered":"<p>D\u00e9tails De La Soci\u00e9t\u00e9 Positive Prints LTD Pu\u0142awska 145 02-715 Warsaw Poland PL9512500986 Registration number 385977110 La Responsabilit\u00e9 \u00c9largie du Producteur: ADEME identifiant unique FR303947_03SNOR hello@positiveprints.com<\/p>\n","protected":false},"author":22,"featured_media":0,"parent":0,"menu_order":0,"comment_status":"closed","ping_status":"closed","template":"informational-page.php","meta":{"footnotes":""},"class_list":["post-361085","page","type-page","status-publish","hentry"],"yoast_head":"<!-- This site is optimized with the Yoast SEO Premium plugin v27.2 (Yoast SEO v27.2) - https:\/\/yoast.com\/product\/yoast-seo-premium-wordpress\/ -->\n<title>D\u00e9tails de la soci\u00e9t\u00e9 - Positive Prints<\/title>\n<meta name=\"description\" content=\"D\u00e9tails de la soci\u00e9t\u00e9: Positive Prints LTD, Pu\u0142awska 145, 02-715 Warsaw, Poland. PL9512500986. hello@positiveprints.com\" \/>\n<meta name=\"robots\" content=\"index, follow, max-snippet:-1, max-image-preview:large, max-video-preview:-1\" \/>\n<link rel=\"canonical\" href=\"https:\/\/positiveprints.com\/fr\/details-de-la-societe\/\" \/>\n<meta property=\"og:locale\" content=\"fr_FR\" \/>\n<meta property=\"og:type\" content=\"article\" \/>\n<meta property=\"og:title\" content=\"D\u00c9TAILS DE LA SOCI\u00c9T\u00c9\" \/>\n<meta property=\"og:description\" content=\"D\u00e9tails De La Soci\u00e9t\u00e9 Positive Prints LTD Pu\u0142awska 145 02-715 Warsaw Poland PL9512500986 Registration number 385977110 La Responsabilit\u00e9 \u00c9largie du\" \/>\n<meta property=\"og:url\" content=\"https:\/\/positiveprints.com\/fr\/details-de-la-societe\/\" \/>\n<meta property=\"og:site_name\" content=\"Positive Prints\" \/>\n<meta property=\"article:publisher\" content=\"https:\/\/www.facebook.com\/positiveprintscom\" \/>\n<meta property=\"article:modified_time\" content=\"2023-09-19T12:56:11+00:00\" \/>\n<meta property=\"og:image\" content=\"https:\/\/positiveprints.com\/wp-content\/uploads\/2026\/03\/Open-graph-2026-1200x630-1.jpg\" \/>\n\t<meta property=\"og:image:width\" content=\"1200\" \/>\n\t<meta property=\"og:image:height\" content=\"630\" \/>\n\t<meta property=\"og:image:type\" content=\"image\/jpeg\" \/>\n<meta name=\"twitter:card\" content=\"summary_large_image\" \/>\n<meta name=\"twitter:label1\" content=\"Dur\u00e9e de lecture estim\u00e9e\" \/>\n\t<meta name=\"twitter:data1\" content=\"1 minute\" \/>\n<!-- \/ Yoast SEO Premium plugin. -->","yoast_head_json":{"title":"D\u00e9tails de la soci\u00e9t\u00e9 - Positive Prints","description":"D\u00e9tails de la soci\u00e9t\u00e9: Positive Prints LTD, Pu\u0142awska 145, 02-715 Warsaw, Poland. PL9512500986. hello@positiveprints.com","robots":{"index":"index","follow":"follow","max-snippet":"max-snippet:-1","max-image-preview":"max-image-preview:large","max-video-preview":"max-video-preview:-1"},"canonical":"https:\/\/positiveprints.com\/fr\/details-de-la-societe\/","og_locale":"fr_FR","og_type":"article","og_title":"D\u00c9TAILS DE LA SOCI\u00c9T\u00c9","og_description":"D\u00e9tails De La Soci\u00e9t\u00e9 Positive Prints LTD Pu\u0142awska 145 02-715 Warsaw Poland PL9512500986 Registration number 385977110 La Responsabilit\u00e9 \u00c9largie du","og_url":"https:\/\/positiveprints.com\/fr\/details-de-la-societe\/","og_site_name":"Positive Prints","article_publisher":"https:\/\/www.facebook.com\/positiveprintscom","article_modified_time":"2023-09-19T12:56:11+00:00","og_image":[{"width":1200,"height":630,"url":"https:\/\/positiveprints.com\/wp-content\/uploads\/2026\/03\/Open-graph-2026-1200x630-1.jpg","type":"image\/jpeg"}],"twitter_card":"summary_large_image","twitter_misc":{"Dur\u00e9e de lecture estim\u00e9e":"1 minute"},"schema":{"@context":"https:\/\/schema.org","@graph":[{"@type":"WebPage","@id":"https:\/\/positiveprints.com\/fr\/details-de-la-societe\/","url":"https:\/\/positiveprints.com\/fr\/details-de-la-societe\/","name":"D\u00e9tails de la soci\u00e9t\u00e9 - Positive Prints","isPartOf":{"@id":"https:\/\/positiveprints.com\/fr\/#website"},"datePublished":"2022-10-26T12:22:21+00:00","dateModified":"2023-09-19T12:56:11+00:00","description":"D\u00e9tails de la soci\u00e9t\u00e9: Positive Prints LTD, Pu\u0142awska 145, 02-715 Warsaw, Poland. PL9512500986. hello@positiveprints.com","breadcrumb":{"@id":"https:\/\/positiveprints.com\/fr\/details-de-la-societe\/#breadcrumb"},"inLanguage":"fr-FR","potentialAction":[{"@type":"ReadAction","target":["https:\/\/positiveprints.com\/fr\/details-de-la-societe\/"]}]},{"@type":"BreadcrumbList","@id":"https:\/\/positiveprints.com\/fr\/details-de-la-societe\/#breadcrumb","itemListElement":[{"@type":"ListItem","position":1,"name":"Home","item":"https:\/\/positiveprints.com\/fr\/"},{"@type":"ListItem","position":2,"name":"D\u00c9TAILS DE LA SOCI\u00c9T\u00c9"}]},{"@type":"WebSite","@id":"https:\/\/positiveprints.com\/fr\/#website","url":"https:\/\/positiveprints.com\/fr\/","name":"Positive Prints","description":"Amazing Custom Personalized Gifts","publisher":{"@id":"https:\/\/positiveprints.com\/fr\/#organization"},"potentialAction":[{"@type":"SearchAction","target":{"@type":"EntryPoint","urlTemplate":"https:\/\/positiveprints.com\/fr\/?s={search_term_string}"},"query-input":{"@type":"PropertyValueSpecification","valueRequired":true,"valueName":"search_term_string"}}],"inLanguage":"fr-FR"},{"@type":"Organization","@id":"https:\/\/positiveprints.com\/fr\/#organization","name":"Positive Prints","alternateName":"Positive Prints","url":"https:\/\/positiveprints.com\/fr\/","logo":{"@type":"ImageObject","inLanguage":"fr-FR","@id":"https:\/\/positiveprints.com\/fr\/#\/schema\/logo\/image\/","url":"https:\/\/positiveprints.com\/wp-content\/uploads\/2026\/03\/245815646_1337939713319158_5671353136411139666_n.png","contentUrl":"https:\/\/positiveprints.com\/wp-content\/uploads\/2026\/03\/245815646_1337939713319158_5671353136411139666_n.png","width":800,"height":800,"caption":"Positive Prints"},"image":{"@id":"https:\/\/positiveprints.com\/fr\/#\/schema\/logo\/image\/"},"sameAs":["https:\/\/www.facebook.com\/positiveprintscom","https:\/\/www.instagram.com\/positiveprintscom\/","https:\/\/www.tiktok.com\/@positiveprintscom","https:\/\/www.pinterest.com\/positiveprintscom\/"]}]}},"jetpack_sharing_enabled":true,"_links":{"self":[{"href":"https:\/\/positiveprints.com\/fr\/wp-json\/wp\/v2\/pages\/361085","targetHints":{"allow":["GET"]}}],"collection":[{"href":"https:\/\/positiveprints.com\/fr\/wp-json\/wp\/v2\/pages"}],"about":[{"href":"https:\/\/positiveprints.com\/fr\/wp-json\/wp\/v2\/types\/page"}],"author":[{"embeddable":true,"href":"https:\/\/positiveprints.com\/fr\/wp-json\/wp\/v2\/users\/22"}],"replies":[{"embeddable":true,"href":"https:\/\/positiveprints.com\/fr\/wp-json\/wp\/v2\/comments?post=361085"}],"version-history":[{"count":0,"href":"https:\/\/positiveprints.com\/fr\/wp-json\/wp\/v2\/pages\/361085\/revisions"}],"wp:attachment":[{"href":"https:\/\/positiveprints.com\/fr\/wp-json\/wp\/v2\/media?parent=361085"}],"curies":[{"name":"wp","href":"https:\/\/api.w.org\/{rel}","templated":true}]}}