{"id":315679,"date":"2022-07-08T18:31:00","date_gmt":"2022-07-08T16:31:00","guid":{"rendered":"https:\/\/positiveprints.com\/directives-dimportation\/"},"modified":"2025-07-22T14:49:15","modified_gmt":"2025-07-22T12:49:15","slug":"directives-dimportation","status":"publish","type":"page","link":"https:\/\/positiveprints.com\/fr\/directives-dimportation\/","title":{"rendered":"Consignes de t\u00e9l\u00e9chargement"},"content":{"rendered":"<h1 class=\"grenB\" id=\"h-directives-d-importation\">Consignes de t\u00e9l\u00e9chargement<\/h1><p><\/p><p><br><br><\/p><p>1. Vous acceptez notre <a href=\"https:\/\/positiveprints.com\/privacy-policy\/\">politique de confidentialit\u00e9.<\/a><\/p><p>2. Vous disposez de l\u2019ensemble des droits de distribution et d\u2019exploitation commerciale du fichier transmis.<\/p><p>3. Le fichier ne porte atteinte \u00e0 aucun droit d\u2019auteur ni \u00e0 aucun droit \u00e0 la vie priv\u00e9e.<\/p><p>4. Il ne contient aucun contenu controvers\u00e9, violent, \u00e0 caract\u00e8re sexuel ou ill\u00e9gal.<\/p><p>5. Vous acceptez de d\u00e9gager Positive Prints de toute responsabilit\u00e9 en cas de r\u00e9clamation li\u00e9e \u00e0 une atteinte aux droits relatifs au fichier envoy\u00e9.<\/p><p>6. Positive Prints se r\u00e9serve le droit de v\u00e9rifier, supprimer tout fichier et annuler toute commande, \u00e0 sa seule discr\u00e9tion.<\/p><p><\/p><p><\/p><p><p><br><br><\/p><p><strong>Fichiers audio requis :<\/strong><\/p><\/p><p>1. Formats de fichier autoris\u00e9s : MP3, AAC, M4A<\/p><p>2. Taille maximale du fichier : 5 Mo<\/p><p>3. Dur\u00e9e maximale : 6 min<\/p><p>4. Si le fichier t\u00e9l\u00e9charg\u00e9 dure plus de 6 minutes, sa courbe sonore sera raccourcie \u00e0 6 minutes<\/p><p><\/p><div style=\"height:30px\" aria-hidden=\"true\" class=\"wp-block-spacer\"><\/div><p><strong>Dur\u00e9e de stockage des fichiers audio :<\/strong><\/p><p>1. Apr\u00e8s avoir cliqu\u00e9 sur le bouton de sauvegarde de l\u2019\u0153uvre \u2013 30 jours<\/p><p>2. Apr\u00e8s avoir pass\u00e9 une commande sans QR code \u2013 30 jours<\/p><p>3. Apr\u00e8s avoir pass\u00e9 une commande avec un QR code \u2013\u00a0 tant qu\u2019on existe ;)<\/p><p><br><strong>Fichiers d&#8217;image requis :<\/strong><\/p><p>1. Formats de fichier autoris\u00e9s : JPEG, JPG, PNG<\/p><p>2. Taille maximale du fichier : 10 Mo<\/p><p>3. R\u00e9solution d&#8217;image recommand\u00e9e : 120-300 DPI<\/p><p><\/p><p><\/p><div style=\"height:30px\" aria-hidden=\"true\" class=\"wp-block-spacer\"><\/div><p><strong>Dur\u00e9e de stockage des fichiers graphiques :<\/strong><\/p><p>1. Apr\u00e8s avoir cliqu\u00e9 sur le bouton de sauvegarde de l\u2019\u0153uvre \u2013 30 jours<\/p><p>2. Apr\u00e8s avoir pass\u00e9 une commande \u2013 30 jours<\/p>","protected":false},"excerpt":{"rendered":"<p>Consignes de t\u00e9l\u00e9chargement1. Vous acceptez notre politique de confidentialit\u00e9.2. Vous disposez de l\u2019ensemble des droits de distribution et d\u2019exploitation commerciale du fichier transmis.3. Le fichier ne porte atteinte \u00e0 aucun droit d\u2019auteur ni \u00e0 aucun droit \u00e0 la vie priv\u00e9e.4. Il ne contient aucun contenu controvers\u00e9, violent, \u00e0 caract\u00e8re sexuel ou ill\u00e9gal.5. Vous acceptez de [&hellip;]<\/p>\n","protected":false},"author":1,"featured_media":0,"parent":0,"menu_order":0,"comment_status":"closed","ping_status":"closed","template":"informational-page.php","meta":{"footnotes":""},"class_list":["post-315679","page","type-page","status-publish","hentry"],"yoast_head":"<!-- This site is optimized with the Yoast SEO Premium plugin v27.2 (Yoast SEO v27.2) - https:\/\/yoast.com\/product\/yoast-seo-premium-wordpress\/ -->\n<title>Consignes de t\u00e9l\u00e9chargement - Positive Prints<\/title>\n<meta name=\"robots\" content=\"index, follow, max-snippet:-1, max-image-preview:large, max-video-preview:-1\" \/>\n<link rel=\"canonical\" href=\"https:\/\/positiveprints.com\/fr\/directives-dimportation\/\" \/>\n<meta property=\"og:locale\" content=\"fr_FR\" \/>\n<meta property=\"og:type\" content=\"article\" \/>\n<meta property=\"og:title\" content=\"Consignes de t\u00e9l\u00e9chargement\" \/>\n<meta property=\"og:description\" content=\"Consignes de t\u00e9l\u00e9chargement 1. Vous acceptez notre politique de confidentialit\u00e9. 2. Vous disposez de l\u2019ensemble des droits de distribution et\" \/>\n<meta property=\"og:url\" content=\"https:\/\/positiveprints.com\/fr\/directives-dimportation\/\" \/>\n<meta property=\"og:site_name\" content=\"Positive Prints\" \/>\n<meta property=\"article:publisher\" content=\"https:\/\/www.facebook.com\/positiveprintscom\" \/>\n<meta property=\"article:modified_time\" content=\"2025-07-22T12:49:15+00:00\" \/>\n<meta property=\"og:image\" content=\"https:\/\/positiveprints.com\/wp-content\/uploads\/2026\/03\/Open-graph-2026-1200x630-1.jpg\" \/>\n\t<meta property=\"og:image:width\" content=\"1200\" \/>\n\t<meta property=\"og:image:height\" content=\"630\" \/>\n\t<meta property=\"og:image:type\" content=\"image\/jpeg\" \/>\n<meta name=\"twitter:card\" content=\"summary_large_image\" \/>\n<meta name=\"twitter:label1\" content=\"Dur\u00e9e de lecture estim\u00e9e\" \/>\n\t<meta name=\"twitter:data1\" content=\"2 minutes\" \/>\n<!-- \/ Yoast SEO Premium plugin. -->","yoast_head_json":{"title":"Consignes de t\u00e9l\u00e9chargement - Positive Prints","robots":{"index":"index","follow":"follow","max-snippet":"max-snippet:-1","max-image-preview":"max-image-preview:large","max-video-preview":"max-video-preview:-1"},"canonical":"https:\/\/positiveprints.com\/fr\/directives-dimportation\/","og_locale":"fr_FR","og_type":"article","og_title":"Consignes de t\u00e9l\u00e9chargement","og_description":"Consignes de t\u00e9l\u00e9chargement 1. Vous acceptez notre politique de confidentialit\u00e9. 2. Vous disposez de l\u2019ensemble des droits de distribution et","og_url":"https:\/\/positiveprints.com\/fr\/directives-dimportation\/","og_site_name":"Positive Prints","article_publisher":"https:\/\/www.facebook.com\/positiveprintscom","article_modified_time":"2025-07-22T12:49:15+00:00","og_image":[{"width":1200,"height":630,"url":"https:\/\/positiveprints.com\/wp-content\/uploads\/2026\/03\/Open-graph-2026-1200x630-1.jpg","type":"image\/jpeg"}],"twitter_card":"summary_large_image","twitter_misc":{"Dur\u00e9e de lecture estim\u00e9e":"2 minutes"},"schema":{"@context":"https:\/\/schema.org","@graph":[{"@type":"WebPage","@id":"https:\/\/positiveprints.com\/fr\/directives-dimportation\/","url":"https:\/\/positiveprints.com\/fr\/directives-dimportation\/","name":"Consignes de t\u00e9l\u00e9chargement - Positive Prints","isPartOf":{"@id":"https:\/\/positiveprints.com\/fr\/#website"},"datePublished":"2022-07-08T16:31:00+00:00","dateModified":"2025-07-22T12:49:15+00:00","breadcrumb":{"@id":"https:\/\/positiveprints.com\/fr\/directives-dimportation\/#breadcrumb"},"inLanguage":"fr-FR","potentialAction":[{"@type":"ReadAction","target":["https:\/\/positiveprints.com\/fr\/directives-dimportation\/"]}]},{"@type":"BreadcrumbList","@id":"https:\/\/positiveprints.com\/fr\/directives-dimportation\/#breadcrumb","itemListElement":[{"@type":"ListItem","position":1,"name":"Home","item":"https:\/\/positiveprints.com\/fr\/"},{"@type":"ListItem","position":2,"name":"Consignes de t\u00e9l\u00e9chargement"}]},{"@type":"WebSite","@id":"https:\/\/positiveprints.com\/fr\/#website","url":"https:\/\/positiveprints.com\/fr\/","name":"Positive Prints","description":"Amazing Custom Personalized Gifts","publisher":{"@id":"https:\/\/positiveprints.com\/fr\/#organization"},"potentialAction":[{"@type":"SearchAction","target":{"@type":"EntryPoint","urlTemplate":"https:\/\/positiveprints.com\/fr\/?s={search_term_string}"},"query-input":{"@type":"PropertyValueSpecification","valueRequired":true,"valueName":"search_term_string"}}],"inLanguage":"fr-FR"},{"@type":"Organization","@id":"https:\/\/positiveprints.com\/fr\/#organization","name":"Positive Prints","alternateName":"Positive Prints","url":"https:\/\/positiveprints.com\/fr\/","logo":{"@type":"ImageObject","inLanguage":"fr-FR","@id":"https:\/\/positiveprints.com\/fr\/#\/schema\/logo\/image\/","url":"https:\/\/positiveprints.com\/wp-content\/uploads\/2026\/03\/245815646_1337939713319158_5671353136411139666_n.png","contentUrl":"https:\/\/positiveprints.com\/wp-content\/uploads\/2026\/03\/245815646_1337939713319158_5671353136411139666_n.png","width":800,"height":800,"caption":"Positive Prints"},"image":{"@id":"https:\/\/positiveprints.com\/fr\/#\/schema\/logo\/image\/"},"sameAs":["https:\/\/www.facebook.com\/positiveprintscom","https:\/\/www.instagram.com\/positiveprintscom\/","https:\/\/www.tiktok.com\/@positiveprintscom","https:\/\/www.pinterest.com\/positiveprintscom\/"]}]}},"jetpack_sharing_enabled":true,"_links":{"self":[{"href":"https:\/\/positiveprints.com\/fr\/wp-json\/wp\/v2\/pages\/315679","targetHints":{"allow":["GET"]}}],"collection":[{"href":"https:\/\/positiveprints.com\/fr\/wp-json\/wp\/v2\/pages"}],"about":[{"href":"https:\/\/positiveprints.com\/fr\/wp-json\/wp\/v2\/types\/page"}],"author":[{"embeddable":true,"href":"https:\/\/positiveprints.com\/fr\/wp-json\/wp\/v2\/users\/1"}],"replies":[{"embeddable":true,"href":"https:\/\/positiveprints.com\/fr\/wp-json\/wp\/v2\/comments?post=315679"}],"version-history":[{"count":0,"href":"https:\/\/positiveprints.com\/fr\/wp-json\/wp\/v2\/pages\/315679\/revisions"}],"wp:attachment":[{"href":"https:\/\/positiveprints.com\/fr\/wp-json\/wp\/v2\/media?parent=315679"}],"curies":[{"name":"wp","href":"https:\/\/api.w.org\/{rel}","templated":true}]}}