{"id":24000,"date":"2020-07-28T21:16:11","date_gmt":"2020-07-28T21:16:11","guid":{"rendered":"https:\/\/positiveprints.com\/page-principale\/"},"modified":"2026-03-27T22:15:30","modified_gmt":"2026-03-27T21:15:30","slug":"page-principale","status":"publish","type":"page","link":"https:\/\/positiveprints.com\/fr\/","title":{"rendered":"Page Principale"},"content":{"rendered":"[et_pb_section fb_built=&#8221;1&#8243; _builder_version=&#8221;3.29.3&#8243; use_background_color_gradient=&#8221;on&#8221; background_color_gradient_start=&#8221;rgba(247,247,247,0)&#8221; background_color_gradient_end=&#8221;rgba(12,12,12,0.74)&#8221; background_color_gradient_type=&#8221;radial&#8221; background_color_gradient_start_position=&#8221;16%&#8221; background_color_gradient_end_position=&#8221;76%&#8221; background_color_gradient_overlays_image=&#8221;on&#8221; background_image=&#8221;http:\/\/thepositiveprints.pl\/wp-content\/uploads\/2019\/10\/MainImage.jpg&#8221; custom_padding=&#8221;|||3px||&#8221; custom_css_main_element=&#8221;min-height:88vh&#8221;][et_pb_row _builder_version=&#8221;3.29.3&#8243; width=&#8221;100%&#8221; module_alignment=&#8221;center&#8221; custom_margin=&#8221;5%||||false|false&#8221;][et_pb_column type=&#8221;4_4&#8243; _builder_version=&#8221;3.29.3&#8243;][et_pb_text _builder_version=&#8221;3.29.3&#8243; text_font=&#8221;Josefin Sans|700|||||||&#8221; text_text_color=&#8221;#ffffff&#8221; text_font_size=&#8221;50px&#8221; header_font=&#8221;Josefin Sans|700|||||||&#8221; header_text_align=&#8221;center&#8221; header_text_color=&#8221;#ffffff&#8221; header_font_size=&#8221;50px&#8221; text_orientation=&#8221;center&#8221; width=&#8221;100%&#8221; custom_margin=&#8221;||3%||false|true&#8221; custom_padding=&#8221;||1.5%||false|false&#8221; border_width_bottom=&#8221;3px&#8221; border_color_bottom=&#8221;rgba(255,255,255,0.7)&#8221;]<h1>CR\u00c9EZ VOTRE AFFICHE PERSONNALIS\u00c9E<\/h1>[\/et_pb_text][et_pb_text _builder_version=&#8221;3.29.3&#8243; text_font=&#8221;Open Sans|600|||||||&#8221; text_text_color=&#8221;#ffffff&#8221; text_font_size=&#8221;21px&#8221; text_orientation=&#8221;center&#8221; width=&#8221;80%&#8221; custom_margin=&#8221;|10%||10%|false|true&#8221;]Votre contenu va ici. Modifier ou supprimer ce texte en ligne ou dans les param\u00e8tres de contenu du module. Vous pouvez \u00e9galement coiffer tous les aspects de ce contenu dans les param\u00e8tres de conception du module et m\u00eame appliquer CSS personnalis\u00e9 \u00e0 ce texte dans les param\u00e8tres avanc\u00e9s du module.[\/et_pb_text][et_pb_button button_text=&#8221;C&#8217;EST PARTI&#8221; button_alignment=&#8221;center&#8221; _builder_version=&#8221;3.29.3&#8243; custom_button=&#8221;on&#8221; button_text_color=&#8221;#ffffff&#8221; button_bg_color=&#8221;#E36C68&#8243; button_border_width=&#8221;7px&#8221; button_border_color=&#8221;#E36C68&#8243; custom_margin=&#8221;5%||||false|false&#8221; custom_padding=&#8221;|10%||10%|false|false&#8221;][\/et_pb_button][\/et_pb_column][\/et_pb_row][\/et_pb_section][et_pb_section fb_built=&#8221;1&#8243; _builder_version=&#8221;3.29.3&#8243;][et_pb_row column_structure=&#8221;1_4,1_4,1_4,1_4&#8243; _builder_version=&#8221;3.29.3&#8243; width=&#8221;100%&#8221;][et_pb_column type=&#8221;1_4&#8243; _builder_version=&#8221;3.29.3&#8243;][et_pb_image src=&#8221;http:\/\/thepositiveprints.pl\/wp-content\/uploads\/2019\/10\/k\u0142\u00f3dka.png&#8221; align=&#8221;center&#8221; _builder_version=&#8221;3.29.3&#8243;][\/et_pb_image][et_pb_text _builder_version=&#8221;3.29.3&#8243; text_font_size=&#8221;15px&#8221; header_4_font=&#8221;Josefin Sans|700|||||||&#8221; header_4_text_color=&#8221;#000000&#8243; header_4_font_size=&#8221;15px&#8221; text_orientation=&#8221;center&#8221; custom_margin=&#8221;||5%||false|false&#8221; border_width_bottom=&#8221;2px&#8221; border_color_bottom=&#8221;#85CCCD&#8221;]<h4>PAIEMENTS S\u00c9CURIS\u00c9S<\/h4>[\/et_pb_text][et_pb_text _builder_version=&#8221;3.29.3&#8243; text_font=&#8221;Josefin Sans||||||||&#8221; text_text_color=&#8221;#000000&#8243; text_orientation=&#8221;center&#8221;]Lorem ipsum dolor sit amet, consectetur adipiscing elit, sed do eiusmod tempor[\/et_pb_text][\/et_pb_column][et_pb_column type=&#8221;1_4&#8243; _builder_version=&#8221;3.29.3&#8243;][et_pb_image src=&#8221;http:\/\/thepositiveprints.pl\/wp-content\/uploads\/2019\/10\/globus.png&#8221; align=&#8221;center&#8221; _builder_version=&#8221;3.29.3&#8243;][\/et_pb_image][et_pb_text _builder_version=&#8221;3.29.3&#8243; text_font_size=&#8221;15px&#8221; header_4_font=&#8221;Josefin Sans|700|||||||&#8221; header_4_text_color=&#8221;#000000&#8243; header_4_font_size=&#8221;15px&#8221; text_orientation=&#8221;center&#8221; custom_margin=&#8221;||5%||false|false&#8221; border_width_bottom=&#8221;2px&#8221; border_color_bottom=&#8221;#85CCCD&#8221;]<h4>LIVRAISON GRATUITE DANS LE MONDE ENTIER<\/h4>[\/et_pb_text][et_pb_text _builder_version=&#8221;3.29.3&#8243; text_font=&#8221;Josefin Sans||||||||&#8221; text_text_color=&#8221;#000000&#8243; text_orientation=&#8221;center&#8221;]Lorem ipsum dolor sit amet, consectetur adipiscing elit, sed do eiusmod tempor[\/et_pb_text][\/et_pb_column][et_pb_column type=&#8221;1_4&#8243; _builder_version=&#8221;3.29.3&#8243;][et_pb_image src=&#8221;http:\/\/thepositiveprints.pl\/wp-content\/uploads\/2019\/10\/certyfikat.png&#8221; align=&#8221;center&#8221; _builder_version=&#8221;3.29.3&#8243;][\/et_pb_image][et_pb_text _builder_version=&#8221;3.29.3&#8243; text_font_size=&#8221;15px&#8221; header_4_font=&#8221;Josefin Sans|700|||||||&#8221; header_4_text_color=&#8221;#000000&#8243; header_4_font_size=&#8221;15px&#8221; text_orientation=&#8221;center&#8221; custom_margin=&#8221;||5%||false|false&#8221; border_width_bottom=&#8221;2px&#8221; border_color_bottom=&#8221;#85CCCD&#8221;]<h4>NOTE DE 5 \u00c9TOILES<\/h4>[\/et_pb_text][et_pb_text _builder_version=&#8221;3.29.3&#8243; text_font=&#8221;Josefin Sans||||||||&#8221; text_text_color=&#8221;#000000&#8243; text_orientation=&#8221;center&#8221;]Lorem ipsum dolor sit amet, consectetur adipiscing elit, sed do eiusmod tempor[\/et_pb_text][\/et_pb_column][et_pb_column type=&#8221;1_4&#8243; _builder_version=&#8221;3.29.3&#8243;][et_pb_image src=&#8221;http:\/\/thepositiveprints.pl\/wp-content\/uploads\/2019\/10\/prezent.png&#8221; align=&#8221;center&#8221; _builder_version=&#8221;3.29.3&#8243;][\/et_pb_image][et_pb_text _builder_version=&#8221;3.29.3&#8243; text_font_size=&#8221;15px&#8221; header_4_font=&#8221;Josefin Sans|700|||||||&#8221; header_4_text_color=&#8221;#000000&#8243; header_4_font_size=&#8221;15px&#8221; text_orientation=&#8221;center&#8221; custom_margin=&#8221;||5%||false|false&#8221; border_width_bottom=&#8221;2px&#8221; border_color_bottom=&#8221;#85CCCD&#8221;]<h4>LE CADEAU ID\u00c9AL<\/h4>[\/et_pb_text][et_pb_text _builder_version=&#8221;3.29.3&#8243; text_font=&#8221;Josefin Sans||||||||&#8221; text_text_color=&#8221;#000000&#8243; text_orientation=&#8221;center&#8221;]Lorem ipsum dolor sit amet, consectetur adipiscing elit, sed do eiusmod tempor[\/et_pb_text][\/et_pb_column][\/et_pb_row][\/et_pb_section][et_pb_section fb_built=&#8221;1&#8243; _builder_version=&#8221;3.29.3&#8243; background_color=&#8221;#000000&#8243;][et_pb_row _builder_version=&#8221;3.29.3&#8243; custom_padding=&#8221;||1.5%||false|false&#8221;][et_pb_column type=&#8221;4_4&#8243; _builder_version=&#8221;3.29.3&#8243;][et_pb_text module_id=&#8221;discountDiv&#8221; _builder_version=&#8221;3.29.3&#8243; text_font=&#8221;Open Sans|700|||||||&#8221; text_text_color=&#8221;#ffffff&#8221; text_orientation=&#8221;center&#8221;]<p id=\"get\" style=\"display:inline;font-size:20px\"> OBTENEZ <\/p>\n<p style=\"display:inline;\" id=\"bigDiscount\">-20% <\/p>\n<p id=\"threeItems\" style=\"display:inline;font-size:20px\">de r\u00e9ductions sur 3 articles ou<\/p>\n<p style=\"display:inline;\" id=\"smallDiscount\">-25% <\/p>\n<p id=\"secondItem\" style=\"display:inline;font-size:20px\">sur votre deuxi\u00e8me article<\/p>[\/et_pb_text][\/et_pb_column][\/et_pb_row][\/et_pb_section][et_pb_section fb_built=&#8221;1&#8243; _builder_version=&#8221;3.29.3&#8243;][et_pb_row _builder_version=&#8221;3.29.3&#8243;][et_pb_column type=&#8221;4_4&#8243; _builder_version=&#8221;3.29.3&#8243;][et_pb_text _builder_version=&#8221;3.29.3&#8243; header_2_font=&#8221;Josefin Sans|700|||||||&#8221; header_2_font_size=&#8221;31px&#8221; text_orientation=&#8221;center&#8221;]<h2>\u00c0 D\u00c9COUVRIR<\/h2>[\/et_pb_text][\/et_pb_column][\/et_pb_row][et_pb_row column_structure=&#8221;1_4,1_4,1_4,1_4&#8243; _builder_version=&#8221;3.29.3&#8243; width=&#8221;100%&#8221;][et_pb_column type=&#8221;1_4&#8243; _builder_version=&#8221;3.29.3&#8243; background_color=&#8221;#ffffff&#8221; custom_padding=&#8221;||||false|false&#8221; border_radii=&#8221;on|5px|5px|5px|5px&#8221; box_shadow_style=&#8221;preset1&#8243; box_shadow_blur=&#8221;35px&#8221; box_shadow_color=&#8221;#85CCCD&#8221;][et_pb_image src=&#8221;http:\/\/thepositiveprints.pl\/wp-content\/uploads\/woocommerce-placeholder.png&#8221; _builder_version=&#8221;3.29.3&#8243;][\/et_pb_image][et_pb_text _builder_version=&#8221;3.29.3&#8243; text_font_size=&#8221;15px&#8221; header_4_font=&#8221;Josefin Sans|700|||||||&#8221; header_4_text_color=&#8221;#000000&#8243; header_4_font_size=&#8221;15px&#8221; text_orientation=&#8221;center&#8221; custom_margin=&#8221;|10%|5%|10%|false|true&#8221; custom_padding=&#8221;15px||||false|false&#8221; border_width_bottom=&#8221;1px&#8221; border_color_bottom=&#8221;#000000&#8243;]<h4>PAIEMENTS S\u00c9CURIS\u00c9S<\/h4>[\/et_pb_text][et_pb_text _builder_version=&#8221;3.29.3&#8243; text_font=&#8221;Josefin Sans||||||||&#8221; text_text_color=&#8221;#000000&#8243; custom_padding=&#8221;|10%||10%|false|true&#8221;]Lorem ipsum dolor sit amet, consectetur adipiscing elit, sed do eiusmod tempor[\/et_pb_text][et_pb_button button_text=&#8221;CR\u00c9EZ LE V\u00d4TRE&#8221; button_alignment=&#8221;center&#8221; _builder_version=&#8221;3.29.3&#8243; custom_button=&#8221;on&#8221; button_text_size=&#8221;14px&#8221; button_text_color=&#8221;#ffffff&#8221; button_bg_color=&#8221;#E36C68&#8243; button_border_width=&#8221;3px&#8221; button_border_color=&#8221;#E36C68&#8243; custom_margin=&#8221;-6%||11%||false|false&#8221; custom_padding=&#8221;||||false|false&#8221;][\/et_pb_button][\/et_pb_column][et_pb_column type=&#8221;1_4&#8243; _builder_version=&#8221;3.29.3&#8243; background_color=&#8221;#ffffff&#8221; custom_padding=&#8221;||||false|false&#8221; border_radii=&#8221;on|5px|5px|5px|5px&#8221; box_shadow_style=&#8221;preset1&#8243; box_shadow_blur=&#8221;35px&#8221; box_shadow_color=&#8221;#85CCCD&#8221;][et_pb_image src=&#8221;http:\/\/thepositiveprints.pl\/wp-content\/uploads\/woocommerce-placeholder.png&#8221; _builder_version=&#8221;3.29.3&#8243;][\/et_pb_image][et_pb_text _builder_version=&#8221;3.29.3&#8243; text_font_size=&#8221;15px&#8221; header_4_font=&#8221;Josefin Sans|700|||||||&#8221; header_4_text_color=&#8221;#000000&#8243; header_4_font_size=&#8221;15px&#8221; text_orientation=&#8221;center&#8221; custom_margin=&#8221;|10%|5%|10%|false|true&#8221; custom_padding=&#8221;15px||||false|false&#8221; border_width_bottom=&#8221;1px&#8221; border_color_bottom=&#8221;#000000&#8243;]<h4>PAIEMENTS S\u00c9CURIS\u00c9S<\/h4>[\/et_pb_text][et_pb_text _builder_version=&#8221;3.29.3&#8243; text_font=&#8221;Josefin Sans||||||||&#8221; text_text_color=&#8221;#000000&#8243; custom_padding=&#8221;|10%||10%|false|true&#8221;]Lorem ipsum dolor sit amet, consectetur adipiscing elit, sed do eiusmod tempor[\/et_pb_text][et_pb_button button_text=&#8221;CR\u00c9EZ LE V\u00d4TRE&#8221; button_alignment=&#8221;center&#8221; _builder_version=&#8221;3.29.3&#8243; custom_button=&#8221;on&#8221; button_text_size=&#8221;14px&#8221; button_text_color=&#8221;#ffffff&#8221; button_bg_color=&#8221;#E36C68&#8243; button_border_width=&#8221;3px&#8221; button_border_color=&#8221;#E36C68&#8243; custom_margin=&#8221;-6%||11%||false|false&#8221; custom_padding=&#8221;||||false|false&#8221;][\/et_pb_button][\/et_pb_column][et_pb_column type=&#8221;1_4&#8243; _builder_version=&#8221;3.29.3&#8243; background_color=&#8221;#ffffff&#8221; custom_padding=&#8221;||||false|false&#8221; border_radii=&#8221;on|5px|5px|5px|5px&#8221; box_shadow_style=&#8221;preset1&#8243; box_shadow_blur=&#8221;35px&#8221; box_shadow_color=&#8221;#85CCCD&#8221;][et_pb_image src=&#8221;http:\/\/thepositiveprints.pl\/wp-content\/uploads\/woocommerce-placeholder.png&#8221; _builder_version=&#8221;3.29.3&#8243;][\/et_pb_image][et_pb_text _builder_version=&#8221;3.29.3&#8243; text_font_size=&#8221;15px&#8221; header_4_font=&#8221;Josefin Sans|700|||||||&#8221; header_4_text_color=&#8221;#000000&#8243; header_4_font_size=&#8221;15px&#8221; text_orientation=&#8221;center&#8221; custom_margin=&#8221;|10%|5%|10%|false|true&#8221; custom_padding=&#8221;15px||||false|false&#8221; border_width_bottom=&#8221;1px&#8221; border_color_bottom=&#8221;#000000&#8243;]<h4>PAIEMENTS S\u00c9CURIS\u00c9S<\/h4>[\/et_pb_text][et_pb_text _builder_version=&#8221;3.29.3&#8243; text_font=&#8221;Josefin Sans||||||||&#8221; text_text_color=&#8221;#000000&#8243; custom_padding=&#8221;|10%||10%|false|true&#8221;]Lorem ipsum dolor sit amet, consectetur adipiscing elit, sed do eiusmod tempor[\/et_pb_text][et_pb_button button_text=&#8221;CR\u00c9EZ LE V\u00d4TRE&#8221; button_alignment=&#8221;center&#8221; _builder_version=&#8221;3.29.3&#8243; custom_button=&#8221;on&#8221; button_text_size=&#8221;14px&#8221; button_text_color=&#8221;#ffffff&#8221; button_bg_color=&#8221;#E36C68&#8243; button_border_width=&#8221;3px&#8221; button_border_color=&#8221;#E36C68&#8243; custom_margin=&#8221;-6%||11%||false|false&#8221; custom_padding=&#8221;||||false|false&#8221;][\/et_pb_button][\/et_pb_column][et_pb_column type=&#8221;1_4&#8243; _builder_version=&#8221;3.29.3&#8243; background_color=&#8221;#ffffff&#8221; custom_padding=&#8221;||||false|false&#8221; border_radii=&#8221;on|5px|5px|5px|5px&#8221; box_shadow_style=&#8221;preset1&#8243; box_shadow_blur=&#8221;35px&#8221; box_shadow_color=&#8221;#85CCCD&#8221;][et_pb_image src=&#8221;http:\/\/thepositiveprints.pl\/wp-content\/uploads\/woocommerce-placeholder.png&#8221; _builder_version=&#8221;3.29.3&#8243;][\/et_pb_image][et_pb_text _builder_version=&#8221;3.29.3&#8243; text_font_size=&#8221;15px&#8221; header_4_font=&#8221;Josefin Sans|700|||||||&#8221; header_4_text_color=&#8221;#000000&#8243; header_4_font_size=&#8221;15px&#8221; text_orientation=&#8221;center&#8221; custom_margin=&#8221;|10%|5%|10%|false|true&#8221; custom_padding=&#8221;15px||||false|false&#8221; border_width_bottom=&#8221;1px&#8221; border_color_bottom=&#8221;#000000&#8243;]<h4>PAIEMENTS S\u00c9CURIS\u00c9S<\/h4>[\/et_pb_text][et_pb_text _builder_version=&#8221;3.29.3&#8243; text_font=&#8221;Josefin Sans||||||||&#8221; text_text_color=&#8221;#000000&#8243; custom_padding=&#8221;|10%||10%|false|true&#8221;]Lorem ipsum dolor sit amet, consectetur adipiscing elit, sed do eiusmod tempor[\/et_pb_text][et_pb_button button_text=&#8221;CR\u00c9EZ LE V\u00d4TRE&#8221; button_alignment=&#8221;center&#8221; _builder_version=&#8221;3.29.3&#8243; custom_button=&#8221;on&#8221; button_text_size=&#8221;14px&#8221; button_text_color=&#8221;#ffffff&#8221; button_bg_color=&#8221;#E36C68&#8243; button_border_width=&#8221;3px&#8221; button_border_color=&#8221;#E36C68&#8243; custom_margin=&#8221;-6%||11%||false|false&#8221; custom_padding=&#8221;||||false|false&#8221;][\/et_pb_button][\/et_pb_column][\/et_pb_row][\/et_pb_section][et_pb_section fb_built=&#8221;1&#8243; _builder_version=&#8221;3.29.3&#8243; background_color=&#8221;#FCFAF7&#8243;][et_pb_row _builder_version=&#8221;3.29.3&#8243;][et_pb_column type=&#8221;4_4&#8243; _builder_version=&#8221;3.29.3&#8243;][et_pb_text _builder_version=&#8221;3.29.3&#8243; header_2_font=&#8221;Josefin Sans|700|||||||&#8221; header_2_font_size=&#8221;31px&#8221; text_orientation=&#8221;center&#8221;]<h2 style=\"display:inline;\">NOTRE INSTAGRAM<\/h2>\n<p style=\"display: inline; font-family: 'Josefin Sans'; font-size: 21px; margin-left: 10px;\"><u>Suivez-nous<\/u><\/p>[\/et_pb_text][et_pb_text _builder_version=&#8221;3.29.3&#8243;]\t[iscwp-slider username=&#8221;instagram&#8221;][\/et_pb_text][\/et_pb_column][\/et_pb_row][\/et_pb_section][et_pb_section fb_built=&#8221;1&#8243; _builder_version=&#8221;3.29.3&#8243; background_color=&#8221;#FCFAF7&#8243; background_image=&#8221;http:\/\/thepositiveprints.pl\/wp-content\/uploads\/2019\/10\/71847833_2417858421662489_6142891685366988800_n.png&#8221; custom_margin=&#8221;||||false|false&#8221; custom_padding=&#8221;10%||||false|false&#8221;][et_pb_row _builder_version=&#8221;3.29.3&#8243; custom_margin=&#8221;-6%||||false|false&#8221;][et_pb_column type=&#8221;4_4&#8243; _builder_version=&#8221;3.29.3&#8243;][et_pb_text _builder_version=&#8221;3.29.3&#8243; text_orientation=&#8221;center&#8221;]<p id=\"beTheFirst\">Soyez pr\u00e9venu en premier<\/p>\n<p id=\"beTheFirstDiscount\">de nos r\u00e9ductions et soldes<\/p>[\/et_pb_text][\/et_pb_column][\/et_pb_row][\/et_pb_section][et_pb_section fb_built=&#8221;1&#8243; _builder_version=&#8221;4.0&#8243;][et_pb_row _builder_version=&#8221;4.0&#8243; hover_enabled=&#8221;0&#8243;][et_pb_column _builder_version=&#8221;4.0&#8243; type=&#8221;4_4&#8243;][et_pb_shop _builder_version=&#8221;4.0&#8243; hover_enabled=&#8221;0&#8243; type=&#8221;product_category&#8221; include_categories=&#8221;all&#8221;][\/et_pb_shop][\/et_pb_column][\/et_pb_row][\/et_pb_section][et_pb_section fb_built=&#8221;1&#8243; _builder_version=&#8221;3.29.3&#8243; background_color=&#8221;#FCFAF7&#8243;][et_pb_row _builder_version=&#8221;3.29.3&#8243;][et_pb_column type=&#8221;4_4&#8243; _builder_version=&#8221;3.29.3&#8243;][et_pb_signup mailchimp_list=&#8221;sebbs121|c6066e4304&#8243; layout=&#8221;bottom_top&#8221; first_name_field=&#8221;off&#8221; last_name_field=&#8221;off&#8221; button_text=&#8221;S&#8217;INSCRIRE&#8221; _builder_version=&#8221;3.29.3&#8243; background_color=&#8221;rgba(0,0,0,0)&#8221; custom_button=&#8221;on&#8221; button_text_size=&#8221;21px&#8221; button_bg_color=&#8221;#E36C68&#8243; button_border_width=&#8221;10px&#8221; button_border_color=&#8221;#E36C68&#8243; button_border_radius=&#8221;5px&#8221; button_font=&#8221;Open Sans|700|||||||&#8221; button_custom_padding=&#8221;5px|5px|5px|5px|true|true&#8221; button_text__hover_enabled=&#8221;on|desktop&#8221;][\/et_pb_signup][\/et_pb_column][\/et_pb_row][\/et_pb_section]","protected":false},"excerpt":{"rendered":"","protected":false},"author":1,"featured_media":0,"parent":0,"menu_order":0,"comment_status":"closed","ping_status":"closed","template":"index.php","meta":{"footnotes":""},"class_list":["post-24000","page","type-page","status-publish","hentry"],"yoast_head":"<!-- This site is optimized with the Yoast SEO Premium plugin v27.2 (Yoast SEO v27.2) - https:\/\/yoast.com\/product\/yoast-seo-premium-wordpress\/ -->\n<title>Positive Prints - Offrez un cadeau unique<\/title>\n<meta name=\"description\" content=\"Offrez un cadeau unique avec Positive Prints. Cr\u00e9ez cartes du ciel, posters personnalis\u00e9s et art sonore \u2013 d\u00e9coration murale de qualit\u00e9 pour surprendre.\" \/>\n<meta name=\"robots\" content=\"index, follow, max-snippet:-1, max-image-preview:large, max-video-preview:-1\" \/>\n<link rel=\"canonical\" href=\"https:\/\/positiveprints.com\/fr\/\" \/>\n<meta property=\"og:locale\" content=\"fr_FR\" \/>\n<meta property=\"og:type\" content=\"article\" \/>\n<meta property=\"og:title\" content=\"Positive Prints - Offrez un cadeau unique\" \/>\n<meta property=\"og:description\" content=\"Offrez un cadeau unique avec Positive Prints. Cr\u00e9ez cartes du ciel, posters personnalis\u00e9s et art sonore \u2013 d\u00e9coration murale de qualit\u00e9 pour surprendre.\" \/>\n<meta property=\"og:url\" content=\"https:\/\/positiveprints.com\/fr\/\" \/>\n<meta property=\"og:site_name\" content=\"Positive Prints\" \/>\n<meta property=\"article:publisher\" content=\"https:\/\/www.facebook.com\/positiveprintscom\" \/>\n<meta property=\"article:modified_time\" content=\"2026-03-27T21:15:30+00:00\" \/>\n<meta property=\"og:image\" content=\"https:\/\/positiveprints.com\/wp-content\/uploads\/2026\/03\/Open-graph-2026-1200x630-1.jpg\" \/>\n\t<meta property=\"og:image:width\" content=\"1200\" \/>\n\t<meta property=\"og:image:height\" content=\"630\" \/>\n\t<meta property=\"og:image:type\" content=\"image\/jpeg\" \/>\n<meta name=\"twitter:card\" content=\"summary_large_image\" \/>\n<meta name=\"twitter:title\" content=\"Page Principale\" \/>\n<meta name=\"twitter:description\" content=\"CR\u00c9EZ VOTRE AFFICHE PERSONNALIS\u00c9EVotre contenu va ici. Modifier ou supprimer ce texte en ligne ou dans les param\u00e8tres de contenu du module. Vous pouvez\" \/>\n<meta name=\"twitter:label1\" content=\"Dur\u00e9e de lecture estim\u00e9e\" \/>\n\t<meta name=\"twitter:data1\" content=\"3 minutes\" \/>\n<!-- \/ Yoast SEO Premium plugin. -->","yoast_head_json":{"title":"Positive Prints - Offrez un cadeau unique","description":"Offrez un cadeau unique avec Positive Prints. Cr\u00e9ez cartes du ciel, posters personnalis\u00e9s et art sonore \u2013 d\u00e9coration murale de qualit\u00e9 pour surprendre.","robots":{"index":"index","follow":"follow","max-snippet":"max-snippet:-1","max-image-preview":"max-image-preview:large","max-video-preview":"max-video-preview:-1"},"canonical":"https:\/\/positiveprints.com\/fr\/","og_locale":"fr_FR","og_type":"article","og_title":"Positive Prints - Offrez un cadeau unique","og_description":"Offrez un cadeau unique avec Positive Prints. Cr\u00e9ez cartes du ciel, posters personnalis\u00e9s et art sonore \u2013 d\u00e9coration murale de qualit\u00e9 pour surprendre.","og_url":"https:\/\/positiveprints.com\/fr\/","og_site_name":"Positive Prints","article_publisher":"https:\/\/www.facebook.com\/positiveprintscom","article_modified_time":"2026-03-27T21:15:30+00:00","og_image":[{"width":1200,"height":630,"url":"https:\/\/positiveprints.com\/wp-content\/uploads\/2026\/03\/Open-graph-2026-1200x630-1.jpg","type":"image\/jpeg"}],"twitter_card":"summary_large_image","twitter_title":"Page Principale","twitter_description":"CR\u00c9EZ VOTRE AFFICHE PERSONNALIS\u00c9EVotre contenu va ici. Modifier ou supprimer ce texte en ligne ou dans les param\u00e8tres de contenu du module. Vous pouvez","twitter_misc":{"Dur\u00e9e de lecture estim\u00e9e":"3 minutes"},"schema":{"@context":"https:\/\/schema.org","@graph":[{"@type":"WebPage","@id":"https:\/\/positiveprints.com\/fr\/","url":"https:\/\/positiveprints.com\/fr\/","name":"Positive Prints - Offrez un cadeau unique","isPartOf":{"@id":"https:\/\/positiveprints.com\/fr\/#website"},"datePublished":"2020-07-28T21:16:11+00:00","dateModified":"2026-03-27T21:15:30+00:00","description":"Offrez un cadeau unique avec Positive Prints. Cr\u00e9ez cartes du ciel, posters personnalis\u00e9s et art sonore \u2013 d\u00e9coration murale de qualit\u00e9 pour surprendre.","breadcrumb":{"@id":"https:\/\/positiveprints.com\/fr\/#breadcrumb"},"inLanguage":"fr-FR","potentialAction":[{"@type":"ReadAction","target":["https:\/\/positiveprints.com\/fr\/"]}]},{"@type":"BreadcrumbList","@id":"https:\/\/positiveprints.com\/fr\/#breadcrumb","itemListElement":[{"@type":"ListItem","position":1,"name":"Home","item":"https:\/\/positiveprints.com\/fr\/"},{"@type":"ListItem","position":2,"name":"Page Principale"}]},{"@type":"WebSite","@id":"https:\/\/positiveprints.com\/fr\/#website","url":"https:\/\/positiveprints.com\/fr\/","name":"Positive Prints","description":"Amazing Custom Personalized Gifts","publisher":{"@id":"https:\/\/positiveprints.com\/fr\/#organization"},"potentialAction":[{"@type":"SearchAction","target":{"@type":"EntryPoint","urlTemplate":"https:\/\/positiveprints.com\/fr\/?s={search_term_string}"},"query-input":{"@type":"PropertyValueSpecification","valueRequired":true,"valueName":"search_term_string"}}],"inLanguage":"fr-FR"},{"@type":"Organization","@id":"https:\/\/positiveprints.com\/fr\/#organization","name":"Positive Prints","alternateName":"Positive Prints","url":"https:\/\/positiveprints.com\/fr\/","logo":{"@type":"ImageObject","inLanguage":"fr-FR","@id":"https:\/\/positiveprints.com\/fr\/#\/schema\/logo\/image\/","url":"https:\/\/positiveprints.com\/wp-content\/uploads\/2026\/03\/245815646_1337939713319158_5671353136411139666_n.png","contentUrl":"https:\/\/positiveprints.com\/wp-content\/uploads\/2026\/03\/245815646_1337939713319158_5671353136411139666_n.png","width":800,"height":800,"caption":"Positive Prints"},"image":{"@id":"https:\/\/positiveprints.com\/fr\/#\/schema\/logo\/image\/"},"sameAs":["https:\/\/www.facebook.com\/positiveprintscom","https:\/\/www.instagram.com\/positiveprintscom\/","https:\/\/www.tiktok.com\/@positiveprintscom","https:\/\/www.pinterest.com\/positiveprintscom\/"]}]}},"jetpack_sharing_enabled":true,"_links":{"self":[{"href":"https:\/\/positiveprints.com\/fr\/wp-json\/wp\/v2\/pages\/24000","targetHints":{"allow":["GET"]}}],"collection":[{"href":"https:\/\/positiveprints.com\/fr\/wp-json\/wp\/v2\/pages"}],"about":[{"href":"https:\/\/positiveprints.com\/fr\/wp-json\/wp\/v2\/types\/page"}],"author":[{"embeddable":true,"href":"https:\/\/positiveprints.com\/fr\/wp-json\/wp\/v2\/users\/1"}],"replies":[{"embeddable":true,"href":"https:\/\/positiveprints.com\/fr\/wp-json\/wp\/v2\/comments?post=24000"}],"version-history":[{"count":0,"href":"https:\/\/positiveprints.com\/fr\/wp-json\/wp\/v2\/pages\/24000\/revisions"}],"wp:attachment":[{"href":"https:\/\/positiveprints.com\/fr\/wp-json\/wp\/v2\/media?parent=24000"}],"curies":[{"name":"wp","href":"https:\/\/api.w.org\/{rel}","templated":true}]}}