{"id":23406,"date":"2020-07-11T20:01:48","date_gmt":"2020-07-11T20:01:48","guid":{"rendered":"https:\/\/positiveprints.com\/product-creators\/"},"modified":"2023-09-19T14:59:51","modified_gmt":"2023-09-19T12:59:51","slug":"creer-affiche-en-ligne","status":"publish","type":"page","link":"https:\/\/positiveprints.com\/fr\/creer-affiche-en-ligne\/","title":{"rendered":"Cr\u00e9er une affiche en ligne"},"content":{"rendered":"[et_pb_section fb_built=&#8221;1&#8243; _builder_version=&#8221;4.4.2&#8243; background_color=&#8221;#F8F6F1&#8243; hover_enabled=&#8221;0&#8243; admin_label=&#8221;ProductCreators&#8221;][et_pb_row _builder_version=&#8221;4.4.2&#8243; custom_padding=&#8221;||0px||false|false&#8221;][et_pb_column type=&#8221;4_4&#8243; _builder_version=&#8221;4.4.2&#8243;][et_pb_text _builder_version=&#8221;4.4.2&#8243;]<h2>CR\u00c9ER, VISUALISER ET COMMANDER<\/h2>[\/et_pb_text][\/et_pb_column][\/et_pb_row][et_pb_row _builder_version=&#8221;4.4.2&#8243;][et_pb_column type=&#8221;4_4&#8243; _builder_version=&#8221;4.4.2&#8243;][et_pb_text _builder_version=&#8221;4.4.2&#8243;]<h3>Imprim\u00e9 localement, livraison gratuite dans le monde entier<\/h3>[\/et_pb_text][\/et_pb_column][\/et_pb_row][et_pb_row _builder_version=&#8221;4.4.2&#8243;][et_pb_column type=&#8221;4_4&#8243; _builder_version=&#8221;4.0&#8243;][et_pb_text _builder_version=&#8221;4.4.2&#8243;]<div style=\"display:flex; flex-wrap:wrap;width:100%;text-align:center;\"><div class=\"creatorDiv\" onclick=\"location.href='https:\/\/positiveprints.com\/fr\/letter-portrait-editor?editorTab=design-tab'\"><div>\r\n<img decoding=\"async\" class=\"creatorImg\" style=\"margin-left:auto;margin-right:auto\" src=\"https:\/\/positiveprints.com\/wp-content\/uploads\/2026\/03\/Packshot_FR_Collage-photo-personnalise-en-lettres-chiffres-1.webp\"\/>\r\n<label class=\"productTitleCategory\">Collage photo personnalis\u00e9 en lettres & chiffres<\/label><a href=\"https:\/\/positiveprints.com\/fr\/letter-portrait-editor?editorTab=design-tab\" class=\"addAnotherButton\">CR\u00c9ER MAINTENANT<\/a><\/div>\r\n<\/div><div class=\"creatorDiv\" onclick=\"location.href='https:\/\/positiveprints.com\/fr\/family-editor?editorTab=design-tab'\"><div>\r\n<img decoding=\"async\" class=\"creatorImg\" style=\"margin-left:auto;margin-right:auto\" src=\"https:\/\/positiveprints.com\/wp-content\/uploads\/2026\/02\/Packshot_FR_Portrait-de-famille-personnalise-a-partir-de-plusieurs-photos.webp\"\/>\r\n<label class=\"productTitleCategory\">Portrait de famille personnalis\u00e9 \u00e0 partir de plusieurs photos<\/label><a href=\"https:\/\/positiveprints.com\/fr\/family-editor?editorTab=design-tab\" class=\"addAnotherButton\">CR\u00c9ER MAINTENANT<\/a><\/div>\r\n<\/div><div class=\"creatorDiv\" onclick=\"location.href='https:\/\/positiveprints.com\/fr\/gpx-editor?editorTab=design-tab'\"><div>\r\n<img decoding=\"async\" class=\"creatorImg\" style=\"margin-left:auto;margin-right:auto\" src=\"https:\/\/positiveprints.com\/wp-content\/uploads\/2026\/02\/Packshot_FR_Poster-de-parcours-personnalise.webp\"\/>\r\n<label class=\"productTitleCategory\">Poster de parcours personnalis\u00e9<\/label><a href=\"https:\/\/positiveprints.com\/fr\/gpx-editor?editorTab=design-tab\" class=\"addAnotherButton\">CR\u00c9ER MAINTENANT<\/a><\/div>\r\n<\/div><div class=\"creatorDiv\" onclick=\"location.href=''\"><div>\r\n<img decoding=\"async\" class=\"creatorImg\" style=\"margin-left:auto;margin-right:auto\" src=\"https:\/\/positiveprints.com\/wp-content\/uploads\/2026\/04\/Packshot_FR_XX-Portrait-watercolor-a-partir-dune-photo.webp\"\/>\r\n<label class=\"productTitleCategory\">Portrait personnalis\u00e9 depuis une Photo<\/label><a href=\"\" class=\"addAnotherButton\">CR\u00c9ER MAINTENANT<\/a><\/div>\r\n<\/div><div class=\"creatorDiv\" onclick=\"location.href='https:\/\/positiveprints.com\/fr\/place-editor?editorTab=design-tab'\"><div>\r\n<img decoding=\"async\" class=\"creatorImg\" style=\"margin-left:auto;margin-right:auto\" src=\"https:\/\/positiveprints.com\/wp-content\/uploads\/2025\/09\/Illustration-a\u0300-laquarelle-de-votre-maison-Packshot_FR_XX.webp\"\/>\r\n<label class=\"productTitleCategory\">Illustration \u00e0 l'aquarelle de votre maison<\/label><a href=\"https:\/\/positiveprints.com\/fr\/place-editor?editorTab=design-tab\" class=\"addAnotherButton\">CR\u00c9ER MAINTENANT<\/a><\/div>\r\n<\/div><div class=\"creatorDiv\" onclick=\"location.href='https:\/\/positiveprints.com\/fr\/dog-editor?editorTab=design-tab'\"><div>\r\n<img decoding=\"async\" class=\"creatorImg\" style=\"margin-left:auto;margin-right:auto\" src=\"https:\/\/positiveprints.com\/wp-content\/uploads\/2025\/08\/Packshot_FR_Portrait-Personnalise\u0301-dAnimal-de-Compagnie.webp\"\/>\r\n<label class=\"productTitleCategory\">Portrait Personnalis\u00e9 d'Animal de Compagnie<\/label><a href=\"https:\/\/positiveprints.com\/fr\/dog-editor?editorTab=design-tab\" class=\"addAnotherButton\">CR\u00c9ER MAINTENANT<\/a><\/div>\r\n<\/div><\/div>[\/et_pb_text][\/et_pb_column][\/et_pb_row][\/et_pb_section]","protected":false},"excerpt":{"rendered":"","protected":false},"author":1,"featured_media":0,"parent":0,"menu_order":0,"comment_status":"closed","ping_status":"closed","template":"PRODUCT_CREATORS.php","meta":{"footnotes":""},"class_list":["post-23406","page","type-page","status-publish","hentry"],"yoast_head":"<!-- This site is optimized with the Yoast SEO Premium plugin v27.2 (Yoast SEO v27.2) - https:\/\/yoast.com\/product\/yoast-seo-premium-wordpress\/ -->\n<title>Cr\u00e9ateur de cadeaux personnalis\u00e9s - Positive Prints<\/title>\n<meta name=\"description\" content=\"Concevez des cadeaux personnalis\u00e9s pour toute occasion. Cr\u00e9ateur d&#039;art de carte personnalis\u00e9e, \u00e9diteur de phase de lune personnalis\u00e9, art mural.\" \/>\n<meta name=\"robots\" content=\"noindex, follow\" \/>\n<meta property=\"og:locale\" content=\"fr_FR\" \/>\n<meta property=\"og:type\" content=\"article\" \/>\n<meta property=\"og:title\" content=\"Cr\u00e9er une affiche en ligne\" \/>\n<meta property=\"og:description\" content=\"CR\u00c9ER, VISUALISER ET COMMANDERImprim\u00e9 localement, livraison gratuite dans le monde entier\" \/>\n<meta property=\"og:url\" content=\"https:\/\/positiveprints.com\/fr\/creer-affiche-en-ligne\/\" \/>\n<meta property=\"og:site_name\" content=\"Positive Prints\" \/>\n<meta property=\"article:publisher\" content=\"https:\/\/www.facebook.com\/positiveprintscom\" \/>\n<meta property=\"article:modified_time\" content=\"2023-09-19T12:59:51+00:00\" \/>\n<meta property=\"og:image\" content=\"https:\/\/positiveprints.com\/wp-content\/uploads\/2026\/03\/Open-graph-2026-1200x630-1.jpg\" \/>\n\t<meta property=\"og:image:width\" content=\"1200\" \/>\n\t<meta property=\"og:image:height\" content=\"630\" \/>\n\t<meta property=\"og:image:type\" content=\"image\/jpeg\" \/>\n<meta name=\"twitter:card\" content=\"summary_large_image\" \/>\n<meta name=\"twitter:label1\" content=\"Dur\u00e9e de lecture estim\u00e9e\" \/>\n\t<meta name=\"twitter:data1\" content=\"1 minute\" \/>\n<!-- \/ Yoast SEO Premium plugin. -->","yoast_head_json":{"title":"Cr\u00e9ateur de cadeaux personnalis\u00e9s - Positive Prints","description":"Concevez des cadeaux personnalis\u00e9s pour toute occasion. Cr\u00e9ateur d'art de carte personnalis\u00e9e, \u00e9diteur de phase de lune personnalis\u00e9, art mural.","robots":{"index":"noindex","follow":"follow"},"og_locale":"fr_FR","og_type":"article","og_title":"Cr\u00e9er une affiche en ligne","og_description":"CR\u00c9ER, VISUALISER ET COMMANDERImprim\u00e9 localement, livraison gratuite dans le monde entier","og_url":"https:\/\/positiveprints.com\/fr\/creer-affiche-en-ligne\/","og_site_name":"Positive Prints","article_publisher":"https:\/\/www.facebook.com\/positiveprintscom","article_modified_time":"2023-09-19T12:59:51+00:00","og_image":[{"width":1200,"height":630,"url":"https:\/\/positiveprints.com\/wp-content\/uploads\/2026\/03\/Open-graph-2026-1200x630-1.jpg","type":"image\/jpeg"}],"twitter_card":"summary_large_image","twitter_misc":{"Dur\u00e9e de lecture estim\u00e9e":"1 minute"},"schema":{"@context":"https:\/\/schema.org","@graph":[{"@type":"WebPage","@id":"https:\/\/positiveprints.com\/fr\/creer-affiche-en-ligne\/","url":"https:\/\/positiveprints.com\/fr\/creer-affiche-en-ligne\/","name":"Cr\u00e9ateur de cadeaux personnalis\u00e9s - Positive Prints","isPartOf":{"@id":"https:\/\/positiveprints.com\/fr\/#website"},"datePublished":"2020-07-11T20:01:48+00:00","dateModified":"2023-09-19T12:59:51+00:00","description":"Concevez des cadeaux personnalis\u00e9s pour toute occasion. Cr\u00e9ateur d'art de carte personnalis\u00e9e, \u00e9diteur de phase de lune personnalis\u00e9, art mural.","breadcrumb":{"@id":"https:\/\/positiveprints.com\/fr\/creer-affiche-en-ligne\/#breadcrumb"},"inLanguage":"fr-FR","potentialAction":[{"@type":"ReadAction","target":["https:\/\/positiveprints.com\/fr\/creer-affiche-en-ligne\/"]}]},{"@type":"BreadcrumbList","@id":"https:\/\/positiveprints.com\/fr\/creer-affiche-en-ligne\/#breadcrumb","itemListElement":[{"@type":"ListItem","position":1,"name":"Home","item":"https:\/\/positiveprints.com\/fr\/"},{"@type":"ListItem","position":2,"name":"Cr\u00e9er une affiche en ligne"}]},{"@type":"WebSite","@id":"https:\/\/positiveprints.com\/fr\/#website","url":"https:\/\/positiveprints.com\/fr\/","name":"Positive Prints","description":"Amazing Custom Personalized Gifts","publisher":{"@id":"https:\/\/positiveprints.com\/fr\/#organization"},"potentialAction":[{"@type":"SearchAction","target":{"@type":"EntryPoint","urlTemplate":"https:\/\/positiveprints.com\/fr\/?s={search_term_string}"},"query-input":{"@type":"PropertyValueSpecification","valueRequired":true,"valueName":"search_term_string"}}],"inLanguage":"fr-FR"},{"@type":"Organization","@id":"https:\/\/positiveprints.com\/fr\/#organization","name":"Positive Prints","alternateName":"Positive Prints","url":"https:\/\/positiveprints.com\/fr\/","logo":{"@type":"ImageObject","inLanguage":"fr-FR","@id":"https:\/\/positiveprints.com\/fr\/#\/schema\/logo\/image\/","url":"https:\/\/positiveprints.com\/wp-content\/uploads\/2026\/03\/245815646_1337939713319158_5671353136411139666_n.png","contentUrl":"https:\/\/positiveprints.com\/wp-content\/uploads\/2026\/03\/245815646_1337939713319158_5671353136411139666_n.png","width":800,"height":800,"caption":"Positive Prints"},"image":{"@id":"https:\/\/positiveprints.com\/fr\/#\/schema\/logo\/image\/"},"sameAs":["https:\/\/www.facebook.com\/positiveprintscom","https:\/\/www.instagram.com\/positiveprintscom\/","https:\/\/www.tiktok.com\/@positiveprintscom","https:\/\/www.pinterest.com\/positiveprintscom\/"]}]}},"jetpack_sharing_enabled":true,"_links":{"self":[{"href":"https:\/\/positiveprints.com\/fr\/wp-json\/wp\/v2\/pages\/23406","targetHints":{"allow":["GET"]}}],"collection":[{"href":"https:\/\/positiveprints.com\/fr\/wp-json\/wp\/v2\/pages"}],"about":[{"href":"https:\/\/positiveprints.com\/fr\/wp-json\/wp\/v2\/types\/page"}],"author":[{"embeddable":true,"href":"https:\/\/positiveprints.com\/fr\/wp-json\/wp\/v2\/users\/1"}],"replies":[{"embeddable":true,"href":"https:\/\/positiveprints.com\/fr\/wp-json\/wp\/v2\/comments?post=23406"}],"version-history":[{"count":0,"href":"https:\/\/positiveprints.com\/fr\/wp-json\/wp\/v2\/pages\/23406\/revisions"}],"wp:attachment":[{"href":"https:\/\/positiveprints.com\/fr\/wp-json\/wp\/v2\/media?parent=23406"}],"curies":[{"name":"wp","href":"https:\/\/api.w.org\/{rel}","templated":true}]}}