{"id":23064,"date":"2020-07-09T08:18:05","date_gmt":"2020-07-09T08:18:05","guid":{"rendered":"https:\/\/positiveprints.com\/politique-de-retours\/"},"modified":"2024-09-12T11:14:15","modified_gmt":"2024-09-12T09:14:15","slug":"politique-de-retours","status":"publish","type":"page","link":"https:\/\/positiveprints.com\/fr\/politique-de-retours\/","title":{"rendered":"Politique de Retours"},"content":{"rendered":"<h1 class=\"grenB\" style=\"text-align: center;\">Politique de Retours<\/h1><br>\n\nNous nous effor\u00e7ons de vous fournir un excellent service en termes de qualit\u00e9 d&#8217;impression, de d\u00e9lais de livraison, de service client et de rapport qualit\u00e9-prix.<br><br>\n\nSi vous d\u00e9couvrez une faute d&#8217;orthographe ou si vous souhaitez modifier votre design apr\u00e8s avoir pass\u00e9 votre commande, veuillez nous contacter imm\u00e9diatement \u00e0 hello@positiveprints.com. Toute demande de modification doit \u00eatre effectu\u00e9e dans les <b>2 heures suivant votre commande<\/b>. Pass\u00e9 ce d\u00e9lai, la commande partira en impression, il sera donc trop tard pour la modifier.<br><br>\n\nTous nos produits sont personnalis\u00e9s et fabriqu\u00e9s sur commande, ce qui limite nos possibilit\u00e9s de retour.<br><br>\n\nNous souhaitons que vous soyez 100% satisfait de votre commande, donc si :\n<ul>\n \t<li> Votre produit arrive gravement endommag\u00e9, ou<\/li>\n \t<li> Vous avez re\u00e7u un produit diff\u00e9rent de ce que vous aviez command\u00e9, ou que l&#8217;affiche re\u00e7ue diff\u00e8re consid\u00e9rablement de ce qui est annonc\u00e9 sur notre site Web, ou<\/li>\n \t<li> Votre commande a \u00e9t\u00e9 envoy\u00e9e \u00e0 une mauvaise adresse en raison d&#8217;une erreur de notre part.<\/li>\n<\/ul>\nEnvoyez-nous simplement un court email avec une photo \u00e0 hello@positiveprints.com Nous vous rembourserons, ou nous vous enverrons un article de remplacement dans les 7 jours ouvrables. Vous n&#8217;avez pas besoin de renvoyer votre commande.<br><br>\n\nSi les produits ont \u00e9t\u00e9 r\u00e9gl\u00e9s avec une carte-cadeau, le montant sera rembours\u00e9 via une carte-cadeau.<br><br>\n\nSi la commande a \u00e9t\u00e9 envoy\u00e9e \u00e0 la mauvaise adresse en raison d&#8217;une erreur de votre part, nous devrons cr\u00e9er une nouvelle commande pour vous et l&#8217;exp\u00e9dier \u00e0 nouveau. Pour cela, nous vous facturons 50% du co\u00fbt de l&#8217;article. Sinon, vous pouvez attendre que la commande nous soit retourn\u00e9e, et si le colis n&#8217;a pas \u00e9t\u00e9 endommag\u00e9 durant le transport, nous serons heureux de le r\u00e9exp\u00e9dier \u00e0 une nouvelle adresse : vous n&#8217;aurez alors qu&#8217;\u00e0 couvrir les frais de port (ceux-ci sont calcul\u00e9s sur une base individuelle).<br><br>\n\n<b>Nous conserverons les colis retourn\u00e9s durant 30 jours.<\/b><br><br>\n\n<b>Nous acceptons les demandes d&#8217;\u00e9change ou de remboursement jusqu&#8217;\u00e0 30 jours apr\u00e8s l&#8217;achat. Tous les achats par t\u00e9l\u00e9chargement num\u00e9rique sont d\u00e9finitifs.<\/b>\n\n<b>Vous trouverez plus d&#8217;informations sur notre politique de retour dans le r\u00e8glement.<\/b>","protected":false},"excerpt":{"rendered":"<p>Politique de Retours Nous nous effor\u00e7ons de vous fournir un excellent service en termes de qualit\u00e9 d&#8217;impression, de d\u00e9lais de livraison, de service client et de rapport qualit\u00e9-prix. Si vous d\u00e9couvrez une faute d&#8217;orthographe ou si vous souhaitez modifier votre design apr\u00e8s avoir pass\u00e9 votre commande, veuillez nous contacter imm\u00e9diatement \u00e0 hello@positiveprints.com. Toute demande de [&hellip;]<\/p>\n","protected":false},"author":1,"featured_media":0,"parent":0,"menu_order":0,"comment_status":"closed","ping_status":"closed","template":"informational-page.php","meta":{"footnotes":""},"class_list":["post-23064","page","type-page","status-publish","hentry"],"yoast_head":"<!-- This site is optimized with the Yoast SEO Premium plugin v27.2 (Yoast SEO v27.2) - https:\/\/yoast.com\/product\/yoast-seo-premium-wordpress\/ -->\n<title>Politique de Retours - Positive Prints<\/title>\n<meta name=\"robots\" content=\"noindex, follow\" \/>\n<meta property=\"og:locale\" content=\"fr_FR\" \/>\n<meta property=\"og:type\" content=\"article\" \/>\n<meta property=\"og:title\" content=\"Politique de Retours\" \/>\n<meta property=\"og:description\" content=\"Politique de Retours Nous nous effor\u00e7ons de vous fournir un excellent service en termes de qualit\u00e9 d&#039;impression, de d\u00e9lais de livraison, de service client\" \/>\n<meta property=\"og:url\" content=\"https:\/\/positiveprints.com\/fr\/politique-de-retours\/\" \/>\n<meta property=\"og:site_name\" content=\"Positive Prints\" \/>\n<meta property=\"article:publisher\" content=\"https:\/\/www.facebook.com\/positiveprintscom\" \/>\n<meta property=\"article:modified_time\" content=\"2024-09-12T09:14:15+00:00\" \/>\n<meta property=\"og:image\" content=\"https:\/\/positiveprints.com\/wp-content\/uploads\/2026\/03\/Open-graph-2026-1200x630-1.jpg\" \/>\n\t<meta property=\"og:image:width\" content=\"1200\" \/>\n\t<meta property=\"og:image:height\" content=\"630\" \/>\n\t<meta property=\"og:image:type\" content=\"image\/jpeg\" \/>\n<meta name=\"twitter:card\" content=\"summary_large_image\" \/>\n<meta name=\"twitter:label1\" content=\"Dur\u00e9e de lecture estim\u00e9e\" \/>\n\t<meta name=\"twitter:data1\" content=\"2 minutes\" \/>\n<!-- \/ Yoast SEO Premium plugin. -->","yoast_head_json":{"title":"Politique de Retours - Positive Prints","robots":{"index":"noindex","follow":"follow"},"og_locale":"fr_FR","og_type":"article","og_title":"Politique de Retours","og_description":"Politique de Retours Nous nous effor\u00e7ons de vous fournir un excellent service en termes de qualit\u00e9 d'impression, de d\u00e9lais de livraison, de service client","og_url":"https:\/\/positiveprints.com\/fr\/politique-de-retours\/","og_site_name":"Positive Prints","article_publisher":"https:\/\/www.facebook.com\/positiveprintscom","article_modified_time":"2024-09-12T09:14:15+00:00","og_image":[{"width":1200,"height":630,"url":"https:\/\/positiveprints.com\/wp-content\/uploads\/2026\/03\/Open-graph-2026-1200x630-1.jpg","type":"image\/jpeg"}],"twitter_card":"summary_large_image","twitter_misc":{"Dur\u00e9e de lecture estim\u00e9e":"2 minutes"},"schema":{"@context":"https:\/\/schema.org","@graph":[{"@type":"WebPage","@id":"https:\/\/positiveprints.com\/fr\/politique-de-retours\/","url":"https:\/\/positiveprints.com\/fr\/politique-de-retours\/","name":"Politique de Retours - Positive Prints","isPartOf":{"@id":"https:\/\/positiveprints.com\/fr\/#website"},"datePublished":"2020-07-09T08:18:05+00:00","dateModified":"2024-09-12T09:14:15+00:00","breadcrumb":{"@id":"https:\/\/positiveprints.com\/fr\/politique-de-retours\/#breadcrumb"},"inLanguage":"fr-FR","potentialAction":[{"@type":"ReadAction","target":["https:\/\/positiveprints.com\/fr\/politique-de-retours\/"]}]},{"@type":"BreadcrumbList","@id":"https:\/\/positiveprints.com\/fr\/politique-de-retours\/#breadcrumb","itemListElement":[{"@type":"ListItem","position":1,"name":"Home","item":"https:\/\/positiveprints.com\/fr\/"},{"@type":"ListItem","position":2,"name":"Politique de Retours"}]},{"@type":"WebSite","@id":"https:\/\/positiveprints.com\/fr\/#website","url":"https:\/\/positiveprints.com\/fr\/","name":"Positive Prints","description":"Amazing Custom Personalized Gifts","publisher":{"@id":"https:\/\/positiveprints.com\/fr\/#organization"},"potentialAction":[{"@type":"SearchAction","target":{"@type":"EntryPoint","urlTemplate":"https:\/\/positiveprints.com\/fr\/?s={search_term_string}"},"query-input":{"@type":"PropertyValueSpecification","valueRequired":true,"valueName":"search_term_string"}}],"inLanguage":"fr-FR"},{"@type":"Organization","@id":"https:\/\/positiveprints.com\/fr\/#organization","name":"Positive Prints","alternateName":"Positive Prints","url":"https:\/\/positiveprints.com\/fr\/","logo":{"@type":"ImageObject","inLanguage":"fr-FR","@id":"https:\/\/positiveprints.com\/fr\/#\/schema\/logo\/image\/","url":"https:\/\/positiveprints.com\/wp-content\/uploads\/2026\/03\/245815646_1337939713319158_5671353136411139666_n.png","contentUrl":"https:\/\/positiveprints.com\/wp-content\/uploads\/2026\/03\/245815646_1337939713319158_5671353136411139666_n.png","width":800,"height":800,"caption":"Positive Prints"},"image":{"@id":"https:\/\/positiveprints.com\/fr\/#\/schema\/logo\/image\/"},"sameAs":["https:\/\/www.facebook.com\/positiveprintscom","https:\/\/www.instagram.com\/positiveprintscom\/","https:\/\/www.tiktok.com\/@positiveprintscom","https:\/\/www.pinterest.com\/positiveprintscom\/"]}]}},"jetpack_sharing_enabled":true,"_links":{"self":[{"href":"https:\/\/positiveprints.com\/fr\/wp-json\/wp\/v2\/pages\/23064","targetHints":{"allow":["GET"]}}],"collection":[{"href":"https:\/\/positiveprints.com\/fr\/wp-json\/wp\/v2\/pages"}],"about":[{"href":"https:\/\/positiveprints.com\/fr\/wp-json\/wp\/v2\/types\/page"}],"author":[{"embeddable":true,"href":"https:\/\/positiveprints.com\/fr\/wp-json\/wp\/v2\/users\/1"}],"replies":[{"embeddable":true,"href":"https:\/\/positiveprints.com\/fr\/wp-json\/wp\/v2\/comments?post=23064"}],"version-history":[{"count":0,"href":"https:\/\/positiveprints.com\/fr\/wp-json\/wp\/v2\/pages\/23064\/revisions"}],"wp:attachment":[{"href":"https:\/\/positiveprints.com\/fr\/wp-json\/wp\/v2\/media?parent=23064"}],"curies":[{"name":"wp","href":"https:\/\/api.w.org\/{rel}","templated":true}]}}