{"id":1205193,"date":"2024-10-09T19:10:34","date_gmt":"2024-10-09T17:10:34","guid":{"rendered":"https:\/\/positiveprints.com\/cadeaux-de-noel-pour-le-frere\/"},"modified":"2024-10-09T19:10:34","modified_gmt":"2024-10-09T17:10:34","slug":"cadeaux-de-noel-pour-le-frere","status":"publish","type":"page","link":"https:\/\/positiveprints.com\/fr\/cadeaux-de-noel-pour-le-frere\/","title":{"rendered":"Cadeaux de No\u00ebl pour le Fr\u00e8re"},"content":{"rendered":"","protected":false},"excerpt":{"rendered":"","protected":false},"author":1,"featured_media":0,"parent":0,"menu_order":0,"comment_status":"closed","ping_status":"closed","template":"SINGLE_OCCASION_TEMPLATE.php","meta":{"footnotes":""},"class_list":["post-1205193","page","type-page","status-publish","hentry"],"yoast_head":"<!-- This site is optimized with the Yoast SEO Premium plugin v27.2 (Yoast SEO v27.2) - https:\/\/yoast.com\/product\/yoast-seo-premium-wordpress\/ -->\n<title>Cadeaux de No\u00ebl pour le Fr\u00e8re - Positive Prints<\/title>\n<meta name=\"description\" content=\"Trouvez la parfaite touche de chaleur et de joie en cette saison de f\u00eates avec notre gamme de cadeaux de No\u00ebl personnalis\u00e9s. Chez Positive Prints, nous pensons que les cadeaux faits avec amour ont le pouvoir de cr\u00e9er des souvenirs imp\u00e9rissables.\" \/>\n<meta name=\"robots\" content=\"index, follow, max-snippet:-1, max-image-preview:large, max-video-preview:-1\" \/>\n<link rel=\"canonical\" href=\"https:\/\/positiveprints.com\/fr\/cadeaux-de-noel-pour-le-frere\/\" \/>\n<meta property=\"og:locale\" content=\"fr_FR\" \/>\n<meta property=\"og:type\" content=\"article\" \/>\n<meta property=\"og:title\" content=\"Cadeaux de No\u00ebl pour le Fr\u00e8re\" \/>\n<meta property=\"og:url\" content=\"https:\/\/positiveprints.com\/fr\/cadeaux-de-noel-pour-le-frere\/\" \/>\n<meta property=\"og:site_name\" content=\"Positive Prints\" \/>\n<meta property=\"article:publisher\" content=\"https:\/\/www.facebook.com\/positiveprintscom\" \/>\n<meta property=\"og:image\" content=\"https:\/\/positiveprints.com\/wp-content\/uploads\/2026\/03\/Open-graph-2026-1200x630-1.jpg\" \/>\n\t<meta property=\"og:image:width\" content=\"1200\" \/>\n\t<meta property=\"og:image:height\" content=\"630\" \/>\n\t<meta property=\"og:image:type\" content=\"image\/jpeg\" \/>\n<meta name=\"twitter:card\" content=\"summary_large_image\" \/>\n<!-- \/ Yoast SEO Premium plugin. -->","yoast_head_json":{"title":"Cadeaux de No\u00ebl pour le Fr\u00e8re - Positive Prints","description":"Trouvez la parfaite touche de chaleur et de joie en cette saison de f\u00eates avec notre gamme de cadeaux de No\u00ebl personnalis\u00e9s. Chez Positive Prints, nous pensons que les cadeaux faits avec amour ont le pouvoir de cr\u00e9er des souvenirs imp\u00e9rissables.","robots":{"index":"index","follow":"follow","max-snippet":"max-snippet:-1","max-image-preview":"max-image-preview:large","max-video-preview":"max-video-preview:-1"},"canonical":"https:\/\/positiveprints.com\/fr\/cadeaux-de-noel-pour-le-frere\/","og_locale":"fr_FR","og_type":"article","og_title":"Cadeaux de No\u00ebl pour le Fr\u00e8re","og_url":"https:\/\/positiveprints.com\/fr\/cadeaux-de-noel-pour-le-frere\/","og_site_name":"Positive Prints","article_publisher":"https:\/\/www.facebook.com\/positiveprintscom","og_image":[{"width":1200,"height":630,"url":"https:\/\/positiveprints.com\/wp-content\/uploads\/2026\/03\/Open-graph-2026-1200x630-1.jpg","type":"image\/jpeg"}],"twitter_card":"summary_large_image","schema":{"@context":"https:\/\/schema.org","@graph":[{"@type":"WebPage","@id":"https:\/\/positiveprints.com\/fr\/cadeaux-de-noel-pour-le-frere\/","url":"https:\/\/positiveprints.com\/fr\/cadeaux-de-noel-pour-le-frere\/","name":"Cadeaux de No\u00ebl pour le Fr\u00e8re - Positive Prints","isPartOf":{"@id":"https:\/\/positiveprints.com\/fr\/#website"},"datePublished":"2024-10-09T17:10:34+00:00","description":"Trouvez la parfaite touche de chaleur et de joie en cette saison de f\u00eates avec notre gamme de cadeaux de No\u00ebl personnalis\u00e9s. Chez Positive Prints, nous pensons que les cadeaux faits avec amour ont le pouvoir de cr\u00e9er des souvenirs imp\u00e9rissables.","breadcrumb":{"@id":"https:\/\/positiveprints.com\/fr\/cadeaux-de-noel-pour-le-frere\/#breadcrumb"},"inLanguage":"fr-FR","potentialAction":[{"@type":"ReadAction","target":["https:\/\/positiveprints.com\/fr\/cadeaux-de-noel-pour-le-frere\/"]}]},{"@type":"BreadcrumbList","@id":"https:\/\/positiveprints.com\/fr\/cadeaux-de-noel-pour-le-frere\/#breadcrumb","itemListElement":[{"@type":"ListItem","position":1,"name":"Home","item":"https:\/\/positiveprints.com\/fr\/"},{"@type":"ListItem","position":2,"name":"Cadeaux de No\u00ebl pour le Fr\u00e8re"}]},{"@type":"WebSite","@id":"https:\/\/positiveprints.com\/fr\/#website","url":"https:\/\/positiveprints.com\/fr\/","name":"Positive Prints","description":"Amazing Custom Personalized Gifts","publisher":{"@id":"https:\/\/positiveprints.com\/fr\/#organization"},"potentialAction":[{"@type":"SearchAction","target":{"@type":"EntryPoint","urlTemplate":"https:\/\/positiveprints.com\/fr\/?s={search_term_string}"},"query-input":{"@type":"PropertyValueSpecification","valueRequired":true,"valueName":"search_term_string"}}],"inLanguage":"fr-FR"},{"@type":"Organization","@id":"https:\/\/positiveprints.com\/fr\/#organization","name":"Positive Prints","alternateName":"Positive Prints","url":"https:\/\/positiveprints.com\/fr\/","logo":{"@type":"ImageObject","inLanguage":"fr-FR","@id":"https:\/\/positiveprints.com\/fr\/#\/schema\/logo\/image\/","url":"https:\/\/positiveprints.com\/wp-content\/uploads\/2026\/03\/245815646_1337939713319158_5671353136411139666_n.png","contentUrl":"https:\/\/positiveprints.com\/wp-content\/uploads\/2026\/03\/245815646_1337939713319158_5671353136411139666_n.png","width":800,"height":800,"caption":"Positive Prints"},"image":{"@id":"https:\/\/positiveprints.com\/fr\/#\/schema\/logo\/image\/"},"sameAs":["https:\/\/www.facebook.com\/positiveprintscom","https:\/\/www.instagram.com\/positiveprintscom\/","https:\/\/www.tiktok.com\/@positiveprintscom","https:\/\/www.pinterest.com\/positiveprintscom\/"]}]}},"jetpack_sharing_enabled":true,"_links":{"self":[{"href":"https:\/\/positiveprints.com\/fr\/wp-json\/wp\/v2\/pages\/1205193","targetHints":{"allow":["GET"]}}],"collection":[{"href":"https:\/\/positiveprints.com\/fr\/wp-json\/wp\/v2\/pages"}],"about":[{"href":"https:\/\/positiveprints.com\/fr\/wp-json\/wp\/v2\/types\/page"}],"author":[{"embeddable":true,"href":"https:\/\/positiveprints.com\/fr\/wp-json\/wp\/v2\/users\/1"}],"replies":[{"embeddable":true,"href":"https:\/\/positiveprints.com\/fr\/wp-json\/wp\/v2\/comments?post=1205193"}],"version-history":[{"count":0,"href":"https:\/\/positiveprints.com\/fr\/wp-json\/wp\/v2\/pages\/1205193\/revisions"}],"wp:attachment":[{"href":"https:\/\/positiveprints.com\/fr\/wp-json\/wp\/v2\/media?parent=1205193"}],"curies":[{"name":"wp","href":"https:\/\/api.w.org\/{rel}","templated":true}]}}