{"id":1198805,"date":"2024-10-01T13:42:24","date_gmt":"2024-10-01T11:42:24","guid":{"rendered":"https:\/\/positiveprints.com\/cadeaux-danniversaire-pour-homme\/"},"modified":"2024-10-01T13:42:24","modified_gmt":"2024-10-01T11:42:24","slug":"cadeaux-danniversaire-pour-homme","status":"publish","type":"page","link":"https:\/\/positiveprints.com\/fr\/cadeaux-danniversaire-pour-homme\/","title":{"rendered":"Cadeaux d&#8217;Anniversaire pour Homme"},"content":{"rendered":"","protected":false},"excerpt":{"rendered":"","protected":false},"author":1,"featured_media":0,"parent":0,"menu_order":0,"comment_status":"closed","ping_status":"closed","template":"SINGLE_OCCASION_TEMPLATE.php","meta":{"footnotes":""},"class_list":["post-1198805","page","type-page","status-publish","hentry"],"yoast_head":"<!-- This site is optimized with the Yoast SEO Premium plugin v27.2 (Yoast SEO v27.2) - https:\/\/yoast.com\/product\/yoast-seo-premium-wordpress\/ -->\n<title>Cadeaux d&#039;Anniversaire pour Homme - Positive Prints<\/title>\n<meta name=\"description\" content=\"Trouvez les cadeaux d&#039;anniversaire personnalis\u00e9s parfaits pour homme afin d&#039;immortaliser vos moments privil\u00e9gi\u00e9s avec Positive Prints. C\u00e9l\u00e9brez votre histoire d&#039;amour avec des \u0153uvres d&#039;art uniques qui vous rappelleront votre parcours commun. Surprenez votre bien-aim\u00e9 avec des \u0153uvres d&#039;art murales personnalis\u00e9es qui apporteront de la joie \u00e0 votre maison tous les jours. La cr\u00e9ation d&#039;une \u0153uvre unique est un jeu d&#039;enfant avec Positive Prints. Ch\u00e9rissez vos souvenirs avec un cadeau d&#039;anniversaire personnalis\u00e9 qui durera toute une vie.\" \/>\n<meta name=\"robots\" content=\"index, follow, max-snippet:-1, max-image-preview:large, max-video-preview:-1\" \/>\n<link rel=\"canonical\" href=\"https:\/\/positiveprints.com\/fr\/cadeaux-danniversaire-pour-homme\/\" \/>\n<meta property=\"og:locale\" content=\"fr_FR\" \/>\n<meta property=\"og:type\" content=\"article\" \/>\n<meta property=\"og:title\" content=\"Cadeaux d&#039;Anniversaire pour Homme\" \/>\n<meta property=\"og:url\" content=\"https:\/\/positiveprints.com\/fr\/cadeaux-danniversaire-pour-homme\/\" \/>\n<meta property=\"og:site_name\" content=\"Positive Prints\" \/>\n<meta property=\"article:publisher\" content=\"https:\/\/www.facebook.com\/positiveprintscom\" \/>\n<meta property=\"og:image\" content=\"https:\/\/positiveprints.com\/wp-content\/uploads\/2026\/03\/Open-graph-2026-1200x630-1.jpg\" \/>\n\t<meta property=\"og:image:width\" content=\"1200\" \/>\n\t<meta property=\"og:image:height\" content=\"630\" \/>\n\t<meta property=\"og:image:type\" content=\"image\/jpeg\" \/>\n<meta name=\"twitter:card\" content=\"summary_large_image\" \/>\n<!-- \/ Yoast SEO Premium plugin. -->","yoast_head_json":{"title":"Cadeaux d'Anniversaire pour Homme - Positive Prints","description":"Trouvez les cadeaux d'anniversaire personnalis\u00e9s parfaits pour homme afin d'immortaliser vos moments privil\u00e9gi\u00e9s avec Positive Prints. C\u00e9l\u00e9brez votre histoire d'amour avec des \u0153uvres d'art uniques qui vous rappelleront votre parcours commun. Surprenez votre bien-aim\u00e9 avec des \u0153uvres d'art murales personnalis\u00e9es qui apporteront de la joie \u00e0 votre maison tous les jours. La cr\u00e9ation d'une \u0153uvre unique est un jeu d'enfant avec Positive Prints. Ch\u00e9rissez vos souvenirs avec un cadeau d'anniversaire personnalis\u00e9 qui durera toute une vie.","robots":{"index":"index","follow":"follow","max-snippet":"max-snippet:-1","max-image-preview":"max-image-preview:large","max-video-preview":"max-video-preview:-1"},"canonical":"https:\/\/positiveprints.com\/fr\/cadeaux-danniversaire-pour-homme\/","og_locale":"fr_FR","og_type":"article","og_title":"Cadeaux d'Anniversaire pour Homme","og_url":"https:\/\/positiveprints.com\/fr\/cadeaux-danniversaire-pour-homme\/","og_site_name":"Positive Prints","article_publisher":"https:\/\/www.facebook.com\/positiveprintscom","og_image":[{"width":1200,"height":630,"url":"https:\/\/positiveprints.com\/wp-content\/uploads\/2026\/03\/Open-graph-2026-1200x630-1.jpg","type":"image\/jpeg"}],"twitter_card":"summary_large_image","schema":{"@context":"https:\/\/schema.org","@graph":[{"@type":"WebPage","@id":"https:\/\/positiveprints.com\/fr\/cadeaux-danniversaire-pour-homme\/","url":"https:\/\/positiveprints.com\/fr\/cadeaux-danniversaire-pour-homme\/","name":"Cadeaux d'Anniversaire pour Homme - Positive Prints","isPartOf":{"@id":"https:\/\/positiveprints.com\/fr\/#website"},"datePublished":"2024-10-01T11:42:24+00:00","description":"Trouvez les cadeaux d'anniversaire personnalis\u00e9s parfaits pour homme afin d'immortaliser vos moments privil\u00e9gi\u00e9s avec Positive Prints. C\u00e9l\u00e9brez votre histoire d'amour avec des \u0153uvres d'art uniques qui vous rappelleront votre parcours commun. Surprenez votre bien-aim\u00e9 avec des \u0153uvres d'art murales personnalis\u00e9es qui apporteront de la joie \u00e0 votre maison tous les jours. La cr\u00e9ation d'une \u0153uvre unique est un jeu d'enfant avec Positive Prints. Ch\u00e9rissez vos souvenirs avec un cadeau d'anniversaire personnalis\u00e9 qui durera toute une vie.","breadcrumb":{"@id":"https:\/\/positiveprints.com\/fr\/cadeaux-danniversaire-pour-homme\/#breadcrumb"},"inLanguage":"fr-FR","potentialAction":[{"@type":"ReadAction","target":["https:\/\/positiveprints.com\/fr\/cadeaux-danniversaire-pour-homme\/"]}]},{"@type":"BreadcrumbList","@id":"https:\/\/positiveprints.com\/fr\/cadeaux-danniversaire-pour-homme\/#breadcrumb","itemListElement":[{"@type":"ListItem","position":1,"name":"Home","item":"https:\/\/positiveprints.com\/fr\/"},{"@type":"ListItem","position":2,"name":"Cadeaux d&#8217;Anniversaire pour Homme"}]},{"@type":"WebSite","@id":"https:\/\/positiveprints.com\/fr\/#website","url":"https:\/\/positiveprints.com\/fr\/","name":"Positive Prints","description":"Amazing Custom Personalized Gifts","publisher":{"@id":"https:\/\/positiveprints.com\/fr\/#organization"},"potentialAction":[{"@type":"SearchAction","target":{"@type":"EntryPoint","urlTemplate":"https:\/\/positiveprints.com\/fr\/?s={search_term_string}"},"query-input":{"@type":"PropertyValueSpecification","valueRequired":true,"valueName":"search_term_string"}}],"inLanguage":"fr-FR"},{"@type":"Organization","@id":"https:\/\/positiveprints.com\/fr\/#organization","name":"Positive Prints","alternateName":"Positive Prints","url":"https:\/\/positiveprints.com\/fr\/","logo":{"@type":"ImageObject","inLanguage":"fr-FR","@id":"https:\/\/positiveprints.com\/fr\/#\/schema\/logo\/image\/","url":"https:\/\/positiveprints.com\/wp-content\/uploads\/2026\/03\/245815646_1337939713319158_5671353136411139666_n.png","contentUrl":"https:\/\/positiveprints.com\/wp-content\/uploads\/2026\/03\/245815646_1337939713319158_5671353136411139666_n.png","width":800,"height":800,"caption":"Positive Prints"},"image":{"@id":"https:\/\/positiveprints.com\/fr\/#\/schema\/logo\/image\/"},"sameAs":["https:\/\/www.facebook.com\/positiveprintscom","https:\/\/www.instagram.com\/positiveprintscom\/","https:\/\/www.tiktok.com\/@positiveprintscom","https:\/\/www.pinterest.com\/positiveprintscom\/"]}]}},"jetpack_sharing_enabled":true,"_links":{"self":[{"href":"https:\/\/positiveprints.com\/fr\/wp-json\/wp\/v2\/pages\/1198805","targetHints":{"allow":["GET"]}}],"collection":[{"href":"https:\/\/positiveprints.com\/fr\/wp-json\/wp\/v2\/pages"}],"about":[{"href":"https:\/\/positiveprints.com\/fr\/wp-json\/wp\/v2\/types\/page"}],"author":[{"embeddable":true,"href":"https:\/\/positiveprints.com\/fr\/wp-json\/wp\/v2\/users\/1"}],"replies":[{"embeddable":true,"href":"https:\/\/positiveprints.com\/fr\/wp-json\/wp\/v2\/comments?post=1198805"}],"version-history":[{"count":0,"href":"https:\/\/positiveprints.com\/fr\/wp-json\/wp\/v2\/pages\/1198805\/revisions"}],"wp:attachment":[{"href":"https:\/\/positiveprints.com\/fr\/wp-json\/wp\/v2\/media?parent=1198805"}],"curies":[{"name":"wp","href":"https:\/\/api.w.org\/{rel}","templated":true}]}}