{"id":1003464,"date":"2023-11-27T14:31:53","date_gmt":"2023-11-27T13:31:53","guid":{"rendered":"https:\/\/positiveprints.com\/politique-en-matiere-de-confidentialite-et-de-cookies\/"},"modified":"2023-11-27T14:31:59","modified_gmt":"2023-11-27T13:31:59","slug":"politique-en-matiere-de-confidentialite-et-de-cookies","status":"publish","type":"page","link":"https:\/\/positiveprints.com\/fr\/politique-en-matiere-de-confidentialite-et-de-cookies\/","title":{"rendered":"Politique en mati\u00e8re de confidentialit\u00e9 et de cookies"},"content":{"rendered":"<h1 class=\"grenB\" style=\"text-align: center;\" id=\"h-privacy-and-cookie-policy\">Politique en mati\u00e8re de confidentialit\u00e9 et de cookies<\/h1><div style=\"height:30px\" aria-hidden=\"true\" class=\"wp-block-spacer\"><\/div><p>\n          <b>\n            <strong>Informations g\u00e9n\u00e9rales<\/strong>\n          <\/b>\n        <\/p><p>La politique de confidentialit\u00e9 et de cookies d\u00e9finit les r\u00e8gles de traitement des donn\u00e9es et de protection des donn\u00e9es personnelles ainsi que l&#8217;utilisation des cookies et d&#8217;autres technologies telles que : Google Analytics, Facebook Pixel en relation avec son utilisation par les utilisateurs de notre site web, de notre magasin et des comptes de m\u00e9dias sociaux g\u00e9r\u00e9s par l&#8217;Administrateur.<\/p><div style=\"height:30px\" aria-hidden=\"true\" class=\"wp-block-spacer\"><\/div><p>\n          <strong>\u00a71. D\u00e9finitions<\/strong>\n        <\/p><p>Aux fins de la politique de confidentialit\u00e9 et de cookies, la signification suivante des concepts ci-dessous est suppos\u00e9e :<\/p><ol class=\"wp-block-list\"><li><strong>Administrateur<\/strong> &#8211; Positive Prints Sp. z o.o. (LLC) dont le si\u00e8ge social est situ\u00e9 \u00e0 Varsovie, ul. Pu\u0142awska 145, (code postal 02-715), inscrit au Registre des entrepreneurs du Registre national des tribunaux tenu par Le tribunal de district de la capitale Varsovie \u00e0 Varsovie, XIIIe d\u00e9partement \u00e9conomique du Registre national des tribunaux, sous le num\u00e9ro KRS : 0000839033 (num\u00e9ro du Registre national des tribunaux), NIP : 9512500986 (num\u00e9ro d&#8217;identification du contribuable), REGON : 38597711 (num\u00e9ro du Registre national des entreprises).<\/li>\n\n<li><strong>Site Web<\/strong> &#8211; Site Web disponible \u00e0 l&#8217;<a href=\"http:\/\/positiveprints.com\/\"> adresse http:\/\/positiveprints.com,<\/a> sous lequel la boutique en ligne est disponible.<\/li>\n\n<li><strong>Utilisateur<\/strong> &#8211; toute personne qui navigue sur le contenu du site web.<\/li>\n\n<li><strong>GDPR <\/strong>&#8211; R\u00e8glement (UE) 2016\/679 du Parlement europ\u00e9en et du Conseil du 27 avril 2016 relatif \u00e0 la protection des personnes physiques \u00e0 l&#8217;\u00e9gard du traitement des donn\u00e9es \u00e0 caract\u00e8re personnel et \u00e0 la libre circulation de ces donn\u00e9es, et abrogeant la directive 95\/46\/CE.<\/li><\/ol><div style=\"height:30px\" aria-hidden=\"true\" class=\"wp-block-spacer\"><\/div><p>\n          <strong>\u00a72. Donn\u00e9es personnelles  <\/strong>\n        <\/p><ol class=\"wp-block-list\"><li>Conform\u00e9ment au GDPR, l&#8217;administrateur des donn\u00e9es personnelles de l&#8217;utilisateur est l&#8217;administrateur.<\/li>\n\n<li>L&#8217;utilisateur peut partager ses donn\u00e9es personnelles avec l&#8217;administrateur en utilisant les formulaires disponibles sur le site Web et le magasin, ainsi que les applications de messages en ligne et les comptes de m\u00e9dias sociaux.<\/li>\n\n<li>  La base l\u00e9gale du traitement des donn\u00e9es personnelles des Utilisateurs peut \u00eatre le consentement volontaire, sp\u00e9cifique, conscient et non ambigu donn\u00e9 par l&#8217;Utilisateur par le biais du formulaire applicable sur le site Web. Les donn\u00e9es personnelles peuvent \u00e9galement \u00eatre trait\u00e9es dans les cas o\u00f9 l&#8217;Administrateur est autoris\u00e9 \u00e0 traiter les donn\u00e9es personnelles sur la base l\u00e9gale ou dans le but d&#8217;ex\u00e9cuter le contrat conclu entre les parties, ainsi que sur la base d&#8217;un int\u00e9r\u00eat l\u00e9gitime mis en \u0153uvre par l&#8217;Administrateur. Particuli\u00e8rement :<\/li><\/ol><p><strong>a.<\/strong> <strong>[ORDER FORM]<\/strong><\/p><p>Les donn\u00e9es personnelles fournies par l&#8217;Utilisateur \u00e0 l&#8217;Administrateur dans le cadre du formulaire de commande disponible dans la Boutique en ligne sont trait\u00e9es pour ex\u00e9cuter le contrat conclu par l&#8217;interm\u00e9diaire de la Boutique. La base juridique du traitement est le contrat et les actions entreprises \u00e0 la demande de la personne concern\u00e9e avant l&#8217;ex\u00e9cution du contrat (article 6, paragraphe 1(B) GDPR). La fourniture de donn\u00e9es personnelles par l&#8217;Utilisateur est volontaire, cependant, elle est n\u00e9cessaire pour que l&#8217;Utilisateur puisse conclure un contrat avec l&#8217;Administrateur. Les donn\u00e9es seront trait\u00e9es pendant l&#8217;ex\u00e9cution de la commande. Apr\u00e8s l&#8217;ex\u00e9cution de la commande, l&#8217;Administrateur traitera les donn\u00e9es personnelles afin de remplir les obligations l\u00e9gales de l&#8217;Administrateur, par exemple fiscales, comptables ou l&#8217;obligation d&#8217;examiner la plainte (article 6, paragraphe 1(C) GDPR).L&#8217;Administrateur traitera les donn\u00e9es pendant une p\u00e9riode de 5 ans \u00e0 compter de la fin de l&#8217;ann\u00e9e fiscale au cours de laquelle la vente a eu lieu. L&#8217;Administrateur traitera \u00e9galement les donn\u00e9es mentionn\u00e9es ci-dessus, en cas de r\u00e9clamation, sur la base de l&#8217;int\u00e9r\u00eat l\u00e9gitime de l&#8217;Administrateur (article 6, paragraphe 1(F) GDPR), jusqu&#8217;\u00e0 l&#8217;expiration du d\u00e9lai de prescription pour les r\u00e9clamations de droit civil.<\/p><p><strong>b.<\/strong> <strong>[NEWSLETTER SUBSCRIPTION FORM]<\/strong><\/p><p>Les donn\u00e9es personnelles fournies \u00e0 l&#8217;Administrateur par l&#8217;Utilisateur dans le cadre du formulaire d&#8217;inscription \u00e0 la newsletter sont trait\u00e9es afin d&#8217;envoyer \u00e0 l&#8217;Utilisateur la newsletter contenant des informations sur les produits, les nouveaut\u00e9s et les offres sp\u00e9ciales. La fourniture de donn\u00e9es personnelles par l&#8217;Utilisateur est volontaire, cependant, elle est n\u00e9cessaire pour que l&#8217;Utilisateur puisse s&#8217;inscrire et recevoir une newsletter. Dans ce cas, le traitement des donn\u00e9es n&#8217;a lieu qu&#8217;avec le consentement de l&#8217;utilisateur (article 6, paragraphe 1(A) GDPR), que l&#8217;utilisateur peut donner dans le formulaire d&#8217;abonnement \u00e0 la newsletter et qu&#8217;il peut retirer \u00e0 tout moment. Les donn\u00e9es susmentionn\u00e9es seront trait\u00e9es jusqu&#8217;\u00e0 ce que l&#8217;Administrateur cesse d&#8217;envoyer la lettre d&#8217;information ou jusqu&#8217;au retrait du consentement par l&#8217;Utilisateur.<\/p><p><strong>c.<\/strong> <strong>[CONTACT FORM]<\/strong><\/p><p>Les donn\u00e9es personnelles fournies \u00e0 l&#8217;administrateur par l&#8217;utilisateur dans le cadre du formulaire de contact ou dans un courriel envoy\u00e9 \u00e0 l&#8217;adresse de l&#8217;administrateur fournie sur le site Web sont trait\u00e9es afin de r\u00e9pondre \u00e0 la requ\u00eate envoy\u00e9e. La fourniture de donn\u00e9es personnelles par l&#8217;utilisateur est volontaire, cependant, elle est n\u00e9cessaire pour que l&#8217;utilisateur re\u00e7oive une r\u00e9ponse. Dans ce cas, le traitement des donn\u00e9es est fond\u00e9 sur un int\u00e9r\u00eat l\u00e9gitime poursuivi par l&#8217;administrateur (article 6, paragraphe 1, point F du RGPD). Les donn\u00e9es mentionn\u00e9es seront trait\u00e9es jusqu&#8217;\u00e0 la fin de la correspondance et \u00e9galement jusqu&#8217;\u00e0 l&#8217;expiration du d\u00e9lai de prescription des actions de droit civil.<\/p><p><strong>d.<\/strong>  <strong>[FEEDBACK FORM]<\/strong><\/p><p>Les donn\u00e9es personnelles fournies \u00e0 l&#8217;administrateur par l&#8217;utilisateur dans le cadre du formulaire de commentaires sont trait\u00e9es pour afficher les commentaires de l&#8217;utilisateur sur le site Web. La fourniture de donn\u00e9es personnelles par l&#8217;utilisateur est volontaire, mais elle est n\u00e9cessaire pour que l&#8217;utilisateur puisse fournir ses commentaires. Dans ce cas, le traitement des donn\u00e9es est bas\u00e9 sur le consentement de l&#8217;utilisateur (article 6, paragraphe 1(A) GDPR). Les donn\u00e9es mentionn\u00e9es ci-dessus seront trait\u00e9es aussi longtemps que le site Web existera ou jusqu&#8217;au retrait du consentement par l&#8217;utilisateur.<\/p><p><strong>e.<\/strong> <strong>[COMPETITION ENTRY FORM]<\/strong><\/p><p>Les donn\u00e9es personnelles fournies \u00e0 l&#8217;administrateur par l&#8217;utilisateur dans le cadre du formulaire d&#8217;inscription au concours sont trait\u00e9es afin de garantir la possibilit\u00e9 de participer au concours, ainsi que l&#8217;ex\u00e9cution des obligations d\u00e9coulant du march\u00e9 public , qui est le concours, et sp\u00e9cifi\u00e9es dans le r\u00e8glement du concours. La communication des donn\u00e9es personnelles est volontaire, mais elle est n\u00e9cessaire pour que l&#8217;utilisateur puisse participer au concours. Dans ce cas, le traitement des donn\u00e9es est fond\u00e9 sur les int\u00e9r\u00eats l\u00e9gitimes de l&#8217;administrateur (article 6, paragraphe 1, point F du RGPD). Les donn\u00e9es mentionn\u00e9es seront trait\u00e9es pendant toute la dur\u00e9e n\u00e9cessaire au d\u00e9roulement du concours et \u00e0 la s\u00e9lection des gagnants, ainsi que jusqu&#8217;\u00e0 l&#8217;expiration du d\u00e9lai de prescription des actions de droit civil.<\/p><p><strong>f.<\/strong>  <strong>[SAVE MY DESIGN]<\/strong><\/p><p>Les donn\u00e9es personnelles fournies \u00e0 l&#8217;Administrateur par l&#8217;Utilisateur dans le cadre du service SAVE MY DESIGN sont trait\u00e9es pour permettre \u00e0 l&#8217;Utilisateur d&#8217;acc\u00e9der au projet qu&#8217;il a cr\u00e9\u00e9, en utilisant l&#8217;\u00e9diteur disponible sur le Site Internet. L&#8217;acc\u00e8s sera disponible pendant une p\u00e9riode de 30 jours apr\u00e8s l&#8217;utilisation du service. La fourniture de donn\u00e9es personnelles par l&#8217;utilisateur est volontaire, mais elle est n\u00e9cessaire pour que l&#8217;utilisateur puisse utiliser le service. Dans ce cas, le traitement des donn\u00e9es est bas\u00e9 sur le consentement de l&#8217;utilisateur (article 6 , paragraphe 1(A) GDPR). Les donn\u00e9es mentionn\u00e9es seront trait\u00e9es pendant 30 jours ou jusqu&#8217;\u00e0 ce que l&#8217;utilisateur retire son consentement.<\/p><ol class=\"wp-block-list\" start=\"4\"><li>L&#8217;Administrateur peut partager des donn\u00e9es personnelles avec des tiers, avec l&#8217;aide desquels il atteint les objectifs indiqu\u00e9s dans les points pr\u00e9c\u00e9dents (par exemple, \u00e0 des soci\u00e9t\u00e9s fournissant des services d&#8217;h\u00e9bergement, des fournisseurs de services de paiement, des imprimeries qui impriment les commandes faites par l&#8217;Utilisateur, un centre d&#8217;appel, des portails Marketplace externes, une soci\u00e9t\u00e9 de comptabilit\u00e9, des soci\u00e9t\u00e9s d&#8217;exp\u00e9dition, une soci\u00e9t\u00e9 fournissant une application de courrier \u00e9lectronique).<\/li>\n\n<li>Les donn\u00e9es personnelles de l&#8217;utilisateur peuvent \u00eatre divulgu\u00e9es \u00e0 l&#8217;autorit\u00e9 publique comp\u00e9tente si la loi applicable l&#8217;exige.<\/li>\n\n<li>Les donn\u00e9es personnelles de l&#8217;utilisateur ne seront pas partag\u00e9es avec les destinataires de pays tiers ou d&#8217;organisations internationales qui n&#8217;offrent pas un degr\u00e9 de protection ad\u00e9quat. Le degr\u00e9 de protection ad\u00e9quat doit \u00eatre confirm\u00e9 par la d\u00e9cision appropri\u00e9e de la Commission europ\u00e9enne ou par un autre instrument juridique contraignant.<\/li>\n\n<li>L&#8217;administrateur garantit la confidentialit\u00e9 de toutes les donn\u00e9es personnelles qui lui sont fournies<\/li>\n\n<li>Les donn\u00e9es personnelles sont collect\u00e9es avec la diligence requise et correctement prot\u00e9g\u00e9es contre l&#8217;acc\u00e8s par des personnes non autoris\u00e9es. Le traitement des donn\u00e9es a lieu conform\u00e9ment aux conditions sp\u00e9cifi\u00e9es dans :<\/li><\/ol><p>a. R\u00e8glement (UE) 2016\/679 du Parlement europ\u00e9en et du Conseil du 27 avril 2016 relatif \u00e0 la protection des personnes physiques \u00e0 l&#8217;\u00e9gard du traitement des donn\u00e9es \u00e0 caract\u00e8re personnel et \u00e0 la libre circulation de ces donn\u00e9es, et abrogeant la directive 95\/46\/CE,<\/p><p>b. La loi du 18 juillet 2002 relative \u00e0 la prestation de services par voie \u00e9lectronique,<\/p><p>c. La loi du 10 mai 2018 relative \u00e0 la protection des donn\u00e9es \u00e0 caract\u00e8re personnel.<\/p><div style=\"height:30px\" aria-hidden=\"true\" class=\"wp-block-spacer\"><\/div><p>\n          <strong>\u00a73. Droits de l&#8217;utilisateur  <\/strong>\n        <\/p><ol class=\"wp-block-list\"><li>L&#8217;utilisateur dispose des droits li\u00e9s au traitement de ses donn\u00e9es personnelles, notamment .<\/li><\/ol><ul class=\"wp-block-list\"><li>Le droit d&#8217;acc\u00e8s aux donn\u00e9es<\/li>\n\n<li>Le droit de rectification<\/li>\n\n<li>Le droit \u00e0 la restriction du traitement<\/li>\n\n<li>Le droit d&#8217;opposition<\/li>\n\n<li>Le droit \u00e0 l&#8217;effacement (&#8220;droit \u00e0 l&#8217;oubli&#8221;)<\/li>\n\n<li>Le droit \u00e0 la portabilit\u00e9 des donn\u00e9es<\/li>\n\n<li>Le droit de d\u00e9poser une plainte aupr\u00e8s d&#8217;une autorit\u00e9 de contr\u00f4le en ce qui concerne le traitement des donn\u00e9es personnelles par l&#8217;administrateur.<\/li><\/ul><ol class=\"wp-block-list\" start=\"2\"><li>L&#8217;utilisateur a le droit de retirer son consentement \u00e0 tout moment s&#8217;il a d\u00e9j\u00e0 donn\u00e9 son accord.<\/li>\n\n<li>Pour faire valoir ses droits, l&#8217;utilisateur doit adresser une demande ad\u00e9quate \u00e0 : <em>hello@positiveprints.com<\/em><\/li><\/ol><div style=\"height:30px\" aria-hidden=\"true\" class=\"wp-block-spacer\"><\/div><p>\n          <strong>\u00a74. Cookies et autres informations  <\/strong>\n        <\/p><p>1. Les donn\u00e9es de l&#8217;Utilisateur sont automatiquement collect\u00e9es lorsque l&#8217;Utilisateur navigue sur le Site Internet. Ces donn\u00e9es comprennent notamment l&#8217;adresse IP, le nom de domaine, le type de navigateur et le type de syst\u00e8me d&#8217;exploitation. Les donn\u00e9es pourraient \u00eatre collect\u00e9es par des cookies et peuvent \u00e9galement \u00eatre enregistr\u00e9es dans les fichiers journaux du serveur.<\/p><p>2. Les cookies sont des fichiers envoy\u00e9s \u00e0 un ordinateur ou \u00e0 d&#8217;autres appareils (par exemple, ordinateur portable, smartphone, tablette) de l&#8217;utilisateur et qui y sont enregistr\u00e9s lors de la navigation sur le site Web. Les cookies se souviennent des pr\u00e9f\u00e9rences et des comportements de navigation de l&#8217;Utilisateur, ce qui permet d&#8217;am\u00e9liorer la qualit\u00e9 des services fournis, d&#8217;am\u00e9liorer les r\u00e9sultats de recherche et la pr\u00e9cision des informations affich\u00e9es, y compris la publicit\u00e9, et le suivi anonyme des pr\u00e9f\u00e9rences de l&#8217;Utilisateur. La liste actuelle des cookies utilis\u00e9s sur le site Internet est disponible dans l&#8217;onglet cookie partag\u00e9 sur le site Internet.<\/p><p>3. L&#8217;Utilisateur peut donner son consentement et accepter les cookies par l&#8217;interm\u00e9diaire de l&#8217;onglet cookies disponible sur le Site Internet. Cela peut \u00e9galement se faire en utilisant les param\u00e8tres du navigateur install\u00e9 sur l&#8217;appareil de l&#8217;utilisateur. L&#8217;utilisateur peut retirer son consentement \u00e0 tout moment ou en modifier la port\u00e9e de la m\u00eame mani\u00e8re.<\/p><p>4. L&#8217;utilisateur peut \u00e9galement supprimer les cookies existants de son appareil en utilisant les fonctions appropri\u00e9es du navigateur, les programmes con\u00e7us \u00e0 cet effet ou les outils disponibles dans le cadre du syst\u00e8me d&#8217;exploitation utilis\u00e9 par l&#8217;utilisateur.<\/p><p>5. Les donn\u00e9es enregistr\u00e9es dans les fichiers journaux du serveur ou en utilisant des cookies ne sont pas li\u00e9es par l&#8217;administrateur aux utilisateurs particuliers du site Web et ne sont pas utilis\u00e9es par l&#8217;administrateur pour identifier l&#8217;utilisateur. Les fichiers journaux du serveur sont utilis\u00e9s pour g\u00e9rer le site Web. Leur contenu n&#8217;est divulgu\u00e9 \u00e0 personne d&#8217;autre qu&#8217;aux personnes autoris\u00e9es \u00e0 g\u00e9rer le serveur.<\/p><p>6. Le site Web utilise des technologies pour enregistrer de fa\u00e7on anonyme les actions entreprises par l&#8217;utilisateur pendant qu&#8217;il utilise le site Web. Il s&#8217;agit notamment de :<\/p><p>a. Google Analytics &#8211; utilis\u00e9 pour analyser les statistiques du site Web,<\/p><p>b. Pixel Facebook &#8211; utilis\u00e9 pour g\u00e9rer et optimiser les publicit\u00e9s sur Facebook.<\/p><p>La liste compl\u00e8te des cookies tiers est disponible dans les param\u00e8tres des cookies.<\/p><p>Les donn\u00e9es obtenues par ces outils ne seront pas li\u00e9es par l&#8217;administrateur aux utilisateurs particuliers du site Web de quelque mani\u00e8re que ce soit et ne sont pas utilis\u00e9es par l&#8217;administrateur pour identifier l&#8217;utilisateur sans son consentement. Cependant, il faut garder \u00e0 l&#8217;esprit que ces donn\u00e9es sont trait\u00e9es par les parties qui fournissent les technologies mentionn\u00e9es ci-dessus et peuvent les combiner avec les donn\u00e9es de l&#8217;Utilisateur, que ces parties ont collect\u00e9es \u00e0 partir d&#8217;autres sources.<\/p><div style=\"height:30px\" aria-hidden=\"true\" class=\"wp-block-spacer\"><\/div><p>\n          <strong>\u00a75. But de l&#8217;utilisation des donn\u00e9es<\/strong>\n        <\/p><p>1. La cons\u00e9quence de l&#8217;utilisation des cookies, ainsi que des technologies \u00e9num\u00e9r\u00e9es au \u00a7 4(6) sera l&#8217;optimisation du site Web, de son contenu et de sa gamme de produits pour les besoins de l&#8217;Utilisateur.<\/p><p>2. L&#8217;administrateur utilise les donn\u00e9es \u00e9num\u00e9r\u00e9es au point pr\u00e9c\u00e9dent pour :<\/p><p>a. le bon fonctionnement, la configuration, la s\u00e9curit\u00e9 du site Internet,<\/p><p>b. L&#8217;authentification de l&#8217;utilisateur par rapport \u00e0 son utilisation des services du magasin et le maintien de la session de l&#8217;utilisateur apr\u00e8s sa connexion,<\/p><p>c. les analyses, les recherches et l&#8217;audit des vues du site Web,<\/p><p>d. ainsi qu&#8217;\u00e0 des fins statistiques et de marketing.<\/p><div style=\"height:30px\" aria-hidden=\"true\" class=\"wp-block-spacer\"><\/div><p>\n          <strong>\u00a76. Dispositions finales<\/strong>\n        <\/p><p>1. Il est possible que des modifications soient apport\u00e9es \u00e0 ce document \u00e0 l&#8217;avenir, influenc\u00e9es par le d\u00e9veloppement de la technologie Internet, les changements de la loi dans le domaine de la protection des donn\u00e9es personnelles et le d\u00e9veloppement de notre site Web et de notre magasin. Tous les changements seront communiqu\u00e9s aux utilisateurs en temps voulu, de mani\u00e8re visible et compr\u00e9hensible.<\/p><p>2. Toutes les questions ou commentaires concernant la politique de confidentialit\u00e9 et de cookies doivent \u00eatre envoy\u00e9s \u00e0 l&#8217;adresse suivante : info@positiveprints.com.<\/p><p><\/p>","protected":false},"excerpt":{"rendered":"<p>Politique en mati\u00e8re de confidentialit\u00e9 et de cookies Informations g\u00e9n\u00e9rales La politique de confidentialit\u00e9 et de cookies d\u00e9finit les r\u00e8gles de traitement des donn\u00e9es et de protection des donn\u00e9es personnelles ainsi que l&#8217;utilisation des cookies et d&#8217;autres technologies telles que : Google Analytics, Facebook Pixel en relation avec son utilisation par les utilisateurs de notre [&hellip;]<\/p>\n","protected":false},"author":1,"featured_media":0,"parent":0,"menu_order":0,"comment_status":"closed","ping_status":"closed","template":"informational-page.php","meta":{"footnotes":""},"class_list":["post-1003464","page","type-page","status-publish","hentry"],"yoast_head":"<!-- This site is optimized with the Yoast SEO Premium plugin v27.2 (Yoast SEO v27.2) - https:\/\/yoast.com\/product\/yoast-seo-premium-wordpress\/ -->\n<title>Politique de confidentialit\u00e9 - Positive Prints<\/title>\n<meta name=\"description\" content=\"Nous sommes heureux que tu visites notre site Internet et nous te remercions de ton int\u00e9r\u00eat. Dans ce qui suit, nous t&#039;informons sur le traitement de tes donn\u00e9es personnelles lors de l&#039;utilisation de notre site Internet. Les donn\u00e9es personnelles sont toutes les donn\u00e9es avec lesquelles tu peux \u00eatre personnellement identifi\u00e9.\" \/>\n<meta name=\"robots\" content=\"noindex, follow\" \/>\n<meta property=\"og:locale\" content=\"fr_FR\" \/>\n<meta property=\"og:type\" content=\"article\" \/>\n<meta property=\"og:title\" content=\"Politique en mati\u00e8re de confidentialit\u00e9 et de cookies\" \/>\n<meta property=\"og:description\" content=\"Politique en mati\u00e8re de confidentialit\u00e9 et de cookies Informations g\u00e9n\u00e9rales La politique de confidentialit\u00e9 et de cookies d\u00e9finit les r\u00e8gles de\" \/>\n<meta property=\"og:url\" content=\"https:\/\/positiveprints.com\/fr\/politique-en-matiere-de-confidentialite-et-de-cookies\/\" \/>\n<meta property=\"og:site_name\" content=\"Positive Prints\" \/>\n<meta property=\"article:publisher\" content=\"https:\/\/www.facebook.com\/positiveprintscom\" \/>\n<meta property=\"article:modified_time\" content=\"2023-11-27T13:31:59+00:00\" \/>\n<meta property=\"og:image\" content=\"https:\/\/positiveprints.com\/wp-content\/uploads\/2026\/03\/Open-graph-2026-1200x630-1.jpg\" \/>\n\t<meta property=\"og:image:width\" content=\"1200\" \/>\n\t<meta property=\"og:image:height\" content=\"630\" \/>\n\t<meta property=\"og:image:type\" content=\"image\/jpeg\" \/>\n<meta name=\"twitter:card\" content=\"summary_large_image\" \/>\n<meta name=\"twitter:label1\" content=\"Dur\u00e9e de lecture estim\u00e9e\" \/>\n\t<meta name=\"twitter:data1\" content=\"11 minutes\" \/>\n<!-- \/ Yoast SEO Premium plugin. -->","yoast_head_json":{"title":"Politique de confidentialit\u00e9 - Positive Prints","description":"Nous sommes heureux que tu visites notre site Internet et nous te remercions de ton int\u00e9r\u00eat. Dans ce qui suit, nous t'informons sur le traitement de tes donn\u00e9es personnelles lors de l'utilisation de notre site Internet. Les donn\u00e9es personnelles sont toutes les donn\u00e9es avec lesquelles tu peux \u00eatre personnellement identifi\u00e9.","robots":{"index":"noindex","follow":"follow"},"og_locale":"fr_FR","og_type":"article","og_title":"Politique en mati\u00e8re de confidentialit\u00e9 et de cookies","og_description":"Politique en mati\u00e8re de confidentialit\u00e9 et de cookies Informations g\u00e9n\u00e9rales La politique de confidentialit\u00e9 et de cookies d\u00e9finit les r\u00e8gles de","og_url":"https:\/\/positiveprints.com\/fr\/politique-en-matiere-de-confidentialite-et-de-cookies\/","og_site_name":"Positive Prints","article_publisher":"https:\/\/www.facebook.com\/positiveprintscom","article_modified_time":"2023-11-27T13:31:59+00:00","og_image":[{"width":1200,"height":630,"url":"https:\/\/positiveprints.com\/wp-content\/uploads\/2026\/03\/Open-graph-2026-1200x630-1.jpg","type":"image\/jpeg"}],"twitter_card":"summary_large_image","twitter_misc":{"Dur\u00e9e de lecture estim\u00e9e":"11 minutes"},"schema":{"@context":"https:\/\/schema.org","@graph":[{"@type":"WebPage","@id":"https:\/\/positiveprints.com\/fr\/politique-en-matiere-de-confidentialite-et-de-cookies\/","url":"https:\/\/positiveprints.com\/fr\/politique-en-matiere-de-confidentialite-et-de-cookies\/","name":"Politique de confidentialit\u00e9 - Positive Prints","isPartOf":{"@id":"https:\/\/positiveprints.com\/fr\/#website"},"datePublished":"2023-11-27T13:31:53+00:00","dateModified":"2023-11-27T13:31:59+00:00","description":"Nous sommes heureux que tu visites notre site Internet et nous te remercions de ton int\u00e9r\u00eat. Dans ce qui suit, nous t'informons sur le traitement de tes donn\u00e9es personnelles lors de l'utilisation de notre site Internet. Les donn\u00e9es personnelles sont toutes les donn\u00e9es avec lesquelles tu peux \u00eatre personnellement identifi\u00e9.","breadcrumb":{"@id":"https:\/\/positiveprints.com\/fr\/politique-en-matiere-de-confidentialite-et-de-cookies\/#breadcrumb"},"inLanguage":"fr-FR","potentialAction":[{"@type":"ReadAction","target":["https:\/\/positiveprints.com\/fr\/politique-en-matiere-de-confidentialite-et-de-cookies\/"]}]},{"@type":"BreadcrumbList","@id":"https:\/\/positiveprints.com\/fr\/politique-en-matiere-de-confidentialite-et-de-cookies\/#breadcrumb","itemListElement":[{"@type":"ListItem","position":1,"name":"Home","item":"https:\/\/positiveprints.com\/fr\/"},{"@type":"ListItem","position":2,"name":"Politique en mati\u00e8re de confidentialit\u00e9 et de cookies"}]},{"@type":"WebSite","@id":"https:\/\/positiveprints.com\/fr\/#website","url":"https:\/\/positiveprints.com\/fr\/","name":"Positive Prints","description":"Amazing Custom Personalized Gifts","publisher":{"@id":"https:\/\/positiveprints.com\/fr\/#organization"},"potentialAction":[{"@type":"SearchAction","target":{"@type":"EntryPoint","urlTemplate":"https:\/\/positiveprints.com\/fr\/?s={search_term_string}"},"query-input":{"@type":"PropertyValueSpecification","valueRequired":true,"valueName":"search_term_string"}}],"inLanguage":"fr-FR"},{"@type":"Organization","@id":"https:\/\/positiveprints.com\/fr\/#organization","name":"Positive Prints","alternateName":"Positive Prints","url":"https:\/\/positiveprints.com\/fr\/","logo":{"@type":"ImageObject","inLanguage":"fr-FR","@id":"https:\/\/positiveprints.com\/fr\/#\/schema\/logo\/image\/","url":"https:\/\/positiveprints.com\/wp-content\/uploads\/2026\/03\/245815646_1337939713319158_5671353136411139666_n.png","contentUrl":"https:\/\/positiveprints.com\/wp-content\/uploads\/2026\/03\/245815646_1337939713319158_5671353136411139666_n.png","width":800,"height":800,"caption":"Positive Prints"},"image":{"@id":"https:\/\/positiveprints.com\/fr\/#\/schema\/logo\/image\/"},"sameAs":["https:\/\/www.facebook.com\/positiveprintscom","https:\/\/www.instagram.com\/positiveprintscom\/","https:\/\/www.tiktok.com\/@positiveprintscom","https:\/\/www.pinterest.com\/positiveprintscom\/"]}]}},"jetpack_sharing_enabled":true,"_links":{"self":[{"href":"https:\/\/positiveprints.com\/fr\/wp-json\/wp\/v2\/pages\/1003464","targetHints":{"allow":["GET"]}}],"collection":[{"href":"https:\/\/positiveprints.com\/fr\/wp-json\/wp\/v2\/pages"}],"about":[{"href":"https:\/\/positiveprints.com\/fr\/wp-json\/wp\/v2\/types\/page"}],"author":[{"embeddable":true,"href":"https:\/\/positiveprints.com\/fr\/wp-json\/wp\/v2\/users\/1"}],"replies":[{"embeddable":true,"href":"https:\/\/positiveprints.com\/fr\/wp-json\/wp\/v2\/comments?post=1003464"}],"version-history":[{"count":0,"href":"https:\/\/positiveprints.com\/fr\/wp-json\/wp\/v2\/pages\/1003464\/revisions"}],"wp:attachment":[{"href":"https:\/\/positiveprints.com\/fr\/wp-json\/wp\/v2\/media?parent=1003464"}],"curies":[{"name":"wp","href":"https:\/\/api.w.org\/{rel}","templated":true}]}}