{"id":982044,"date":"2023-10-08T21:53:59","date_gmt":"2023-10-08T20:53:59","guid":{"rendered":"https:\/\/positiveprints.com\/?post_type=product&#038;p=982044"},"modified":"2026-04-03T03:04:31","modified_gmt":"2026-04-03T02:04:31","slug":"mapa-acuarela-personalizado","status":"publish","type":"product","link":"https:\/\/positiveprints.com\/es\/producto\/mapa-acuarela-personalizado\/","title":{"rendered":"Mapa personalizado en acuarela"},"content":{"rendered":"<p>\u00bfBuscas un regalo verdaderamente \u00fanico y significativo? \u00a1No busques m\u00e1s! Nuestro Mapa de acuarela personalizado es la elecci\u00f3n perfecta. En unos sencillos pasos, puedes crear una impresi\u00f3n bonita y personalizada que dejar\u00e1 una impresi\u00f3n duradera en tus seres queridos. Ya sea para una ocasi\u00f3n especial o simplemente para mostrar tu agradecimiento, este mapa personalizado en acuarela es un regalo considerado y memorable.<\/p>\r\n\r\n<h2>\u00bfQu\u00e9 es un Mapa de Acuarela Personalizado?<\/h2>\r\n\r\n<p>Nuestro Mapa de acuarela personalizado es una forma \u00fanica y creativa de capturar recuerdos y lugares preciados. Empieza seleccionando el estilo de mapa y los colores que prefieras. Elige entre nuestros temas de acuarela preestablecidos o deja fluir tu creatividad personalizando el fondo y los colores del terreno. A continuaci\u00f3n, elige una ubicaci\u00f3n de nuestra extensa lista, ya sea un pa\u00eds, un estado o incluso el mundo entero. La verdadera magia se produce cuando a\u00f1ades un marcador con forma de coraz\u00f3n para se\u00f1alar un lugar significativo, como el lugar donde os conocisteis, os prometisteis o os casasteis. Debajo del marcador, puedes incluir un mensaje sincero, una frase dulce o una cita inspiradora. Por si fuera poco, puedes decidir si lo quieres como impresi\u00f3n enmarcada, lienzo o archivo digital.<\/p>\r\n\r\n<h2>El don de las emociones<\/h2>\r\n\r\n<p>Nuestro Mapa de acuarela personalizado es la forma ideal de transmitir emociones y crear recuerdos duraderos. Es el regalo perfecto para expresar tu amor, gratitud y consideraci\u00f3n. El destinatario se sentir\u00e1 profundamente conmovido por el esfuerzo y el sentimiento que has puesto en la creaci\u00f3n de esta obra maestra personalizada. Cada mirada al mapa te devolver\u00e1 la alegr\u00eda, la nostalgia y la gratitud asociadas a esos momentos especiales. Este regalo \u00fanico se convertir\u00e1 en un preciado recuerdo que resistir\u00e1 el paso del tiempo.<\/p>\r\n\r\n<p>El Mapa de acuarela personalizado es un sincero lienzo de emociones y recuerdos entra\u00f1ables, que ofrece una forma \u00fanica de expresar tu amor y crear recuerdos duraderos para tus seres queridos. No pierdas la oportunidad de hacer un regalo considerado e inolvidable. \u00a1Empieza hoy mismo a crear tu mapa de acuarela personalizado!<\/p>","protected":false},"excerpt":{"rendered":"<ul class=\"check-list\">\n<li>Adorna tu casa con un bonito mapa en acuarela de tu pa\u00eds, isla o masa de agua favorita<\/li>\n<li>Marcar un lugar especial con un s\u00edmbolo elegido<\/li>\n<li>Personalizar en 3 sencillos pasos<\/li>\n<li>Elija una plantilla o sea creativo<\/li>\n<li>Ve el resultado de inmediato: la vista previa interactiva te permite perfeccionar cada detalle<\/li>\n<\/ul>\n","protected":false},"featured_media":1554646,"template":"","meta":[],"product_brand":[],"product_cat":[15115,9167,8250,106,265],"product_tag":[14920],"class_list":{"0":"post-982044","1":"product","2":"type-product","3":"status-publish","4":"has-post-thumbnail","6":"product_cat-bestsellers-menu-es","7":"product_cat-contorno","8":"product_cat-digital-products-es","9":"product_cat-todos-los-productos","10":"product_cat-creators-es-2","11":"product_tag-creators-es-2","13":"first","14":"instock","15":"sale","16":"taxable","17":"shipping-taxable","18":"purchasable","19":"product-type-variable"},"yoast_head":"<!-- This site is optimized with the Yoast SEO Premium plugin v27.2 (Yoast SEO v27.2) - https:\/\/yoast.com\/product\/yoast-seo-premium-wordpress\/ -->\n<title>Mapa personalizado en acuarela - Positive Prints<\/title>\n<meta name=\"description\" content=\"Nuestro Mapa de acuarela personalizado te permite dise\u00f1ar una obra de arte \u00fanica que capte la esencia de un lugar y un momento especiales.\" \/>\n<meta name=\"robots\" content=\"index, follow, max-snippet:-1, max-image-preview:large, max-video-preview:-1\" \/>\n<link rel=\"canonical\" href=\"https:\/\/positiveprints.com\/es\/producto\/mapa-acuarela-personalizado\/\" \/>\n<meta property=\"og:locale\" content=\"es_ES\" \/>\n<meta property=\"og:type\" content=\"article\" \/>\n<meta property=\"og:title\" content=\"Mapa personalizado en acuarela\" \/>\n<meta property=\"og:description\" content=\"Adorna tu casa con un bonito mapa en acuarela de tu pa\u00eds, isla o masa de agua favorita   Marcar un lugar especial con un s\u00edmbolo elegido   Personalizar en 3 sencillos pasos   Elija una plantilla o sea creativo   Ve el resultado de inmediato: la vista previa interactiva te permite perfeccionar cada detalle\" \/>\n<meta property=\"og:url\" content=\"https:\/\/positiveprints.com\/es\/producto\/mapa-acuarela-personalizado\/\" \/>\n<meta property=\"og:site_name\" content=\"Positive Prints\" \/>\n<meta property=\"article:publisher\" content=\"https:\/\/www.facebook.com\/positiveprintscom\" \/>\n<meta property=\"article:modified_time\" content=\"2026-04-03T02:04:31+00:00\" \/>\n<meta property=\"og:image\" content=\"https:\/\/positiveprints.com\/wp-content\/uploads\/2023\/10\/Mapa-personalizado-en-acuarela.jpg\" \/>\n\t<meta property=\"og:image:width\" content=\"1080\" \/>\n\t<meta property=\"og:image:height\" content=\"1080\" \/>\n\t<meta property=\"og:image:type\" content=\"image\/jpeg\" \/>\n<meta name=\"twitter:card\" content=\"summary_large_image\" \/>\n<meta name=\"twitter:label1\" content=\"Tiempo de lectura\" \/>\n\t<meta name=\"twitter:data1\" content=\"2 minutos\" \/>\n<!-- \/ Yoast SEO Premium plugin. -->","yoast_head_json":{"title":"Mapa personalizado en acuarela - Positive Prints","description":"Nuestro Mapa de acuarela personalizado te permite dise\u00f1ar una obra de arte \u00fanica que capte la esencia de un lugar y un momento especiales.","robots":{"index":"index","follow":"follow","max-snippet":"max-snippet:-1","max-image-preview":"max-image-preview:large","max-video-preview":"max-video-preview:-1"},"canonical":"https:\/\/positiveprints.com\/es\/producto\/mapa-acuarela-personalizado\/","og_locale":"es_ES","og_type":"article","og_title":"Mapa personalizado en acuarela","og_description":"Adorna tu casa con un bonito mapa en acuarela de tu pa\u00eds, isla o masa de agua favorita   Marcar un lugar especial con un s\u00edmbolo elegido   Personalizar en 3 sencillos pasos   Elija una plantilla o sea creativo   Ve el resultado de inmediato: la vista previa interactiva te permite perfeccionar cada detalle","og_url":"https:\/\/positiveprints.com\/es\/producto\/mapa-acuarela-personalizado\/","og_site_name":"Positive Prints","article_publisher":"https:\/\/www.facebook.com\/positiveprintscom","article_modified_time":"2026-04-03T02:04:31+00:00","og_image":[{"width":1080,"height":1080,"url":"https:\/\/positiveprints.com\/wp-content\/uploads\/2023\/10\/Mapa-personalizado-en-acuarela.jpg","type":"image\/jpeg"}],"twitter_card":"summary_large_image","twitter_misc":{"Tiempo de lectura":"2 minutos"},"schema":{"@context":"https:\/\/schema.org","@graph":[{"@type":["WebPage","ItemPage"],"@id":"https:\/\/positiveprints.com\/es\/producto\/mapa-acuarela-personalizado\/","url":"https:\/\/positiveprints.com\/es\/producto\/mapa-acuarela-personalizado\/","name":"Mapa personalizado en acuarela - Positive Prints","isPartOf":{"@id":"https:\/\/positiveprints.com\/es\/#website"},"primaryImageOfPage":{"@id":"https:\/\/positiveprints.com\/es\/producto\/mapa-acuarela-personalizado\/#primaryimage"},"image":{"@id":"https:\/\/positiveprints.com\/es\/producto\/mapa-acuarela-personalizado\/#primaryimage"},"thumbnailUrl":"https:\/\/positiveprints.com\/wp-content\/uploads\/2025\/10\/Mapa-personalizado-en-acuarela-3.webp","datePublished":"2023-10-08T20:53:59+00:00","dateModified":"2026-04-03T02:04:31+00:00","description":"Nuestro Mapa de acuarela personalizado te permite dise\u00f1ar una obra de arte \u00fanica que capte la esencia de un lugar y un momento especiales.","breadcrumb":{"@id":"https:\/\/positiveprints.com\/es\/producto\/mapa-acuarela-personalizado\/#breadcrumb"},"inLanguage":"es","potentialAction":[{"@type":"ReadAction","target":["https:\/\/positiveprints.com\/es\/producto\/mapa-acuarela-personalizado\/"]}]},{"@type":"ImageObject","inLanguage":"es","@id":"https:\/\/positiveprints.com\/es\/producto\/mapa-acuarela-personalizado\/#primaryimage","url":"https:\/\/positiveprints.com\/wp-content\/uploads\/2025\/10\/Mapa-personalizado-en-acuarela-3.webp","contentUrl":"https:\/\/positiveprints.com\/wp-content\/uploads\/2025\/10\/Mapa-personalizado-en-acuarela-3.webp","width":1450,"height":1450},{"@type":"BreadcrumbList","@id":"https:\/\/positiveprints.com\/es\/producto\/mapa-acuarela-personalizado\/#breadcrumb","itemListElement":[{"@type":"ListItem","position":1,"name":"CASA","item":"https:\/\/positiveprints.com\/es\/"},{"@type":"ListItem","position":2,"name":"Productos","item":"https:\/\/positiveprints.com\/es\/shop\/"},{"@type":"ListItem","position":3,"name":"Mapa personalizado en acuarela"}]},{"@type":"WebSite","@id":"https:\/\/positiveprints.com\/es\/#website","url":"https:\/\/positiveprints.com\/es\/","name":"Positive Prints","description":"Custom Gifts for Special Occasions","publisher":{"@id":"https:\/\/positiveprints.com\/es\/#organization"},"potentialAction":[{"@type":"SearchAction","target":{"@type":"EntryPoint","urlTemplate":"https:\/\/positiveprints.com\/es\/?s={search_term_string}"},"query-input":{"@type":"PropertyValueSpecification","valueRequired":true,"valueName":"search_term_string"}}],"inLanguage":"es"},{"@type":"Organization","@id":"https:\/\/positiveprints.com\/es\/#organization","name":"Positive Prints","alternateName":"Positive Prints","url":"https:\/\/positiveprints.com\/es\/","logo":{"@type":"ImageObject","inLanguage":"es","@id":"https:\/\/positiveprints.com\/es\/#\/schema\/logo\/image\/","url":"https:\/\/positiveprints.com\/wp-content\/uploads\/2026\/03\/245815646_1337939713319158_5671353136411139666_n.png","contentUrl":"https:\/\/positiveprints.com\/wp-content\/uploads\/2026\/03\/245815646_1337939713319158_5671353136411139666_n.png","width":800,"height":800,"caption":"Positive Prints"},"image":{"@id":"https:\/\/positiveprints.com\/es\/#\/schema\/logo\/image\/"},"sameAs":["https:\/\/www.facebook.com\/positiveprintscom","https:\/\/www.instagram.com\/positiveprintscom\/","https:\/\/www.tiktok.com\/@positiveprintscom","https:\/\/www.pinterest.com\/positiveprintscom\/"]}]}},"jetpack_sharing_enabled":true,"_links":{"self":[{"href":"https:\/\/positiveprints.com\/es\/wp-json\/wp\/v2\/product\/982044","targetHints":{"allow":["GET"]}}],"collection":[{"href":"https:\/\/positiveprints.com\/es\/wp-json\/wp\/v2\/product"}],"about":[{"href":"https:\/\/positiveprints.com\/es\/wp-json\/wp\/v2\/types\/product"}],"wp:featuredmedia":[{"embeddable":true,"href":"https:\/\/positiveprints.com\/es\/wp-json\/wp\/v2\/media\/1554646"}],"wp:attachment":[{"href":"https:\/\/positiveprints.com\/es\/wp-json\/wp\/v2\/media?parent=982044"}],"wp:term":[{"taxonomy":"product_brand","embeddable":true,"href":"https:\/\/positiveprints.com\/es\/wp-json\/wp\/v2\/product_brand?post=982044"},{"taxonomy":"product_cat","embeddable":true,"href":"https:\/\/positiveprints.com\/es\/wp-json\/wp\/v2\/product_cat?post=982044"},{"taxonomy":"product_tag","embeddable":true,"href":"https:\/\/positiveprints.com\/es\/wp-json\/wp\/v2\/product_tag?post=982044"}],"curies":[{"name":"wp","href":"https:\/\/api.w.org\/{rel}","templated":true}]}}