{"id":960972,"date":"2023-06-07T21:37:46","date_gmt":"2023-06-07T20:37:46","guid":{"rendered":"https:\/\/positiveprints.com\/product\/collage-de-fotos-de-letras-de-perro\/"},"modified":"2026-04-03T03:13:41","modified_gmt":"2026-04-03T02:13:41","slug":"perro-carta-foto-collage","status":"publish","type":"product","link":"https:\/\/positiveprints.com\/es\/producto\/perro-carta-foto-collage\/","title":{"rendered":"Collage de fotos de letras de perro"},"content":{"rendered":"<h2 class=\"grenB f24 cblue\" style=\"margin-top: 3rem;\">Collage de fotos de cartas de perros: Un regalo personalizado y \u00fanico para los amantes de los perros<\/h2>\r\n          \r\n\r\n          <p style=\"margin-top: 1rem;\">\u00bfBuscas el regalo perfecto para los amantes de los perros? No busques m\u00e1s: \u00a1Collage de fotos de letras de perro! Esta impresi\u00f3n o lienzo personalizado es una forma especial y \u00fanica de celebrar el v\u00ednculo entre tu querida mascota y t\u00fa. Con este collage \u00fanico, tus fotos favoritas pueden moldearse para formar el nombre de tu perro o cualquier otra palabra que tenga un significado especial en tu coraz\u00f3n.<\/p>\r\n          \r\n\r\n          \r\n\r\n          <h2 class=\"grenB f24 cblue\" style=\"margin-top: 3rem;\">Crea un Collage de Fotos de Cartas de Perros Significativo y Personalizado<\/h2>\r\n          \r\n\r\n          <p style=\"margin-top: 1rem;\">Crear un collage de fotos de cartas de perros es f\u00e1cil con nuestro editor en l\u00ednea de f\u00e1cil uso. En s\u00f3lo tres sencillos pasos, puedes dise\u00f1ar un regalo personalizado que alegrar\u00e1 el coraz\u00f3n de cualquier amante de los perros. Nuestro editor en l\u00ednea est\u00e1 dise\u00f1ado para ser compatible con dispositivos m\u00f3viles, lo que te permite crear el collage perfecto sobre la marcha.<\/p>\r\n          \r\n\r\n          <p style=\"margin-top: 1rem;\">Empieza introduciendo el nombre de tu perro o cualquier otra palabra que tenga significado para ti. Ya sea &#8220;amor&#8221;, &#8220;mejor amigo&#8221; u otra cosa que simbolice el v\u00ednculo que compartes con tu compa\u00f1ero peludo, tienes libertad para elegir. Adem\u00e1s, puedes seleccionar el color del contorno de los s\u00edmbolos u optar por un contorno blanco limpio y cl\u00e1sico.<\/p>\r\n          \r\n\r\n          <p style=\"margin-top: 1rem;\">A continuaci\u00f3n, es hora de dar vida a tu collage de fotos de letras de perro subiendo tus fotos favoritas. Necesitar\u00e1s una foto por cada letra de la palabra elegida. Nuestro intuitivo editor te permite hacer zoom, ajustar la posici\u00f3n de cada foto y asegurarte de que encajan perfectamente en el collage. Para a\u00f1adir un toque personal, puedes incluir un mensaje sincero debajo del collage.<\/p>\r\n          \r\n\r\n          <p style=\"margin-top: 1rem;\">En el \u00faltimo paso, puedes decidir c\u00f3mo quieres que se muestre tu <a href=\"https:\/\/positiveprints.com\/product\/letter-photo-collage\/\">Letter Photo Collage<\/a> personalizado. Ofrecemos varias opciones, como copias enmarcadas, p\u00f3steres impresos, lienzos o archivos de descarga digital instant\u00e1nea. Selecciona el tama\u00f1o y el formato que mejor se adapte a tus preferencias, y nosotros nos ocuparemos del resto.<\/p>\r\n          \r\n\r\n          \r\n\r\n          <h2 class=\"grenB f24 cblue\" style=\"margin-top: 3rem;\">Un regalo personal y bonito<\/h2>\r\n          \r\n\r\n          <p style=\"margin-top: 1rem;\">El Collage de fotos de cartas de perros es m\u00e1s que un regalo: es un recuerdo entra\u00f1able encapsulado en una obra de arte personalizada. A diferencia de cualquier otro regalo que puedas encontrar en la estanter\u00eda de una tienda, este collage est\u00e1 hecho a medida para reflejar el v\u00ednculo \u00fanico entre tu amigo peludo y t\u00fa. Tanto si se trata de una ocasi\u00f3n especial como de un cari\u00f1oso homenaje a una mascota querida, este collage seguro que aportar\u00e1 calidez y alegr\u00eda al coraz\u00f3n del destinatario.<\/p>\r\n          \r\n\r\n          <p style=\"margin-top: 1rem;\">Encarga hoy mismo tu Collage de fotos de cartas de perros y haz al amante de los perros de tu vida un regalo que atesorar\u00e1 para siempre. Disfruta de la belleza de un regalo personalizado y sincero que celebra el amor incondicional y la compa\u00f1\u00eda que s\u00f3lo un perro puede ofrecer.<\/p>","protected":false},"excerpt":{"rendered":"\n<ul class=\"check-list\">\n<li>Presume de tu amigo peludo y comparte el amor por tu mascota con todo el que entre en tu casa u oficina<\/li>\n<li>Incluye un texto personalizado significativo<\/li>\n<li>Personalizar en 3 sencillos pasos<\/li>\n<li>Elija una plantilla o sea creativo<\/li>\n<li>Ve el resultado de inmediato: la vista previa interactiva te permite perfeccionar cada detalle<\/li>\n<\/ul>\n","protected":false},"featured_media":1671670,"template":"","meta":[],"product_brand":[],"product_cat":[9124,106,7901],"product_tag":[15624,16103,16102,16100,8697,16101,13915,13913],"class_list":{"0":"post-960972","1":"product","2":"type-product","3":"status-publish","4":"has-post-thumbnail","6":"product_cat-photo-letter-es","7":"product_cat-todos-los-productos","8":"product_cat-regalos-para-amantes-de-los-perros","9":"product_tag-animals-es","10":"product_tag-custom-dog-gifts-es","11":"product_tag-dog-mom-gifts-es","12":"product_tag-dog-owner-es","13":"product_tag-dog-lovers-es","14":"product_tag-gifts-for-dog-owners-es","15":"product_tag-regalos-para-amantes-de-los-perros","16":"product_tag-regalos-para-papa-de-perro","18":"first","19":"instock","20":"sale","21":"taxable","22":"shipping-taxable","23":"purchasable","24":"product-type-variable"},"yoast_head":"<!-- This site is optimized with the Yoast SEO Premium plugin v27.2 (Yoast SEO v27.2) - https:\/\/yoast.com\/product\/yoast-seo-premium-wordpress\/ -->\n<title>Collage de fotos de letras de perro - Positive Prints<\/title>\n<meta name=\"description\" content=\"Crea un collage de fotos con letras de perro. Esta impresi\u00f3n o lienzo personalizado es una forma especial y \u00fanica de celebrar el v\u00ednculo entre tu querida mascota y t\u00fa.\" \/>\n<meta name=\"robots\" content=\"index, follow, max-snippet:-1, max-image-preview:large, max-video-preview:-1\" \/>\n<link rel=\"canonical\" href=\"https:\/\/positiveprints.com\/es\/producto\/perro-carta-foto-collage\/\" \/>\n<meta property=\"og:locale\" content=\"es_ES\" \/>\n<meta property=\"og:type\" content=\"article\" \/>\n<meta property=\"og:title\" content=\"Collage de fotos de letras de perro\" \/>\n<meta property=\"og:description\" content=\"Presume de tu amigo peludo y comparte el amor por tu mascota con todo el que entre en tu casa u oficina  Incluye un texto personalizado significativo  Personalizar en 3 sencillos pasos  Elija una plantilla o sea creativo  Ve el resultado de inmediato: la vista previa interactiva te permite perfeccionar cada detalle\" \/>\n<meta property=\"og:url\" content=\"https:\/\/positiveprints.com\/es\/producto\/perro-carta-foto-collage\/\" \/>\n<meta property=\"og:site_name\" content=\"Positive Prints\" \/>\n<meta property=\"article:publisher\" content=\"https:\/\/www.facebook.com\/positiveprintscom\" \/>\n<meta property=\"article:modified_time\" content=\"2026-04-03T02:13:41+00:00\" \/>\n<meta property=\"og:image\" content=\"https:\/\/positiveprints.com\/wp-content\/uploads\/2024\/11\/Packshot_ES_Dog-Letter-Photo-Collage-product-image-.webp\" \/>\n\t<meta property=\"og:image:width\" content=\"1450\" \/>\n\t<meta property=\"og:image:height\" content=\"1450\" \/>\n\t<meta property=\"og:image:type\" content=\"image\/webp\" \/>\n<meta name=\"twitter:card\" content=\"summary_large_image\" \/>\n<meta name=\"twitter:label1\" content=\"Tiempo de lectura\" \/>\n\t<meta name=\"twitter:data1\" content=\"3 minutos\" \/>\n<!-- \/ Yoast SEO Premium plugin. -->","yoast_head_json":{"title":"Collage de fotos de letras de perro - Positive Prints","description":"Crea un collage de fotos con letras de perro. Esta impresi\u00f3n o lienzo personalizado es una forma especial y \u00fanica de celebrar el v\u00ednculo entre tu querida mascota y t\u00fa.","robots":{"index":"index","follow":"follow","max-snippet":"max-snippet:-1","max-image-preview":"max-image-preview:large","max-video-preview":"max-video-preview:-1"},"canonical":"https:\/\/positiveprints.com\/es\/producto\/perro-carta-foto-collage\/","og_locale":"es_ES","og_type":"article","og_title":"Collage de fotos de letras de perro","og_description":"Presume de tu amigo peludo y comparte el amor por tu mascota con todo el que entre en tu casa u oficina  Incluye un texto personalizado significativo  Personalizar en 3 sencillos pasos  Elija una plantilla o sea creativo  Ve el resultado de inmediato: la vista previa interactiva te permite perfeccionar cada detalle","og_url":"https:\/\/positiveprints.com\/es\/producto\/perro-carta-foto-collage\/","og_site_name":"Positive Prints","article_publisher":"https:\/\/www.facebook.com\/positiveprintscom","article_modified_time":"2026-04-03T02:13:41+00:00","og_image":[{"width":1450,"height":1450,"url":"https:\/\/positiveprints.com\/wp-content\/uploads\/2024\/11\/Packshot_ES_Dog-Letter-Photo-Collage-product-image-.webp","type":"image\/webp"}],"twitter_card":"summary_large_image","twitter_misc":{"Tiempo de lectura":"3 minutos"},"schema":{"@context":"https:\/\/schema.org","@graph":[{"@type":["WebPage","ItemPage"],"@id":"https:\/\/positiveprints.com\/es\/producto\/perro-carta-foto-collage\/","url":"https:\/\/positiveprints.com\/es\/producto\/perro-carta-foto-collage\/","name":"Collage de fotos de letras de perro - Positive Prints","isPartOf":{"@id":"https:\/\/positiveprints.com\/es\/#website"},"primaryImageOfPage":{"@id":"https:\/\/positiveprints.com\/es\/producto\/perro-carta-foto-collage\/#primaryimage"},"image":{"@id":"https:\/\/positiveprints.com\/es\/producto\/perro-carta-foto-collage\/#primaryimage"},"thumbnailUrl":"https:\/\/positiveprints.com\/wp-content\/uploads\/2026\/03\/perro_ES.webp","datePublished":"2023-06-07T20:37:46+00:00","dateModified":"2026-04-03T02:13:41+00:00","description":"Crea un collage de fotos con letras de perro. Esta impresi\u00f3n o lienzo personalizado es una forma especial y \u00fanica de celebrar el v\u00ednculo entre tu querida mascota y t\u00fa.","breadcrumb":{"@id":"https:\/\/positiveprints.com\/es\/producto\/perro-carta-foto-collage\/#breadcrumb"},"inLanguage":"es","potentialAction":[{"@type":"ReadAction","target":["https:\/\/positiveprints.com\/es\/producto\/perro-carta-foto-collage\/"]}]},{"@type":"ImageObject","inLanguage":"es","@id":"https:\/\/positiveprints.com\/es\/producto\/perro-carta-foto-collage\/#primaryimage","url":"https:\/\/positiveprints.com\/wp-content\/uploads\/2026\/03\/perro_ES.webp","contentUrl":"https:\/\/positiveprints.com\/wp-content\/uploads\/2026\/03\/perro_ES.webp","width":1450,"height":1450},{"@type":"BreadcrumbList","@id":"https:\/\/positiveprints.com\/es\/producto\/perro-carta-foto-collage\/#breadcrumb","itemListElement":[{"@type":"ListItem","position":1,"name":"CASA","item":"https:\/\/positiveprints.com\/es\/"},{"@type":"ListItem","position":2,"name":"Productos","item":"https:\/\/positiveprints.com\/es\/shop\/"},{"@type":"ListItem","position":3,"name":"Collage de fotos de letras de perro"}]},{"@type":"WebSite","@id":"https:\/\/positiveprints.com\/es\/#website","url":"https:\/\/positiveprints.com\/es\/","name":"Positive Prints","description":"Custom Gifts for Special Occasions","publisher":{"@id":"https:\/\/positiveprints.com\/es\/#organization"},"potentialAction":[{"@type":"SearchAction","target":{"@type":"EntryPoint","urlTemplate":"https:\/\/positiveprints.com\/es\/?s={search_term_string}"},"query-input":{"@type":"PropertyValueSpecification","valueRequired":true,"valueName":"search_term_string"}}],"inLanguage":"es"},{"@type":"Organization","@id":"https:\/\/positiveprints.com\/es\/#organization","name":"Positive Prints","alternateName":"Positive Prints","url":"https:\/\/positiveprints.com\/es\/","logo":{"@type":"ImageObject","inLanguage":"es","@id":"https:\/\/positiveprints.com\/es\/#\/schema\/logo\/image\/","url":"https:\/\/positiveprints.com\/wp-content\/uploads\/2026\/03\/245815646_1337939713319158_5671353136411139666_n.png","contentUrl":"https:\/\/positiveprints.com\/wp-content\/uploads\/2026\/03\/245815646_1337939713319158_5671353136411139666_n.png","width":800,"height":800,"caption":"Positive Prints"},"image":{"@id":"https:\/\/positiveprints.com\/es\/#\/schema\/logo\/image\/"},"sameAs":["https:\/\/www.facebook.com\/positiveprintscom","https:\/\/www.instagram.com\/positiveprintscom\/","https:\/\/www.tiktok.com\/@positiveprintscom","https:\/\/www.pinterest.com\/positiveprintscom\/"]}]}},"jetpack_sharing_enabled":true,"_links":{"self":[{"href":"https:\/\/positiveprints.com\/es\/wp-json\/wp\/v2\/product\/960972","targetHints":{"allow":["GET"]}}],"collection":[{"href":"https:\/\/positiveprints.com\/es\/wp-json\/wp\/v2\/product"}],"about":[{"href":"https:\/\/positiveprints.com\/es\/wp-json\/wp\/v2\/types\/product"}],"wp:featuredmedia":[{"embeddable":true,"href":"https:\/\/positiveprints.com\/es\/wp-json\/wp\/v2\/media\/1671670"}],"wp:attachment":[{"href":"https:\/\/positiveprints.com\/es\/wp-json\/wp\/v2\/media?parent=960972"}],"wp:term":[{"taxonomy":"product_brand","embeddable":true,"href":"https:\/\/positiveprints.com\/es\/wp-json\/wp\/v2\/product_brand?post=960972"},{"taxonomy":"product_cat","embeddable":true,"href":"https:\/\/positiveprints.com\/es\/wp-json\/wp\/v2\/product_cat?post=960972"},{"taxonomy":"product_tag","embeddable":true,"href":"https:\/\/positiveprints.com\/es\/wp-json\/wp\/v2\/product_tag?post=960972"}],"curies":[{"name":"wp","href":"https:\/\/api.w.org\/{rel}","templated":true}]}}