{"id":960966,"date":"2023-06-07T12:25:32","date_gmt":"2023-06-07T11:25:32","guid":{"rendered":"https:\/\/positiveprints.com\/product\/collage-de-fotos-con-el-nombre-de-la-familia\/"},"modified":"2026-04-07T14:52:21","modified_gmt":"2026-04-07T13:52:21","slug":"collage-de-fotos-con-nombre-de-familia","status":"publish","type":"product","link":"https:\/\/positiveprints.com\/es\/producto\/collage-de-fotos-con-nombre-de-familia\/","title":{"rendered":"Collage de fotos con el nombre de la familia"},"content":{"rendered":"<h2 class=\"grenB f24 cblue\" style=\"margin-top: 3rem\">Personalizado y \u00danico: Collage de fotos con el nombre de la familia<\/h2>\r\n          \r\n\r\n          \r\n\r\n          <p style=\"margin-top: 1rem\">Crea un regalo especial y \u00fanico con el Collage de fotos con nombre de familia. Esta impresi\u00f3n o lienzo personalizado convierte tus queridas fotos familiares en un impresionante collage con la forma de tu apellido. Si buscas un <a href=\"https:\/\/positiveprints.com\/christmas-gifts\/\">regalo de Navidad<\/a> bien pensado, un <a href=\"https:\/\/positiveprints.com\/housewarming-gifts\/\">regalo de inauguraci\u00f3n de una casa<\/a> o una sorpresa para tus padres o cualquier miembro de la familia, este collage es la elecci\u00f3n perfecta.<\/p>\r\n          \r\n\r\n          \r\n\r\n          <h2 class=\"grenB f24 cblue\" style=\"margin-top: 3rem\">Proceso de creaci\u00f3n sencillo y c\u00f3modo<\/h2>\r\n          \r\n\r\n          \r\n\r\n          <p style=\"margin-top: 1rem\">Crear tu propio collage de fotos con apellidos es muy f\u00e1cil con nuestro sencillo editor en l\u00ednea. En s\u00f3lo tres sencillos pasos, puedes crear un regalo que dejar\u00e1 una impresi\u00f3n duradera. Nuestro editor en l\u00ednea est\u00e1 dise\u00f1ado para ser accesible y puede utilizarse sin esfuerzo tanto en ordenadores como en dispositivos m\u00f3viles, por lo que resulta c\u00f3modo para todo el mundo. Empieza introduciendo tu apellido, y luego elige el color para el contorno de los s\u00edmbolos u opta por un contorno blanco limpio. A continuaci\u00f3n, sube una foto por cada letra de tu apellido, y ten la libertad de ampliarla, ajustar su posici\u00f3n y a\u00f1adir un mensaje personal debajo. Por \u00faltimo, selecciona el tama\u00f1o y el formato que mejor se adapte a tus preferencias, ya sea una impresi\u00f3n enmarcada, un lienzo o un archivo de descarga digital instant\u00e1nea.<\/p>\r\n          \r\n\r\n          \r\n\r\n          <h2 class=\"grenB f24 cblue\" style=\"margin-top: 3rem\">Significado y belleza<\/h2>\r\n          \r\n\r\n          \r\n\r\n          <p style=\"margin-top: 1rem\">Cuando buscas un regalo que capte realmente la esencia de la familia, el Collage de fotos con nombre de familia es la respuesta. Esta obra de arte personalizada no s\u00f3lo es conmovedora, sino tambi\u00e9n visualmente impresionante. Se distingue de los t\u00edpicos regalos comprados en tiendas, ya que refleja los v\u00ednculos y recuerdos \u00fanicos compartidos entre los miembros de la familia. Tus seres queridos se sentir\u00e1n conmovidos por la consideraci\u00f3n que hay detr\u00e1s de este extraordinario regalo, sabiendo que su apellido se muestra maravillosamente utilizando los preciosos momentos capturados en fotograf\u00edas.<\/p>\r\n          \r\n\r\n          \r\n\r\n          <h2 class=\"grenB f24 cblue\" style=\"margin-top: 3rem\">Da rienda suelta a tu creatividad con el collage de fotos con apellidos<\/h2>\r\n          \r\n\r\n          \r\n\r\n          <p style=\"margin-top: 1rem\">Expresa tu creatividad y muestra el amor que sientes por tu familia a trav\u00e9s de este extraordinario collage. Cada foto cuenta una historia y simboliza un recuerdo especial, lo que convierte al collage de fotos con nombre de familia en una aut\u00e9ntica obra de arte personal. T\u00fa tienes el poder de conservar las fotos y organizarlas de forma que resuenen con la personalidad y la historia de tu familia. El resultado final es una obra maestra impresionante y personalizada que se convertir\u00e1 en una preciada reliquia, celebrando los lazos que mantienen unida a tu familia.<\/p>\r\n          \r\n\r\n          \r\n\r\n          <p style=\"margin-top: 1rem\">Encarga hoy mismo tu collage de fotos con nombre de familia y sorprende a tus seres queridos con un regalo sincero y visualmente cautivador. Deja que esta creaci\u00f3n \u00fanica sirva como recordatorio del amor, la risa y la alegr\u00eda que comparte tu familia, y crea un recuerdo duradero que ser\u00e1 apreciado durante a\u00f1os.<\/p>","protected":false},"excerpt":{"rendered":"\n<ul class=\"check-list\">\n<li>Crea un tesoro familiar especial y muestra la historia de tu familia de una forma atractiva y llamativa.<\/li>\n<li>Incluye un texto personalizado significativo<\/li>\n<li>Personalizar en 3 sencillos pasos<\/li>\n<li>Elija una plantilla o sea creativo<\/li>\n<li>Ve el resultado de inmediato: la vista previa interactiva te permite perfeccionar cada detalle<\/li>\n<\/ul>\n","protected":false},"featured_media":1282741,"template":"","meta":[],"product_brand":[],"product_cat":[5270,7853,15060,11460,9124,106],"product_tag":[8541,13469],"class_list":{"0":"post-960966","1":"product","2":"type-product","3":"status-publish","4":"has-post-thumbnail","6":"product_cat-regalos-de-navidad","7":"product_cat-regalos-para-la-familia","8":"product_cat-regalos-de-navidad-para-la-familia","9":"product_cat-regalos-de-navidad-para-los-padres","10":"product_cat-photo-letter-es","11":"product_cat-todos-los-productos","12":"product_tag-family-es","13":"product_tag-regalos-de-navidad-para-la-familia","15":"first","16":"instock","17":"sale","18":"taxable","19":"shipping-taxable","20":"purchasable","21":"product-type-variable"},"yoast_head":"<!-- This site is optimized with the Yoast SEO Premium plugin v27.2 (Yoast SEO v27.2) - https:\/\/yoast.com\/product\/yoast-seo-premium-wordpress\/ -->\n<title>Collage de fotos con el nombre de la familia - Positive Prints<\/title>\n<meta name=\"description\" content=\"El collage de fotos con nombre de familia es una impresi\u00f3n personalizada que convierte tus queridas fotos familiares en un impresionante collage con la forma de tu nombre de familia.\" \/>\n<meta name=\"robots\" content=\"index, follow, max-snippet:-1, max-image-preview:large, max-video-preview:-1\" \/>\n<link rel=\"canonical\" href=\"https:\/\/positiveprints.com\/es\/producto\/collage-de-fotos-con-nombre-de-familia\/\" \/>\n<meta property=\"og:locale\" content=\"es_ES\" \/>\n<meta property=\"og:type\" content=\"article\" \/>\n<meta property=\"og:title\" content=\"Collage de fotos con el nombre de la familia\" \/>\n<meta property=\"og:description\" content=\"Crea un tesoro familiar especial y muestra la historia de tu familia de una forma atractiva y llamativa.               Incluye un texto personalizado significativo               Personalizar en 3 sencillos pasos               Elija una plantilla o sea creativo               Ve el resultado de inmediato: la vista previa interactiva te permite perfeccionar cada detalle\" \/>\n<meta property=\"og:url\" content=\"https:\/\/positiveprints.com\/es\/producto\/collage-de-fotos-con-nombre-de-familia\/\" \/>\n<meta property=\"og:site_name\" content=\"Positive Prints\" \/>\n<meta property=\"article:publisher\" content=\"https:\/\/www.facebook.com\/positiveprintscom\" \/>\n<meta property=\"article:modified_time\" content=\"2026-04-07T13:52:21+00:00\" \/>\n<meta property=\"og:image\" content=\"https:\/\/positiveprints.com\/wp-content\/uploads\/2024\/11\/Packshot_ES_Family-Name-Photo-Collage-product-image-1.webp\" \/>\n\t<meta property=\"og:image:width\" content=\"1450\" \/>\n\t<meta property=\"og:image:height\" content=\"1450\" \/>\n\t<meta property=\"og:image:type\" content=\"image\/webp\" \/>\n<meta name=\"twitter:card\" content=\"summary_large_image\" \/>\n<meta name=\"twitter:label1\" content=\"Tiempo de lectura\" \/>\n\t<meta name=\"twitter:data1\" content=\"3 minutos\" \/>\n<!-- \/ Yoast SEO Premium plugin. -->","yoast_head_json":{"title":"Collage de fotos con el nombre de la familia - Positive Prints","description":"El collage de fotos con nombre de familia es una impresi\u00f3n personalizada que convierte tus queridas fotos familiares en un impresionante collage con la forma de tu nombre de familia.","robots":{"index":"index","follow":"follow","max-snippet":"max-snippet:-1","max-image-preview":"max-image-preview:large","max-video-preview":"max-video-preview:-1"},"canonical":"https:\/\/positiveprints.com\/es\/producto\/collage-de-fotos-con-nombre-de-familia\/","og_locale":"es_ES","og_type":"article","og_title":"Collage de fotos con el nombre de la familia","og_description":"Crea un tesoro familiar especial y muestra la historia de tu familia de una forma atractiva y llamativa.               Incluye un texto personalizado significativo               Personalizar en 3 sencillos pasos               Elija una plantilla o sea creativo               Ve el resultado de inmediato: la vista previa interactiva te permite perfeccionar cada detalle","og_url":"https:\/\/positiveprints.com\/es\/producto\/collage-de-fotos-con-nombre-de-familia\/","og_site_name":"Positive Prints","article_publisher":"https:\/\/www.facebook.com\/positiveprintscom","article_modified_time":"2026-04-07T13:52:21+00:00","og_image":[{"width":1450,"height":1450,"url":"https:\/\/positiveprints.com\/wp-content\/uploads\/2024\/11\/Packshot_ES_Family-Name-Photo-Collage-product-image-1.webp","type":"image\/webp"}],"twitter_card":"summary_large_image","twitter_misc":{"Tiempo de lectura":"3 minutos"},"schema":{"@context":"https:\/\/schema.org","@graph":[{"@type":["WebPage","ItemPage"],"@id":"https:\/\/positiveprints.com\/es\/producto\/collage-de-fotos-con-nombre-de-familia\/","url":"https:\/\/positiveprints.com\/es\/producto\/collage-de-fotos-con-nombre-de-familia\/","name":"Collage de fotos con el nombre de la familia - Positive Prints","isPartOf":{"@id":"https:\/\/positiveprints.com\/es\/#website"},"primaryImageOfPage":{"@id":"https:\/\/positiveprints.com\/es\/producto\/collage-de-fotos-con-nombre-de-familia\/#primaryimage"},"image":{"@id":"https:\/\/positiveprints.com\/es\/producto\/collage-de-fotos-con-nombre-de-familia\/#primaryimage"},"thumbnailUrl":"https:\/\/positiveprints.com\/wp-content\/uploads\/2024\/11\/Packshot_ES_Family-Name-Photo-Collage-product-image-1.webp","datePublished":"2023-06-07T11:25:32+00:00","dateModified":"2026-04-07T13:52:21+00:00","description":"El collage de fotos con nombre de familia es una impresi\u00f3n personalizada que convierte tus queridas fotos familiares en un impresionante collage con la forma de tu nombre de familia.","breadcrumb":{"@id":"https:\/\/positiveprints.com\/es\/producto\/collage-de-fotos-con-nombre-de-familia\/#breadcrumb"},"inLanguage":"es","potentialAction":[{"@type":"ReadAction","target":["https:\/\/positiveprints.com\/es\/producto\/collage-de-fotos-con-nombre-de-familia\/"]}]},{"@type":"ImageObject","inLanguage":"es","@id":"https:\/\/positiveprints.com\/es\/producto\/collage-de-fotos-con-nombre-de-familia\/#primaryimage","url":"https:\/\/positiveprints.com\/wp-content\/uploads\/2024\/11\/Packshot_ES_Family-Name-Photo-Collage-product-image-1.webp","contentUrl":"https:\/\/positiveprints.com\/wp-content\/uploads\/2024\/11\/Packshot_ES_Family-Name-Photo-Collage-product-image-1.webp","width":1450,"height":1450},{"@type":"BreadcrumbList","@id":"https:\/\/positiveprints.com\/es\/producto\/collage-de-fotos-con-nombre-de-familia\/#breadcrumb","itemListElement":[{"@type":"ListItem","position":1,"name":"CASA","item":"https:\/\/positiveprints.com\/es\/"},{"@type":"ListItem","position":2,"name":"Productos","item":"https:\/\/positiveprints.com\/es\/shop\/"},{"@type":"ListItem","position":3,"name":"Collage de fotos con el nombre de la familia"}]},{"@type":"WebSite","@id":"https:\/\/positiveprints.com\/es\/#website","url":"https:\/\/positiveprints.com\/es\/","name":"Positive Prints","description":"Custom Gifts for Special Occasions","publisher":{"@id":"https:\/\/positiveprints.com\/es\/#organization"},"potentialAction":[{"@type":"SearchAction","target":{"@type":"EntryPoint","urlTemplate":"https:\/\/positiveprints.com\/es\/?s={search_term_string}"},"query-input":{"@type":"PropertyValueSpecification","valueRequired":true,"valueName":"search_term_string"}}],"inLanguage":"es"},{"@type":"Organization","@id":"https:\/\/positiveprints.com\/es\/#organization","name":"Positive Prints","alternateName":"Positive Prints","url":"https:\/\/positiveprints.com\/es\/","logo":{"@type":"ImageObject","inLanguage":"es","@id":"https:\/\/positiveprints.com\/es\/#\/schema\/logo\/image\/","url":"https:\/\/positiveprints.com\/wp-content\/uploads\/2026\/03\/245815646_1337939713319158_5671353136411139666_n.png","contentUrl":"https:\/\/positiveprints.com\/wp-content\/uploads\/2026\/03\/245815646_1337939713319158_5671353136411139666_n.png","width":800,"height":800,"caption":"Positive Prints"},"image":{"@id":"https:\/\/positiveprints.com\/es\/#\/schema\/logo\/image\/"},"sameAs":["https:\/\/www.facebook.com\/positiveprintscom","https:\/\/www.instagram.com\/positiveprintscom\/","https:\/\/www.tiktok.com\/@positiveprintscom","https:\/\/www.pinterest.com\/positiveprintscom\/"]}]}},"jetpack_sharing_enabled":true,"_links":{"self":[{"href":"https:\/\/positiveprints.com\/es\/wp-json\/wp\/v2\/product\/960966","targetHints":{"allow":["GET"]}}],"collection":[{"href":"https:\/\/positiveprints.com\/es\/wp-json\/wp\/v2\/product"}],"about":[{"href":"https:\/\/positiveprints.com\/es\/wp-json\/wp\/v2\/types\/product"}],"wp:featuredmedia":[{"embeddable":true,"href":"https:\/\/positiveprints.com\/es\/wp-json\/wp\/v2\/media\/1282741"}],"wp:attachment":[{"href":"https:\/\/positiveprints.com\/es\/wp-json\/wp\/v2\/media?parent=960966"}],"wp:term":[{"taxonomy":"product_brand","embeddable":true,"href":"https:\/\/positiveprints.com\/es\/wp-json\/wp\/v2\/product_brand?post=960966"},{"taxonomy":"product_cat","embeddable":true,"href":"https:\/\/positiveprints.com\/es\/wp-json\/wp\/v2\/product_cat?post=960966"},{"taxonomy":"product_tag","embeddable":true,"href":"https:\/\/positiveprints.com\/es\/wp-json\/wp\/v2\/product_tag?post=960966"}],"curies":[{"name":"wp","href":"https:\/\/api.w.org\/{rel}","templated":true}]}}