{"id":960960,"date":"2023-06-07T11:04:30","date_gmt":"2023-06-07T10:04:30","guid":{"rendered":"https:\/\/positiveprints.com\/product\/collage-de-fotos-de-cartas-familiares\/"},"modified":"2026-04-12T22:13:08","modified_gmt":"2026-04-12T21:13:08","slug":"carta-familiar-foto-collage","status":"publish","type":"product","link":"https:\/\/positiveprints.com\/es\/producto\/carta-familiar-foto-collage\/","title":{"rendered":"Collage de letras para la Familia"},"content":{"rendered":"&nbsp;\r\n<h2 class=\"grenB f24 cblue\" style=\"margin-top: 3rem;\">Collage de letras para la Familia: Un homenaje personalizado a los recuerdos familiares<\/h2>\r\n<p style=\"margin-top: 1rem;\">Capturar la esencia de los momentos familiares m\u00e1s queridos nunca ha sido tan f\u00e1cil con el Collage de fotos de cartas familiares. Este producto \u00fanico te permite transformar tus fotos favoritas en una impresionante impresi\u00f3n o lienzo con la forma de la palabra &#8220;familia&#8221;. Tanto si se trata de un <a href=\"https:\/\/positiveprints.com\/es\/christmas-gifts\/\">regalo<\/a> especial de <a href=\"https:\/\/positiveprints.com\/es\/christmas-gifts\/\">Navidad<\/a>, como de un atento regalo de inauguraci\u00f3n de una casa o de un gesto sincero para los padres o cualquier miembro de tu familia, este collage es la elecci\u00f3n perfecta.<\/p>\r\n\r\n<h2 class=\"grenB f24 cblue\" style=\"margin-top: 3rem;\">F\u00e1cil proceso de creaci\u00f3n<\/h2>\r\n<p style=\"margin-top: 1rem;\">Crear tu propio collage de fotos de cartas familiares es muy f\u00e1cil con nuestro intuitivo editor en l\u00ednea. Sigue nuestro sencillo proceso de tres pasos y tendr\u00e1s el regalo ideal en un abrir y cerrar de ojos. Nuestra plataforma, f\u00e1cil de usar, tambi\u00e9n es apta para m\u00f3viles, lo que garantiza que puedas crear tu obra maestra en cualquier dispositivo.<\/p>\r\n<p style=\"margin-top: 1rem;\">A diferencia de los regalos gen\u00e9ricos, el Collage de fotos de cartas familiares es un sentido homenaje que dice mucho de tu amor y aprecio por tu familia. Su naturaleza personalizada lo convierte en un regalo que ser\u00e1 apreciado durante a\u00f1os, sirviendo como recordatorio constante de los momentos y lazos especiales que compart\u00eds.<\/p>\r\n<p style=\"margin-top: 1rem;\">Para empezar, s\u00f3lo tienes que introducir la palabra &#8220;familia&#8221; en nuestro editor. Si tienes otra palabra en mente, como tu apellido o una fecha importante, puedes utilizarla en su lugar. Las posibilidades son infinitas, lo que te permite adaptar el collage a tus preferencias \u00fanicas. Adem\u00e1s, tienes la opci\u00f3n de seleccionar un color para el contorno de los s\u00edmbolos o elegir el blanco para un aspecto limpio y sin fisuras.<\/p>\r\n<p style=\"margin-top: 1rem;\">A continuaci\u00f3n, sube tus fotos, una por cada letra de la palabra elegida. Nuestro editor te permite hacer zoom, ajustar las posiciones y asegurarte de que cada imagen es la correcta. Incluso puedes incluir un mensaje personalizado debajo del collage, a\u00f1adiendo un toque extra de calidez y sentimentalismo.<\/p>\r\n<p style=\"margin-top: 1rem;\">En el \u00faltimo paso, puedes seleccionar el tama\u00f1o y el formato que mejor se adapten a tus necesidades. Tanto si prefieres un p\u00f3ster enmarcado o impreso, un lienzo o un archivo de descarga digital instant\u00e1nea, te tenemos cubierto. Puedes estar seguro de que tu collage de fotos de cartas familiares se entregar\u00e1 en el formato que se ajuste a tu visi\u00f3n.<\/p>\r\n\r\n<h2 class=\"grenB f24 cblue\" style=\"margin-top: 3rem;\">Collage de letras para la Familia: Un regalo significativo y bonito<\/h2>\r\n<p style=\"margin-top: 1rem;\">Cuando se trata de encontrar un regalo significativo para tu familia, no busques m\u00e1s que el Collage de fotos de cartas familiares. Esta obra maestra personalizada es una forma sincera de celebrar los lazos que nos unen. A diferencia de cualquier otro regalo comprado en una tienda, este collage es una obra de arte realmente \u00fanica y hermosa que capta la esencia del amor y la uni\u00f3n de tu familia.<\/p>\r\n<p style=\"margin-top: 1rem;\">Cada collage de fotos de cartas familiares est\u00e1 dise\u00f1ado para conservar tus recuerdos m\u00e1s preciados de una forma realmente extraordinaria. Act\u00faa como una c\u00e1psula visual del tiempo, encapsulando la alegr\u00eda, la risa y el amor que definen a tu familia.<\/p>\r\n<p style=\"margin-top: 1rem;\">Con el collage de fotos Carta de familia, tienes el control absoluto sobre el producto final. Desde elegir la palabra que representa a tu familia hasta personalizar la combinaci\u00f3n de colores y a\u00f1adir mensajes personales, puedes adaptar cada aspecto para reflejar tus gustos y preferencias \u00fanicos.<\/p>\r\n<p style=\"margin-top: 1rem;\">En conclusi\u00f3n, el Collage de fotos de cartas familiares es la forma definitiva de celebrar la familia y crear un recuerdo duradero. Con su proceso de creaci\u00f3n f\u00e1cil de usar, su toque personalizado y su bonito dise\u00f1o, destaca como un regalo realmente especial. Conserva tus preciosos recuerdos, muestra tu individualidad y expresa tu amor por tu familia con este excepcional collage.<\/p>","protected":false},"excerpt":{"rendered":"<p>&nbsp;<\/p>\n<ul class=\"check-list\">\n<li>A\u00f1ade un mensaje personalizado para hacer el regalo a\u00fan m\u00e1s memorable<\/li>\n<li>Personal\u00edzalo en apenas tres pasos<\/li>\n<li>Elige una plantilla o crea tu proprio dise\u00f1o<\/li>\n<li>Visualiza tu dise\u00f1o al instante:con nuestra vista previa interactiva<\/li>\n<\/ul>\n","protected":false},"featured_media":1671221,"template":"","meta":[],"product_brand":[],"product_cat":[8997,5270,8012,15060,7853,11460,7693,9124,106],"product_tag":[16042,16043,8541,16044,16045,16046,13469],"class_list":{"0":"post-960960","1":"product","2":"type-product","3":"status-publish","4":"has-post-thumbnail","6":"product_cat-dia-de-los-abuelos","7":"product_cat-regalos-de-navidad","8":"product_cat-regalos-para-hombres","9":"product_cat-regalos-de-navidad-para-la-familia","10":"product_cat-regalos-para-la-familia","11":"product_cat-regalos-de-navidad-para-los-padres","12":"product_cat-regalos-para-mujeres","13":"product_cat-photo-letter-es","14":"product_cat-todos-los-productos","15":"product_tag-family-gift-ideas-es","16":"product_tag-family-gifts-es","17":"product_tag-family-es","18":"product_tag-gift-for-family-es","19":"product_tag-gifts-for-family-es","20":"product_tag-personalized-family-gifts-es","21":"product_tag-regalos-de-navidad-para-la-familia","23":"first","24":"instock","25":"sale","26":"taxable","27":"shipping-taxable","28":"purchasable","29":"product-type-variable"},"yoast_head":"<!-- This site is optimized with the Yoast SEO Premium plugin v27.2 (Yoast SEO v27.2) - https:\/\/yoast.com\/product\/yoast-seo-premium-wordpress\/ -->\n<title>Collage de letras para la Familia - Positive Prints<\/title>\n<meta name=\"description\" content=\"\u00a1Crea un collage fotogr\u00e1fico personalizado y sorprende a toda la familia! El regalo ideal para recordar y celebrar aquellos momentos maravillosos que has vivido con tus seres queridos.\" \/>\n<meta name=\"robots\" content=\"index, follow, max-snippet:-1, max-image-preview:large, max-video-preview:-1\" \/>\n<link rel=\"canonical\" href=\"https:\/\/positiveprints.com\/es\/producto\/carta-familiar-foto-collage\/\" \/>\n<meta property=\"og:locale\" content=\"es_ES\" \/>\n<meta property=\"og:type\" content=\"article\" \/>\n<meta property=\"og:title\" content=\"Collage de letras para la Familia\" \/>\n<meta property=\"og:description\" content=\"&nbsp;   A\u00f1ade un mensaje personalizado para hacer el regalo a\u00fan m\u00e1s memorable  Personal\u00edzalo en apenas tres pasos  Elige una plantilla o crea tu proprio dise\u00f1o  Visualiza tu dise\u00f1o al instante:con nuestra vista previa interactiva\" \/>\n<meta property=\"og:url\" content=\"https:\/\/positiveprints.com\/es\/producto\/carta-familiar-foto-collage\/\" \/>\n<meta property=\"og:site_name\" content=\"Positive Prints\" \/>\n<meta property=\"article:publisher\" content=\"https:\/\/www.facebook.com\/positiveprintscom\" \/>\n<meta property=\"article:modified_time\" content=\"2026-04-12T21:13:08+00:00\" \/>\n<meta property=\"og:image\" content=\"https:\/\/positiveprints.com\/wp-content\/uploads\/2025\/03\/Packshot_ES_FAMILIA.webp\" \/>\n\t<meta property=\"og:image:width\" content=\"1450\" \/>\n\t<meta property=\"og:image:height\" content=\"1450\" \/>\n\t<meta property=\"og:image:type\" content=\"image\/webp\" \/>\n<meta name=\"twitter:card\" content=\"summary_large_image\" \/>\n<meta name=\"twitter:label1\" content=\"Tiempo de lectura\" \/>\n\t<meta name=\"twitter:data1\" content=\"3 minutos\" \/>\n<!-- \/ Yoast SEO Premium plugin. -->","yoast_head_json":{"title":"Collage de letras para la Familia - Positive Prints","description":"\u00a1Crea un collage fotogr\u00e1fico personalizado y sorprende a toda la familia! El regalo ideal para recordar y celebrar aquellos momentos maravillosos que has vivido con tus seres queridos.","robots":{"index":"index","follow":"follow","max-snippet":"max-snippet:-1","max-image-preview":"max-image-preview:large","max-video-preview":"max-video-preview:-1"},"canonical":"https:\/\/positiveprints.com\/es\/producto\/carta-familiar-foto-collage\/","og_locale":"es_ES","og_type":"article","og_title":"Collage de letras para la Familia","og_description":"&nbsp;   A\u00f1ade un mensaje personalizado para hacer el regalo a\u00fan m\u00e1s memorable  Personal\u00edzalo en apenas tres pasos  Elige una plantilla o crea tu proprio dise\u00f1o  Visualiza tu dise\u00f1o al instante:con nuestra vista previa interactiva","og_url":"https:\/\/positiveprints.com\/es\/producto\/carta-familiar-foto-collage\/","og_site_name":"Positive Prints","article_publisher":"https:\/\/www.facebook.com\/positiveprintscom","article_modified_time":"2026-04-12T21:13:08+00:00","og_image":[{"width":1450,"height":1450,"url":"https:\/\/positiveprints.com\/wp-content\/uploads\/2025\/03\/Packshot_ES_FAMILIA.webp","type":"image\/webp"}],"twitter_card":"summary_large_image","twitter_misc":{"Tiempo de lectura":"3 minutos"},"schema":{"@context":"https:\/\/schema.org","@graph":[{"@type":["WebPage","ItemPage"],"@id":"https:\/\/positiveprints.com\/es\/producto\/carta-familiar-foto-collage\/","url":"https:\/\/positiveprints.com\/es\/producto\/carta-familiar-foto-collage\/","name":"Collage de letras para la Familia - Positive Prints","isPartOf":{"@id":"https:\/\/positiveprints.com\/es\/#website"},"primaryImageOfPage":{"@id":"https:\/\/positiveprints.com\/es\/producto\/carta-familiar-foto-collage\/#primaryimage"},"image":{"@id":"https:\/\/positiveprints.com\/es\/producto\/carta-familiar-foto-collage\/#primaryimage"},"thumbnailUrl":"https:\/\/positiveprints.com\/wp-content\/uploads\/2026\/03\/Familia_ES.webp","datePublished":"2023-06-07T10:04:30+00:00","dateModified":"2026-04-12T21:13:08+00:00","description":"\u00a1Crea un collage fotogr\u00e1fico personalizado y sorprende a toda la familia! El regalo ideal para recordar y celebrar aquellos momentos maravillosos que has vivido con tus seres queridos.","breadcrumb":{"@id":"https:\/\/positiveprints.com\/es\/producto\/carta-familiar-foto-collage\/#breadcrumb"},"inLanguage":"es","potentialAction":[{"@type":"ReadAction","target":["https:\/\/positiveprints.com\/es\/producto\/carta-familiar-foto-collage\/"]}]},{"@type":"ImageObject","inLanguage":"es","@id":"https:\/\/positiveprints.com\/es\/producto\/carta-familiar-foto-collage\/#primaryimage","url":"https:\/\/positiveprints.com\/wp-content\/uploads\/2026\/03\/Familia_ES.webp","contentUrl":"https:\/\/positiveprints.com\/wp-content\/uploads\/2026\/03\/Familia_ES.webp","width":1450,"height":1450},{"@type":"BreadcrumbList","@id":"https:\/\/positiveprints.com\/es\/producto\/carta-familiar-foto-collage\/#breadcrumb","itemListElement":[{"@type":"ListItem","position":1,"name":"CASA","item":"https:\/\/positiveprints.com\/es\/"},{"@type":"ListItem","position":2,"name":"Productos","item":"https:\/\/positiveprints.com\/es\/shop\/"},{"@type":"ListItem","position":3,"name":"Collage de letras para la Familia"}]},{"@type":"WebSite","@id":"https:\/\/positiveprints.com\/es\/#website","url":"https:\/\/positiveprints.com\/es\/","name":"Positive Prints","description":"Custom Gifts for Special Occasions","publisher":{"@id":"https:\/\/positiveprints.com\/es\/#organization"},"potentialAction":[{"@type":"SearchAction","target":{"@type":"EntryPoint","urlTemplate":"https:\/\/positiveprints.com\/es\/?s={search_term_string}"},"query-input":{"@type":"PropertyValueSpecification","valueRequired":true,"valueName":"search_term_string"}}],"inLanguage":"es"},{"@type":"Organization","@id":"https:\/\/positiveprints.com\/es\/#organization","name":"Positive Prints","alternateName":"Positive Prints","url":"https:\/\/positiveprints.com\/es\/","logo":{"@type":"ImageObject","inLanguage":"es","@id":"https:\/\/positiveprints.com\/es\/#\/schema\/logo\/image\/","url":"https:\/\/positiveprints.com\/wp-content\/uploads\/2026\/03\/245815646_1337939713319158_5671353136411139666_n.png","contentUrl":"https:\/\/positiveprints.com\/wp-content\/uploads\/2026\/03\/245815646_1337939713319158_5671353136411139666_n.png","width":800,"height":800,"caption":"Positive Prints"},"image":{"@id":"https:\/\/positiveprints.com\/es\/#\/schema\/logo\/image\/"},"sameAs":["https:\/\/www.facebook.com\/positiveprintscom","https:\/\/www.instagram.com\/positiveprintscom\/","https:\/\/www.tiktok.com\/@positiveprintscom","https:\/\/www.pinterest.com\/positiveprintscom\/"]}]}},"jetpack_sharing_enabled":true,"_links":{"self":[{"href":"https:\/\/positiveprints.com\/es\/wp-json\/wp\/v2\/product\/960960","targetHints":{"allow":["GET"]}}],"collection":[{"href":"https:\/\/positiveprints.com\/es\/wp-json\/wp\/v2\/product"}],"about":[{"href":"https:\/\/positiveprints.com\/es\/wp-json\/wp\/v2\/types\/product"}],"wp:featuredmedia":[{"embeddable":true,"href":"https:\/\/positiveprints.com\/es\/wp-json\/wp\/v2\/media\/1671221"}],"wp:attachment":[{"href":"https:\/\/positiveprints.com\/es\/wp-json\/wp\/v2\/media?parent=960960"}],"wp:term":[{"taxonomy":"product_brand","embeddable":true,"href":"https:\/\/positiveprints.com\/es\/wp-json\/wp\/v2\/product_brand?post=960960"},{"taxonomy":"product_cat","embeddable":true,"href":"https:\/\/positiveprints.com\/es\/wp-json\/wp\/v2\/product_cat?post=960960"},{"taxonomy":"product_tag","embeddable":true,"href":"https:\/\/positiveprints.com\/es\/wp-json\/wp\/v2\/product_tag?post=960960"}],"curies":[{"name":"wp","href":"https:\/\/api.w.org\/{rel}","templated":true}]}}