{"id":960948,"date":"2023-10-05T15:30:27","date_gmt":"2023-10-05T14:30:27","guid":{"rendered":"https:\/\/positiveprints.com\/product\/collage-de-fotos-de-cartas-de-recien-casados\/"},"modified":"2026-04-12T21:38:06","modified_gmt":"2026-04-12T20:38:06","slug":"recien-casados-carta-foto-collage","status":"publish","type":"product","link":"https:\/\/positiveprints.com\/es\/producto\/recien-casados-carta-foto-collage\/","title":{"rendered":"Collage de fotos de cartas de reci\u00e9n casados"},"content":{"rendered":"<h2 class=\"grenB f24 cblue\" style=\"margin-top: 3rem\">Captura su amor con un collage fotogr\u00e1fico personalizado de cartas de reci\u00e9n casados<\/h2>\r\n          \r\n\r\n          \r\n\r\n          <p style=\"margin-top: 1rem\">El collage fotogr\u00e1fico Carta de Reci\u00e9n Casados es una impresi\u00f3n o un lienzo personalizados, extraordinarios y \u00fanicos, creados a partir de tus propias fotos. Este excepcional collage te permite dar forma de palabra a tus fotos, convirti\u00e9ndolo en un regalo verdaderamente especial para reci\u00e9n casados.<\/p>\r\n          \r\n\r\n          \r\n\r\n          <h2 class=\"grenB f24 cblue\" style=\"margin-top: 3rem\">Dise\u00f1a tu perfecto collage de fotos de cartas de reci\u00e9n casados en s\u00f3lo tres sencillos pasos<\/h2>\r\n          \r\n\r\n          \r\n\r\n          <p style=\"margin-top: 1rem\">Crear un collage de fotos de cartas de reci\u00e9n casados es superf\u00e1cil con nuestro c\u00f3modo editor online. En s\u00f3lo tres sencillos pasos, puedes dise\u00f1ar el regalo perfecto con facilidad. Nuestro sencillo editor es compatible con dispositivos m\u00f3viles, lo que te permite crear tu obra maestra est\u00e9s donde est\u00e9s. \u00a1Di adi\u00f3s a horas de frustraci\u00f3n y hola a una experiencia sin estr\u00e9s!<\/p>\r\n          \r\n\r\n          \r\n\r\n          <p style=\"margin-top: 1rem\">Para empezar, s\u00f3lo tienes que elegir una palabra que tenga significado para la pareja. Puede ser su apellido, sus iniciales, la fecha de su boda o incluso palabras como &#8220;amor&#8221; o &#8220;siempre&#8221;: \u00a1las opciones son infinitas! Despu\u00e9s de seleccionar la palabra, tienes la libertad de personalizar a\u00fan m\u00e1s el collage eligiendo un color para el contorno de los s\u00edmbolos u optando por un contorno blanco limpio.<\/p>\r\n          \r\n\r\n          \r\n\r\n          <p style=\"margin-top: 1rem\">El siguiente paso consiste en subir tus fotos. Necesitar\u00e1s una foto por cada letra de la palabra elegida. Nuestro editor te permite hacer zoom, ajustar la posici\u00f3n de las fotos y personalizar realmente la disposici\u00f3n. Adem\u00e1s, puedes a\u00f1adir un sentido mensaje personal debajo del collage para hacerlo a\u00fan m\u00e1s especial.<\/p>\r\n          \r\n\r\n          \r\n\r\n          <p style=\"margin-top: 1rem\">Una vez que est\u00e9s satisfecho con tu creaci\u00f3n, es hora de elegir el tama\u00f1o y el formato que se adapten a tus necesidades. Puedes encargar una impresi\u00f3n enmarcada, un p\u00f3ster impreso, un lienzo impresionante o incluso un archivo de descarga digital instant\u00e1nea: \u00a1t\u00fa eliges!<\/p>\r\n          \r\n\r\n          \r\n\r\n          <h2 class=\"grenB f24 cblue\" style=\"margin-top: 3rem\">Un complemento \u00fanico y significativo para el sal\u00f3n de los reci\u00e9n casados<\/h2>\r\n          \r\n\r\n          \r\n\r\n          <p style=\"margin-top: 1rem\">Si buscas un regalo significativo para los reci\u00e9n casados, el Collage de fotos de cartas de reci\u00e9n casados es la elecci\u00f3n perfecta. Sin duda, ser\u00e1 un complemento llamativo para su sal\u00f3n, que desprender\u00e1 un toque personal y mostrar\u00e1 sus momentos m\u00e1s queridos juntos. A diferencia de cualquier otro regalo que puedas encontrar en la estanter\u00eda de una tienda, este collage es \u00fanico y hermoso, y capta la esencia de su amor y compromiso.<\/p>\r\n          \r\n\r\n          \r\n\r\n          <p style=\"margin-top: 1rem\">Sorprende a la feliz pareja con un Collage de fotos de cartas de reci\u00e9n casados, y observa c\u00f3mo sus caras se iluminan de alegr\u00eda y agradecimiento. Celebra su uni\u00f3n de una forma realmente extraordinaria con este regalo inolvidable. \u00a1Pide el tuyo hoy y deja que brille el amor!<\/p>","protected":false},"excerpt":{"rendered":"\n<ul class=\"check-list\">\n<li>Crea un recuerdo duradero del d\u00eda especial de los reci\u00e9n casados que ser\u00e1 un recordatorio de su amor y compromiso mutuos<\/li>\n<li>Incluye un texto personalizado significativo<\/li>\n<li>Personalizar en 3 sencillos pasos<\/li>\n<li>Elija una plantilla o sea creativo<\/li>\n<li>Ve el resultado de inmediato: la vista previa interactiva te permite perfeccionar cada detalle<\/li>\n<\/ul>\n","protected":false},"featured_media":1288052,"template":"","meta":[],"product_brand":[],"product_cat":[9124,106],"product_tag":[],"class_list":{"0":"post-960948","1":"product","2":"type-product","3":"status-publish","4":"has-post-thumbnail","6":"product_cat-photo-letter-es","7":"product_cat-todos-los-productos","9":"first","10":"instock","11":"sale","12":"taxable","13":"shipping-taxable","14":"purchasable","15":"product-type-variable"},"yoast_head":"<!-- This site is optimized with the Yoast SEO Premium plugin v27.2 (Yoast SEO v27.2) - https:\/\/yoast.com\/product\/yoast-seo-premium-wordpress\/ -->\n<title>Collage de fotos de cartas de reci\u00e9n casados - Positive Prints<\/title>\n<meta name=\"description\" content=\"Sorprende a la feliz pareja con un Collage de fotos de cartas de reci\u00e9n casados, y observa c\u00f3mo sus caras se iluminan de alegr\u00eda y agradecimiento.\" \/>\n<meta name=\"robots\" content=\"index, follow, max-snippet:-1, max-image-preview:large, max-video-preview:-1\" \/>\n<link rel=\"canonical\" href=\"https:\/\/positiveprints.com\/es\/producto\/recien-casados-carta-foto-collage\/\" \/>\n<meta property=\"og:locale\" content=\"es_ES\" \/>\n<meta property=\"og:type\" content=\"article\" \/>\n<meta property=\"og:title\" content=\"Collage de fotos de cartas de reci\u00e9n casados\" \/>\n<meta property=\"og:description\" content=\"Crea un recuerdo duradero del d\u00eda especial de los reci\u00e9n casados que ser\u00e1 un recordatorio de su amor y compromiso mutuos               Incluye un texto personalizado significativo               Personalizar en 3 sencillos pasos               Elija una plantilla o sea creativo               Ve el resultado de inmediato: la vista previa interactiva te permite perfeccionar cada detalle\" \/>\n<meta property=\"og:url\" content=\"https:\/\/positiveprints.com\/es\/producto\/recien-casados-carta-foto-collage\/\" \/>\n<meta property=\"og:site_name\" content=\"Positive Prints\" \/>\n<meta property=\"article:publisher\" content=\"https:\/\/www.facebook.com\/positiveprintscom\" \/>\n<meta property=\"article:modified_time\" content=\"2026-04-12T20:38:06+00:00\" \/>\n<meta property=\"og:image\" content=\"https:\/\/positiveprints.com\/wp-content\/uploads\/2024\/11\/Packshot_ES_Newlyweds-Letter-Photo-Collage-product-image.webp\" \/>\n\t<meta property=\"og:image:width\" content=\"1450\" \/>\n\t<meta property=\"og:image:height\" content=\"1450\" \/>\n\t<meta property=\"og:image:type\" content=\"image\/webp\" \/>\n<meta name=\"twitter:card\" content=\"summary_large_image\" \/>\n<meta name=\"twitter:label1\" content=\"Tiempo de lectura\" \/>\n\t<meta name=\"twitter:data1\" content=\"2 minutos\" \/>\n<!-- \/ Yoast SEO Premium plugin. -->","yoast_head_json":{"title":"Collage de fotos de cartas de reci\u00e9n casados - Positive Prints","description":"Sorprende a la feliz pareja con un Collage de fotos de cartas de reci\u00e9n casados, y observa c\u00f3mo sus caras se iluminan de alegr\u00eda y agradecimiento.","robots":{"index":"index","follow":"follow","max-snippet":"max-snippet:-1","max-image-preview":"max-image-preview:large","max-video-preview":"max-video-preview:-1"},"canonical":"https:\/\/positiveprints.com\/es\/producto\/recien-casados-carta-foto-collage\/","og_locale":"es_ES","og_type":"article","og_title":"Collage de fotos de cartas de reci\u00e9n casados","og_description":"Crea un recuerdo duradero del d\u00eda especial de los reci\u00e9n casados que ser\u00e1 un recordatorio de su amor y compromiso mutuos               Incluye un texto personalizado significativo               Personalizar en 3 sencillos pasos               Elija una plantilla o sea creativo               Ve el resultado de inmediato: la vista previa interactiva te permite perfeccionar cada detalle","og_url":"https:\/\/positiveprints.com\/es\/producto\/recien-casados-carta-foto-collage\/","og_site_name":"Positive Prints","article_publisher":"https:\/\/www.facebook.com\/positiveprintscom","article_modified_time":"2026-04-12T20:38:06+00:00","og_image":[{"width":1450,"height":1450,"url":"https:\/\/positiveprints.com\/wp-content\/uploads\/2024\/11\/Packshot_ES_Newlyweds-Letter-Photo-Collage-product-image.webp","type":"image\/webp"}],"twitter_card":"summary_large_image","twitter_misc":{"Tiempo de lectura":"2 minutos"},"schema":{"@context":"https:\/\/schema.org","@graph":[{"@type":["WebPage","ItemPage"],"@id":"https:\/\/positiveprints.com\/es\/producto\/recien-casados-carta-foto-collage\/","url":"https:\/\/positiveprints.com\/es\/producto\/recien-casados-carta-foto-collage\/","name":"Collage de fotos de cartas de reci\u00e9n casados - Positive Prints","isPartOf":{"@id":"https:\/\/positiveprints.com\/es\/#website"},"primaryImageOfPage":{"@id":"https:\/\/positiveprints.com\/es\/producto\/recien-casados-carta-foto-collage\/#primaryimage"},"image":{"@id":"https:\/\/positiveprints.com\/es\/producto\/recien-casados-carta-foto-collage\/#primaryimage"},"thumbnailUrl":"https:\/\/positiveprints.com\/wp-content\/uploads\/2024\/11\/Packshot_ES_Newlyweds-Letter-Photo-Collage-product-image.webp","datePublished":"2023-10-05T14:30:27+00:00","dateModified":"2026-04-12T20:38:06+00:00","description":"Sorprende a la feliz pareja con un Collage de fotos de cartas de reci\u00e9n casados, y observa c\u00f3mo sus caras se iluminan de alegr\u00eda y agradecimiento.","breadcrumb":{"@id":"https:\/\/positiveprints.com\/es\/producto\/recien-casados-carta-foto-collage\/#breadcrumb"},"inLanguage":"es","potentialAction":[{"@type":"ReadAction","target":["https:\/\/positiveprints.com\/es\/producto\/recien-casados-carta-foto-collage\/"]}]},{"@type":"ImageObject","inLanguage":"es","@id":"https:\/\/positiveprints.com\/es\/producto\/recien-casados-carta-foto-collage\/#primaryimage","url":"https:\/\/positiveprints.com\/wp-content\/uploads\/2024\/11\/Packshot_ES_Newlyweds-Letter-Photo-Collage-product-image.webp","contentUrl":"https:\/\/positiveprints.com\/wp-content\/uploads\/2024\/11\/Packshot_ES_Newlyweds-Letter-Photo-Collage-product-image.webp","width":1450,"height":1450,"caption":"Packshot_ES_Newlyweds Letter Photo Collage product image"},{"@type":"BreadcrumbList","@id":"https:\/\/positiveprints.com\/es\/producto\/recien-casados-carta-foto-collage\/#breadcrumb","itemListElement":[{"@type":"ListItem","position":1,"name":"CASA","item":"https:\/\/positiveprints.com\/es\/"},{"@type":"ListItem","position":2,"name":"Productos","item":"https:\/\/positiveprints.com\/es\/shop\/"},{"@type":"ListItem","position":3,"name":"Collage de fotos de cartas de reci\u00e9n casados"}]},{"@type":"WebSite","@id":"https:\/\/positiveprints.com\/es\/#website","url":"https:\/\/positiveprints.com\/es\/","name":"Positive Prints","description":"Custom Gifts for Special Occasions","publisher":{"@id":"https:\/\/positiveprints.com\/es\/#organization"},"potentialAction":[{"@type":"SearchAction","target":{"@type":"EntryPoint","urlTemplate":"https:\/\/positiveprints.com\/es\/?s={search_term_string}"},"query-input":{"@type":"PropertyValueSpecification","valueRequired":true,"valueName":"search_term_string"}}],"inLanguage":"es"},{"@type":"Organization","@id":"https:\/\/positiveprints.com\/es\/#organization","name":"Positive Prints","alternateName":"Positive Prints","url":"https:\/\/positiveprints.com\/es\/","logo":{"@type":"ImageObject","inLanguage":"es","@id":"https:\/\/positiveprints.com\/es\/#\/schema\/logo\/image\/","url":"https:\/\/positiveprints.com\/wp-content\/uploads\/2026\/03\/245815646_1337939713319158_5671353136411139666_n.png","contentUrl":"https:\/\/positiveprints.com\/wp-content\/uploads\/2026\/03\/245815646_1337939713319158_5671353136411139666_n.png","width":800,"height":800,"caption":"Positive Prints"},"image":{"@id":"https:\/\/positiveprints.com\/es\/#\/schema\/logo\/image\/"},"sameAs":["https:\/\/www.facebook.com\/positiveprintscom","https:\/\/www.instagram.com\/positiveprintscom\/","https:\/\/www.tiktok.com\/@positiveprintscom","https:\/\/www.pinterest.com\/positiveprintscom\/"]}]}},"jetpack_sharing_enabled":true,"_links":{"self":[{"href":"https:\/\/positiveprints.com\/es\/wp-json\/wp\/v2\/product\/960948","targetHints":{"allow":["GET"]}}],"collection":[{"href":"https:\/\/positiveprints.com\/es\/wp-json\/wp\/v2\/product"}],"about":[{"href":"https:\/\/positiveprints.com\/es\/wp-json\/wp\/v2\/types\/product"}],"wp:featuredmedia":[{"embeddable":true,"href":"https:\/\/positiveprints.com\/es\/wp-json\/wp\/v2\/media\/1288052"}],"wp:attachment":[{"href":"https:\/\/positiveprints.com\/es\/wp-json\/wp\/v2\/media?parent=960948"}],"wp:term":[{"taxonomy":"product_brand","embeddable":true,"href":"https:\/\/positiveprints.com\/es\/wp-json\/wp\/v2\/product_brand?post=960948"},{"taxonomy":"product_cat","embeddable":true,"href":"https:\/\/positiveprints.com\/es\/wp-json\/wp\/v2\/product_cat?post=960948"},{"taxonomy":"product_tag","embeddable":true,"href":"https:\/\/positiveprints.com\/es\/wp-json\/wp\/v2\/product_tag?post=960948"}],"curies":[{"name":"wp","href":"https:\/\/api.w.org\/{rel}","templated":true}]}}