{"id":960944,"date":"2023-10-05T15:26:54","date_gmt":"2023-10-05T14:26:54","guid":{"rendered":"https:\/\/positiveprints.com\/product\/collage-de-fotos-de-bebe\/"},"modified":"2026-04-23T11:17:19","modified_gmt":"2026-04-23T10:17:19","slug":"collage-de-fotos-de-bebes","status":"publish","type":"product","link":"https:\/\/positiveprints.com\/es\/producto\/collage-de-fotos-de-bebes\/","title":{"rendered":"Collage de fotos de beb\u00e9"},"content":{"rendered":"<h2 class=\"grenB f24 cblue\" style=\"margin-top: 3rem\">Personaliza tus recuerdos con el collage de fotos de beb\u00e9<\/h2>\r\n          \r\n\r\n          \r\n\r\n          \r\n\r\n          <p style=\"margin-top: 1rem\">El collage de fotos de beb\u00e9 es una forma fant\u00e1stica de conservar tus preciosos recuerdos y crear una impresi\u00f3n o un lienzo \u00fanicos y personalizados. Con este collage especial, puedes dar forma a tus fotos en varios s\u00edmbolos, como estrellas, huellas, corazones o manos. Adem\u00e1s, tienes la opci\u00f3n de utilizar n\u00fameros o letras para darle a\u00fan m\u00e1s sentido. Esta extraordinaria creaci\u00f3n no s\u00f3lo es un regalo perfecto para el cumplea\u00f1os de un beb\u00e9, sino que tambi\u00e9n sirve como maravillosa decoraci\u00f3n para la habitaci\u00f3n de cualquier ni\u00f1o.<\/p>\r\n          \r\n\r\n          \r\n\r\n          <h2 class=\"grenB f24 cblue\" style=\"margin-top: 3rem\">C\u00f3mo crear un impresionante collage de fotos de beb\u00e9<\/h2>\r\n          \r\n\r\n          \r\n\r\n          <p style=\"margin-top: 1rem\">Puedes crear un collage de fotos con el nombre del beb\u00e9 con nuestro sencillo editor en l\u00ednea. El proceso es tan f\u00e1cil como 1-2-3, y puedes completarlo en muy poco tiempo. Tanto si utilizas un ordenador como un dispositivo m\u00f3vil, nuestro editor garantiza una experiencia fluida. Primero, elige los s\u00edmbolos o letras que quieras incluir en tu dise\u00f1o. Aqu\u00ed es donde puedes dejar que brille tu creatividad organizando una secuencia \u00fanica de s\u00edmbolos, letras y n\u00fameros. Por ejemplo, puedes elegir la primera letra del nombre de tu hijo y combinarla con s\u00edmbolos especiales de beb\u00e9, como globos o huellas de pies. \u00a1Las posibilidades son infinitas! Para a\u00f1adir un toque de estilo, puedes seleccionar un color para el contorno de los s\u00edmbolos u optar por un contorno blanco limpio y sencillo.<\/p>\r\n          \r\n\r\n          \r\n\r\n          <p style=\"margin-top: 1rem\">Despu\u00e9s de finalizar tu dise\u00f1o, es hora de subir tus fotos. Puedes subir f\u00e1cilmente una foto para cada s\u00edmbolo, y nuestro editor te permite hacer zoom, ajustar la posici\u00f3n e incluso a\u00f1adir un mensaje personal debajo de las fotos. De este modo, podr\u00e1s a\u00f1adir un toque sincero a tu collage. Por \u00faltimo, elige el tama\u00f1o y el formato deseados para tu collage de fotos de beb\u00e9. Tanto si prefieres un p\u00f3ster enmarcado, un lienzo impreso o un archivo de descarga digital instant\u00e1nea, tenemos opciones que se adaptan a tus necesidades.<\/p>\r\n          \r\n\r\n          \r\n\r\n          <h2 class=\"grenB f24 cblue\" style=\"margin-top: 3rem\">El regalo perfecto para celebrar los hitos del beb\u00e9<\/h2>\r\n          \r\n\r\n          \r\n\r\n          <p style=\"margin-top: 1rem\">\u00bfEst\u00e1s buscando un regalo significativo para el primer, segundo o pr\u00f3ximo cumplea\u00f1os de un beb\u00e9? No busques m\u00e1s: Collage de fotos de beb\u00e9s. Esta asombrosa creaci\u00f3n no s\u00f3lo captar\u00e1 la atenci\u00f3n de todos, sino que tambi\u00e9n aportar\u00e1 un toque de calidez y personalizaci\u00f3n a la habitaci\u00f3n de cualquier ni\u00f1o. A diferencia de los regalos gen\u00e9ricos comprados en tiendas, nuestro collage es un regalo \u00fanico y bonito que destaca sobre los dem\u00e1s. Conserva esos recuerdos especiales y celebra la alegr\u00eda de la infancia con el collage de fotos de beb\u00e9.<\/p>","protected":false},"excerpt":{"rendered":"\n<ul class=\"check-list\">\n<li>Haz un collage que ser\u00e1 un recuerdo especial tanto para el ni\u00f1o como para sus padres<\/li>\n<li>Incluye un texto personalizado significativo<\/li>\n<li>Personalizar en 3 sencillos pasos<\/li>\n<li>Elija una plantilla o sea creativo<\/li>\n<li>Ve el resultado de inmediato: la vista previa interactiva te permite perfeccionar cada detalle<\/li>\n<\/ul>\n","protected":false},"featured_media":1270391,"template":"","meta":[],"product_brand":[],"product_cat":[3128,5254,7821,9124,11220,11219,106],"product_tag":[],"class_list":{"0":"post-960944","1":"product","2":"type-product","3":"status-publish","4":"has-post-thumbnail","6":"product_cat-regalos-de-cumpleanos","7":"product_cat-regalos-de-nacimiento-de-bebe","8":"product_cat-regalos-para-padres-primerizos","9":"product_cat-photo-letter-es","10":"product_cat-regalos-de-cumpleanos-para-hombres","11":"product_cat-regalos-de-cumpleanos-para-mujeres","12":"product_cat-todos-los-productos","14":"first","15":"instock","16":"sale","17":"taxable","18":"shipping-taxable","19":"purchasable","20":"product-type-variable"},"yoast_head":"<!-- This site is optimized with the Yoast SEO Premium plugin v27.2 (Yoast SEO v27.2) - https:\/\/yoast.com\/product\/yoast-seo-premium-wordpress\/ -->\n<title>Collage de fotos de beb\u00e9 - Regalo personalizado para beb\u00e9 - Positive Prints<\/title>\n<meta name=\"description\" content=\"El collage de fotos de beb\u00e9 no s\u00f3lo es un regalo perfecto para el cumplea\u00f1os de un beb\u00e9, sino que tambi\u00e9n sirve como maravillosa decoraci\u00f3n para la habitaci\u00f3n de cualquier ni\u00f1o.\" \/>\n<meta name=\"robots\" content=\"index, follow, max-snippet:-1, max-image-preview:large, max-video-preview:-1\" \/>\n<link rel=\"canonical\" href=\"https:\/\/positiveprints.com\/es\/producto\/collage-de-fotos-de-bebes\/\" \/>\n<meta property=\"og:locale\" content=\"es_ES\" \/>\n<meta property=\"og:type\" content=\"article\" \/>\n<meta property=\"og:title\" content=\"Collage de fotos de beb\u00e9\" \/>\n<meta property=\"og:description\" content=\"Haz un collage que ser\u00e1 un recuerdo especial tanto para el ni\u00f1o como para sus padres               Incluye un texto personalizado significativo               Personalizar en 3 sencillos pasos               Elija una plantilla o sea creativo               Ve el resultado de inmediato: la vista previa interactiva te permite perfeccionar cada detalle\" \/>\n<meta property=\"og:url\" content=\"https:\/\/positiveprints.com\/es\/producto\/collage-de-fotos-de-bebes\/\" \/>\n<meta property=\"og:site_name\" content=\"Positive Prints\" \/>\n<meta property=\"article:publisher\" content=\"https:\/\/www.facebook.com\/positiveprintscom\" \/>\n<meta property=\"article:modified_time\" content=\"2026-04-23T10:17:19+00:00\" \/>\n<meta property=\"og:image\" content=\"https:\/\/positiveprints.com\/wp-content\/uploads\/2024\/11\/Packshot_ES_Baby-Photo-Collage-product-image-.webp\" \/>\n\t<meta property=\"og:image:width\" content=\"1450\" \/>\n\t<meta property=\"og:image:height\" content=\"1450\" \/>\n\t<meta property=\"og:image:type\" content=\"image\/webp\" \/>\n<meta name=\"twitter:card\" content=\"summary_large_image\" \/>\n<!-- \/ Yoast SEO Premium plugin. -->","yoast_head_json":{"title":"Collage de fotos de beb\u00e9 - Regalo personalizado para beb\u00e9 - Positive Prints","description":"El collage de fotos de beb\u00e9 no s\u00f3lo es un regalo perfecto para el cumplea\u00f1os de un beb\u00e9, sino que tambi\u00e9n sirve como maravillosa decoraci\u00f3n para la habitaci\u00f3n de cualquier ni\u00f1o.","robots":{"index":"index","follow":"follow","max-snippet":"max-snippet:-1","max-image-preview":"max-image-preview:large","max-video-preview":"max-video-preview:-1"},"canonical":"https:\/\/positiveprints.com\/es\/producto\/collage-de-fotos-de-bebes\/","og_locale":"es_ES","og_type":"article","og_title":"Collage de fotos de beb\u00e9","og_description":"Haz un collage que ser\u00e1 un recuerdo especial tanto para el ni\u00f1o como para sus padres               Incluye un texto personalizado significativo               Personalizar en 3 sencillos pasos               Elija una plantilla o sea creativo               Ve el resultado de inmediato: la vista previa interactiva te permite perfeccionar cada detalle","og_url":"https:\/\/positiveprints.com\/es\/producto\/collage-de-fotos-de-bebes\/","og_site_name":"Positive Prints","article_publisher":"https:\/\/www.facebook.com\/positiveprintscom","article_modified_time":"2026-04-23T10:17:19+00:00","og_image":[{"width":1450,"height":1450,"url":"https:\/\/positiveprints.com\/wp-content\/uploads\/2024\/11\/Packshot_ES_Baby-Photo-Collage-product-image-.webp","type":"image\/webp"}],"twitter_card":"summary_large_image","schema":{"@context":"https:\/\/schema.org","@graph":[{"@type":["WebPage","ItemPage"],"@id":"https:\/\/positiveprints.com\/es\/producto\/collage-de-fotos-de-bebes\/","url":"https:\/\/positiveprints.com\/es\/producto\/collage-de-fotos-de-bebes\/","name":"Collage de fotos de beb\u00e9 - Regalo personalizado para beb\u00e9 - Positive Prints","isPartOf":{"@id":"https:\/\/positiveprints.com\/es\/#website"},"primaryImageOfPage":{"@id":"https:\/\/positiveprints.com\/es\/producto\/collage-de-fotos-de-bebes\/#primaryimage"},"image":{"@id":"https:\/\/positiveprints.com\/es\/producto\/collage-de-fotos-de-bebes\/#primaryimage"},"thumbnailUrl":"https:\/\/positiveprints.com\/wp-content\/uploads\/2024\/11\/Packshot_ES_Baby-Photo-Collage-product-image-.webp","datePublished":"2023-10-05T14:26:54+00:00","dateModified":"2026-04-23T10:17:19+00:00","description":"El collage de fotos de beb\u00e9 no s\u00f3lo es un regalo perfecto para el cumplea\u00f1os de un beb\u00e9, sino que tambi\u00e9n sirve como maravillosa decoraci\u00f3n para la habitaci\u00f3n de cualquier ni\u00f1o.","breadcrumb":{"@id":"https:\/\/positiveprints.com\/es\/producto\/collage-de-fotos-de-bebes\/#breadcrumb"},"inLanguage":"es","potentialAction":[{"@type":"ReadAction","target":["https:\/\/positiveprints.com\/es\/producto\/collage-de-fotos-de-bebes\/"]}]},{"@type":"ImageObject","inLanguage":"es","@id":"https:\/\/positiveprints.com\/es\/producto\/collage-de-fotos-de-bebes\/#primaryimage","url":"https:\/\/positiveprints.com\/wp-content\/uploads\/2024\/11\/Packshot_ES_Baby-Photo-Collage-product-image-.webp","contentUrl":"https:\/\/positiveprints.com\/wp-content\/uploads\/2024\/11\/Packshot_ES_Baby-Photo-Collage-product-image-.webp","width":1450,"height":1450},{"@type":"BreadcrumbList","@id":"https:\/\/positiveprints.com\/es\/producto\/collage-de-fotos-de-bebes\/#breadcrumb","itemListElement":[{"@type":"ListItem","position":1,"name":"CASA","item":"https:\/\/positiveprints.com\/es\/"},{"@type":"ListItem","position":2,"name":"Productos","item":"https:\/\/positiveprints.com\/es\/shop\/"},{"@type":"ListItem","position":3,"name":"Collage de fotos de beb\u00e9"}]},{"@type":"WebSite","@id":"https:\/\/positiveprints.com\/es\/#website","url":"https:\/\/positiveprints.com\/es\/","name":"Positive Prints","description":"Custom Gifts for Special Occasions","publisher":{"@id":"https:\/\/positiveprints.com\/es\/#organization"},"potentialAction":[{"@type":"SearchAction","target":{"@type":"EntryPoint","urlTemplate":"https:\/\/positiveprints.com\/es\/?s={search_term_string}"},"query-input":{"@type":"PropertyValueSpecification","valueRequired":true,"valueName":"search_term_string"}}],"inLanguage":"es"},{"@type":"Organization","@id":"https:\/\/positiveprints.com\/es\/#organization","name":"Positive Prints","alternateName":"Positive Prints ","url":"https:\/\/positiveprints.com\/es\/","logo":{"@type":"ImageObject","inLanguage":"es","@id":"https:\/\/positiveprints.com\/es\/#\/schema\/logo\/image\/","url":"https:\/\/positiveprints.com\/wp-content\/uploads\/2026\/03\/245815646_1337939713319158_5671353136411139666_n.png","contentUrl":"https:\/\/positiveprints.com\/wp-content\/uploads\/2026\/03\/245815646_1337939713319158_5671353136411139666_n.png","width":800,"height":800,"caption":"Positive Prints"},"image":{"@id":"https:\/\/positiveprints.com\/es\/#\/schema\/logo\/image\/"},"sameAs":["https:\/\/www.facebook.com\/positiveprintscom","https:\/\/www.instagram.com\/positiveprintscom\/","https:\/\/www.tiktok.com\/@positiveprintscom","https:\/\/www.pinterest.com\/positiveprintscom\/"]}]}},"jetpack_sharing_enabled":true,"_links":{"self":[{"href":"https:\/\/positiveprints.com\/es\/wp-json\/wp\/v2\/product\/960944","targetHints":{"allow":["GET"]}}],"collection":[{"href":"https:\/\/positiveprints.com\/es\/wp-json\/wp\/v2\/product"}],"about":[{"href":"https:\/\/positiveprints.com\/es\/wp-json\/wp\/v2\/types\/product"}],"wp:featuredmedia":[{"embeddable":true,"href":"https:\/\/positiveprints.com\/es\/wp-json\/wp\/v2\/media\/1270391"}],"wp:attachment":[{"href":"https:\/\/positiveprints.com\/es\/wp-json\/wp\/v2\/media?parent=960944"}],"wp:term":[{"taxonomy":"product_brand","embeddable":true,"href":"https:\/\/positiveprints.com\/es\/wp-json\/wp\/v2\/product_brand?post=960944"},{"taxonomy":"product_cat","embeddable":true,"href":"https:\/\/positiveprints.com\/es\/wp-json\/wp\/v2\/product_cat?post=960944"},{"taxonomy":"product_tag","embeddable":true,"href":"https:\/\/positiveprints.com\/es\/wp-json\/wp\/v2\/product_tag?post=960944"}],"curies":[{"name":"wp","href":"https:\/\/api.w.org\/{rel}","templated":true}]}}