{"id":960934,"date":"2023-06-02T13:37:25","date_gmt":"2023-10-05T14:23:20","guid":{"rendered":"https:\/\/positiveprints.com\/product\/collage-de-fotos-con-nombre-de-bebe\/"},"modified":"2026-04-12T22:14:28","modified_gmt":"2026-04-12T21:14:28","slug":"collage-de-fotos-con-nombre-de-bebe","status":"publish","type":"product","link":"https:\/\/positiveprints.com\/es\/producto\/collage-de-fotos-con-nombre-de-bebe\/","title":{"rendered":"Collage de letras con el nombre del reci\u00e9n nacido"},"content":{"rendered":"<h2>Crea un collage de fotos personalizado y \u00fanico con el nombre del beb\u00e9 reci\u00e9n nacido<\/h2>\r\n<span style=\"font-weight: 400;\">El collage de fotos con el nombre del beb\u00e9 reci\u00e9n nacido es un regalo muy especial, personalizado especial y \u00fanico que alegrar\u00e1 a los nuevos pap\u00e1s y a\u00f1adir\u00e1 una nota decorativa perfecta para cualquier habitaci\u00f3n infantil.\u00a0<\/span>\r\n\r\n<span style=\"font-weight: 400;\">Esta impresi\u00f3n personalizada se crea con el nombre y fotos del beb\u00e9, lo que lo convierte en un regalo s\u00faper especial y \u00fanico.\u00a0<\/span>\r\n<h2>Sencillos pasos para dise\u00f1ar el collage de fotos con el nombre del beb\u00e9 reci\u00e9n nacido<\/h2>\r\n<span style=\"font-weight: 400;\">Personalizar un collage de fotos con el nombre del beb\u00e9 es muy f\u00e1cil con nuestro editor en l\u00ednea. En apenas\u00a0 tres sencillos pasos, podr\u00e1s crear un regalo perfecto que ser\u00e1 recordado durante a\u00f1os. Nuestro editor en l\u00ednea tambi\u00e9n es apto para m\u00f3viles, \u00a1as\u00ed que no tendr\u00e1s ning\u00fan problema para crear tu obra de arte!\u00a0<\/span>\r\n\r\n<span style=\"font-weight: 400;\">En primer lugar, introduce el nombre del beb\u00e9 para\u00a0 generar tu dise\u00f1o personalizado. Tienes la opci\u00f3n de seleccionar un color para el contorno de las letras o, si lo prefieres, puedes elegir blanco para obtener un dise\u00f1o m\u00e1s limpio y minimalista. A continuaci\u00f3n sube\u00a0 tantas fotos como letras tenga el nombre del beb\u00e9. Tambi\u00e9n tienes la posibilidad de ampliar y ajustar la posici\u00f3n de cada foto, para que cada imagen encaje a la perfecci\u00f3n. En este momento ya puedes\u00a0 a\u00f1adir un mensaje personalizado debajo del collage para hacerlo a\u00fan m\u00e1s especial.Por \u00faltimo, elige el tama\u00f1o y\u00a0 formato que m\u00e1s se adapte a tus necesidades.\u00a0<\/span>\r\n\r\n<span style=\"font-weight: 400;\">Tanto si prefieres un p\u00f3ster enmarcado, un lienzo impreso o un archivo digital, tenemos todo lo que necesitas.\u00a0<\/span>\r\n<h2>El regalo perfecto para los nuevos pap\u00e1s y la decoraci\u00f3n perfecta para el cuarto del beb\u00e9<\/h2>\r\n<span style=\"font-weight: 400;\">Si\u00a0 buscas un regalo personalizado especial y con significado para un reci\u00e9n nacido, elige el collage de fotos con el nombre del beb\u00e9. No solo es un complemento perfecto para cualquier habitaci\u00f3n infantil, sino que tambi\u00e9n es un regalo personal y precioso que destacar\u00e1 sobre cualquier otra cosa que puedas encontrar en la estanter\u00eda de cualquier\u00a0 tienda.<\/span>\r\n\r\n<span style=\"font-weight: 400;\">No esperes m\u00e1s para hacer el regalo perfecto, capta la esencia del nombre del reci\u00e9n nacido. Crea hoy mismo tu collage de fotos personalizado y se testigo de la alegr\u00eda que producir\u00e1s a quien lo reciba. <\/span>","protected":false},"excerpt":{"rendered":"<p>&nbsp;<\/p>\n<ul class=\"check-list\">\n<li>A\u00f1ade un mensaje personalizado para que tu dise\u00f1o sea \u00fanico y especial<\/li>\n<li>Personal\u00edzalo en 3 pasos<\/li>\n<li>Elige una plantilla o deja volar tu creatividad<\/li>\n<li>Previsualiza el resultado en segundos &#8211; La vista previa interactiva te permitir\u00e1 ajustar cada detalle<\/li>\n<\/ul>\n","protected":false},"featured_media":1399883,"template":"","meta":[],"product_brand":[],"product_cat":[9280,3128,5254,7773,7693,7821,9124,11220,11219,106],"product_tag":[16166,8457,9488,16179],"class_list":{"0":"post-960934","1":"product","2":"type-product","3":"status-publish","4":"has-post-thumbnail","6":"product_cat-bestsellers-label-es","7":"product_cat-regalos-de-cumpleanos","8":"product_cat-regalos-de-nacimiento-de-bebe","9":"product_cat-regalos-para-mi-hija","10":"product_cat-regalos-para-mujeres","11":"product_cat-regalos-para-padres-primerizos","12":"product_cat-photo-letter-es","13":"product_cat-regalos-de-cumpleanos-para-hombres","14":"product_cat-regalos-de-cumpleanos-para-mujeres","15":"product_cat-todos-los-productos","16":"product_tag-nacimiento-de-un-bebe","17":"product_tag-new-parents-es","18":"product_tag-recien-nacido","19":"product_tag-regalo-para-bebe","21":"first","22":"instock","23":"sale","24":"taxable","25":"shipping-taxable","26":"purchasable","27":"product-type-variable"},"yoast_head":"<!-- This site is optimized with the Yoast SEO Premium plugin v27.2 (Yoast SEO v27.2) - https:\/\/yoast.com\/product\/yoast-seo-premium-wordpress\/ -->\n<title>Collage de letras con el nombre del reci\u00e9n nacido - Positive Prints<\/title>\n<meta name=\"description\" content=\"Crea un collage de letras con fotos y el nombre del beb\u00e9. Personal\u00edzalo con tus fotos favoritas para formar un precioso dise\u00f1o con su nombre, capturando recuerdos inolvidables para siempre.\" \/>\n<meta name=\"robots\" content=\"index, follow, max-snippet:-1, max-image-preview:large, max-video-preview:-1\" \/>\n<link rel=\"canonical\" href=\"https:\/\/positiveprints.com\/es\/producto\/collage-de-fotos-con-nombre-de-bebe\/\" \/>\n<meta property=\"og:locale\" content=\"es_ES\" \/>\n<meta property=\"og:type\" content=\"article\" \/>\n<meta property=\"og:title\" content=\"Collage de letras con el nombre del reci\u00e9n nacido\" \/>\n<meta property=\"og:description\" content=\"&nbsp;   A\u00f1ade un mensaje personalizado para que tu dise\u00f1o sea \u00fanico y especial  Personal\u00edzalo en 3 pasos  Elige una plantilla o deja volar tu creatividad  Previsualiza el resultado en segundos - La vista previa interactiva te permitir\u00e1 ajustar cada detalle\" \/>\n<meta property=\"og:url\" content=\"https:\/\/positiveprints.com\/es\/producto\/collage-de-fotos-con-nombre-de-bebe\/\" \/>\n<meta property=\"og:site_name\" content=\"Positive Prints\" \/>\n<meta property=\"article:publisher\" content=\"https:\/\/www.facebook.com\/positiveprintscom\" \/>\n<meta property=\"article:modified_time\" content=\"2026-04-12T21:14:28+00:00\" \/>\n<meta property=\"og:image\" content=\"https:\/\/positiveprints.com\/wp-content\/uploads\/2024\/11\/Packshot_ES_Baby-Name-Photo-Collage-product-image-.webp\" \/>\n\t<meta property=\"og:image:width\" content=\"1450\" \/>\n\t<meta property=\"og:image:height\" content=\"1450\" \/>\n\t<meta property=\"og:image:type\" content=\"image\/webp\" \/>\n<meta name=\"twitter:card\" content=\"summary_large_image\" \/>\n<meta name=\"twitter:label1\" content=\"Tiempo de lectura\" \/>\n\t<meta name=\"twitter:data1\" content=\"2 minutos\" \/>\n<!-- \/ Yoast SEO Premium plugin. -->","yoast_head_json":{"title":"Collage de letras con el nombre del reci\u00e9n nacido - Positive Prints","description":"Crea un collage de letras con fotos y el nombre del beb\u00e9. Personal\u00edzalo con tus fotos favoritas para formar un precioso dise\u00f1o con su nombre, capturando recuerdos inolvidables para siempre.","robots":{"index":"index","follow":"follow","max-snippet":"max-snippet:-1","max-image-preview":"max-image-preview:large","max-video-preview":"max-video-preview:-1"},"canonical":"https:\/\/positiveprints.com\/es\/producto\/collage-de-fotos-con-nombre-de-bebe\/","og_locale":"es_ES","og_type":"article","og_title":"Collage de letras con el nombre del reci\u00e9n nacido","og_description":"&nbsp;   A\u00f1ade un mensaje personalizado para que tu dise\u00f1o sea \u00fanico y especial  Personal\u00edzalo en 3 pasos  Elige una plantilla o deja volar tu creatividad  Previsualiza el resultado en segundos - La vista previa interactiva te permitir\u00e1 ajustar cada detalle","og_url":"https:\/\/positiveprints.com\/es\/producto\/collage-de-fotos-con-nombre-de-bebe\/","og_site_name":"Positive Prints","article_publisher":"https:\/\/www.facebook.com\/positiveprintscom","article_modified_time":"2026-04-12T21:14:28+00:00","og_image":[{"width":1450,"height":1450,"url":"https:\/\/positiveprints.com\/wp-content\/uploads\/2024\/11\/Packshot_ES_Baby-Name-Photo-Collage-product-image-.webp","type":"image\/webp"}],"twitter_card":"summary_large_image","twitter_misc":{"Tiempo de lectura":"2 minutos"},"schema":{"@context":"https:\/\/schema.org","@graph":[{"@type":["WebPage","ItemPage"],"@id":"https:\/\/positiveprints.com\/es\/producto\/collage-de-fotos-con-nombre-de-bebe\/","url":"https:\/\/positiveprints.com\/es\/producto\/collage-de-fotos-con-nombre-de-bebe\/","name":"Collage de letras con el nombre del reci\u00e9n nacido - Positive Prints","isPartOf":{"@id":"https:\/\/positiveprints.com\/es\/#website"},"primaryImageOfPage":{"@id":"https:\/\/positiveprints.com\/es\/producto\/collage-de-fotos-con-nombre-de-bebe\/#primaryimage"},"image":{"@id":"https:\/\/positiveprints.com\/es\/producto\/collage-de-fotos-con-nombre-de-bebe\/#primaryimage"},"thumbnailUrl":"https:\/\/positiveprints.com\/wp-content\/uploads\/2025\/04\/Packshot_ES_BABY_NAME.webp","datePublished":"2023-10-05T14:23:20+00:00","dateModified":"2026-04-12T21:14:28+00:00","description":"Crea un collage de letras con fotos y el nombre del beb\u00e9. Personal\u00edzalo con tus fotos favoritas para formar un precioso dise\u00f1o con su nombre, capturando recuerdos inolvidables para siempre.","breadcrumb":{"@id":"https:\/\/positiveprints.com\/es\/producto\/collage-de-fotos-con-nombre-de-bebe\/#breadcrumb"},"inLanguage":"es","potentialAction":[{"@type":"ReadAction","target":["https:\/\/positiveprints.com\/es\/producto\/collage-de-fotos-con-nombre-de-bebe\/"]}]},{"@type":"ImageObject","inLanguage":"es","@id":"https:\/\/positiveprints.com\/es\/producto\/collage-de-fotos-con-nombre-de-bebe\/#primaryimage","url":"https:\/\/positiveprints.com\/wp-content\/uploads\/2025\/04\/Packshot_ES_BABY_NAME.webp","contentUrl":"https:\/\/positiveprints.com\/wp-content\/uploads\/2025\/04\/Packshot_ES_BABY_NAME.webp","width":1450,"height":1450,"caption":"Packshot_ES_BABY_NAME"},{"@type":"BreadcrumbList","@id":"https:\/\/positiveprints.com\/es\/producto\/collage-de-fotos-con-nombre-de-bebe\/#breadcrumb","itemListElement":[{"@type":"ListItem","position":1,"name":"CASA","item":"https:\/\/positiveprints.com\/es\/"},{"@type":"ListItem","position":2,"name":"Productos","item":"https:\/\/positiveprints.com\/es\/shop\/"},{"@type":"ListItem","position":3,"name":"Collage de letras con el nombre del reci\u00e9n nacido"}]},{"@type":"WebSite","@id":"https:\/\/positiveprints.com\/es\/#website","url":"https:\/\/positiveprints.com\/es\/","name":"Positive Prints","description":"Custom Gifts for Special Occasions","publisher":{"@id":"https:\/\/positiveprints.com\/es\/#organization"},"potentialAction":[{"@type":"SearchAction","target":{"@type":"EntryPoint","urlTemplate":"https:\/\/positiveprints.com\/es\/?s={search_term_string}"},"query-input":{"@type":"PropertyValueSpecification","valueRequired":true,"valueName":"search_term_string"}}],"inLanguage":"es"},{"@type":"Organization","@id":"https:\/\/positiveprints.com\/es\/#organization","name":"Positive Prints","alternateName":"Positive Prints","url":"https:\/\/positiveprints.com\/es\/","logo":{"@type":"ImageObject","inLanguage":"es","@id":"https:\/\/positiveprints.com\/es\/#\/schema\/logo\/image\/","url":"https:\/\/positiveprints.com\/wp-content\/uploads\/2026\/03\/245815646_1337939713319158_5671353136411139666_n.png","contentUrl":"https:\/\/positiveprints.com\/wp-content\/uploads\/2026\/03\/245815646_1337939713319158_5671353136411139666_n.png","width":800,"height":800,"caption":"Positive Prints"},"image":{"@id":"https:\/\/positiveprints.com\/es\/#\/schema\/logo\/image\/"},"sameAs":["https:\/\/www.facebook.com\/positiveprintscom","https:\/\/www.instagram.com\/positiveprintscom\/","https:\/\/www.tiktok.com\/@positiveprintscom","https:\/\/www.pinterest.com\/positiveprintscom\/"]}]}},"jetpack_sharing_enabled":true,"_links":{"self":[{"href":"https:\/\/positiveprints.com\/es\/wp-json\/wp\/v2\/product\/960934","targetHints":{"allow":["GET"]}}],"collection":[{"href":"https:\/\/positiveprints.com\/es\/wp-json\/wp\/v2\/product"}],"about":[{"href":"https:\/\/positiveprints.com\/es\/wp-json\/wp\/v2\/types\/product"}],"wp:featuredmedia":[{"embeddable":true,"href":"https:\/\/positiveprints.com\/es\/wp-json\/wp\/v2\/media\/1399883"}],"wp:attachment":[{"href":"https:\/\/positiveprints.com\/es\/wp-json\/wp\/v2\/media?parent=960934"}],"wp:term":[{"taxonomy":"product_brand","embeddable":true,"href":"https:\/\/positiveprints.com\/es\/wp-json\/wp\/v2\/product_brand?post=960934"},{"taxonomy":"product_cat","embeddable":true,"href":"https:\/\/positiveprints.com\/es\/wp-json\/wp\/v2\/product_cat?post=960934"},{"taxonomy":"product_tag","embeddable":true,"href":"https:\/\/positiveprints.com\/es\/wp-json\/wp\/v2\/product_tag?post=960934"}],"curies":[{"name":"wp","href":"https:\/\/api.w.org\/{rel}","templated":true}]}}