{"id":960930,"date":"2023-06-01T20:16:55","date_gmt":"2023-06-01T19:16:55","guid":{"rendered":"https:\/\/positiveprints.com\/product\/nombre-letra-foto-collage\/"},"modified":"2026-04-03T03:14:47","modified_gmt":"2026-04-03T02:14:47","slug":"nombre-carta-foto-collage","status":"publish","type":"product","link":"https:\/\/positiveprints.com\/es\/producto\/nombre-carta-foto-collage\/","title":{"rendered":"Nombre con Collage de letras"},"content":{"rendered":"","protected":false},"excerpt":{"rendered":"<p>&nbsp;<\/p>\n<ul class=\"check-list\">\n<li>Agrega un texto que sea \u00fanico para esa persona especial<\/li>\n<li>Personal\u00edzalo en tres simples pasos<\/li>\n<li>Elige una plantilla o deja fluir tu imaginaci\u00f3n y crea tu propio un dise\u00f1o desde cero<\/li>\n<li>Visualiza tu dise\u00f1o al instante con nuestra vista previa interactiva<\/li>\n<\/ul>\n","protected":false},"featured_media":1679300,"template":"","meta":[],"product_brand":[],"product_cat":[11595,11596,11597,11598,11640,11641,11642,11643,9280,3128,5270,8215,8012,11458,7646,7629,7661,7678,9124,11220,11219,106],"product_tag":[16574,9841,16774,16775,16776,17082],"class_list":{"0":"post-960930","1":"product","2":"type-product","3":"status-publish","4":"has-post-thumbnail","6":"product_cat-18-cumpleanos","7":"product_cat-21-cumpleanos","8":"product_cat-30-cumpleanos","9":"product_cat-40-cumpleanos","10":"product_cat-50-cumpleanos","11":"product_cat-60-cumpleanos","12":"product_cat-70-cumpleanos","13":"product_cat-80-cumpleanos","14":"product_cat-bestsellers-label-es","15":"product_cat-regalos-de-cumpleanos","16":"product_cat-regalos-de-navidad","17":"product_cat-para-el","18":"product_cat-regalos-para-hombres","19":"product_cat-regalos-de-navidad-para-los-ninos","20":"product_cat-regalos-para-mi-esposo","21":"product_cat-regalos-para-mi-hermano","22":"product_cat-regalos-para-mi-hijo","23":"product_cat-regalos-para-mi-novio","24":"product_cat-photo-letter-es","25":"product_cat-regalos-de-cumpleanos-para-hombres","26":"product_cat-regalos-de-cumpleanos-para-mujeres","27":"product_cat-todos-los-productos","28":"product_tag-hombres","29":"product_tag-marido","30":"product_tag-regalos-para-el","31":"product_tag-regalos-para-esposo","32":"product_tag-regalos-para-hombres","33":"product_tag-regalos-para-novio","35":"first","36":"instock","37":"sale","38":"taxable","39":"shipping-taxable","40":"purchasable","41":"product-type-variable"},"yoast_head":"<!-- This site is optimized with the Yoast SEO Premium plugin v27.2 (Yoast SEO v27.2) - https:\/\/yoast.com\/product\/yoast-seo-premium-wordpress\/ -->\n<title>Nombre con Collage de letras - Positive Prints<\/title>\n<meta name=\"description\" content=\"Celebra cualquier ocasi\u00f3n con un detalle personalizado. Dise\u00f1a un collage fotogr\u00e1fico de letras que muestre los momentos m\u00e1s importantes de su vida en cada letra.\" \/>\n<meta name=\"robots\" content=\"index, follow, max-snippet:-1, max-image-preview:large, max-video-preview:-1\" \/>\n<link rel=\"canonical\" href=\"https:\/\/positiveprints.com\/es\/producto\/nombre-carta-foto-collage\/\" \/>\n<meta property=\"og:locale\" content=\"es_ES\" \/>\n<meta property=\"og:type\" content=\"article\" \/>\n<meta property=\"og:title\" content=\"Nombre con Collage de letras\" \/>\n<meta property=\"og:description\" content=\"&nbsp;   Agrega un texto que sea \u00fanico para esa persona especial  Personal\u00edzalo en tres simples pasos  Elige una plantilla o deja fluir tu imaginaci\u00f3n y crea tu propio un dise\u00f1o desde cero  Visualiza tu dise\u00f1o al instante con nuestra vista previa interactiva\" \/>\n<meta property=\"og:url\" content=\"https:\/\/positiveprints.com\/es\/producto\/nombre-carta-foto-collage\/\" \/>\n<meta property=\"og:site_name\" content=\"Positive Prints\" \/>\n<meta property=\"article:publisher\" content=\"https:\/\/www.facebook.com\/positiveprintscom\" \/>\n<meta property=\"article:modified_time\" content=\"2026-04-03T02:14:47+00:00\" \/>\n<meta property=\"og:image\" content=\"https:\/\/positiveprints.com\/wp-content\/uploads\/2024\/11\/Packshot_ES_Name-Letter-Photo-Collage-product-image.webp\" \/>\n\t<meta property=\"og:image:width\" content=\"1450\" \/>\n\t<meta property=\"og:image:height\" content=\"1450\" \/>\n\t<meta property=\"og:image:type\" content=\"image\/webp\" \/>\n<meta name=\"twitter:card\" content=\"summary_large_image\" \/>\n<meta name=\"twitter:label1\" content=\"Tiempo de lectura\" \/>\n\t<meta name=\"twitter:data1\" content=\"1 minuto\" \/>\n<!-- \/ Yoast SEO Premium plugin. -->","yoast_head_json":{"title":"Nombre con Collage de letras - Positive Prints","description":"Celebra cualquier ocasi\u00f3n con un detalle personalizado. Dise\u00f1a un collage fotogr\u00e1fico de letras que muestre los momentos m\u00e1s importantes de su vida en cada letra.","robots":{"index":"index","follow":"follow","max-snippet":"max-snippet:-1","max-image-preview":"max-image-preview:large","max-video-preview":"max-video-preview:-1"},"canonical":"https:\/\/positiveprints.com\/es\/producto\/nombre-carta-foto-collage\/","og_locale":"es_ES","og_type":"article","og_title":"Nombre con Collage de letras","og_description":"&nbsp;   Agrega un texto que sea \u00fanico para esa persona especial  Personal\u00edzalo en tres simples pasos  Elige una plantilla o deja fluir tu imaginaci\u00f3n y crea tu propio un dise\u00f1o desde cero  Visualiza tu dise\u00f1o al instante con nuestra vista previa interactiva","og_url":"https:\/\/positiveprints.com\/es\/producto\/nombre-carta-foto-collage\/","og_site_name":"Positive Prints","article_publisher":"https:\/\/www.facebook.com\/positiveprintscom","article_modified_time":"2026-04-03T02:14:47+00:00","og_image":[{"width":1450,"height":1450,"url":"https:\/\/positiveprints.com\/wp-content\/uploads\/2024\/11\/Packshot_ES_Name-Letter-Photo-Collage-product-image.webp","type":"image\/webp"}],"twitter_card":"summary_large_image","twitter_misc":{"Tiempo de lectura":"1 minuto"},"schema":{"@context":"https:\/\/schema.org","@graph":[{"@type":["WebPage","ItemPage"],"@id":"https:\/\/positiveprints.com\/es\/producto\/nombre-carta-foto-collage\/","url":"https:\/\/positiveprints.com\/es\/producto\/nombre-carta-foto-collage\/","name":"Nombre con Collage de letras - Positive Prints","isPartOf":{"@id":"https:\/\/positiveprints.com\/es\/#website"},"primaryImageOfPage":{"@id":"https:\/\/positiveprints.com\/es\/producto\/nombre-carta-foto-collage\/#primaryimage"},"image":{"@id":"https:\/\/positiveprints.com\/es\/producto\/nombre-carta-foto-collage\/#primaryimage"},"thumbnailUrl":"https:\/\/positiveprints.com\/wp-content\/uploads\/2026\/03\/Nombre_ES-Packshot.webp","datePublished":"2023-06-01T19:16:55+00:00","dateModified":"2026-04-03T02:14:47+00:00","description":"Celebra cualquier ocasi\u00f3n con un detalle personalizado. Dise\u00f1a un collage fotogr\u00e1fico de letras que muestre los momentos m\u00e1s importantes de su vida en cada letra.","breadcrumb":{"@id":"https:\/\/positiveprints.com\/es\/producto\/nombre-carta-foto-collage\/#breadcrumb"},"inLanguage":"es","potentialAction":[{"@type":"ReadAction","target":["https:\/\/positiveprints.com\/es\/producto\/nombre-carta-foto-collage\/"]}]},{"@type":"ImageObject","inLanguage":"es","@id":"https:\/\/positiveprints.com\/es\/producto\/nombre-carta-foto-collage\/#primaryimage","url":"https:\/\/positiveprints.com\/wp-content\/uploads\/2026\/03\/Nombre_ES-Packshot.webp","contentUrl":"https:\/\/positiveprints.com\/wp-content\/uploads\/2026\/03\/Nombre_ES-Packshot.webp","width":1450,"height":1450,"caption":"Nombre_ES Packshot"},{"@type":"BreadcrumbList","@id":"https:\/\/positiveprints.com\/es\/producto\/nombre-carta-foto-collage\/#breadcrumb","itemListElement":[{"@type":"ListItem","position":1,"name":"CASA","item":"https:\/\/positiveprints.com\/es\/"},{"@type":"ListItem","position":2,"name":"Productos","item":"https:\/\/positiveprints.com\/es\/shop\/"},{"@type":"ListItem","position":3,"name":"Nombre con Collage de letras"}]},{"@type":"WebSite","@id":"https:\/\/positiveprints.com\/es\/#website","url":"https:\/\/positiveprints.com\/es\/","name":"Positive Prints","description":"Custom Gifts for Special Occasions","publisher":{"@id":"https:\/\/positiveprints.com\/es\/#organization"},"potentialAction":[{"@type":"SearchAction","target":{"@type":"EntryPoint","urlTemplate":"https:\/\/positiveprints.com\/es\/?s={search_term_string}"},"query-input":{"@type":"PropertyValueSpecification","valueRequired":true,"valueName":"search_term_string"}}],"inLanguage":"es"},{"@type":"Organization","@id":"https:\/\/positiveprints.com\/es\/#organization","name":"Positive Prints","alternateName":"Positive Prints","url":"https:\/\/positiveprints.com\/es\/","logo":{"@type":"ImageObject","inLanguage":"es","@id":"https:\/\/positiveprints.com\/es\/#\/schema\/logo\/image\/","url":"https:\/\/positiveprints.com\/wp-content\/uploads\/2026\/03\/245815646_1337939713319158_5671353136411139666_n.png","contentUrl":"https:\/\/positiveprints.com\/wp-content\/uploads\/2026\/03\/245815646_1337939713319158_5671353136411139666_n.png","width":800,"height":800,"caption":"Positive Prints"},"image":{"@id":"https:\/\/positiveprints.com\/es\/#\/schema\/logo\/image\/"},"sameAs":["https:\/\/www.facebook.com\/positiveprintscom","https:\/\/www.instagram.com\/positiveprintscom\/","https:\/\/www.tiktok.com\/@positiveprintscom","https:\/\/www.pinterest.com\/positiveprintscom\/"]}]}},"jetpack_sharing_enabled":true,"_links":{"self":[{"href":"https:\/\/positiveprints.com\/es\/wp-json\/wp\/v2\/product\/960930","targetHints":{"allow":["GET"]}}],"collection":[{"href":"https:\/\/positiveprints.com\/es\/wp-json\/wp\/v2\/product"}],"about":[{"href":"https:\/\/positiveprints.com\/es\/wp-json\/wp\/v2\/types\/product"}],"wp:featuredmedia":[{"embeddable":true,"href":"https:\/\/positiveprints.com\/es\/wp-json\/wp\/v2\/media\/1679300"}],"wp:attachment":[{"href":"https:\/\/positiveprints.com\/es\/wp-json\/wp\/v2\/media?parent=960930"}],"wp:term":[{"taxonomy":"product_brand","embeddable":true,"href":"https:\/\/positiveprints.com\/es\/wp-json\/wp\/v2\/product_brand?post=960930"},{"taxonomy":"product_cat","embeddable":true,"href":"https:\/\/positiveprints.com\/es\/wp-json\/wp\/v2\/product_cat?post=960930"},{"taxonomy":"product_tag","embeddable":true,"href":"https:\/\/positiveprints.com\/es\/wp-json\/wp\/v2\/product_tag?post=960930"}],"curies":[{"name":"wp","href":"https:\/\/api.w.org\/{rel}","templated":true}]}}