{"id":960926,"date":"2023-05-29T11:07:07","date_gmt":"2023-10-05T14:18:12","guid":{"rendered":"https:\/\/positiveprints.com\/product\/collage-de-fotos-de-40-cumpleanos\/"},"modified":"2026-04-12T22:16:00","modified_gmt":"2026-04-12T21:16:00","slug":"collage-fotografico-cuarenta-cumpleanos","status":"publish","type":"product","link":"https:\/\/positiveprints.com\/es\/producto\/collage-fotografico-cuarenta-cumpleanos\/","title":{"rendered":"Collage de fotos de 40 cumplea\u00f1os"},"content":{"rendered":"<h2 class=\"grenB f24 cblue\" style=\"margin-top: 3rem;\">Collage de fotos personalizado de 40 cumplea\u00f1os<\/h2>\r\n          \r\n\r\n          <p style=\"margin-top: 1rem;\">El collage de fotos de 40 cumplea\u00f1os es un regalo especial que puedes personalizar con fotos. Es un regalo \u00fanico para alguien que cumple 40 a\u00f1os. El collage est\u00e1 formado por im\u00e1genes que forman el n\u00famero 40. Puedes elegir las fotos que quieras para cada d\u00edgito. No tiene que parecerse exactamente al n\u00famero 40. Puedes ser creativo y utilizar n\u00fameros, palabras o s\u00edmbolos en su lugar. Puede ser el nombre de la persona que cumple a\u00f1os, el a\u00f1o en que naci\u00f3 o incluso palabras como &#8220;te quiero&#8221; o &#8220;hurra&#8221;.<\/p>\r\n          \r\n\r\n          \r\n\r\n          <h2 class=\"grenB f24 cblue\" style=\"margin-top: 3rem;\">Crear tu collage \u00fanico<\/h2>\r\n          \r\n\r\n          <p style=\"margin-top: 1rem;\">Para hacer un collage de fotos de 40 cumplea\u00f1os, s\u00f3lo tienes que ir a nuestra p\u00e1gina web. Hay un editor en l\u00ednea donde puedes introducir un n\u00famero o una palabra. Tambi\u00e9n puedes elegir el color de los d\u00edgitos o el contorno de la letra. Luego puedes subir tus fotos favoritas para cada d\u00edgito o letra. Incluso puedes a\u00f1adir un mensaje personal debajo del collage.<\/p>\r\n          \r\n\r\n          <p style=\"margin-top: 1rem;\">Hay diferentes opciones para encargar un collage de fotos personalizado. Puedes elegir imprimirlo como p\u00f3ster o enmarcarlo, o puedes conseguirlo en un lienzo. Si lo prefieres, tambi\u00e9n puedes descargar un archivo digital al instante.<\/p>\r\n          \r\n\r\n          \r\n\r\n          <h2 class=\"grenB f24 cblue\" style=\"margin-top: 3rem;\">Destaca con un regalo \u00fanico y personal<\/h2>\r\n          \r\n\r\n          <p style=\"margin-top: 1rem;\">El collage de fotos de 40 cumplea\u00f1os es un <a href=\"https:\/\/positiveprints.com\/birthday-gifts\/\">regalo de cumplea\u00f1os personalizado<\/a> especial que no encontrar\u00e1s en una tienda normal. Es \u00fanico y personalizado s\u00f3lo para la persona que cumple a\u00f1os. Es una forma estupenda de demostrarles lo mucho que te importan. En lugar de comprar algo de una estanter\u00eda, puedes hacerles un regalo hecho especialmente para ellos. Es algo que atesorar\u00e1n y recordar\u00e1n durante mucho tiempo. As\u00ed que celebra su 40 cumplea\u00f1os con un regalo personalizado \u00fanico, y haz que su d\u00eda especial sea a\u00fan m\u00e1s memorable.<\/p>","protected":false},"excerpt":{"rendered":"\n<ul class=\"check-list\">\n<li>Haz que el cumplea\u00f1os de alguien sea muy especial con un regalo que cuente la historia de su vida, y ver\u00e1s c\u00f3mo su cara se ilumina de alegr\u00eda<\/li>\n<li>Incluye un texto personalizado significativo<\/li>\n<li>Personalizar en 3 sencillos pasos<\/li>\n<li>Elija una plantilla o sea creativo<\/li>\n<li>Ve el resultado de inmediato: la vista previa interactiva te permite perfeccionar cada detalle<\/li>\n<\/ul>\n","protected":false},"featured_media":1268942,"template":"","meta":[],"product_brand":[],"product_cat":[11598,3128,9124,11220,11219,106],"product_tag":[13146,8471,15095,17302,17372,17358,17438],"class_list":{"0":"post-960926","1":"product","2":"type-product","3":"status-publish","4":"has-post-thumbnail","6":"product_cat-40-cumpleanos","7":"product_cat-regalos-de-cumpleanos","8":"product_cat-photo-letter-es","9":"product_cat-regalos-de-cumpleanos-para-hombres","10":"product_cat-regalos-de-cumpleanos-para-mujeres","11":"product_cat-todos-los-productos","12":"product_tag-40-o-cumpleanos","13":"product_tag-birthday-es","14":"product_tag-birthday-pl-es","15":"product_tag-regalo-de-cumpleanos","16":"product_tag-regalo-de-cumpleanos-para-el","17":"product_tag-regalo-de-cumpleanos-para-ella","18":"product_tag-regalos-de-cumpleanos","20":"first","21":"instock","22":"sale","23":"taxable","24":"shipping-taxable","25":"purchasable","26":"product-type-variable"},"yoast_head":"<!-- This site is optimized with the Yoast SEO Premium plugin v27.2 (Yoast SEO v27.2) - https:\/\/yoast.com\/product\/yoast-seo-premium-wordpress\/ -->\n<title>El collage de fotos del 40 cumplea\u00f1os - Positive Prints<\/title>\n<meta name=\"description\" content=\"El collage de fotos de 40 cumplea\u00f1os es un regalo de cumplea\u00f1os que no encontrar\u00e1s en una tienda normal. Es \u00fanico y personalizado s\u00f3lo para la persona que cumple a\u00f1os.\" \/>\n<meta name=\"robots\" content=\"index, follow, max-snippet:-1, max-image-preview:large, max-video-preview:-1\" \/>\n<link rel=\"canonical\" href=\"https:\/\/positiveprints.com\/es\/producto\/collage-fotografico-cuarenta-cumpleanos\/\" \/>\n<meta property=\"og:locale\" content=\"es_ES\" \/>\n<meta property=\"og:type\" content=\"article\" \/>\n<meta property=\"og:title\" content=\"Collage de fotos de 40 cumplea\u00f1os\" \/>\n<meta property=\"og:description\" content=\"Haz que el cumplea\u00f1os de alguien sea muy especial con un regalo que cuente la historia de su vida, y ver\u00e1s c\u00f3mo su cara se ilumina de alegr\u00eda  Incluye un texto personalizado significativo  Personalizar en 3 sencillos pasos  Elija una plantilla o sea creativo  Ve el resultado de inmediato: la vista previa interactiva te permite perfeccionar cada detalle\" \/>\n<meta property=\"og:url\" content=\"https:\/\/positiveprints.com\/es\/producto\/collage-fotografico-cuarenta-cumpleanos\/\" \/>\n<meta property=\"og:site_name\" content=\"Positive Prints\" \/>\n<meta property=\"article:publisher\" content=\"https:\/\/www.facebook.com\/positiveprintscom\" \/>\n<meta property=\"article:modified_time\" content=\"2026-04-12T21:16:00+00:00\" \/>\n<meta property=\"og:image\" content=\"https:\/\/positiveprints.com\/wp-content\/uploads\/2024\/11\/Packshot_ES_40th-Birthday-Photo-Collage-product-image-.webp\" \/>\n\t<meta property=\"og:image:width\" content=\"1450\" \/>\n\t<meta property=\"og:image:height\" content=\"1450\" \/>\n\t<meta property=\"og:image:type\" content=\"image\/webp\" \/>\n<meta name=\"twitter:card\" content=\"summary_large_image\" \/>\n<meta name=\"twitter:label1\" content=\"Tiempo de lectura\" \/>\n\t<meta name=\"twitter:data1\" content=\"2 minutos\" \/>\n<!-- \/ Yoast SEO Premium plugin. -->","yoast_head_json":{"title":"El collage de fotos del 40 cumplea\u00f1os - Positive Prints","description":"El collage de fotos de 40 cumplea\u00f1os es un regalo de cumplea\u00f1os que no encontrar\u00e1s en una tienda normal. Es \u00fanico y personalizado s\u00f3lo para la persona que cumple a\u00f1os.","robots":{"index":"index","follow":"follow","max-snippet":"max-snippet:-1","max-image-preview":"max-image-preview:large","max-video-preview":"max-video-preview:-1"},"canonical":"https:\/\/positiveprints.com\/es\/producto\/collage-fotografico-cuarenta-cumpleanos\/","og_locale":"es_ES","og_type":"article","og_title":"Collage de fotos de 40 cumplea\u00f1os","og_description":"Haz que el cumplea\u00f1os de alguien sea muy especial con un regalo que cuente la historia de su vida, y ver\u00e1s c\u00f3mo su cara se ilumina de alegr\u00eda  Incluye un texto personalizado significativo  Personalizar en 3 sencillos pasos  Elija una plantilla o sea creativo  Ve el resultado de inmediato: la vista previa interactiva te permite perfeccionar cada detalle","og_url":"https:\/\/positiveprints.com\/es\/producto\/collage-fotografico-cuarenta-cumpleanos\/","og_site_name":"Positive Prints","article_publisher":"https:\/\/www.facebook.com\/positiveprintscom","article_modified_time":"2026-04-12T21:16:00+00:00","og_image":[{"width":1450,"height":1450,"url":"https:\/\/positiveprints.com\/wp-content\/uploads\/2024\/11\/Packshot_ES_40th-Birthday-Photo-Collage-product-image-.webp","type":"image\/webp"}],"twitter_card":"summary_large_image","twitter_misc":{"Tiempo de lectura":"2 minutos"},"schema":{"@context":"https:\/\/schema.org","@graph":[{"@type":["WebPage","ItemPage"],"@id":"https:\/\/positiveprints.com\/es\/producto\/collage-fotografico-cuarenta-cumpleanos\/","url":"https:\/\/positiveprints.com\/es\/producto\/collage-fotografico-cuarenta-cumpleanos\/","name":"El collage de fotos del 40 cumplea\u00f1os - Positive Prints","isPartOf":{"@id":"https:\/\/positiveprints.com\/es\/#website"},"primaryImageOfPage":{"@id":"https:\/\/positiveprints.com\/es\/producto\/collage-fotografico-cuarenta-cumpleanos\/#primaryimage"},"image":{"@id":"https:\/\/positiveprints.com\/es\/producto\/collage-fotografico-cuarenta-cumpleanos\/#primaryimage"},"thumbnailUrl":"https:\/\/positiveprints.com\/wp-content\/uploads\/2024\/11\/Packshot_ES_40th-Birthday-Photo-Collage-product-image-.webp","datePublished":"2023-10-05T14:18:12+00:00","dateModified":"2026-04-12T21:16:00+00:00","description":"El collage de fotos de 40 cumplea\u00f1os es un regalo de cumplea\u00f1os que no encontrar\u00e1s en una tienda normal. Es \u00fanico y personalizado s\u00f3lo para la persona que cumple a\u00f1os.","breadcrumb":{"@id":"https:\/\/positiveprints.com\/es\/producto\/collage-fotografico-cuarenta-cumpleanos\/#breadcrumb"},"inLanguage":"es","potentialAction":[{"@type":"ReadAction","target":["https:\/\/positiveprints.com\/es\/producto\/collage-fotografico-cuarenta-cumpleanos\/"]}]},{"@type":"ImageObject","inLanguage":"es","@id":"https:\/\/positiveprints.com\/es\/producto\/collage-fotografico-cuarenta-cumpleanos\/#primaryimage","url":"https:\/\/positiveprints.com\/wp-content\/uploads\/2024\/11\/Packshot_ES_40th-Birthday-Photo-Collage-product-image-.webp","contentUrl":"https:\/\/positiveprints.com\/wp-content\/uploads\/2024\/11\/Packshot_ES_40th-Birthday-Photo-Collage-product-image-.webp","width":1450,"height":1450},{"@type":"BreadcrumbList","@id":"https:\/\/positiveprints.com\/es\/producto\/collage-fotografico-cuarenta-cumpleanos\/#breadcrumb","itemListElement":[{"@type":"ListItem","position":1,"name":"CASA","item":"https:\/\/positiveprints.com\/es\/"},{"@type":"ListItem","position":2,"name":"Productos","item":"https:\/\/positiveprints.com\/es\/shop\/"},{"@type":"ListItem","position":3,"name":"Collage de fotos de 40 cumplea\u00f1os"}]},{"@type":"WebSite","@id":"https:\/\/positiveprints.com\/es\/#website","url":"https:\/\/positiveprints.com\/es\/","name":"Positive Prints","description":"Custom Gifts for Special Occasions","publisher":{"@id":"https:\/\/positiveprints.com\/es\/#organization"},"potentialAction":[{"@type":"SearchAction","target":{"@type":"EntryPoint","urlTemplate":"https:\/\/positiveprints.com\/es\/?s={search_term_string}"},"query-input":{"@type":"PropertyValueSpecification","valueRequired":true,"valueName":"search_term_string"}}],"inLanguage":"es"},{"@type":"Organization","@id":"https:\/\/positiveprints.com\/es\/#organization","name":"Positive Prints","alternateName":"Positive Prints","url":"https:\/\/positiveprints.com\/es\/","logo":{"@type":"ImageObject","inLanguage":"es","@id":"https:\/\/positiveprints.com\/es\/#\/schema\/logo\/image\/","url":"https:\/\/positiveprints.com\/wp-content\/uploads\/2026\/03\/245815646_1337939713319158_5671353136411139666_n.png","contentUrl":"https:\/\/positiveprints.com\/wp-content\/uploads\/2026\/03\/245815646_1337939713319158_5671353136411139666_n.png","width":800,"height":800,"caption":"Positive Prints"},"image":{"@id":"https:\/\/positiveprints.com\/es\/#\/schema\/logo\/image\/"},"sameAs":["https:\/\/www.facebook.com\/positiveprintscom","https:\/\/www.instagram.com\/positiveprintscom\/","https:\/\/www.tiktok.com\/@positiveprintscom","https:\/\/www.pinterest.com\/positiveprintscom\/"]}]}},"jetpack_sharing_enabled":true,"_links":{"self":[{"href":"https:\/\/positiveprints.com\/es\/wp-json\/wp\/v2\/product\/960926","targetHints":{"allow":["GET"]}}],"collection":[{"href":"https:\/\/positiveprints.com\/es\/wp-json\/wp\/v2\/product"}],"about":[{"href":"https:\/\/positiveprints.com\/es\/wp-json\/wp\/v2\/types\/product"}],"wp:featuredmedia":[{"embeddable":true,"href":"https:\/\/positiveprints.com\/es\/wp-json\/wp\/v2\/media\/1268942"}],"wp:attachment":[{"href":"https:\/\/positiveprints.com\/es\/wp-json\/wp\/v2\/media?parent=960926"}],"wp:term":[{"taxonomy":"product_brand","embeddable":true,"href":"https:\/\/positiveprints.com\/es\/wp-json\/wp\/v2\/product_brand?post=960926"},{"taxonomy":"product_cat","embeddable":true,"href":"https:\/\/positiveprints.com\/es\/wp-json\/wp\/v2\/product_cat?post=960926"},{"taxonomy":"product_tag","embeddable":true,"href":"https:\/\/positiveprints.com\/es\/wp-json\/wp\/v2\/product_tag?post=960926"}],"curies":[{"name":"wp","href":"https:\/\/api.w.org\/{rel}","templated":true}]}}