{"id":960918,"date":"2023-05-29T09:58:20","date_gmt":"2023-05-29T08:58:20","guid":{"rendered":"https:\/\/positiveprints.com\/product\/collage-de-fotos-de-cumpleanos-en-forma-de-ano\/"},"modified":"2026-04-12T22:17:14","modified_gmt":"2026-04-12T21:17:14","slug":"collage-de-fotos-para-cumpleanos-con-forma-de-ano","status":"publish","type":"product","link":"https:\/\/positiveprints.com\/es\/producto\/collage-de-fotos-para-cumpleanos-con-forma-de-ano\/","title":{"rendered":"Collage de fotos para cumplea\u00f1os con forma de a\u00f1o"},"content":{"rendered":"<h2 class=\"grenB f24 cblue\" style=\"margin-top: 3rem\">Collage de fotos para cumplea\u00f1os con forma de a\u00f1o: Un regalo personalizado \u00fanico<\/h2>\r\n\r\n<p style=\"margin-top: 1rem\">El collage de fotos de cumplea\u00f1os con forma de a\u00f1o es un regalo especial y \u00fanico que puedes hacer para celebrar el <a href=\"https:\/\/positiveprints.com\/es\/regalos-de-cumpleanos\/\">cumplea\u00f1os<\/a> de alguien. Este incre\u00edble regalo es una impresi\u00f3n personalizada o un lienzo dise\u00f1ado espec\u00edficamente para la persona que cumple los a\u00f1os. Es un collage de fotos que forma un n\u00famero representando el a\u00f1o en que nacieron. \u00bfNo es incre\u00edble?<\/p>\r\n\r\n<h2 class=\"grenB f24 cblue\" style=\"margin-top: 3rem\">C\u00f3mo crear tu Collage de fotos para cumplea\u00f1os con forma de a\u00f1o<\/h2>\r\n\r\n<p style=\"margin-top: 1rem\">Crear un collage de fotos de cumplea\u00f1os con forma de a\u00f1o es super f\u00e1cil, solo tienes que visitar nuestro editor online. Una vez all\u00ed, puedes introducir el a\u00f1o de nacimiento de la persona que cumple los a\u00f1os. A continuaci\u00f3n, tienes la opci\u00f3n de elegir el color del contorno de los d\u00edgitos en el collage. Es como elegir el marco perfecto para una fotograf\u00eda preciosa.<\/p>\r\n\r\n<p style=\"margin-top: 1rem\">Despu\u00e9s de seleccionar el a\u00f1o y el color del contorno, \u00a1empieza la parte divertida! Puedes subir tus fotos especiales para cada d\u00edgito del collage. Podr\u00e1s rememorar y guardar momentos inolvidables del pasado. Adem\u00e1s, elegir una foto que represente cada d\u00edgito del a\u00f1o de nacimiento.<\/p>\r\n\r\n<p style=\"margin-top: 1rem\">Para que este regalo sea a\u00fan m\u00e1s personal, tienes la posibilidad de a\u00f1adir un texto o un mensaje sincero debajo del collage. Es tu oportunidad de expresar tu amor, compartir vuestras bromas o simplemente desearles un cumplea\u00f1os fant\u00e1stico. Es como a\u00f1adir un toque personal a una obra maestra.<\/p>\r\n\r\n<h2 class=\"grenB f24 cblue\" style=\"margin-top: 3rem\">Opciones de pedido para tu regalo perfecto<\/h2>\r\n\r\n<p style=\"margin-top: 1rem\">El collage de fotos de cumplea\u00f1os con forma de a\u00f1o puede encargarse en distintos formatos y tama\u00f1os. Puedes elegirlo impreso o enmarcarlo como un p\u00f3ster. Si prefieres un toque m\u00e1s art\u00edstico, puedes imprimirlo en un lienzo. Y para quienes desean tenerlo ya disponible, tambi\u00e9n ofrecemos una opci\u00f3n de descarga digital. \u00a1La elecci\u00f3n es tuya!<\/p>\r\n\r\n<h2 class=\"grenB f24 cblue\" style=\"margin-top: 3rem\">Un regalo que sobresale del resto<\/h2>\r\n\r\n<p style=\"margin-top: 1rem\">Este extraordinario regalo se distingue de todos los que puedes encontrar en las estanter\u00edas de las tiendas, no es un objeto cualquiera que pueda olvidarse f\u00e1cilmente. Es un regalo realmente \u00fanico y personal. El collage de fotos de cumplea\u00f1os con forma de a\u00f1o celebra el a\u00f1o especial del nacimiento de alguien y muestra sus recuerdos m\u00e1s queridos. Es un regalo que guardar\u00e1n durante a\u00f1os, record\u00e1ndoles los momentos felices que han vivido a lo largo del camino.<\/p>","protected":false},"excerpt":{"rendered":"\n<ul class=\"check-list\">\n<li>Sube tus fotos favoritas y personaliza cada letra<\/li>\n<li>A\u00f1ade un mensaje personalizado para que tu dise\u00f1o sea \u00fanico y especial<\/li>\n<li>Usa nuestro editor para personalizar tu dise\u00f1o en 3 sencillos pasos<\/li>\n<li>Previsualiza tu dise\u00f1o r\u00e1pidamente gracias a la vista previa interactiva<\/li>\n<\/ul>\n","protected":false},"featured_media":1679449,"template":"","meta":[],"product_brand":[],"product_cat":[9124,106,3128,11219,11220,8012,7661,7693,7773],"product_tag":[15095,17302,17372,17358,17438],"class_list":{"0":"post-960918","1":"product","2":"type-product","3":"status-publish","4":"has-post-thumbnail","6":"product_cat-photo-letter-es","7":"product_cat-todos-los-productos","8":"product_cat-regalos-de-cumpleanos","9":"product_cat-regalos-de-cumpleanos-para-mujeres","10":"product_cat-regalos-de-cumpleanos-para-hombres","11":"product_cat-regalos-para-hombres","12":"product_cat-regalos-para-mi-hijo","13":"product_cat-regalos-para-mujeres","14":"product_cat-regalos-para-mi-hija","15":"product_tag-birthday-pl-es","16":"product_tag-regalo-de-cumpleanos","17":"product_tag-regalo-de-cumpleanos-para-el","18":"product_tag-regalo-de-cumpleanos-para-ella","19":"product_tag-regalos-de-cumpleanos","21":"first","22":"instock","23":"sale","24":"taxable","25":"shipping-taxable","26":"purchasable","27":"product-type-variable"},"yoast_head":"<!-- This site is optimized with the Yoast SEO Premium plugin v27.2 (Yoast SEO v27.2) - https:\/\/yoast.com\/product\/yoast-seo-premium-wordpress\/ -->\n<title>Collage de fotos para cumplea\u00f1os con forma de a\u00f1o - Positive Prints<\/title>\n<meta name=\"description\" content=\"\u00bfBuscas un regalo de cumplea\u00f1os \u00fanico? Crea un collage de fotos personalizado lleno de recuerdos especiales y momentos emotivos: un detalle que guardar\u00e1 para siempre.\" \/>\n<meta name=\"robots\" content=\"index, follow, max-snippet:-1, max-image-preview:large, max-video-preview:-1\" \/>\n<link rel=\"canonical\" href=\"https:\/\/positiveprints.com\/es\/producto\/collage-de-fotos-para-cumpleanos-con-forma-de-ano\/\" \/>\n<meta property=\"og:locale\" content=\"es_ES\" \/>\n<meta property=\"og:type\" content=\"article\" \/>\n<meta property=\"og:title\" content=\"Collage de fotos para cumplea\u00f1os con forma de a\u00f1o\" \/>\n<meta property=\"og:description\" content=\"Sube tus fotos favoritas y personaliza cada letra                  A\u00f1ade un mensaje personalizado para que tu dise\u00f1o sea \u00fanico y especial                  Usa nuestro editor para personalizar tu dise\u00f1o en 3 sencillos pasos                  Previsualiza tu dise\u00f1o r\u00e1pidamente gracias a la vista previa interactiva\" \/>\n<meta property=\"og:url\" content=\"https:\/\/positiveprints.com\/es\/producto\/collage-de-fotos-para-cumpleanos-con-forma-de-ano\/\" \/>\n<meta property=\"og:site_name\" content=\"Positive Prints\" \/>\n<meta property=\"article:publisher\" content=\"https:\/\/www.facebook.com\/positiveprintscom\" \/>\n<meta property=\"article:modified_time\" content=\"2026-04-12T21:17:14+00:00\" \/>\n<meta property=\"og:image\" content=\"https:\/\/positiveprints.com\/wp-content\/uploads\/2025\/06\/Packshot_ES_Collage-de-fotos-para-cumplean\u0303os-con-forma-de-an\u0303o.webp\" \/>\n\t<meta property=\"og:image:width\" content=\"1450\" \/>\n\t<meta property=\"og:image:height\" content=\"1450\" \/>\n\t<meta property=\"og:image:type\" content=\"image\/webp\" \/>\n<meta name=\"twitter:card\" content=\"summary_large_image\" \/>\n<meta name=\"twitter:label1\" content=\"Tiempo de lectura\" \/>\n\t<meta name=\"twitter:data1\" content=\"2 minutos\" \/>\n<!-- \/ Yoast SEO Premium plugin. -->","yoast_head_json":{"title":"Collage de fotos para cumplea\u00f1os con forma de a\u00f1o - Positive Prints","description":"\u00bfBuscas un regalo de cumplea\u00f1os \u00fanico? Crea un collage de fotos personalizado lleno de recuerdos especiales y momentos emotivos: un detalle que guardar\u00e1 para siempre.","robots":{"index":"index","follow":"follow","max-snippet":"max-snippet:-1","max-image-preview":"max-image-preview:large","max-video-preview":"max-video-preview:-1"},"canonical":"https:\/\/positiveprints.com\/es\/producto\/collage-de-fotos-para-cumpleanos-con-forma-de-ano\/","og_locale":"es_ES","og_type":"article","og_title":"Collage de fotos para cumplea\u00f1os con forma de a\u00f1o","og_description":"Sube tus fotos favoritas y personaliza cada letra                  A\u00f1ade un mensaje personalizado para que tu dise\u00f1o sea \u00fanico y especial                  Usa nuestro editor para personalizar tu dise\u00f1o en 3 sencillos pasos                  Previsualiza tu dise\u00f1o r\u00e1pidamente gracias a la vista previa interactiva","og_url":"https:\/\/positiveprints.com\/es\/producto\/collage-de-fotos-para-cumpleanos-con-forma-de-ano\/","og_site_name":"Positive Prints","article_publisher":"https:\/\/www.facebook.com\/positiveprintscom","article_modified_time":"2026-04-12T21:17:14+00:00","og_image":[{"width":1450,"height":1450,"url":"https:\/\/positiveprints.com\/wp-content\/uploads\/2025\/06\/Packshot_ES_Collage-de-fotos-para-cumplean\u0303os-con-forma-de-an\u0303o.webp","type":"image\/webp"}],"twitter_card":"summary_large_image","twitter_misc":{"Tiempo de lectura":"2 minutos"},"schema":{"@context":"https:\/\/schema.org","@graph":[{"@type":["WebPage","ItemPage"],"@id":"https:\/\/positiveprints.com\/es\/producto\/collage-de-fotos-para-cumpleanos-con-forma-de-ano\/","url":"https:\/\/positiveprints.com\/es\/producto\/collage-de-fotos-para-cumpleanos-con-forma-de-ano\/","name":"Collage de fotos para cumplea\u00f1os con forma de a\u00f1o - Positive Prints","isPartOf":{"@id":"https:\/\/positiveprints.com\/es\/#website"},"primaryImageOfPage":{"@id":"https:\/\/positiveprints.com\/es\/producto\/collage-de-fotos-para-cumpleanos-con-forma-de-ano\/#primaryimage"},"image":{"@id":"https:\/\/positiveprints.com\/es\/producto\/collage-de-fotos-para-cumpleanos-con-forma-de-ano\/#primaryimage"},"thumbnailUrl":"https:\/\/positiveprints.com\/wp-content\/uploads\/2026\/03\/Ano_ES-Packshot.webp","datePublished":"2023-05-29T08:58:20+00:00","dateModified":"2026-04-12T21:17:14+00:00","description":"\u00bfBuscas un regalo de cumplea\u00f1os \u00fanico? Crea un collage de fotos personalizado lleno de recuerdos especiales y momentos emotivos: un detalle que guardar\u00e1 para siempre.","breadcrumb":{"@id":"https:\/\/positiveprints.com\/es\/producto\/collage-de-fotos-para-cumpleanos-con-forma-de-ano\/#breadcrumb"},"inLanguage":"es","potentialAction":[{"@type":"ReadAction","target":["https:\/\/positiveprints.com\/es\/producto\/collage-de-fotos-para-cumpleanos-con-forma-de-ano\/"]}]},{"@type":"ImageObject","inLanguage":"es","@id":"https:\/\/positiveprints.com\/es\/producto\/collage-de-fotos-para-cumpleanos-con-forma-de-ano\/#primaryimage","url":"https:\/\/positiveprints.com\/wp-content\/uploads\/2026\/03\/Ano_ES-Packshot.webp","contentUrl":"https:\/\/positiveprints.com\/wp-content\/uploads\/2026\/03\/Ano_ES-Packshot.webp","width":1450,"height":1450},{"@type":"BreadcrumbList","@id":"https:\/\/positiveprints.com\/es\/producto\/collage-de-fotos-para-cumpleanos-con-forma-de-ano\/#breadcrumb","itemListElement":[{"@type":"ListItem","position":1,"name":"CASA","item":"https:\/\/positiveprints.com\/es\/"},{"@type":"ListItem","position":2,"name":"Productos","item":"https:\/\/positiveprints.com\/es\/shop\/"},{"@type":"ListItem","position":3,"name":"Collage de fotos para cumplea\u00f1os con forma de a\u00f1o"}]},{"@type":"WebSite","@id":"https:\/\/positiveprints.com\/es\/#website","url":"https:\/\/positiveprints.com\/es\/","name":"Positive Prints","description":"Custom Gifts for Special Occasions","publisher":{"@id":"https:\/\/positiveprints.com\/es\/#organization"},"potentialAction":[{"@type":"SearchAction","target":{"@type":"EntryPoint","urlTemplate":"https:\/\/positiveprints.com\/es\/?s={search_term_string}"},"query-input":{"@type":"PropertyValueSpecification","valueRequired":true,"valueName":"search_term_string"}}],"inLanguage":"es"},{"@type":"Organization","@id":"https:\/\/positiveprints.com\/es\/#organization","name":"Positive Prints","alternateName":"Positive Prints","url":"https:\/\/positiveprints.com\/es\/","logo":{"@type":"ImageObject","inLanguage":"es","@id":"https:\/\/positiveprints.com\/es\/#\/schema\/logo\/image\/","url":"https:\/\/positiveprints.com\/wp-content\/uploads\/2026\/03\/245815646_1337939713319158_5671353136411139666_n.png","contentUrl":"https:\/\/positiveprints.com\/wp-content\/uploads\/2026\/03\/245815646_1337939713319158_5671353136411139666_n.png","width":800,"height":800,"caption":"Positive Prints"},"image":{"@id":"https:\/\/positiveprints.com\/es\/#\/schema\/logo\/image\/"},"sameAs":["https:\/\/www.facebook.com\/positiveprintscom","https:\/\/www.instagram.com\/positiveprintscom\/","https:\/\/www.tiktok.com\/@positiveprintscom","https:\/\/www.pinterest.com\/positiveprintscom\/"]}]}},"jetpack_sharing_enabled":true,"_links":{"self":[{"href":"https:\/\/positiveprints.com\/es\/wp-json\/wp\/v2\/product\/960918","targetHints":{"allow":["GET"]}}],"collection":[{"href":"https:\/\/positiveprints.com\/es\/wp-json\/wp\/v2\/product"}],"about":[{"href":"https:\/\/positiveprints.com\/es\/wp-json\/wp\/v2\/types\/product"}],"wp:featuredmedia":[{"embeddable":true,"href":"https:\/\/positiveprints.com\/es\/wp-json\/wp\/v2\/media\/1679449"}],"wp:attachment":[{"href":"https:\/\/positiveprints.com\/es\/wp-json\/wp\/v2\/media?parent=960918"}],"wp:term":[{"taxonomy":"product_brand","embeddable":true,"href":"https:\/\/positiveprints.com\/es\/wp-json\/wp\/v2\/product_brand?post=960918"},{"taxonomy":"product_cat","embeddable":true,"href":"https:\/\/positiveprints.com\/es\/wp-json\/wp\/v2\/product_cat?post=960918"},{"taxonomy":"product_tag","embeddable":true,"href":"https:\/\/positiveprints.com\/es\/wp-json\/wp\/v2\/product_tag?post=960918"}],"curies":[{"name":"wp","href":"https:\/\/api.w.org\/{rel}","templated":true}]}}