{"id":960912,"date":"2023-10-05T15:13:56","date_gmt":"2023-10-05T14:13:56","guid":{"rendered":"https:\/\/positiveprints.com\/product\/carta-de-compromiso-collage-de-fotos\/"},"modified":"2026-04-28T14:07:38","modified_gmt":"2026-04-28T13:07:38","slug":"carta-de-compromiso-foto-collage","status":"publish","type":"product","link":"https:\/\/positiveprints.com\/es\/producto\/carta-de-compromiso-foto-collage\/","title":{"rendered":"Carta de compromiso Collage de fotos"},"content":{"rendered":"<p style=\"margin-top: 1rem\">El collage de fotos de carta de compromiso es un <a href=\"https:\/\/positiveprints.com\/engagement-gifts\/\">regalo genial para los compromisos<\/a>. Es un cuadro o lienzo especial que tiene que ver contigo. Es un collage hecho con im\u00e1genes, donde puedes elegir cualquier palabra corta que te guste. Podr\u00eda ser la fecha de vuestro compromiso o palabras como &#8220;\u00a1s\u00ed!&#8221;, &#8220;prometido&#8221; o &#8220;te quiero&#8221;. \u00a1T\u00fa decides!<\/p>\r\n          \r\n\r\n          \r\n\r\n          <p style=\"margin-top: 1rem\">Hacer un collage de fotos de carta de compromiso es superf\u00e1cil. S\u00f3lo tienes que ir a nuestro sitio web y utilizar nuestra herramienta especial. Primero, elige una palabra o escribe la tuya propia. Incluso puedes elegir el color del contorno alrededor de cada letra. Luego, puedes a\u00f1adir un dibujo para cada letra. No olvides que tambi\u00e9n puedes incluir un mensaje personal debajo del collage.<\/p>\r\n          \r\n\r\n          \r\n\r\n          <p style=\"margin-top: 1rem\">Lo mejor es que puedes elegir c\u00f3mo quieres tu obra de arte personalizada. Ofrecemos distintos tama\u00f1os y formatos. Puedes conseguir un p\u00f3ster impreso, uno enmarcado, un lienzo chulo o incluso una descarga digital que puedes tener al instante.<\/p>\r\n          \r\n\r\n          \r\n\r\n          <p style=\"margin-top: 1rem\">Lo que hace que el collage de fotos de carta de compromiso sea tan especial es que no es como cualquier otro regalo que puedas comprar en una tienda. Es \u00fanico y est\u00e1 hecho s\u00f3lo para ti. Es una forma de demostrar tu amor y hacer que los recuerdos duren para siempre. Es un regalo \u00fanico y personal, igual que el amor entre t\u00fa y tu persona especial.<\/p>\r\n          \r\n\r\n          \r\n\r\n          <p style=\"margin-top: 1rem\">As\u00ed que celebra tu compromiso con un collage de fotos de carta de compromiso. Es un regalo que gira en torno a ti, lleno de amor y de momentos preciosos. Es un recuerdo de vuestro v\u00ednculo especial que te arrancar\u00e1 una sonrisa cada vez que lo veas. S\u00e9 creativo, comparte tu historia y haz un regalo que se atesorar\u00e1 para siempre.<\/p>","protected":false},"excerpt":{"rendered":"\n<ul class=\"check-list\">\n<li>Celebra el momento inolvidable de tu compromiso expresando tu amor y gratitud de una forma significativa y \u00fanica<\/li>\n<li>Incluye un texto personalizado significativo<\/li>\n<li>Personalizar en 3 sencillos pasos<\/li>\n<li>Elija una plantilla o sea creativo<\/li>\n<li>Ve el resultado de inmediato: la vista previa interactiva te permite perfeccionar cada detalle<\/li>\n<\/ul>\n","protected":false},"featured_media":1280237,"template":"","meta":[],"product_brand":[],"product_cat":[5277,7933,9124,106],"product_tag":[8440],"class_list":{"0":"post-960912","1":"product","2":"type-product","3":"status-publish","4":"has-post-thumbnail","6":"product_cat-regalos-de-compromiso","7":"product_cat-regalos-para-despedidas-de-soltera","8":"product_cat-photo-letter-es","9":"product_cat-todos-los-productos","10":"product_tag-compromiso","12":"first","13":"instock","14":"sale","15":"taxable","16":"shipping-taxable","17":"purchasable","18":"product-type-variable"},"yoast_head":"<!-- This site is optimized with the Yoast SEO Premium plugin v27.2 (Yoast SEO v27.2) - https:\/\/yoast.com\/product\/yoast-seo-premium-wordpress\/ -->\n<title>Collage de fotos de carta de compromiso - Positive Prints<\/title>\n<meta name=\"description\" content=\"Celebra tu compromiso con un collage de fotos de carta de compromiso. Es un regalo que tiene que ver contigo, lleno de amor y de momentos preciosos.\" \/>\n<meta name=\"robots\" content=\"index, follow, max-snippet:-1, max-image-preview:large, max-video-preview:-1\" \/>\n<link rel=\"canonical\" href=\"https:\/\/positiveprints.com\/es\/producto\/carta-de-compromiso-foto-collage\/\" \/>\n<meta property=\"og:locale\" content=\"es_ES\" \/>\n<meta property=\"og:type\" content=\"article\" \/>\n<meta property=\"og:title\" content=\"Carta de compromiso Collage de fotos\" \/>\n<meta property=\"og:description\" content=\"Celebra el momento inolvidable de tu compromiso expresando tu amor y gratitud de una forma significativa y \u00fanica               Incluye un texto personalizado significativo               Personalizar en 3 sencillos pasos               Elija una plantilla o sea creativo               Ve el resultado de inmediato: la vista previa interactiva te permite perfeccionar cada detalle\" \/>\n<meta property=\"og:url\" content=\"https:\/\/positiveprints.com\/es\/producto\/carta-de-compromiso-foto-collage\/\" \/>\n<meta property=\"og:site_name\" content=\"Positive Prints\" \/>\n<meta property=\"article:publisher\" content=\"https:\/\/www.facebook.com\/positiveprintscom\" \/>\n<meta property=\"article:modified_time\" content=\"2026-04-28T13:07:38+00:00\" \/>\n<meta property=\"og:image\" content=\"https:\/\/positiveprints.com\/wp-content\/uploads\/2024\/11\/Packshot_ES_Engagement-Letter-Photo-Collage-product-image.webp\" \/>\n\t<meta property=\"og:image:width\" content=\"1450\" \/>\n\t<meta property=\"og:image:height\" content=\"1450\" \/>\n\t<meta property=\"og:image:type\" content=\"image\/webp\" \/>\n<meta name=\"twitter:card\" content=\"summary_large_image\" \/>\n<!-- \/ Yoast SEO Premium plugin. -->","yoast_head_json":{"title":"Collage de fotos de carta de compromiso - Positive Prints","description":"Celebra tu compromiso con un collage de fotos de carta de compromiso. Es un regalo que tiene que ver contigo, lleno de amor y de momentos preciosos.","robots":{"index":"index","follow":"follow","max-snippet":"max-snippet:-1","max-image-preview":"max-image-preview:large","max-video-preview":"max-video-preview:-1"},"canonical":"https:\/\/positiveprints.com\/es\/producto\/carta-de-compromiso-foto-collage\/","og_locale":"es_ES","og_type":"article","og_title":"Carta de compromiso Collage de fotos","og_description":"Celebra el momento inolvidable de tu compromiso expresando tu amor y gratitud de una forma significativa y \u00fanica               Incluye un texto personalizado significativo               Personalizar en 3 sencillos pasos               Elija una plantilla o sea creativo               Ve el resultado de inmediato: la vista previa interactiva te permite perfeccionar cada detalle","og_url":"https:\/\/positiveprints.com\/es\/producto\/carta-de-compromiso-foto-collage\/","og_site_name":"Positive Prints","article_publisher":"https:\/\/www.facebook.com\/positiveprintscom","article_modified_time":"2026-04-28T13:07:38+00:00","og_image":[{"width":1450,"height":1450,"url":"https:\/\/positiveprints.com\/wp-content\/uploads\/2024\/11\/Packshot_ES_Engagement-Letter-Photo-Collage-product-image.webp","type":"image\/webp"}],"twitter_card":"summary_large_image","schema":{"@context":"https:\/\/schema.org","@graph":[{"@type":["WebPage","ItemPage"],"@id":"https:\/\/positiveprints.com\/es\/producto\/carta-de-compromiso-foto-collage\/","url":"https:\/\/positiveprints.com\/es\/producto\/carta-de-compromiso-foto-collage\/","name":"Collage de fotos de carta de compromiso - Positive Prints","isPartOf":{"@id":"https:\/\/positiveprints.com\/es\/#website"},"primaryImageOfPage":{"@id":"https:\/\/positiveprints.com\/es\/producto\/carta-de-compromiso-foto-collage\/#primaryimage"},"image":{"@id":"https:\/\/positiveprints.com\/es\/producto\/carta-de-compromiso-foto-collage\/#primaryimage"},"thumbnailUrl":"https:\/\/positiveprints.com\/wp-content\/uploads\/2024\/11\/Packshot_ES_Engagement-Letter-Photo-Collage-product-image.webp","datePublished":"2023-10-05T14:13:56+00:00","dateModified":"2026-04-28T13:07:38+00:00","description":"Celebra tu compromiso con un collage de fotos de carta de compromiso. Es un regalo que tiene que ver contigo, lleno de amor y de momentos preciosos.","breadcrumb":{"@id":"https:\/\/positiveprints.com\/es\/producto\/carta-de-compromiso-foto-collage\/#breadcrumb"},"inLanguage":"es","potentialAction":[{"@type":"ReadAction","target":["https:\/\/positiveprints.com\/es\/producto\/carta-de-compromiso-foto-collage\/"]}]},{"@type":"ImageObject","inLanguage":"es","@id":"https:\/\/positiveprints.com\/es\/producto\/carta-de-compromiso-foto-collage\/#primaryimage","url":"https:\/\/positiveprints.com\/wp-content\/uploads\/2024\/11\/Packshot_ES_Engagement-Letter-Photo-Collage-product-image.webp","contentUrl":"https:\/\/positiveprints.com\/wp-content\/uploads\/2024\/11\/Packshot_ES_Engagement-Letter-Photo-Collage-product-image.webp","width":1450,"height":1450},{"@type":"BreadcrumbList","@id":"https:\/\/positiveprints.com\/es\/producto\/carta-de-compromiso-foto-collage\/#breadcrumb","itemListElement":[{"@type":"ListItem","position":1,"name":"CASA","item":"https:\/\/positiveprints.com\/es\/"},{"@type":"ListItem","position":2,"name":"Productos","item":"https:\/\/positiveprints.com\/es\/shop\/"},{"@type":"ListItem","position":3,"name":"Carta de compromiso Collage de fotos"}]},{"@type":"WebSite","@id":"https:\/\/positiveprints.com\/es\/#website","url":"https:\/\/positiveprints.com\/es\/","name":"Positive Prints","description":"Custom Gifts for Special Occasions","publisher":{"@id":"https:\/\/positiveprints.com\/es\/#organization"},"potentialAction":[{"@type":"SearchAction","target":{"@type":"EntryPoint","urlTemplate":"https:\/\/positiveprints.com\/es\/?s={search_term_string}"},"query-input":{"@type":"PropertyValueSpecification","valueRequired":true,"valueName":"search_term_string"}}],"inLanguage":"es"},{"@type":"Organization","@id":"https:\/\/positiveprints.com\/es\/#organization","name":"Positive Prints","alternateName":"Positive Prints ","url":"https:\/\/positiveprints.com\/es\/","logo":{"@type":"ImageObject","inLanguage":"es","@id":"https:\/\/positiveprints.com\/es\/#\/schema\/logo\/image\/","url":"https:\/\/positiveprints.com\/wp-content\/uploads\/2026\/03\/245815646_1337939713319158_5671353136411139666_n.png","contentUrl":"https:\/\/positiveprints.com\/wp-content\/uploads\/2026\/03\/245815646_1337939713319158_5671353136411139666_n.png","width":800,"height":800,"caption":"Positive Prints"},"image":{"@id":"https:\/\/positiveprints.com\/es\/#\/schema\/logo\/image\/"},"sameAs":["https:\/\/www.facebook.com\/positiveprintscom","https:\/\/www.instagram.com\/positiveprintscom\/","https:\/\/www.tiktok.com\/@positiveprintscom","https:\/\/www.pinterest.com\/positiveprintscom\/"]}]}},"jetpack_sharing_enabled":true,"_links":{"self":[{"href":"https:\/\/positiveprints.com\/es\/wp-json\/wp\/v2\/product\/960912","targetHints":{"allow":["GET"]}}],"collection":[{"href":"https:\/\/positiveprints.com\/es\/wp-json\/wp\/v2\/product"}],"about":[{"href":"https:\/\/positiveprints.com\/es\/wp-json\/wp\/v2\/types\/product"}],"wp:featuredmedia":[{"embeddable":true,"href":"https:\/\/positiveprints.com\/es\/wp-json\/wp\/v2\/media\/1280237"}],"wp:attachment":[{"href":"https:\/\/positiveprints.com\/es\/wp-json\/wp\/v2\/media?parent=960912"}],"wp:term":[{"taxonomy":"product_brand","embeddable":true,"href":"https:\/\/positiveprints.com\/es\/wp-json\/wp\/v2\/product_brand?post=960912"},{"taxonomy":"product_cat","embeddable":true,"href":"https:\/\/positiveprints.com\/es\/wp-json\/wp\/v2\/product_cat?post=960912"},{"taxonomy":"product_tag","embeddable":true,"href":"https:\/\/positiveprints.com\/es\/wp-json\/wp\/v2\/product_tag?post=960912"}],"curies":[{"name":"wp","href":"https:\/\/api.w.org\/{rel}","templated":true}]}}