{"id":960906,"date":"2023-05-24T11:19:29","date_gmt":"2023-05-24T10:19:29","guid":{"rendered":"https:\/\/positiveprints.com\/product\/collage-de-fotos-de-cartas-de-boda\/"},"modified":"2026-04-12T22:17:26","modified_gmt":"2026-04-12T21:17:26","slug":"collage-foto-carta-de-boda","status":"publish","type":"product","link":"https:\/\/positiveprints.com\/es\/producto\/collage-foto-carta-de-boda\/","title":{"rendered":"Mr &#038; Mrs &#8211; Collage de letras"},"content":{"rendered":"<p style=\"margin-top: 1rem;\">El collage de fotos de cartas de boda es un producto extraordinario y especial dise\u00f1ado espec\u00edficamente para bodas. Sirve como extraordinaria impresi\u00f3n personalizada o lienzo, lo que lo convierte en el regalo de boda perfecto. Este collage de fotos te permite transformar tus fotos m\u00e1s queridas en una palabra o s\u00edmbolo. Ya sea la fecha del d\u00eda de tu boda o palabras como &#8220;te quiero&#8221;, &#8220;s\u00ed, quiero&#8221;, &#8220;se\u00f1or y se\u00f1ora&#8221; o &#8220;boda&#8221;, las posibilidades son infinitas. Con el collage de fotos de cartas de boda, tienes la oportunidad de expresar tu creatividad y captar la esencia de tu d\u00eda especial.<\/p>\r\n<p style=\"margin-top: 1rem;\">Crear tu propio collage de fotos de carta de boda es muy f\u00e1cil con nuestro editor en l\u00ednea. Empieza seleccionando una palabra o introduciendo una de tu elecci\u00f3n. Adem\u00e1s, puedes elegir el color del contorno de las letras, lo que te permite adaptar el collage a tu estilo. Una vez que hayas hecho tus selecciones, s\u00f3lo tienes que subir una foto para cada letra. Esto te permite presentar una colecci\u00f3n de recuerdos con gran valor sentimental. Para a\u00f1adir un toque personal, tienes la opci\u00f3n de incluir un texto o un mensaje sincero debajo del collage.<\/p>\r\n<p style=\"margin-top: 1rem;\">El collage fotogr\u00e1fico Carta de Boda est\u00e1 disponible en varios formatos y tama\u00f1os para adaptarse a tus preferencias. Puedes optar por un p\u00f3ster impreso o enmarcado, un lienzo para una presentaci\u00f3n m\u00e1s elegante, o un archivo de descarga digital instant\u00e1nea para mayor comodidad. Sea cual sea el formato que elijas, puedes estar seguro de que tu obra de arte personalizada destacar\u00e1 como un regalo realmente extraordinario.<\/p>\r\n<p style=\"margin-top: 1rem;\">A diferencia de otros art\u00edculos que suelen encontrarse en las estanter\u00edas de las tiendas, el Collage de fotos de cartas de boda es realmente \u00fanico. Contiene la esencia de la pareja y de su d\u00eda especial, convirti\u00e9ndo en un regalo extraordinario y personal. Este producto cuidadosamente elaborado es un testimonio del v\u00ednculo que comparten los reci\u00e9n casados, y seguro que les proporcionar\u00e1 alegr\u00eda y felicidad en los a\u00f1os venideros. Sorprende a la feliz pareja con un Collage de fotos de cartas de boda y celebra su amor de una forma realmente inolvidable.<\/p>","protected":false},"excerpt":{"rendered":"<ul class=\"check-list\">\n<li>Sube tus fotos favoritas y personaliza cada letra<\/li>\n<li>A\u00f1ade un mensaje para que tu dise\u00f1o sea \u00fanico y especial<\/li>\n<li>Usa nuestro editor para personalizar tu dise\u00f1o en apenas tres pasos<\/li>\n<li>Visualiza tu dise\u00f1o usando la vista previa interactiva<\/li>\n<\/ul>\n","protected":false},"featured_media":1672585,"template":"","meta":[],"product_brand":[],"product_cat":[3124,7933,7757,7646,9124,106,9766],"product_tag":[14937,16314,16525,16315,15081],"class_list":{"0":"post-960906","1":"product","2":"type-product","3":"status-publish","4":"has-post-thumbnail","6":"product_cat-regalos-de-boda","7":"product_cat-regalos-para-despedidas-de-soltera","8":"product_cat-regalos-para-mi-esposa","9":"product_cat-regalos-para-mi-esposo","10":"product_cat-photo-letter-es","11":"product_cat-todos-los-productos","12":"product_cat-trending-label-es","13":"product_tag-couple-gift-es-2","14":"product_tag-regalo-de-boda","15":"product_tag-regalo-para-recien-casados","16":"product_tag-regalos-de-boda","17":"product_tag-wedding-es-2","19":"first","20":"instock","21":"sale","22":"taxable","23":"shipping-taxable","24":"purchasable","25":"product-type-variable"},"yoast_head":"<!-- This site is optimized with the Yoast SEO Premium plugin v27.2 (Yoast SEO v27.2) - https:\/\/yoast.com\/product\/yoast-seo-premium-wordpress\/ -->\n<title>Mr &amp; Mrs - Collage de letras - Positive Prints<\/title>\n<meta name=\"description\" content=\"\u00a1Un regalo de matrimonio atemporal! Personaliza el collage fotogr\u00e1fico de letras \u201cSr. y Sra\u201d con tus momentos favoritos para crear un recuerdo que durar\u00e1 para siempre.\" \/>\n<meta name=\"robots\" content=\"index, follow, max-snippet:-1, max-image-preview:large, max-video-preview:-1\" \/>\n<link rel=\"canonical\" href=\"https:\/\/positiveprints.com\/es\/producto\/collage-foto-carta-de-boda\/\" \/>\n<meta property=\"og:locale\" content=\"es_ES\" \/>\n<meta property=\"og:type\" content=\"article\" \/>\n<meta property=\"og:title\" content=\"Mr &amp; Mrs - Collage de letras\" \/>\n<meta property=\"og:description\" content=\"Sube tus fotos favoritas y personaliza cada letra  A\u00f1ade un mensaje para que tu dise\u00f1o sea \u00fanico y especial  Usa nuestro editor para personalizar tu dise\u00f1o en apenas tres pasos  Visualiza tu dise\u00f1o usando la vista previa interactiva\" \/>\n<meta property=\"og:url\" content=\"https:\/\/positiveprints.com\/es\/producto\/collage-foto-carta-de-boda\/\" \/>\n<meta property=\"og:site_name\" content=\"Positive Prints\" \/>\n<meta property=\"article:publisher\" content=\"https:\/\/www.facebook.com\/positiveprintscom\" \/>\n<meta property=\"article:modified_time\" content=\"2026-04-12T21:17:26+00:00\" \/>\n<meta property=\"og:image\" content=\"https:\/\/positiveprints.com\/wp-content\/uploads\/2025\/04\/Packshot_ES_MRMRS.webp\" \/>\n\t<meta property=\"og:image:width\" content=\"1450\" \/>\n\t<meta property=\"og:image:height\" content=\"1450\" \/>\n\t<meta property=\"og:image:type\" content=\"image\/webp\" \/>\n<meta name=\"twitter:card\" content=\"summary_large_image\" \/>\n<meta name=\"twitter:label1\" content=\"Tiempo de lectura\" \/>\n\t<meta name=\"twitter:data1\" content=\"2 minutos\" \/>\n<!-- \/ Yoast SEO Premium plugin. -->","yoast_head_json":{"title":"Mr & Mrs - Collage de letras - Positive Prints","description":"\u00a1Un regalo de matrimonio atemporal! Personaliza el collage fotogr\u00e1fico de letras \u201cSr. y Sra\u201d con tus momentos favoritos para crear un recuerdo que durar\u00e1 para siempre.","robots":{"index":"index","follow":"follow","max-snippet":"max-snippet:-1","max-image-preview":"max-image-preview:large","max-video-preview":"max-video-preview:-1"},"canonical":"https:\/\/positiveprints.com\/es\/producto\/collage-foto-carta-de-boda\/","og_locale":"es_ES","og_type":"article","og_title":"Mr & Mrs - Collage de letras","og_description":"Sube tus fotos favoritas y personaliza cada letra  A\u00f1ade un mensaje para que tu dise\u00f1o sea \u00fanico y especial  Usa nuestro editor para personalizar tu dise\u00f1o en apenas tres pasos  Visualiza tu dise\u00f1o usando la vista previa interactiva","og_url":"https:\/\/positiveprints.com\/es\/producto\/collage-foto-carta-de-boda\/","og_site_name":"Positive Prints","article_publisher":"https:\/\/www.facebook.com\/positiveprintscom","article_modified_time":"2026-04-12T21:17:26+00:00","og_image":[{"width":1450,"height":1450,"url":"https:\/\/positiveprints.com\/wp-content\/uploads\/2025\/04\/Packshot_ES_MRMRS.webp","type":"image\/webp"}],"twitter_card":"summary_large_image","twitter_misc":{"Tiempo de lectura":"2 minutos"},"schema":{"@context":"https:\/\/schema.org","@graph":[{"@type":["WebPage","ItemPage"],"@id":"https:\/\/positiveprints.com\/es\/producto\/collage-foto-carta-de-boda\/","url":"https:\/\/positiveprints.com\/es\/producto\/collage-foto-carta-de-boda\/","name":"Mr & Mrs - Collage de letras - Positive Prints","isPartOf":{"@id":"https:\/\/positiveprints.com\/es\/#website"},"primaryImageOfPage":{"@id":"https:\/\/positiveprints.com\/es\/producto\/collage-foto-carta-de-boda\/#primaryimage"},"image":{"@id":"https:\/\/positiveprints.com\/es\/producto\/collage-foto-carta-de-boda\/#primaryimage"},"thumbnailUrl":"https:\/\/positiveprints.com\/wp-content\/uploads\/2026\/03\/collage-de-fotos-Mr-Mrs_ES.webp","datePublished":"2023-05-24T10:19:29+00:00","dateModified":"2026-04-12T21:17:26+00:00","description":"\u00a1Un regalo de matrimonio atemporal! Personaliza el collage fotogr\u00e1fico de letras \u201cSr. y Sra\u201d con tus momentos favoritos para crear un recuerdo que durar\u00e1 para siempre.","breadcrumb":{"@id":"https:\/\/positiveprints.com\/es\/producto\/collage-foto-carta-de-boda\/#breadcrumb"},"inLanguage":"es","potentialAction":[{"@type":"ReadAction","target":["https:\/\/positiveprints.com\/es\/producto\/collage-foto-carta-de-boda\/"]}]},{"@type":"ImageObject","inLanguage":"es","@id":"https:\/\/positiveprints.com\/es\/producto\/collage-foto-carta-de-boda\/#primaryimage","url":"https:\/\/positiveprints.com\/wp-content\/uploads\/2026\/03\/collage-de-fotos-Mr-Mrs_ES.webp","contentUrl":"https:\/\/positiveprints.com\/wp-content\/uploads\/2026\/03\/collage-de-fotos-Mr-Mrs_ES.webp","width":1450,"height":1450},{"@type":"BreadcrumbList","@id":"https:\/\/positiveprints.com\/es\/producto\/collage-foto-carta-de-boda\/#breadcrumb","itemListElement":[{"@type":"ListItem","position":1,"name":"CASA","item":"https:\/\/positiveprints.com\/es\/"},{"@type":"ListItem","position":2,"name":"Productos","item":"https:\/\/positiveprints.com\/es\/shop\/"},{"@type":"ListItem","position":3,"name":"Mr &#038; Mrs &#8211; Collage de letras"}]},{"@type":"WebSite","@id":"https:\/\/positiveprints.com\/es\/#website","url":"https:\/\/positiveprints.com\/es\/","name":"Positive Prints","description":"Custom Gifts for Special Occasions","publisher":{"@id":"https:\/\/positiveprints.com\/es\/#organization"},"potentialAction":[{"@type":"SearchAction","target":{"@type":"EntryPoint","urlTemplate":"https:\/\/positiveprints.com\/es\/?s={search_term_string}"},"query-input":{"@type":"PropertyValueSpecification","valueRequired":true,"valueName":"search_term_string"}}],"inLanguage":"es"},{"@type":"Organization","@id":"https:\/\/positiveprints.com\/es\/#organization","name":"Positive Prints","alternateName":"Positive Prints","url":"https:\/\/positiveprints.com\/es\/","logo":{"@type":"ImageObject","inLanguage":"es","@id":"https:\/\/positiveprints.com\/es\/#\/schema\/logo\/image\/","url":"https:\/\/positiveprints.com\/wp-content\/uploads\/2026\/03\/245815646_1337939713319158_5671353136411139666_n.png","contentUrl":"https:\/\/positiveprints.com\/wp-content\/uploads\/2026\/03\/245815646_1337939713319158_5671353136411139666_n.png","width":800,"height":800,"caption":"Positive Prints"},"image":{"@id":"https:\/\/positiveprints.com\/es\/#\/schema\/logo\/image\/"},"sameAs":["https:\/\/www.facebook.com\/positiveprintscom","https:\/\/www.instagram.com\/positiveprintscom\/","https:\/\/www.tiktok.com\/@positiveprintscom","https:\/\/www.pinterest.com\/positiveprintscom\/"]}]}},"jetpack_sharing_enabled":true,"_links":{"self":[{"href":"https:\/\/positiveprints.com\/es\/wp-json\/wp\/v2\/product\/960906","targetHints":{"allow":["GET"]}}],"collection":[{"href":"https:\/\/positiveprints.com\/es\/wp-json\/wp\/v2\/product"}],"about":[{"href":"https:\/\/positiveprints.com\/es\/wp-json\/wp\/v2\/types\/product"}],"wp:featuredmedia":[{"embeddable":true,"href":"https:\/\/positiveprints.com\/es\/wp-json\/wp\/v2\/media\/1672585"}],"wp:attachment":[{"href":"https:\/\/positiveprints.com\/es\/wp-json\/wp\/v2\/media?parent=960906"}],"wp:term":[{"taxonomy":"product_brand","embeddable":true,"href":"https:\/\/positiveprints.com\/es\/wp-json\/wp\/v2\/product_brand?post=960906"},{"taxonomy":"product_cat","embeddable":true,"href":"https:\/\/positiveprints.com\/es\/wp-json\/wp\/v2\/product_cat?post=960906"},{"taxonomy":"product_tag","embeddable":true,"href":"https:\/\/positiveprints.com\/es\/wp-json\/wp\/v2\/product_tag?post=960906"}],"curies":[{"name":"wp","href":"https:\/\/api.w.org\/{rel}","templated":true}]}}