{"id":960892,"date":"2023-05-23T11:25:45","date_gmt":"2023-05-23T10:25:45","guid":{"rendered":"https:\/\/positiveprints.com\/product\/collage-de-fotos-de-carta-de-1-ano-de-aniversario\/"},"modified":"2026-04-28T14:19:53","modified_gmt":"2026-04-28T13:19:53","slug":"collage-fotografico-carta-de-un-ano-aniversario","status":"publish","type":"product","link":"https:\/\/positiveprints.com\/es\/producto\/collage-fotografico-carta-de-un-ano-aniversario\/","title":{"rendered":"Collage de letras para el 1.\u00b0 aniversario"},"content":{"rendered":"&nbsp;\r\n<p style=\"margin-top: 1rem;\">\u00a1Te presentamos el Collage de fotos de cartas de 1 a\u00f1o de aniversario! Es un regalo especial y personalizado que puedes hacer para celebrar vuestro primer aniversario. Es como un cuadro compuesto por diferentes fotos que forman una palabra o signo. Puedes elegir cualquier palabra corta que te guste, como &#8220;1 a\u00f1o&#8221;, &#8220;juntos&#8221; o &#8220;amor&#8221;. \u00a1T\u00fa decides!<\/p>\r\n<p style=\"margin-top: 1rem;\">Para hacer tu obra de arte personalizada, s\u00f3lo tienes que ir a nuestro sitio web y utilizar nuestro sencillo editor en l\u00ednea. Puedes elegir una palabra o escribirla t\u00fa mismo. Tambi\u00e9n puedes elegir el color del contorno alrededor de las letras. Luego, puedes subir una foto para cada letra. Incluso puedes a\u00f1adir tu mensaje personal debajo del collage.<\/p>\r\n<p style=\"margin-top: 1rem;\">Hay distintas formas de encargar tu Foto Collage Carta 1 A\u00f1o. Puedes imprimirlo como p\u00f3ster o enmarcarlo. O puedes elegir una versi\u00f3n en lienzo. Si lo prefieres, tambi\u00e9n puedes obtener un archivo de descarga digital instant\u00e1nea.<\/p>\r\n<p style=\"margin-top: 1rem;\">El collage fotogr\u00e1fico Carta de 1 a\u00f1o no es como otros regalos que encuentras en las tiendas. Es \u00fanico y especial porque se trata de vosotros y de vuestra relaci\u00f3n. Es una forma de recordar todos los buenos momentos que hab\u00e9is pasado juntos. \u00a1Haz un <a href=\"https:\/\/positiveprints.com\/es\/anniversary-gifts\/\">regalo de aniversario<\/a> que demuestre lo mucho que te importa con el Collage fotogr\u00e1fico Carta de 1 a\u00f1o!<\/p>\r\n<p style=\"margin-top: 1rem;\">Imagina la alegr\u00eda en la cara de tu pareja cuando vea el precioso collage que has creado s\u00f3lo para ella. Es un regalo que demuestra lo mucho que te importa y lo importante que es vuestra relaci\u00f3n. Adem\u00e1s, es algo que podr\u00e1n conservar durante a\u00f1os.<\/p>\r\n<p style=\"margin-top: 1rem;\">El Collage de fotos de carta de 1 a\u00f1o de aniversario no s\u00f3lo es un regalo considerado y sentimental, sino que tambi\u00e9n es divertido de crear. Puedes dedicar tiempo a revisar tus fotos, eligiendo las perfectas para cada letra. Es una oportunidad para rememorar vuestros momentos favoritos y reflexionar sobre lo lejos que hab\u00e9is llegado como pareja.<\/p>\r\n<p style=\"margin-top: 1rem;\">As\u00ed que, \u00bfpor qu\u00e9 conformarte con un regalo gen\u00e9rico cuando puedes regalar algo realmente \u00fanico? El <a href=\"https:\/\/positiveprints.com\/es\/producto\/collage-fotografico-de-letras\/\">Collage de fotos de cartas<\/a> es una forma maravillosa de celebrar vuestro amor y conmemorar este hito tan especial. Es un regalo que har\u00e1 que tu aniversario sea a\u00fan m\u00e1s memorable y significativo. No esperes: \u00a1empieza a crear tu collage personalizado hoy mismo y deja que los recuerdos cobren vida!<\/p>","protected":false},"excerpt":{"rendered":"<p>&nbsp;<\/p>\n<ul class=\"check-list\">\n<li>A\u00f1ade un mensaje personalizado para que\u00a0tu dise\u00f1o sea \u00fanico y especial<\/li>\n<li>Usa nuestro editor para personalizar tu dise\u00f1o en apenas tres pasos<\/li>\n<li>Elige una plantilla o deja fluir tu imaginaci\u00f3n y crea tu propio dise\u00f1o <\/li>\n<li>Visualiza tu dise\u00f1o de forma r\u00e1pida usando la vista previa interactiva<\/li>\n<\/ul>\n","protected":false},"featured_media":1672417,"template":"","meta":[],"product_brand":[],"product_cat":[9124,106,5334,11589,11187,11188,11189,8012,7693],"product_tag":[14923,14933,14945,14931,14937,14939,14922,14929,14940,14187,14947,14943,14925,14927,14944,14924],"class_list":{"0":"post-960892","1":"product","2":"type-product","3":"status-publish","4":"has-post-thumbnail","6":"product_cat-photo-letter-es","7":"product_cat-todos-los-productos","8":"product_cat-regalos-de-aniversario","9":"product_cat-1-aniversario","10":"product_cat-regalos-de-aniversario-para-pareja","11":"product_cat-regalos-de-aniversario-para-ella","12":"product_cat-regalos-de-aniversario-para-el","13":"product_cat-regalos-para-hombres","14":"product_cat-regalos-para-mujeres","15":"product_tag-anniversary-es","16":"product_tag-anniversary-gift-es","17":"product_tag-anniversary-gifts-es","18":"product_tag-anniversary-present-es","19":"product_tag-couple-gift-es-2","20":"product_tag-gift-for-couple-es","21":"product_tag-love-es","22":"product_tag-love-gift-es","23":"product_tag-personalized-gift-es","24":"product_tag-regalo-romantico-es","25":"product_tag-romantic-gifts-es","26":"product_tag-sentimental-gift-es","27":"product_tag-special-occasion-es-2","28":"product_tag-thoughtful-gift-es","29":"product_tag-unique-gift-es","30":"product_tag-wedding-anniversary-es","32":"first","33":"instock","34":"sale","35":"taxable","36":"shipping-taxable","37":"purchasable","38":"product-type-variable"},"yoast_head":"<!-- This site is optimized with the Yoast SEO Premium plugin v27.2 (Yoast SEO v27.2) - https:\/\/yoast.com\/product\/yoast-seo-premium-wordpress\/ -->\n<title>Collage de letras para el 1.\u00b0 aniversario - Positive Prints<\/title>\n<meta name=\"description\" content=\"Haz que el primer aniversario sea a\u00fan m\u00e1s memorable con un detalle personalizado. Crea un collage fotogr\u00e1fico de letras y ll\u00e9nalo de momentos especiales para hacer de este regalo un detalle \u00fanico que durar\u00e1 toda la vida.\" \/>\n<meta name=\"robots\" content=\"index, follow, max-snippet:-1, max-image-preview:large, max-video-preview:-1\" \/>\n<link rel=\"canonical\" href=\"https:\/\/positiveprints.com\/es\/producto\/collage-fotografico-carta-de-un-ano-aniversario\/\" \/>\n<meta property=\"og:locale\" content=\"es_ES\" \/>\n<meta property=\"og:type\" content=\"article\" \/>\n<meta property=\"og:title\" content=\"Collage de letras para el 1.\u00b0 aniversario\" \/>\n<meta property=\"og:description\" content=\"&nbsp;       A\u00f1ade un mensaje personalizado para que\u00a0tu dise\u00f1o sea \u00fanico y especial      Usa nuestro editor para personalizar tu dise\u00f1o en apenas tres pasos      Elige una plantilla o deja fluir tu imaginaci\u00f3n y crea tu propio dise\u00f1o      Visualiza tu dise\u00f1o de forma r\u00e1pida usando la vista previa interactiva\" \/>\n<meta property=\"og:url\" content=\"https:\/\/positiveprints.com\/es\/producto\/collage-fotografico-carta-de-un-ano-aniversario\/\" \/>\n<meta property=\"og:site_name\" content=\"Positive Prints\" \/>\n<meta property=\"article:publisher\" content=\"https:\/\/www.facebook.com\/positiveprintscom\" \/>\n<meta property=\"article:modified_time\" content=\"2026-04-28T13:19:53+00:00\" \/>\n<meta property=\"og:image\" content=\"https:\/\/positiveprints.com\/wp-content\/uploads\/2025\/03\/Packshot_ES_1ano.webp\" \/>\n\t<meta property=\"og:image:width\" content=\"1450\" \/>\n\t<meta property=\"og:image:height\" content=\"1450\" \/>\n\t<meta property=\"og:image:type\" content=\"image\/webp\" \/>\n<meta name=\"twitter:card\" content=\"summary_large_image\" \/>\n<!-- \/ Yoast SEO Premium plugin. -->","yoast_head_json":{"title":"Collage de letras para el 1.\u00b0 aniversario - Positive Prints","description":"Haz que el primer aniversario sea a\u00fan m\u00e1s memorable con un detalle personalizado. Crea un collage fotogr\u00e1fico de letras y ll\u00e9nalo de momentos especiales para hacer de este regalo un detalle \u00fanico que durar\u00e1 toda la vida.","robots":{"index":"index","follow":"follow","max-snippet":"max-snippet:-1","max-image-preview":"max-image-preview:large","max-video-preview":"max-video-preview:-1"},"canonical":"https:\/\/positiveprints.com\/es\/producto\/collage-fotografico-carta-de-un-ano-aniversario\/","og_locale":"es_ES","og_type":"article","og_title":"Collage de letras para el 1.\u00b0 aniversario","og_description":"&nbsp;       A\u00f1ade un mensaje personalizado para que\u00a0tu dise\u00f1o sea \u00fanico y especial      Usa nuestro editor para personalizar tu dise\u00f1o en apenas tres pasos      Elige una plantilla o deja fluir tu imaginaci\u00f3n y crea tu propio dise\u00f1o      Visualiza tu dise\u00f1o de forma r\u00e1pida usando la vista previa interactiva","og_url":"https:\/\/positiveprints.com\/es\/producto\/collage-fotografico-carta-de-un-ano-aniversario\/","og_site_name":"Positive Prints","article_publisher":"https:\/\/www.facebook.com\/positiveprintscom","article_modified_time":"2026-04-28T13:19:53+00:00","og_image":[{"width":1450,"height":1450,"url":"https:\/\/positiveprints.com\/wp-content\/uploads\/2025\/03\/Packshot_ES_1ano.webp","type":"image\/webp"}],"twitter_card":"summary_large_image","schema":{"@context":"https:\/\/schema.org","@graph":[{"@type":["WebPage","ItemPage"],"@id":"https:\/\/positiveprints.com\/es\/producto\/collage-fotografico-carta-de-un-ano-aniversario\/","url":"https:\/\/positiveprints.com\/es\/producto\/collage-fotografico-carta-de-un-ano-aniversario\/","name":"Collage de letras para el 1.\u00b0 aniversario - Positive Prints","isPartOf":{"@id":"https:\/\/positiveprints.com\/es\/#website"},"primaryImageOfPage":{"@id":"https:\/\/positiveprints.com\/es\/producto\/collage-fotografico-carta-de-un-ano-aniversario\/#primaryimage"},"image":{"@id":"https:\/\/positiveprints.com\/es\/producto\/collage-fotografico-carta-de-un-ano-aniversario\/#primaryimage"},"thumbnailUrl":"https:\/\/positiveprints.com\/wp-content\/uploads\/2026\/03\/collage-de-fotos-del-primer-ano_ES.webp","datePublished":"2023-05-23T10:25:45+00:00","dateModified":"2026-04-28T13:19:53+00:00","description":"Haz que el primer aniversario sea a\u00fan m\u00e1s memorable con un detalle personalizado. Crea un collage fotogr\u00e1fico de letras y ll\u00e9nalo de momentos especiales para hacer de este regalo un detalle \u00fanico que durar\u00e1 toda la vida.","breadcrumb":{"@id":"https:\/\/positiveprints.com\/es\/producto\/collage-fotografico-carta-de-un-ano-aniversario\/#breadcrumb"},"inLanguage":"es","potentialAction":[{"@type":"ReadAction","target":["https:\/\/positiveprints.com\/es\/producto\/collage-fotografico-carta-de-un-ano-aniversario\/"]}]},{"@type":"ImageObject","inLanguage":"es","@id":"https:\/\/positiveprints.com\/es\/producto\/collage-fotografico-carta-de-un-ano-aniversario\/#primaryimage","url":"https:\/\/positiveprints.com\/wp-content\/uploads\/2026\/03\/collage-de-fotos-del-primer-ano_ES.webp","contentUrl":"https:\/\/positiveprints.com\/wp-content\/uploads\/2026\/03\/collage-de-fotos-del-primer-ano_ES.webp","width":1450,"height":1450},{"@type":"BreadcrumbList","@id":"https:\/\/positiveprints.com\/es\/producto\/collage-fotografico-carta-de-un-ano-aniversario\/#breadcrumb","itemListElement":[{"@type":"ListItem","position":1,"name":"CASA","item":"https:\/\/positiveprints.com\/es\/"},{"@type":"ListItem","position":2,"name":"Productos","item":"https:\/\/positiveprints.com\/es\/shop\/"},{"@type":"ListItem","position":3,"name":"Collage de letras para el 1.\u00b0 aniversario"}]},{"@type":"WebSite","@id":"https:\/\/positiveprints.com\/es\/#website","url":"https:\/\/positiveprints.com\/es\/","name":"Positive Prints","description":"Custom Gifts for Special Occasions","publisher":{"@id":"https:\/\/positiveprints.com\/es\/#organization"},"potentialAction":[{"@type":"SearchAction","target":{"@type":"EntryPoint","urlTemplate":"https:\/\/positiveprints.com\/es\/?s={search_term_string}"},"query-input":{"@type":"PropertyValueSpecification","valueRequired":true,"valueName":"search_term_string"}}],"inLanguage":"es"},{"@type":"Organization","@id":"https:\/\/positiveprints.com\/es\/#organization","name":"Positive Prints","alternateName":"Positive Prints ","url":"https:\/\/positiveprints.com\/es\/","logo":{"@type":"ImageObject","inLanguage":"es","@id":"https:\/\/positiveprints.com\/es\/#\/schema\/logo\/image\/","url":"https:\/\/positiveprints.com\/wp-content\/uploads\/2026\/03\/245815646_1337939713319158_5671353136411139666_n.png","contentUrl":"https:\/\/positiveprints.com\/wp-content\/uploads\/2026\/03\/245815646_1337939713319158_5671353136411139666_n.png","width":800,"height":800,"caption":"Positive Prints"},"image":{"@id":"https:\/\/positiveprints.com\/es\/#\/schema\/logo\/image\/"},"sameAs":["https:\/\/www.facebook.com\/positiveprintscom","https:\/\/www.instagram.com\/positiveprintscom\/","https:\/\/www.tiktok.com\/@positiveprintscom","https:\/\/www.pinterest.com\/positiveprintscom\/"]}]}},"jetpack_sharing_enabled":true,"_links":{"self":[{"href":"https:\/\/positiveprints.com\/es\/wp-json\/wp\/v2\/product\/960892","targetHints":{"allow":["GET"]}}],"collection":[{"href":"https:\/\/positiveprints.com\/es\/wp-json\/wp\/v2\/product"}],"about":[{"href":"https:\/\/positiveprints.com\/es\/wp-json\/wp\/v2\/types\/product"}],"wp:featuredmedia":[{"embeddable":true,"href":"https:\/\/positiveprints.com\/es\/wp-json\/wp\/v2\/media\/1672417"}],"wp:attachment":[{"href":"https:\/\/positiveprints.com\/es\/wp-json\/wp\/v2\/media?parent=960892"}],"wp:term":[{"taxonomy":"product_brand","embeddable":true,"href":"https:\/\/positiveprints.com\/es\/wp-json\/wp\/v2\/product_brand?post=960892"},{"taxonomy":"product_cat","embeddable":true,"href":"https:\/\/positiveprints.com\/es\/wp-json\/wp\/v2\/product_cat?post=960892"},{"taxonomy":"product_tag","embeddable":true,"href":"https:\/\/positiveprints.com\/es\/wp-json\/wp\/v2\/product_tag?post=960892"}],"curies":[{"name":"wp","href":"https:\/\/api.w.org\/{rel}","templated":true}]}}