{"id":960886,"date":"2023-05-24T09:36:42","date_gmt":"2023-05-24T08:36:42","guid":{"rendered":"https:\/\/positiveprints.com\/product\/collage-de-fotos-de-carta-de-aniversario\/"},"modified":"2026-04-03T03:15:42","modified_gmt":"2026-04-03T02:15:42","slug":"carta-aniversario-foto-collage","status":"publish","type":"product","link":"https:\/\/positiveprints.com\/es\/producto\/carta-aniversario-foto-collage\/","title":{"rendered":"Aniversario &#8211; Collage de fotos"},"content":{"rendered":"<p style=\"margin-top: 1rem;\">El Collage de fotos de carta de aniversario es un regalo incre\u00edble dise\u00f1ado espec\u00edficamente para <a href=\"https:\/\/positiveprints.com\/es\/regalos-de-aniversario\/\">los aniversarios<\/a>. Es una impresi\u00f3n personalizada o un lienzo que a\u00f1ade un toque \u00fanico a tus celebraciones de aniversario. Con este collage, puedes crear una palabra o signo utilizando tus propias fotos. Tienes libertad para elegir cualquier palabra corta que quieras, como la fecha de tu boda o palabras significativas como &#8220;juntos&#8221;, &#8220;para siempre&#8221; o &#8220;amor&#8221;. Las posibilidades son infinitas, lo que te permitir\u00e1 hacer que sea realmente especial. S\u00f3lo tienes que subir una foto por cada letra.<\/p>\r\n<p style=\"margin-top: 1rem;\">Crear un Collage de Fotos Carta Aniversario es s\u00faper f\u00e1cil. S\u00f3lo tienes que visitar nuestro editor online y seguir los pasos que te indicamos que son muy simples. Primero, elige una palabra o introduce la que tu quieras para darle un toque personal. Tambi\u00e9n puedes seleccionar el color del contorno de las letras seg\u00fan tus preferencias. A continuaci\u00f3n, sube tus fotos. Cada letra estar\u00e1 representada por una foto, d\u00e1ndote la oportunidad de mostrar tus recuerdos favoritos. Adem\u00e1s, puedes incluir un mensaje personal o un texto debajo del collage para que sea a\u00fan m\u00e1s sincero.<\/p>\r\n<p style=\"margin-top: 1rem;\">El Collage de Fotos Carta Aniversario est\u00e1 disponible en varios formatos y tama\u00f1os para adaptarse a tus necesidades. Puedes encargar un p\u00f3ster impreso o enmarcado, un lienzo o un archivo de descarga digital instant\u00e1nea para tener opciones de impresi\u00f3n ilimitadas. Elijas el formato que elijas, puedes estar seguro de que la calidad y la durabilidad son excepcionales, lo que garantiza que tu regalo ser\u00e1 apreciado durante a\u00f1os.<\/p>\r\n<p style=\"margin-top: 1rem;\">Lo que diferencia el Collage de Fotos Carta Aniversario de una tarjeta de aniversario que puedes comprar en cualquier tienda es su singularidad y su toque personalizado. Es un regalo que destaca y refleja la consideraci\u00f3n que pones al seleccionar algo especial. Es un s\u00edmbolo de vuestro amor y una forma sincera de expresar tus sentimientos.<\/p>\r\n<p style=\"margin-top: 1rem;\">Sorprende a tu pareja con el Collage de Fotos Carta Aniversario y haz que vuestro aniversario sea realmente memorable. Este <a href=\"https:\/\/positiveprints.com\/es\/regalos-de-aniversario\/\">regalo de aniversario personalizado<\/a> capta la esencia de vuestra relaci\u00f3n. Aprovecha el poder del arte personalizado y demuestra a tu ser querido lo mucho que significa para ti. Celebra tu aniversario por todo lo alto con este regalo sincero y extraordinario. Es una muestra de tu amor que guardar\u00e1s para siempre.<\/p>","protected":false},"excerpt":{"rendered":"<ul class=\"check-list\">\n<li>Sube tus fotos favoritas y personaliza cada letra<\/li>\n<li>A\u00f1ade un mensaje para que tu dise\u00f1o sea \u00fanico y especial<\/li>\n<li>Usa nuestro editor para personalizar tu dise\u00f1o en apenas tres pasos<\/li>\n<li>Visualiza tu dise\u00f1o usando la vista previa interactiva<\/li>\n<\/ul>\n","protected":false},"featured_media":1672502,"template":"","meta":[],"product_brand":[],"product_cat":[5334,9124,11189,11188,11187,106,9766],"product_tag":[14923,14933,14945,14931,14937,14939,14922,14929,14940,14187,14947,14943,14925,14927,14944,14924],"class_list":{"0":"post-960886","1":"product","2":"type-product","3":"status-publish","4":"has-post-thumbnail","6":"product_cat-regalos-de-aniversario","7":"product_cat-photo-letter-es","8":"product_cat-regalos-de-aniversario-para-el","9":"product_cat-regalos-de-aniversario-para-ella","10":"product_cat-regalos-de-aniversario-para-pareja","11":"product_cat-todos-los-productos","12":"product_cat-trending-label-es","13":"product_tag-anniversary-es","14":"product_tag-anniversary-gift-es","15":"product_tag-anniversary-gifts-es","16":"product_tag-anniversary-present-es","17":"product_tag-couple-gift-es-2","18":"product_tag-gift-for-couple-es","19":"product_tag-love-es","20":"product_tag-love-gift-es","21":"product_tag-personalized-gift-es","22":"product_tag-regalo-romantico-es","23":"product_tag-romantic-gifts-es","24":"product_tag-sentimental-gift-es","25":"product_tag-special-occasion-es-2","26":"product_tag-thoughtful-gift-es","27":"product_tag-unique-gift-es","28":"product_tag-wedding-anniversary-es","30":"first","31":"instock","32":"sale","33":"taxable","34":"shipping-taxable","35":"purchasable","36":"product-type-variable"},"yoast_head":"<!-- This site is optimized with the Yoast SEO Premium plugin v27.2 (Yoast SEO v27.2) - https:\/\/yoast.com\/product\/yoast-seo-premium-wordpress\/ -->\n<title>Aniversario - Collage de fotos - Positive Prints<\/title>\n<meta name=\"description\" content=\"\u00a1Celebra tu amor con un regalo de aniversario \u00fanico! Transforma tu fecha en un fant\u00e1stico collage de fotos con memorias que recordar\u00e1s con mucho cari\u00f1o para siempre.\" \/>\n<meta name=\"robots\" content=\"index, follow, max-snippet:-1, max-image-preview:large, max-video-preview:-1\" \/>\n<link rel=\"canonical\" href=\"https:\/\/positiveprints.com\/es\/producto\/carta-aniversario-foto-collage\/\" \/>\n<meta property=\"og:locale\" content=\"es_ES\" \/>\n<meta property=\"og:type\" content=\"article\" \/>\n<meta property=\"og:title\" content=\"Aniversario - Collage de fotos\" \/>\n<meta property=\"og:description\" content=\"Sube tus fotos favoritas y personaliza cada letra  A\u00f1ade un mensaje para que tu dise\u00f1o sea \u00fanico y especial  Usa nuestro editor para personalizar tu dise\u00f1o en apenas tres pasos  Visualiza tu dise\u00f1o usando la vista previa interactiva\" \/>\n<meta property=\"og:url\" content=\"https:\/\/positiveprints.com\/es\/producto\/carta-aniversario-foto-collage\/\" \/>\n<meta property=\"og:site_name\" content=\"Positive Prints\" \/>\n<meta property=\"article:publisher\" content=\"https:\/\/www.facebook.com\/positiveprintscom\" \/>\n<meta property=\"article:modified_time\" content=\"2026-04-03T02:15:42+00:00\" \/>\n<meta property=\"og:image\" content=\"https:\/\/positiveprints.com\/wp-content\/uploads\/2024\/11\/Packshot_ES_Anniversay-Letter-Photo-Collage-product-image-.webp\" \/>\n\t<meta property=\"og:image:width\" content=\"1450\" \/>\n\t<meta property=\"og:image:height\" content=\"1450\" \/>\n\t<meta property=\"og:image:type\" content=\"image\/webp\" \/>\n<meta name=\"twitter:card\" content=\"summary_large_image\" \/>\n<meta name=\"twitter:label1\" content=\"Tiempo de lectura\" \/>\n\t<meta name=\"twitter:data1\" content=\"2 minutos\" \/>\n<!-- \/ Yoast SEO Premium plugin. -->","yoast_head_json":{"title":"Aniversario - Collage de fotos - Positive Prints","description":"\u00a1Celebra tu amor con un regalo de aniversario \u00fanico! Transforma tu fecha en un fant\u00e1stico collage de fotos con memorias que recordar\u00e1s con mucho cari\u00f1o para siempre.","robots":{"index":"index","follow":"follow","max-snippet":"max-snippet:-1","max-image-preview":"max-image-preview:large","max-video-preview":"max-video-preview:-1"},"canonical":"https:\/\/positiveprints.com\/es\/producto\/carta-aniversario-foto-collage\/","og_locale":"es_ES","og_type":"article","og_title":"Aniversario - Collage de fotos","og_description":"Sube tus fotos favoritas y personaliza cada letra  A\u00f1ade un mensaje para que tu dise\u00f1o sea \u00fanico y especial  Usa nuestro editor para personalizar tu dise\u00f1o en apenas tres pasos  Visualiza tu dise\u00f1o usando la vista previa interactiva","og_url":"https:\/\/positiveprints.com\/es\/producto\/carta-aniversario-foto-collage\/","og_site_name":"Positive Prints","article_publisher":"https:\/\/www.facebook.com\/positiveprintscom","article_modified_time":"2026-04-03T02:15:42+00:00","og_image":[{"width":1450,"height":1450,"url":"https:\/\/positiveprints.com\/wp-content\/uploads\/2024\/11\/Packshot_ES_Anniversay-Letter-Photo-Collage-product-image-.webp","type":"image\/webp"}],"twitter_card":"summary_large_image","twitter_misc":{"Tiempo de lectura":"2 minutos"},"schema":{"@context":"https:\/\/schema.org","@graph":[{"@type":["WebPage","ItemPage"],"@id":"https:\/\/positiveprints.com\/es\/producto\/carta-aniversario-foto-collage\/","url":"https:\/\/positiveprints.com\/es\/producto\/carta-aniversario-foto-collage\/","name":"Aniversario - Collage de fotos - Positive Prints","isPartOf":{"@id":"https:\/\/positiveprints.com\/es\/#website"},"primaryImageOfPage":{"@id":"https:\/\/positiveprints.com\/es\/producto\/carta-aniversario-foto-collage\/#primaryimage"},"image":{"@id":"https:\/\/positiveprints.com\/es\/producto\/carta-aniversario-foto-collage\/#primaryimage"},"thumbnailUrl":"https:\/\/positiveprints.com\/wp-content\/uploads\/2026\/03\/collage-de-fotos-de-aniversario-ES.webp","datePublished":"2023-05-24T08:36:42+00:00","dateModified":"2026-04-03T02:15:42+00:00","description":"\u00a1Celebra tu amor con un regalo de aniversario \u00fanico! Transforma tu fecha en un fant\u00e1stico collage de fotos con memorias que recordar\u00e1s con mucho cari\u00f1o para siempre.","breadcrumb":{"@id":"https:\/\/positiveprints.com\/es\/producto\/carta-aniversario-foto-collage\/#breadcrumb"},"inLanguage":"es","potentialAction":[{"@type":"ReadAction","target":["https:\/\/positiveprints.com\/es\/producto\/carta-aniversario-foto-collage\/"]}]},{"@type":"ImageObject","inLanguage":"es","@id":"https:\/\/positiveprints.com\/es\/producto\/carta-aniversario-foto-collage\/#primaryimage","url":"https:\/\/positiveprints.com\/wp-content\/uploads\/2026\/03\/collage-de-fotos-de-aniversario-ES.webp","contentUrl":"https:\/\/positiveprints.com\/wp-content\/uploads\/2026\/03\/collage-de-fotos-de-aniversario-ES.webp","width":1450,"height":1450},{"@type":"BreadcrumbList","@id":"https:\/\/positiveprints.com\/es\/producto\/carta-aniversario-foto-collage\/#breadcrumb","itemListElement":[{"@type":"ListItem","position":1,"name":"CASA","item":"https:\/\/positiveprints.com\/es\/"},{"@type":"ListItem","position":2,"name":"Productos","item":"https:\/\/positiveprints.com\/es\/shop\/"},{"@type":"ListItem","position":3,"name":"Aniversario &#8211; Collage de fotos"}]},{"@type":"WebSite","@id":"https:\/\/positiveprints.com\/es\/#website","url":"https:\/\/positiveprints.com\/es\/","name":"Positive Prints","description":"Custom Gifts for Special Occasions","publisher":{"@id":"https:\/\/positiveprints.com\/es\/#organization"},"potentialAction":[{"@type":"SearchAction","target":{"@type":"EntryPoint","urlTemplate":"https:\/\/positiveprints.com\/es\/?s={search_term_string}"},"query-input":{"@type":"PropertyValueSpecification","valueRequired":true,"valueName":"search_term_string"}}],"inLanguage":"es"},{"@type":"Organization","@id":"https:\/\/positiveprints.com\/es\/#organization","name":"Positive Prints","alternateName":"Positive Prints","url":"https:\/\/positiveprints.com\/es\/","logo":{"@type":"ImageObject","inLanguage":"es","@id":"https:\/\/positiveprints.com\/es\/#\/schema\/logo\/image\/","url":"https:\/\/positiveprints.com\/wp-content\/uploads\/2026\/03\/245815646_1337939713319158_5671353136411139666_n.png","contentUrl":"https:\/\/positiveprints.com\/wp-content\/uploads\/2026\/03\/245815646_1337939713319158_5671353136411139666_n.png","width":800,"height":800,"caption":"Positive Prints"},"image":{"@id":"https:\/\/positiveprints.com\/es\/#\/schema\/logo\/image\/"},"sameAs":["https:\/\/www.facebook.com\/positiveprintscom","https:\/\/www.instagram.com\/positiveprintscom\/","https:\/\/www.tiktok.com\/@positiveprintscom","https:\/\/www.pinterest.com\/positiveprintscom\/"]}]}},"jetpack_sharing_enabled":true,"_links":{"self":[{"href":"https:\/\/positiveprints.com\/es\/wp-json\/wp\/v2\/product\/960886","targetHints":{"allow":["GET"]}}],"collection":[{"href":"https:\/\/positiveprints.com\/es\/wp-json\/wp\/v2\/product"}],"about":[{"href":"https:\/\/positiveprints.com\/es\/wp-json\/wp\/v2\/types\/product"}],"wp:featuredmedia":[{"embeddable":true,"href":"https:\/\/positiveprints.com\/es\/wp-json\/wp\/v2\/media\/1672502"}],"wp:attachment":[{"href":"https:\/\/positiveprints.com\/es\/wp-json\/wp\/v2\/media?parent=960886"}],"wp:term":[{"taxonomy":"product_brand","embeddable":true,"href":"https:\/\/positiveprints.com\/es\/wp-json\/wp\/v2\/product_brand?post=960886"},{"taxonomy":"product_cat","embeddable":true,"href":"https:\/\/positiveprints.com\/es\/wp-json\/wp\/v2\/product_cat?post=960886"},{"taxonomy":"product_tag","embeddable":true,"href":"https:\/\/positiveprints.com\/es\/wp-json\/wp\/v2\/product_tag?post=960886"}],"curies":[{"name":"wp","href":"https:\/\/api.w.org\/{rel}","templated":true}]}}