{"id":664433,"date":"2023-08-28T15:59:21","date_gmt":"2023-08-30T21:57:49","guid":{"rendered":"https:\/\/positiveprints.com\/product\/aura-de-escorpio-signo-del-zodiaco\/"},"modified":"2026-04-18T05:07:48","modified_gmt":"2026-04-18T04:07:48","slug":"escorpio-aura-signo-zodiacal","status":"publish","type":"product","link":"https:\/\/positiveprints.com\/es\/producto\/escorpio-aura-signo-zodiacal\/","title":{"rendered":"Aura de Escorpio Signo del Zodiaco"},"content":{"rendered":"<h2 class=\"grenB f24 cblue\" style=\"margin-top: 3rem\">Aura Escorpio Zod\u00edaco: Arte Celestial Personalizado<\/h2>\n\n<p style=\"margin-top: 1rem\">Ad\u00e9ntrate en el m\u00e1gico mundo del arte personalizado con nuestro p\u00f3ster del signo del zodiaco Aura de Escorpio. Expresa tu estilo especial con esta incre\u00edble obra maestra, disponible en tres fant\u00e1sticos estilos: espiritual, moderno o vintage. Elige el estilo que te siente bien y que muestre tu singularidad.<\/p>\n\n<h2 class=\"grenB f24 cblue\" style=\"margin-top: 3rem\">La misteriosa energ\u00eda de Escorpio<\/h2>\n\n<p style=\"margin-top: 1rem\">Siente la energ\u00eda misteriosa e intensa de Escorpio como nunca antes. Nuestro dise\u00f1o Aura transforma el lienzo en una mezcla de colores profundos, igual que la enigm\u00e1tica naturaleza de Escorpio. Imagina p\u00farpuras intensos y negros intensos que capten el poderoso esp\u00edritu de este signo del zodiaco.<\/p>\n\n<h2 class=\"grenB f24 cblue\" style=\"margin-top: 3rem\">Creado s\u00f3lo para ti<\/h2>\n\n<p style=\"margin-top: 1rem\">Haz que el p\u00f3ster sea todo tuyo a\u00f1adiendo tus toques personales. A\u00f1ade tu nombre zodiacal, un mensaje dulce o elige resaltar el nombre de la piedra de nacimiento de Escorpio, su planeta regente y su elemento especial. Estos detalles hacen que tu obra de arte sea a\u00fan m\u00e1s especial y muestran tu conexi\u00f3n con la esencia de Escorpio.<\/p>\n\n<h2 class=\"grenB f24 cblue\" style=\"margin-top: 3rem\">Celebra con Aura Escorpio Zod\u00edaco<\/h2>\n\n<p style=\"margin-top: 1rem\">\u00bfBuscas un regalo perfecto? No busques m\u00e1s. El p\u00f3ster del signo del zodiaco Aura de Escorpio es una forma maravillosa de celebrar un cumplea\u00f1os especial. Mezclando arte y astrolog\u00eda, se convierte en un recuerdo que capta el coraz\u00f3n de su signo zodiacal y sus rasgos \u00fanicos.<\/p>\n\n<h2 class=\"grenB f24 cblue\" style=\"margin-top: 3rem\">F\u00e1cil de crear<\/h2>\n\n<p style=\"margin-top: 1rem\">Crear tu propio cartel es super sencillo. Ve a nuestro editor en l\u00ednea, elige tu dise\u00f1o y estilo favoritos, escoge los detalles que te gusten y selecciona Escorpio como signo del zodiaco. Puedes elegir un p\u00f3ster impreso, arte enmarcado, lienzo o descarga digital instant\u00e1nea: decidas lo que decidas, tendr\u00e1s una creaci\u00f3n impresionante que a\u00f1adir\u00e1 belleza c\u00f3smica a tu espacio.<\/p>\n\n<h2 class=\"grenB f24 cblue\" style=\"margin-top: 3rem\">Eleva tu espacio con Aura Escorpio Zod\u00edaco<\/h2>\n\n<p style=\"margin-top: 1rem\">Haz brillar tu espacio con el p\u00f3ster del signo del zodiaco Aura de Escorpio. Es una mezcla atemporal de arte y astrolog\u00eda que habla a tu coraz\u00f3n y a tu esp\u00edritu, haciendo que tu espacio resplandezca con magia c\u00f3smica.<\/p>","protected":false},"excerpt":{"rendered":"<p>Aura Escorpio Zod\u00edaco: Arte Celestial Personalizado Ad\u00e9ntrate en el m\u00e1gico mundo del arte personalizado con nuestro p\u00f3ster del signo del zodiaco Aura de Escorpio. Expresa tu estilo especial con esta incre\u00edble obra maestra, disponible en tres fant\u00e1sticos estilos: espiritual, moderno o vintage. Elige el estilo que te siente bien y que muestre tu singularidad. La [&hellip;]<\/p>\n","protected":false},"featured_media":662336,"template":"","meta":[],"product_brand":[],"product_cat":[9015,106],"product_tag":[9150],"class_list":{"0":"post-664433","1":"product","2":"type-product","3":"status-publish","4":"has-post-thumbnail","6":"product_cat-zodiac-es","7":"product_cat-todos-los-productos","8":"product_tag-aura-es","10":"first","11":"instock","12":"sale","13":"taxable","14":"shipping-taxable","15":"purchasable","16":"product-type-variable"},"yoast_head":"<!-- This site is optimized with the Yoast SEO Premium plugin v27.2 (Yoast SEO v27.2) - https:\/\/yoast.com\/product\/yoast-seo-premium-wordpress\/ -->\n<title>Aura de Escorpio Arte Zodiacal - Impresiones Positivas<\/title>\n<meta name=\"description\" content=\"Desvela el misterio en tus paredes. Signo del Zodiaco Aura de Escorpio: un regalo cautivador para las almas c\u00f3smicas.\" \/>\n<meta name=\"robots\" content=\"index, follow, max-snippet:-1, max-image-preview:large, max-video-preview:-1\" \/>\n<link rel=\"canonical\" href=\"https:\/\/positiveprints.com\/es\/producto\/escorpio-aura-signo-zodiacal\/\" \/>\n<meta property=\"og:locale\" content=\"es_ES\" \/>\n<meta property=\"og:type\" content=\"article\" \/>\n<meta property=\"og:title\" content=\"Aura de Escorpio Signo del Zodiaco\" \/>\n<meta property=\"og:description\" content=\"Aura Escorpio Zod\u00edaco: Arte Celestial Personalizado Ad\u00e9ntrate en el m\u00e1gico mundo del arte personalizado con nuestro p\u00f3ster del signo del zodiaco Aura de\" \/>\n<meta property=\"og:url\" content=\"https:\/\/positiveprints.com\/es\/producto\/escorpio-aura-signo-zodiacal\/\" \/>\n<meta property=\"og:site_name\" content=\"Positive Prints\" \/>\n<meta property=\"article:publisher\" content=\"https:\/\/www.facebook.com\/positiveprintscom\" \/>\n<meta property=\"article:modified_time\" content=\"2026-04-18T04:07:48+00:00\" \/>\n<meta property=\"og:image\" content=\"https:\/\/positiveprints.com\/wp-content\/uploads\/2026\/03\/Open-graph-2026-1200x630-1.jpg\" \/>\n\t<meta property=\"og:image:width\" content=\"1200\" \/>\n\t<meta property=\"og:image:height\" content=\"630\" \/>\n\t<meta property=\"og:image:type\" content=\"image\/jpeg\" \/>\n<meta name=\"twitter:card\" content=\"summary_large_image\" \/>\n<meta name=\"twitter:label1\" content=\"Tiempo de lectura\" \/>\n\t<meta name=\"twitter:data1\" content=\"2 minutos\" \/>\n<!-- \/ Yoast SEO Premium plugin. -->","yoast_head_json":{"title":"Aura de Escorpio Arte Zodiacal - Impresiones Positivas","description":"Desvela el misterio en tus paredes. Signo del Zodiaco Aura de Escorpio: un regalo cautivador para las almas c\u00f3smicas.","robots":{"index":"index","follow":"follow","max-snippet":"max-snippet:-1","max-image-preview":"max-image-preview:large","max-video-preview":"max-video-preview:-1"},"canonical":"https:\/\/positiveprints.com\/es\/producto\/escorpio-aura-signo-zodiacal\/","og_locale":"es_ES","og_type":"article","og_title":"Aura de Escorpio Signo del Zodiaco","og_description":"Aura Escorpio Zod\u00edaco: Arte Celestial Personalizado Ad\u00e9ntrate en el m\u00e1gico mundo del arte personalizado con nuestro p\u00f3ster del signo del zodiaco Aura de","og_url":"https:\/\/positiveprints.com\/es\/producto\/escorpio-aura-signo-zodiacal\/","og_site_name":"Positive Prints","article_publisher":"https:\/\/www.facebook.com\/positiveprintscom","article_modified_time":"2026-04-18T04:07:48+00:00","og_image":[{"width":1200,"height":630,"url":"https:\/\/positiveprints.com\/wp-content\/uploads\/2026\/03\/Open-graph-2026-1200x630-1.jpg","type":"image\/jpeg"}],"twitter_card":"summary_large_image","twitter_misc":{"Tiempo de lectura":"2 minutos"},"schema":{"@context":"https:\/\/schema.org","@graph":[{"@type":["WebPage","ItemPage"],"@id":"https:\/\/positiveprints.com\/es\/producto\/escorpio-aura-signo-zodiacal\/","url":"https:\/\/positiveprints.com\/es\/producto\/escorpio-aura-signo-zodiacal\/","name":"Aura de Escorpio Arte Zodiacal - Impresiones Positivas","isPartOf":{"@id":"https:\/\/positiveprints.com\/es\/#website"},"primaryImageOfPage":{"@id":"https:\/\/positiveprints.com\/es\/producto\/escorpio-aura-signo-zodiacal\/#primaryimage"},"image":{"@id":"https:\/\/positiveprints.com\/es\/producto\/escorpio-aura-signo-zodiacal\/#primaryimage"},"thumbnailUrl":"https:\/\/positiveprints.com\/wp-content\/uploads\/2023\/08\/Scorpio-Aura-Zodiac-Art.jpg","datePublished":"2023-08-30T21:57:49+00:00","dateModified":"2026-04-18T04:07:48+00:00","description":"Desvela el misterio en tus paredes. Signo del Zodiaco Aura de Escorpio: un regalo cautivador para las almas c\u00f3smicas.","breadcrumb":{"@id":"https:\/\/positiveprints.com\/es\/producto\/escorpio-aura-signo-zodiacal\/#breadcrumb"},"inLanguage":"es","potentialAction":[{"@type":"ReadAction","target":["https:\/\/positiveprints.com\/es\/producto\/escorpio-aura-signo-zodiacal\/"]}]},{"@type":"ImageObject","inLanguage":"es","@id":"https:\/\/positiveprints.com\/es\/producto\/escorpio-aura-signo-zodiacal\/#primaryimage","url":"https:\/\/positiveprints.com\/wp-content\/uploads\/2023\/08\/Scorpio-Aura-Zodiac-Art.jpg","contentUrl":"https:\/\/positiveprints.com\/wp-content\/uploads\/2023\/08\/Scorpio-Aura-Zodiac-Art.jpg","width":1080,"height":1080,"caption":"Scorpio Aura Zodiac Art"},{"@type":"BreadcrumbList","@id":"https:\/\/positiveprints.com\/es\/producto\/escorpio-aura-signo-zodiacal\/#breadcrumb","itemListElement":[{"@type":"ListItem","position":1,"name":"CASA","item":"https:\/\/positiveprints.com\/es\/"},{"@type":"ListItem","position":2,"name":"Productos","item":"https:\/\/positiveprints.com\/es\/shop\/"},{"@type":"ListItem","position":3,"name":"Aura de Escorpio Signo del Zodiaco"}]},{"@type":"WebSite","@id":"https:\/\/positiveprints.com\/es\/#website","url":"https:\/\/positiveprints.com\/es\/","name":"Positive Prints","description":"Custom Gifts for Special Occasions","publisher":{"@id":"https:\/\/positiveprints.com\/es\/#organization"},"potentialAction":[{"@type":"SearchAction","target":{"@type":"EntryPoint","urlTemplate":"https:\/\/positiveprints.com\/es\/?s={search_term_string}"},"query-input":{"@type":"PropertyValueSpecification","valueRequired":true,"valueName":"search_term_string"}}],"inLanguage":"es"},{"@type":"Organization","@id":"https:\/\/positiveprints.com\/es\/#organization","name":"Positive Prints","alternateName":"Positive Prints","url":"https:\/\/positiveprints.com\/es\/","logo":{"@type":"ImageObject","inLanguage":"es","@id":"https:\/\/positiveprints.com\/es\/#\/schema\/logo\/image\/","url":"https:\/\/positiveprints.com\/wp-content\/uploads\/2026\/03\/245815646_1337939713319158_5671353136411139666_n.png","contentUrl":"https:\/\/positiveprints.com\/wp-content\/uploads\/2026\/03\/245815646_1337939713319158_5671353136411139666_n.png","width":800,"height":800,"caption":"Positive Prints"},"image":{"@id":"https:\/\/positiveprints.com\/es\/#\/schema\/logo\/image\/"},"sameAs":["https:\/\/www.facebook.com\/positiveprintscom","https:\/\/www.instagram.com\/positiveprintscom\/","https:\/\/www.tiktok.com\/@positiveprintscom","https:\/\/www.pinterest.com\/positiveprintscom\/"]}]}},"jetpack_sharing_enabled":true,"_links":{"self":[{"href":"https:\/\/positiveprints.com\/es\/wp-json\/wp\/v2\/product\/664433","targetHints":{"allow":["GET"]}}],"collection":[{"href":"https:\/\/positiveprints.com\/es\/wp-json\/wp\/v2\/product"}],"about":[{"href":"https:\/\/positiveprints.com\/es\/wp-json\/wp\/v2\/types\/product"}],"wp:featuredmedia":[{"embeddable":true,"href":"https:\/\/positiveprints.com\/es\/wp-json\/wp\/v2\/media\/662336"}],"wp:attachment":[{"href":"https:\/\/positiveprints.com\/es\/wp-json\/wp\/v2\/media?parent=664433"}],"wp:term":[{"taxonomy":"product_brand","embeddable":true,"href":"https:\/\/positiveprints.com\/es\/wp-json\/wp\/v2\/product_brand?post=664433"},{"taxonomy":"product_cat","embeddable":true,"href":"https:\/\/positiveprints.com\/es\/wp-json\/wp\/v2\/product_cat?post=664433"},{"taxonomy":"product_tag","embeddable":true,"href":"https:\/\/positiveprints.com\/es\/wp-json\/wp\/v2\/product_tag?post=664433"}],"curies":[{"name":"wp","href":"https:\/\/api.w.org\/{rel}","templated":true}]}}