{"id":642573,"date":"2022-12-14T11:54:00","date_gmt":"2022-12-14T10:54:00","guid":{"rendered":"https:\/\/positiveprints.com\/?post_type=product&#038;p=642573"},"modified":"2026-04-12T22:45:26","modified_gmt":"2026-04-12T21:45:26","slug":"el-comienzo-de-algo-especial","status":"publish","type":"product","link":"https:\/\/positiveprints.com\/es\/producto\/el-comienzo-de-algo-especial\/","title":{"rendered":"El comienzo de algo especial"},"content":{"rendered":"<p style=\"margin-top: 1rem\">Crear un mapa personalizado es una de las formas m\u00e1s excepcionales de demostrar cu\u00e1nto te importa alguien porque haces que se sienta verdaderamente \u00fanico. Con &#8220;el comienzo de algo especial&#8221;, podr\u00e1s conmemorar cualquier ocasi\u00f3n especial en la vida de alguien, \u00a1sin importar cu\u00e1n grande o peque\u00f1o sea! No hay l\u00edmites para la emoci\u00f3n y el significado que puedes transmitir a trav\u00e9s de este detalle tan especial.<\/p>\r\n\r\n\r\n<h2 class=\"grenB f24 cblue\" style=\"margin-top: 3rem\">Un recordatorio perfecto de d\u00f3nde comenz\u00f3 todo<\/h2>\r\n\r\n<p style=\"margin-top: 1rem\">Hay muchos lugares en el mundo que significan algo especial para alguna persona en el mundo, ya sea donde conocimos a nuestro ser amado, nos casamos o experimentamos un evento que cambi\u00f3 nuestra vida. Cada uno de estos lugares tiene un significado \u00fanico para nosotros y puede ser una fuente de recuerdos sin fin.<\/p>\r\n\r\n\r\n\r\n<p style=\"margin-top: 1rem\">Para aquellos que buscan celebrar ocasiones tan extraordinarias, &#8220;el comienzo de algo especial&#8221; es la opci\u00f3n perfecta para capturar el momento. Con este singular detalle, puedes transformar cualquier lugar especial en un recuerdo trascendental que perdurar\u00e1 por la eternidad. Selecciona tu ubicaci\u00f3n y personaliza la obra de arte con tu propio estilo o combinaci\u00f3n de colores. Para darle un toque m\u00e1s \u00edntimo, agr\u00e9gale un texto personal que describa la importancia del lugar y el evento. Puedes pedir un p\u00f3ster impreso o enmarcado, un lienzo o descargarlo de forma instant\u00e1nea en formato digital.<\/p>\r\n\r\n\r\n\r\n<p style=\"margin-top: 1rem\">As\u00ed, esa persona siempre dispondr\u00e1 de algo concreto que lo mantendr\u00e1 conectado con el lugar donde inici\u00f3 algo especial en su vida. Tanto si se trata de un cumplea\u00f1os, un aniversario, una graduaci\u00f3n o cualquier otra ocasi\u00f3n, este regalo ser\u00e1 un recordatorio perfecto de d\u00f3nde se origin\u00f3 todo. De esta manera, podr\u00e1n revivir esos momentos especiales una y otra vez, manteniendo viva la emoci\u00f3n y el significado de ese lugar \u00fanico en su coraz\u00f3n.<\/p>\r\n\r\n<h2 class=\"grenB f24 cblue\" style=\"margin-top: 3rem\">Personaliza el comienzo de algo especial<\/h2>\r\n\r\n<p style=\"margin-top: 1rem\">Mostrarle a alguien que te importa y hacer que se sienta verdaderamente especial es posible a trav\u00e9s de un regalo personalizado. No importa si es su cumplea\u00f1os, aniversario u otra ocasi\u00f3n especial, un mapa personalizado ser\u00e1 un recordatorio inolvidable del lugar donde comenz\u00f3 algo extraordinario.<\/p>\r\n\r\n<p style=\"margin-top: 1rem\">Si est\u00e1s buscando un detalle que pase la prueba del tiempo, pide &#8220;el comienzo de algo especial&#8221;. Este regalo ser\u00e1 la forma perfecta de conmemorar cualquier ocasi\u00f3n. \u00a1Comparte tu historia con tus seres queridos y crea un v\u00ednculo perdurable!<\/p>\r\n\r\n\r\n\r\n<p style=\"margin-top: 1rem\">\u00a1Nunca dejes de regalar! :)<\/p>","protected":false},"excerpt":{"rendered":"<ul class=\"check-list\">\n<li>Marca un lugar especial con el s\u00edmbolo de tu elecci\u00f3n<\/li>\n<li>Personal\u00edzalo en tres sencillos pasos<\/li>\n<li>Incluye un texto personalizado<\/li>\n<li>Ve el resultado de inmediato: la vista previa interactiva te permite perfeccionar cada detalle<\/li>\n<\/ul>\n","protected":false},"featured_media":1214249,"template":"","meta":[],"product_brand":[],"product_cat":[7195,5270,11453,11454,7837,8215,7613,11449,8012,15060,7853,11461,11458,7629,7661,7693,106,9766],"product_tag":[9093,13429,13469,15267],"class_list":{"0":"post-642573","1":"product","2":"type-product","3":"status-publish","4":"has-post-thumbnail","6":"product_cat-map-es","7":"product_cat-regalos-de-navidad","8":"product_cat-regalos-de-navidad-para-abuela","9":"product_cat-regalos-de-navidad-para-abuelo","10":"product_cat-regalos-para-amigos","11":"product_cat-para-el","12":"product_cat-regalos-para-el-abuelo","13":"product_cat-regalos-de-navidad-para-el-hermano","14":"product_cat-regalos-para-hombres","15":"product_cat-regalos-de-navidad-para-la-familia","16":"product_cat-regalos-para-la-familia","17":"product_cat-regalos-de-navidad-para-la-hermana","18":"product_cat-regalos-de-navidad-para-los-ninos","19":"product_cat-regalos-para-mi-hermano","20":"product_cat-regalos-para-mi-hijo","21":"product_cat-regalos-para-mujeres","22":"product_cat-todos-los-productos","23":"product_cat-trending-label-es","24":"product_tag-couples-es-2","25":"product_tag-regalo-de-navidad-para-hermana","26":"product_tag-regalos-de-navidad-para-la-familia","27":"product_tag-weihnachtsgeschenke-fuer-den-bruder","29":"first","30":"instock","31":"sale","32":"taxable","33":"shipping-taxable","34":"purchasable","35":"product-type-variable"},"yoast_head":"<!-- This site is optimized with the Yoast SEO Premium plugin v27.2 (Yoast SEO v27.2) - https:\/\/yoast.com\/product\/yoast-seo-premium-wordpress\/ -->\n<title>El comienzo de algo especial - Positive Prints<\/title>\n<meta name=\"robots\" content=\"index, follow, max-snippet:-1, max-image-preview:large, max-video-preview:-1\" \/>\n<link rel=\"canonical\" href=\"https:\/\/positiveprints.com\/es\/producto\/el-comienzo-de-algo-especial\/\" \/>\n<meta property=\"og:locale\" content=\"es_ES\" \/>\n<meta property=\"og:type\" content=\"article\" \/>\n<meta property=\"og:title\" content=\"El comienzo de algo especial\" \/>\n<meta property=\"og:description\" content=\"Marca un lugar especial con el s\u00edmbolo de tu elecci\u00f3n Personal\u00edzalo en tres sencillos pasos Incluye un texto personalizado Ve el resultado de inmediato: la vista previa interactiva te permite perfeccionar cada detalle\" \/>\n<meta property=\"og:url\" content=\"https:\/\/positiveprints.com\/es\/producto\/el-comienzo-de-algo-especial\/\" \/>\n<meta property=\"og:site_name\" content=\"Positive Prints\" \/>\n<meta property=\"article:publisher\" content=\"https:\/\/www.facebook.com\/positiveprintscom\" \/>\n<meta property=\"article:modified_time\" content=\"2026-04-12T21:45:26+00:00\" \/>\n<meta property=\"og:image\" content=\"https:\/\/positiveprints.com\/wp-content\/uploads\/2024\/10\/Packshot_ES_the-start-of-something-special-map-product-image.webp\" \/>\n\t<meta property=\"og:image:width\" content=\"1450\" \/>\n\t<meta property=\"og:image:height\" content=\"1450\" \/>\n\t<meta property=\"og:image:type\" content=\"image\/webp\" \/>\n<meta name=\"twitter:card\" content=\"summary_large_image\" \/>\n<meta name=\"twitter:label1\" content=\"Tiempo de lectura\" \/>\n\t<meta name=\"twitter:data1\" content=\"2 minutos\" \/>\n<!-- \/ Yoast SEO Premium plugin. -->","yoast_head_json":{"title":"El comienzo de algo especial - Positive Prints","robots":{"index":"index","follow":"follow","max-snippet":"max-snippet:-1","max-image-preview":"max-image-preview:large","max-video-preview":"max-video-preview:-1"},"canonical":"https:\/\/positiveprints.com\/es\/producto\/el-comienzo-de-algo-especial\/","og_locale":"es_ES","og_type":"article","og_title":"El comienzo de algo especial","og_description":"Marca un lugar especial con el s\u00edmbolo de tu elecci\u00f3n Personal\u00edzalo en tres sencillos pasos Incluye un texto personalizado Ve el resultado de inmediato: la vista previa interactiva te permite perfeccionar cada detalle","og_url":"https:\/\/positiveprints.com\/es\/producto\/el-comienzo-de-algo-especial\/","og_site_name":"Positive Prints","article_publisher":"https:\/\/www.facebook.com\/positiveprintscom","article_modified_time":"2026-04-12T21:45:26+00:00","og_image":[{"width":1450,"height":1450,"url":"https:\/\/positiveprints.com\/wp-content\/uploads\/2024\/10\/Packshot_ES_the-start-of-something-special-map-product-image.webp","type":"image\/webp"}],"twitter_card":"summary_large_image","twitter_misc":{"Tiempo de lectura":"2 minutos"},"schema":{"@context":"https:\/\/schema.org","@graph":[{"@type":["WebPage","ItemPage"],"@id":"https:\/\/positiveprints.com\/es\/producto\/el-comienzo-de-algo-especial\/","url":"https:\/\/positiveprints.com\/es\/producto\/el-comienzo-de-algo-especial\/","name":"El comienzo de algo especial - Positive Prints","isPartOf":{"@id":"https:\/\/positiveprints.com\/es\/#website"},"primaryImageOfPage":{"@id":"https:\/\/positiveprints.com\/es\/producto\/el-comienzo-de-algo-especial\/#primaryimage"},"image":{"@id":"https:\/\/positiveprints.com\/es\/producto\/el-comienzo-de-algo-especial\/#primaryimage"},"thumbnailUrl":"https:\/\/positiveprints.com\/wp-content\/uploads\/2024\/10\/Packshot_ES_the-start-of-something-special-map-product-image.webp","datePublished":"2022-12-14T10:54:00+00:00","dateModified":"2026-04-12T21:45:26+00:00","breadcrumb":{"@id":"https:\/\/positiveprints.com\/es\/producto\/el-comienzo-de-algo-especial\/#breadcrumb"},"inLanguage":"es","potentialAction":[{"@type":"ReadAction","target":["https:\/\/positiveprints.com\/es\/producto\/el-comienzo-de-algo-especial\/"]}]},{"@type":"ImageObject","inLanguage":"es","@id":"https:\/\/positiveprints.com\/es\/producto\/el-comienzo-de-algo-especial\/#primaryimage","url":"https:\/\/positiveprints.com\/wp-content\/uploads\/2024\/10\/Packshot_ES_the-start-of-something-special-map-product-image.webp","contentUrl":"https:\/\/positiveprints.com\/wp-content\/uploads\/2024\/10\/Packshot_ES_the-start-of-something-special-map-product-image.webp","width":1450,"height":1450},{"@type":"BreadcrumbList","@id":"https:\/\/positiveprints.com\/es\/producto\/el-comienzo-de-algo-especial\/#breadcrumb","itemListElement":[{"@type":"ListItem","position":1,"name":"CASA","item":"https:\/\/positiveprints.com\/es\/"},{"@type":"ListItem","position":2,"name":"Productos","item":"https:\/\/positiveprints.com\/es\/shop\/"},{"@type":"ListItem","position":3,"name":"El comienzo de algo especial"}]},{"@type":"WebSite","@id":"https:\/\/positiveprints.com\/es\/#website","url":"https:\/\/positiveprints.com\/es\/","name":"Positive Prints","description":"Custom Gifts for Special Occasions","publisher":{"@id":"https:\/\/positiveprints.com\/es\/#organization"},"potentialAction":[{"@type":"SearchAction","target":{"@type":"EntryPoint","urlTemplate":"https:\/\/positiveprints.com\/es\/?s={search_term_string}"},"query-input":{"@type":"PropertyValueSpecification","valueRequired":true,"valueName":"search_term_string"}}],"inLanguage":"es"},{"@type":"Organization","@id":"https:\/\/positiveprints.com\/es\/#organization","name":"Positive Prints","alternateName":"Positive Prints","url":"https:\/\/positiveprints.com\/es\/","logo":{"@type":"ImageObject","inLanguage":"es","@id":"https:\/\/positiveprints.com\/es\/#\/schema\/logo\/image\/","url":"https:\/\/positiveprints.com\/wp-content\/uploads\/2026\/03\/245815646_1337939713319158_5671353136411139666_n.png","contentUrl":"https:\/\/positiveprints.com\/wp-content\/uploads\/2026\/03\/245815646_1337939713319158_5671353136411139666_n.png","width":800,"height":800,"caption":"Positive Prints"},"image":{"@id":"https:\/\/positiveprints.com\/es\/#\/schema\/logo\/image\/"},"sameAs":["https:\/\/www.facebook.com\/positiveprintscom","https:\/\/www.instagram.com\/positiveprintscom\/","https:\/\/www.tiktok.com\/@positiveprintscom","https:\/\/www.pinterest.com\/positiveprintscom\/"]}]}},"jetpack_sharing_enabled":true,"_links":{"self":[{"href":"https:\/\/positiveprints.com\/es\/wp-json\/wp\/v2\/product\/642573","targetHints":{"allow":["GET"]}}],"collection":[{"href":"https:\/\/positiveprints.com\/es\/wp-json\/wp\/v2\/product"}],"about":[{"href":"https:\/\/positiveprints.com\/es\/wp-json\/wp\/v2\/types\/product"}],"wp:featuredmedia":[{"embeddable":true,"href":"https:\/\/positiveprints.com\/es\/wp-json\/wp\/v2\/media\/1214249"}],"wp:attachment":[{"href":"https:\/\/positiveprints.com\/es\/wp-json\/wp\/v2\/media?parent=642573"}],"wp:term":[{"taxonomy":"product_brand","embeddable":true,"href":"https:\/\/positiveprints.com\/es\/wp-json\/wp\/v2\/product_brand?post=642573"},{"taxonomy":"product_cat","embeddable":true,"href":"https:\/\/positiveprints.com\/es\/wp-json\/wp\/v2\/product_cat?post=642573"},{"taxonomy":"product_tag","embeddable":true,"href":"https:\/\/positiveprints.com\/es\/wp-json\/wp\/v2\/product_tag?post=642573"}],"curies":[{"name":"wp","href":"https:\/\/api.w.org\/{rel}","templated":true}]}}