{"id":642560,"date":"2023-03-10T13:15:20","date_gmt":"2023-03-10T12:15:20","guid":{"rendered":"https:\/\/positiveprints.com\/?post_type=product&#038;p=642560"},"modified":"2026-04-28T14:27:11","modified_gmt":"2026-04-28T13:27:11","slug":"mapa-de-mudanza","status":"publish","type":"product","link":"https:\/\/positiveprints.com\/es\/producto\/mapa-de-mudanza\/","title":{"rendered":"Mapa de mudanza"},"content":{"rendered":"<p style=\"margin-top: 1rem\">\u00bfEst\u00e1s buscando un regalo \u00fanico para alguien especial en tu vida? \u00a1No busques m\u00e1s y reg\u00e1lales un mapa de mudanza! Este mapa personalizado se encarga de capturar los recuerdos y las experiencias de un lugar espec\u00edfico e importante para alguien que se est\u00e1 mudando.<\/p>\r\n\r\n\r\n<h2 class=\"grenB f24 cblue\" style=\"margin-top: 3rem\">\u00bfQu\u00e9 es un mapa de mudanza?<\/h2>\r\n\r\n<p style=\"margin-top: 1rem\">Un \u201cmapa de mudanza\u201d tiene la capacidad de mostrar cualquier lugar que sea especial tanto para ti como para tu amistad. Puede tratarse de un mapa de la ciudad o del pueblo al que tu amigo se mudar\u00e1 pr\u00f3ximamente. Tambi\u00e9n puede ser un mapa del lugar donde ambos compartieron momentos juntos, ya sea el hogar donde crecieron, un destino vacacional favorito o una ciudad que siempre han querido visitar. La posibilidad de personalizar el mapa con un texto personal lo convierte en un regalo a\u00fan m\u00e1s \u00fanico. La belleza de la impresi\u00f3n de nuestro mapa es que se puede personalizar para reflejar su amistad y experiencias \u00fanicas juntos.<\/p>\r\n\r\n<h2 class=\"grenB f24 cblue\" style=\"margin-top: 3rem\">\u00bfPor qu\u00e9 regalar un mapa de mudanza?<\/h2>\r\n\r\n<p style=\"margin-top: 1rem\">Si bien un mapa de mudanza es un buen regalo personalizado para un amigo que est\u00e1 en proceso de mudanza, tambi\u00e9n puede convertirse en un regalo excepcional para cualquier persona amante de los viajes o que tenga un v\u00ednculo especial con un lugar en particular. Por ejemplo, podr\u00edas crear un mapa para un miembro de la familia que se muda a una nueva ciudad o para alguien que guarda buenos recuerdos de su ciudad natal. La forma en que personalices el mapa y lo hagas significativo para el que lo recibe depende de ti. En \u00faltima instancia, cualquier persona que valore regalos \u00fanicos y personales quedar\u00eda encantada de recibir un mapa de mudanza como este.<\/p>\r\n\r\n\r\n\r\n<p style=\"margin-top: 1rem\">Un mapa de mudanza es realmente especial, ya que es un regalo personalizado que refleja la relaci\u00f3n entre t\u00fa y esa persona especial. Demu\u00e9strale que has dedicado tiempo a considerar sus intereses, recuerdos y experiencias, y has creado algo exclusivamente para \u00e9l o ella. El mapa puede funcionar como un recordatorio constante de su amistad o conexi\u00f3n, incluso si se encuentran separados f\u00edsicamente debido a la distancia. Adem\u00e1s, el acto de crear o elegir un regalo de despedida implica un nivel de creatividad y consideraci\u00f3n que lo convierte en un detalle especialmente significativo. En general, nuestro mapa de mudanza es especial porque combina la personalizaci\u00f3n con la practicidad, lo que resulta en un regalo verdaderamente \u00fanico.<\/p>\r\n\r\n\r\n\r\n<h2 class=\"grenB f24 cblue\" style=\"margin-top: 3rem\">Un regalo que esa persona especial atesorar\u00e1 por siempre<\/h2>\r\n\r\n<p style=\"margin-top: 1rem\">Explora la variedad de opciones que ofrece nuestro mapa de mudanza: elige entre una amplia gama de estilos y colores que se adapten a su personalidad, agrega un t\u00edtulo o texto personalizado debajo del mapa y selecciona entre diferentes tama\u00f1os y formatos, como impresiones sobre lienzo, impresiones en p\u00f3ster e incluso descargas digitales para imprimirlo de forma local. Perm\u00edtete crear un mapa \u00fanico y especial que se ajuste perfectamente a tus preferencias y necesidades.<\/p>\r\n\r\n\r\n\r\n<p style=\"margin-top: 1rem\">El mapa de mudanza va m\u00e1s all\u00e1 de ser una simple adici\u00f3n decorativa para tu hogar u oficina; es un recordatorio constante del lugar maravilloso en el que has vivido. Es perfecto tanto para aquellos que se mudan lejos de su hogar como para los amantes de los viajes. Nuestros materiales de alta calidad garantizan que este regalo perdure durante muchos a\u00f1os, convirti\u00e9ndolo en una inversi\u00f3n valiosa. Adem\u00e1s, gracias a nuestro sencillo editor en l\u00ednea, crear tu propio mapa personalizado nunca ha sido tan f\u00e1cil y conveniente.<\/p>\r\n\r\n\r\n\r\n<p style=\"margin-top: 1rem\">Demu\u00e9strales a aquellos que amas cu\u00e1nto te importan a trav\u00e9s de algo muy especial: un mapa de mudanza. Comienza a crear el tuyo hoy mismo. Sin duda, \u00a1les encantar\u00e1!<\/p>","protected":false},"excerpt":{"rendered":"<ul class=\"check-list\">\n<li>Marca un lugar especial con el s\u00edmbolo de tu elecci\u00f3n<\/li>\n<li>Personal\u00edzalo en tres sencillos pasos<\/li>\n<li>Incluye un texto personalizado<\/li>\n<li>Ve el resultado de inmediato: la vista previa interactiva te permite perfeccionar cada detalle<\/li>\n<\/ul>\n","protected":false},"featured_media":1213519,"template":"","meta":[],"product_brand":[],"product_cat":[7195,7837,7742,7629,7773,7661,106],"product_tag":[9807],"class_list":{"0":"post-642560","1":"product","2":"type-product","3":"status-publish","4":"has-post-thumbnail","6":"product_cat-map-es","7":"product_cat-regalos-para-amigos","8":"product_cat-regalos-para-mi-hermana","9":"product_cat-regalos-para-mi-hermano","10":"product_cat-regalos-para-mi-hija","11":"product_cat-regalos-para-mi-hijo","12":"product_cat-todos-los-productos","13":"product_tag-alejarse","15":"first","16":"instock","17":"sale","18":"taxable","19":"shipping-taxable","20":"purchasable","21":"product-type-variable"},"yoast_head":"<!-- This site is optimized with the Yoast SEO Premium plugin v27.2 (Yoast SEO v27.2) - https:\/\/yoast.com\/product\/yoast-seo-premium-wordpress\/ -->\n<title>Mapa de mudanza - Positive Prints<\/title>\n<meta name=\"robots\" content=\"index, follow, max-snippet:-1, max-image-preview:large, max-video-preview:-1\" \/>\n<link rel=\"canonical\" href=\"https:\/\/positiveprints.com\/es\/producto\/mapa-de-mudanza\/\" \/>\n<meta property=\"og:locale\" content=\"es_ES\" \/>\n<meta property=\"og:type\" content=\"article\" \/>\n<meta property=\"og:title\" content=\"Mapa de mudanza\" \/>\n<meta property=\"og:description\" content=\"Marca un lugar especial con el s\u00edmbolo de tu elecci\u00f3n Personal\u00edzalo en tres sencillos pasos Incluye un texto personalizado Ve el resultado de inmediato: la vista previa interactiva te permite perfeccionar cada detalle\" \/>\n<meta property=\"og:url\" content=\"https:\/\/positiveprints.com\/es\/producto\/mapa-de-mudanza\/\" \/>\n<meta property=\"og:site_name\" content=\"Positive Prints\" \/>\n<meta property=\"article:publisher\" content=\"https:\/\/www.facebook.com\/positiveprintscom\" \/>\n<meta property=\"article:modified_time\" content=\"2026-04-28T13:27:11+00:00\" \/>\n<meta property=\"og:image\" content=\"https:\/\/positiveprints.com\/wp-content\/uploads\/2024\/10\/Packshot_ES_moving-away-map-product-image.webp\" \/>\n\t<meta property=\"og:image:width\" content=\"1450\" \/>\n\t<meta property=\"og:image:height\" content=\"1450\" \/>\n\t<meta property=\"og:image:type\" content=\"image\/webp\" \/>\n<meta name=\"twitter:card\" content=\"summary_large_image\" \/>\n<!-- \/ Yoast SEO Premium plugin. -->","yoast_head_json":{"title":"Mapa de mudanza - Positive Prints","robots":{"index":"index","follow":"follow","max-snippet":"max-snippet:-1","max-image-preview":"max-image-preview:large","max-video-preview":"max-video-preview:-1"},"canonical":"https:\/\/positiveprints.com\/es\/producto\/mapa-de-mudanza\/","og_locale":"es_ES","og_type":"article","og_title":"Mapa de mudanza","og_description":"Marca un lugar especial con el s\u00edmbolo de tu elecci\u00f3n Personal\u00edzalo en tres sencillos pasos Incluye un texto personalizado Ve el resultado de inmediato: la vista previa interactiva te permite perfeccionar cada detalle","og_url":"https:\/\/positiveprints.com\/es\/producto\/mapa-de-mudanza\/","og_site_name":"Positive Prints","article_publisher":"https:\/\/www.facebook.com\/positiveprintscom","article_modified_time":"2026-04-28T13:27:11+00:00","og_image":[{"width":1450,"height":1450,"url":"https:\/\/positiveprints.com\/wp-content\/uploads\/2024\/10\/Packshot_ES_moving-away-map-product-image.webp","type":"image\/webp"}],"twitter_card":"summary_large_image","schema":{"@context":"https:\/\/schema.org","@graph":[{"@type":["WebPage","ItemPage"],"@id":"https:\/\/positiveprints.com\/es\/producto\/mapa-de-mudanza\/","url":"https:\/\/positiveprints.com\/es\/producto\/mapa-de-mudanza\/","name":"Mapa de mudanza - Positive Prints","isPartOf":{"@id":"https:\/\/positiveprints.com\/es\/#website"},"primaryImageOfPage":{"@id":"https:\/\/positiveprints.com\/es\/producto\/mapa-de-mudanza\/#primaryimage"},"image":{"@id":"https:\/\/positiveprints.com\/es\/producto\/mapa-de-mudanza\/#primaryimage"},"thumbnailUrl":"https:\/\/positiveprints.com\/wp-content\/uploads\/2024\/10\/Packshot_ES_moving-away-map-product-image.webp","datePublished":"2023-03-10T12:15:20+00:00","dateModified":"2026-04-28T13:27:11+00:00","breadcrumb":{"@id":"https:\/\/positiveprints.com\/es\/producto\/mapa-de-mudanza\/#breadcrumb"},"inLanguage":"es","potentialAction":[{"@type":"ReadAction","target":["https:\/\/positiveprints.com\/es\/producto\/mapa-de-mudanza\/"]}]},{"@type":"ImageObject","inLanguage":"es","@id":"https:\/\/positiveprints.com\/es\/producto\/mapa-de-mudanza\/#primaryimage","url":"https:\/\/positiveprints.com\/wp-content\/uploads\/2024\/10\/Packshot_ES_moving-away-map-product-image.webp","contentUrl":"https:\/\/positiveprints.com\/wp-content\/uploads\/2024\/10\/Packshot_ES_moving-away-map-product-image.webp","width":1450,"height":1450},{"@type":"BreadcrumbList","@id":"https:\/\/positiveprints.com\/es\/producto\/mapa-de-mudanza\/#breadcrumb","itemListElement":[{"@type":"ListItem","position":1,"name":"CASA","item":"https:\/\/positiveprints.com\/es\/"},{"@type":"ListItem","position":2,"name":"Productos","item":"https:\/\/positiveprints.com\/es\/shop\/"},{"@type":"ListItem","position":3,"name":"Mapa de mudanza"}]},{"@type":"WebSite","@id":"https:\/\/positiveprints.com\/es\/#website","url":"https:\/\/positiveprints.com\/es\/","name":"Positive Prints","description":"Custom Gifts for Special Occasions","publisher":{"@id":"https:\/\/positiveprints.com\/es\/#organization"},"potentialAction":[{"@type":"SearchAction","target":{"@type":"EntryPoint","urlTemplate":"https:\/\/positiveprints.com\/es\/?s={search_term_string}"},"query-input":{"@type":"PropertyValueSpecification","valueRequired":true,"valueName":"search_term_string"}}],"inLanguage":"es"},{"@type":"Organization","@id":"https:\/\/positiveprints.com\/es\/#organization","name":"Positive Prints","alternateName":"Positive Prints ","url":"https:\/\/positiveprints.com\/es\/","logo":{"@type":"ImageObject","inLanguage":"es","@id":"https:\/\/positiveprints.com\/es\/#\/schema\/logo\/image\/","url":"https:\/\/positiveprints.com\/wp-content\/uploads\/2026\/03\/245815646_1337939713319158_5671353136411139666_n.png","contentUrl":"https:\/\/positiveprints.com\/wp-content\/uploads\/2026\/03\/245815646_1337939713319158_5671353136411139666_n.png","width":800,"height":800,"caption":"Positive Prints"},"image":{"@id":"https:\/\/positiveprints.com\/es\/#\/schema\/logo\/image\/"},"sameAs":["https:\/\/www.facebook.com\/positiveprintscom","https:\/\/www.instagram.com\/positiveprintscom\/","https:\/\/www.tiktok.com\/@positiveprintscom","https:\/\/www.pinterest.com\/positiveprintscom\/"]}]}},"jetpack_sharing_enabled":true,"_links":{"self":[{"href":"https:\/\/positiveprints.com\/es\/wp-json\/wp\/v2\/product\/642560","targetHints":{"allow":["GET"]}}],"collection":[{"href":"https:\/\/positiveprints.com\/es\/wp-json\/wp\/v2\/product"}],"about":[{"href":"https:\/\/positiveprints.com\/es\/wp-json\/wp\/v2\/types\/product"}],"wp:featuredmedia":[{"embeddable":true,"href":"https:\/\/positiveprints.com\/es\/wp-json\/wp\/v2\/media\/1213519"}],"wp:attachment":[{"href":"https:\/\/positiveprints.com\/es\/wp-json\/wp\/v2\/media?parent=642560"}],"wp:term":[{"taxonomy":"product_brand","embeddable":true,"href":"https:\/\/positiveprints.com\/es\/wp-json\/wp\/v2\/product_brand?post=642560"},{"taxonomy":"product_cat","embeddable":true,"href":"https:\/\/positiveprints.com\/es\/wp-json\/wp\/v2\/product_cat?post=642560"},{"taxonomy":"product_tag","embeddable":true,"href":"https:\/\/positiveprints.com\/es\/wp-json\/wp\/v2\/product_tag?post=642560"}],"curies":[{"name":"wp","href":"https:\/\/api.w.org\/{rel}","templated":true}]}}