{"id":642555,"date":"2023-03-09T09:11:06","date_gmt":"2023-03-09T08:11:06","guid":{"rendered":"https:\/\/positiveprints.com\/?post_type=product&#038;p=642555"},"modified":"2026-04-18T06:07:58","modified_gmt":"2026-04-18T05:07:58","slug":"mapa-de-un-nuevo-hogar","status":"publish","type":"product","link":"https:\/\/positiveprints.com\/es\/producto\/mapa-de-un-nuevo-hogar\/","title":{"rendered":"Mapa de un nuevo hogar"},"content":{"rendered":"<p style=\"margin-top: 1rem\">Cuando una familia se muda a un nuevo hogar, es un logro emocionante que merece un regalo memorable. Si est\u00e1s en busca de algo especial, te presentamos el \u201cmapa de un nuevo hogar\u201d: una impresi\u00f3n personalizada que destaca la ubicaci\u00f3n exacta de un nuevo hogar o cualquier otro lugar significativo. Este hermoso recuerdo se puede personalizar con textos y una variedad de colores, haciendo que sea \u00fanico e inigualable. Simplemente, \u00a1es el regalo perfecto para inaugurar un nuevo hogar! Sigue leyendo y descubre c\u00f3mo explotar tu creatividad.<\/p>\r\n\r\n\r\n\r\n\r\n<h2 class=\"grenB f24 cblue\" style=\"margin-top: 3rem\">\u00bfQu\u00e9 es el mapa de un nuevo hogar?<\/h2>\r\n\r\n\r\n\r\n<p style=\"margin-top: 1rem\">Presentamos la manera perfecta de celebrar el nuevo hogar de un ser querido: \u00a1nuestro \u201cmapa de un nuevo hogar\u201d! Esta obra de arte personalizada te permite conmemorar una ocasi\u00f3n especial de forma maravillosa y \u00fanica.<\/p>\r\n\r\n<p style=\"margin-top: 1rem\">Personaliza el \u201cmapa de un nuevo hogar\u201d eligiendo entre una variedad de estilos y colores que combinan con cualquier espacio. Si lo deseas, agr\u00e9gale un texto personal para que sea realmente \u00fanico, como &#8220;nuestro primer hogar&#8221; o &#8220;el hogar de la familia Hern\u00e1ndez&#8221;.<\/p>\r\n\r\n<p style=\"margin-top: 1rem\">Celebra este emocionante logro con una obra de arte que captura la esencia de la nueva morada. El \u201cmapa de un nuevo hogar\u201d es un excelente regalo para inaugurar una casa o solamente para aportar a la decoraci\u00f3n del hogar de cualquier familia.<\/p>\r\n\r\n\r\n\r\n<h2 class=\"grenB f24 cblue\" style=\"margin-top: 3rem\">\u00bfC\u00f3mo puedo personalizar el mapa de un nuevo hogar?<\/h2>\r\n\r\n<p style=\"margin-top: 1rem\">Primero que nada, elige el estilo y los colores que desees para tu mapa, y luego coloca la ubicaci\u00f3n exacta del nuevo hogar. Puedes usar una direcci\u00f3n o incluso buscar una ubicaci\u00f3n espec\u00edfica en un mapa. En este paso tendr\u00e1s la opci\u00f3n de acercar o alejar el mapa para obtener una mejor vista a\u00e9rea.<\/p>\r\n\r\n<p style=\"margin-top: 1rem\">Tienes la opci\u00f3n de agregar alg\u00fan texto personal que te gustar\u00eda ver en tu mapa. Por ejemplo, podr\u00eda ser algo como &#8220;nuestro primer hogar&#8221; o &#8220;el hogar de la familia Mart\u00ednez&#8221;.<\/p>\r\n\r\n<p style=\"margin-top: 1rem\">Elige el formato y el tama\u00f1o de tu obra de arte. Tenemos diversas opciones, como impresiones sobre lienzo, p\u00f3steres enmarcados o p\u00f3steres en diferentes tama\u00f1os. Al final podr\u00e1s previsualizar c\u00f3mo qued\u00f3 tu dise\u00f1o. Contamos con una vista previa en l\u00ednea para que puedas ver exactamente c\u00f3mo se ver\u00e1 su mapa personalizado antes de imprimirlo y enviarlo a tu hogar.<\/p>\r\n\r\n<p style=\"margin-top: 1rem\">En general, crear un mapa personalizado es s\u00faper f\u00e1cil y divertido. Puedes crear una obra de arte que celebre el logro de tener un nuevo hogar en cuesti\u00f3n de minutos. Con tantas opciones de personalizaci\u00f3n disponibles, \u00a1realmente puedes crear algo \u00fanico!<\/p>\r\n\r\n\r\n\r\n<h2 class=\"grenB f24 cblue\" style=\"margin-top: 3rem\">\u00bfQu\u00e9 hace que el mapa de un nuevo hogar sea un buen regalo de inauguraci\u00f3n?<\/h2>\r\n\r\n<p style=\"margin-top: 1rem\">El mapa de un nuevo hogar es un regalo considerado y personal que demuestra tu esfuerzo por encontrar algo especial. No es simplemente un regalo gen\u00e9rico como una vela o un marco de fotos que puedes comprar f\u00e1cilmente en una tienda departamental. Adem\u00e1s, al personalizarlo con una direcci\u00f3n real, se convierte en un hermoso recordatorio del logro y de todos los preciosos recuerdos que se crear\u00e1n all\u00ed. El mapa est\u00e1 disponible en diversos formatos y se puede adaptar a cualquier presupuesto o estilo. Por todas estas razones, \u00a1es el regalo perfecto para celebrar la inauguraci\u00f3n de una casa!<\/p>\r\n\r\n\r\n\r\n<p style=\"margin-top: 1rem\">Si est\u00e1s buscando un regalo \u00fanico para la fiesta de inauguraci\u00f3n de un hogar, \u00a1detente! El \u201cmapa de un nuevo hogar\u201d es el detalle ideal para cualquier inauguraci\u00f3n. Ya que este regalo est\u00e1 personalizado con la direcci\u00f3n de los nuevos propietarios, le da un toque muy especial al mapa. Sorpr\u00e9ndelos con este regalo creativo y sincero, \u00a1y celebra con ellos su nuevo hogar!<\/p>","protected":false},"excerpt":{"rendered":"<ul class=\"check-list\">\n<li>Marca un lugar especial con el s\u00edmbolo de tu elecci\u00f3n<\/li>\n<li>Personal\u00edzalo en tres sencillos pasos<\/li>\n<li>Incluye un texto personalizado<\/li>\n<li>Ve el resultado de inmediato: la vista previa interactiva te permite perfeccionar cada detalle<\/li>\n<\/ul>\n","protected":false},"featured_media":1213617,"template":"","meta":[],"product_brand":[],"product_cat":[9280,7195,5293,8012,7853,7693,7821,106],"product_tag":[14919],"class_list":{"0":"post-642555","1":"product","2":"type-product","3":"status-publish","4":"has-post-thumbnail","6":"product_cat-bestsellers-label-es","7":"product_cat-map-es","8":"product_cat-regalos-para-mudanzas","9":"product_cat-regalos-para-hombres","10":"product_cat-regalos-para-la-familia","11":"product_cat-regalos-para-mujeres","12":"product_cat-regalos-para-padres-primerizos","13":"product_cat-todos-los-productos","14":"product_tag-housewarming-es-2","16":"first","17":"instock","18":"sale","19":"taxable","20":"shipping-taxable","21":"purchasable","22":"product-type-variable"},"yoast_head":"<!-- This site is optimized with the Yoast SEO Premium plugin v27.2 (Yoast SEO v27.2) - https:\/\/yoast.com\/product\/yoast-seo-premium-wordpress\/ -->\n<title>Mapa de un nuevo hogar - Positive Prints<\/title>\n<meta name=\"robots\" content=\"index, follow, max-snippet:-1, max-image-preview:large, max-video-preview:-1\" \/>\n<link rel=\"canonical\" href=\"https:\/\/positiveprints.com\/es\/producto\/mapa-de-un-nuevo-hogar\/\" \/>\n<meta property=\"og:locale\" content=\"es_ES\" \/>\n<meta property=\"og:type\" content=\"article\" \/>\n<meta property=\"og:title\" content=\"Mapa de un nuevo hogar\" \/>\n<meta property=\"og:description\" content=\"Marca un lugar especial con el s\u00edmbolo de tu elecci\u00f3n Personal\u00edzalo en tres sencillos pasos Incluye un texto personalizado Ve el resultado de inmediato: la vista previa interactiva te permite perfeccionar cada detalle\" \/>\n<meta property=\"og:url\" content=\"https:\/\/positiveprints.com\/es\/producto\/mapa-de-un-nuevo-hogar\/\" \/>\n<meta property=\"og:site_name\" content=\"Positive Prints\" \/>\n<meta property=\"article:publisher\" content=\"https:\/\/www.facebook.com\/positiveprintscom\" \/>\n<meta property=\"article:modified_time\" content=\"2026-04-18T05:07:58+00:00\" \/>\n<meta property=\"og:image\" content=\"https:\/\/positiveprints.com\/wp-content\/uploads\/2024\/10\/Packshot_ES_new-home-map-product-image.webp\" \/>\n\t<meta property=\"og:image:width\" content=\"1450\" \/>\n\t<meta property=\"og:image:height\" content=\"1450\" \/>\n\t<meta property=\"og:image:type\" content=\"image\/webp\" \/>\n<meta name=\"twitter:card\" content=\"summary_large_image\" \/>\n<meta name=\"twitter:label1\" content=\"Tiempo de lectura\" \/>\n\t<meta name=\"twitter:data1\" content=\"3 minutos\" \/>\n<!-- \/ Yoast SEO Premium plugin. -->","yoast_head_json":{"title":"Mapa de un nuevo hogar - Positive Prints","robots":{"index":"index","follow":"follow","max-snippet":"max-snippet:-1","max-image-preview":"max-image-preview:large","max-video-preview":"max-video-preview:-1"},"canonical":"https:\/\/positiveprints.com\/es\/producto\/mapa-de-un-nuevo-hogar\/","og_locale":"es_ES","og_type":"article","og_title":"Mapa de un nuevo hogar","og_description":"Marca un lugar especial con el s\u00edmbolo de tu elecci\u00f3n Personal\u00edzalo en tres sencillos pasos Incluye un texto personalizado Ve el resultado de inmediato: la vista previa interactiva te permite perfeccionar cada detalle","og_url":"https:\/\/positiveprints.com\/es\/producto\/mapa-de-un-nuevo-hogar\/","og_site_name":"Positive Prints","article_publisher":"https:\/\/www.facebook.com\/positiveprintscom","article_modified_time":"2026-04-18T05:07:58+00:00","og_image":[{"width":1450,"height":1450,"url":"https:\/\/positiveprints.com\/wp-content\/uploads\/2024\/10\/Packshot_ES_new-home-map-product-image.webp","type":"image\/webp"}],"twitter_card":"summary_large_image","twitter_misc":{"Tiempo de lectura":"3 minutos"},"schema":{"@context":"https:\/\/schema.org","@graph":[{"@type":["WebPage","ItemPage"],"@id":"https:\/\/positiveprints.com\/es\/producto\/mapa-de-un-nuevo-hogar\/","url":"https:\/\/positiveprints.com\/es\/producto\/mapa-de-un-nuevo-hogar\/","name":"Mapa de un nuevo hogar - Positive Prints","isPartOf":{"@id":"https:\/\/positiveprints.com\/es\/#website"},"primaryImageOfPage":{"@id":"https:\/\/positiveprints.com\/es\/producto\/mapa-de-un-nuevo-hogar\/#primaryimage"},"image":{"@id":"https:\/\/positiveprints.com\/es\/producto\/mapa-de-un-nuevo-hogar\/#primaryimage"},"thumbnailUrl":"https:\/\/positiveprints.com\/wp-content\/uploads\/2024\/10\/Packshot_ES_new-home-map-product-image.webp","datePublished":"2023-03-09T08:11:06+00:00","dateModified":"2026-04-18T05:07:58+00:00","breadcrumb":{"@id":"https:\/\/positiveprints.com\/es\/producto\/mapa-de-un-nuevo-hogar\/#breadcrumb"},"inLanguage":"es","potentialAction":[{"@type":"ReadAction","target":["https:\/\/positiveprints.com\/es\/producto\/mapa-de-un-nuevo-hogar\/"]}]},{"@type":"ImageObject","inLanguage":"es","@id":"https:\/\/positiveprints.com\/es\/producto\/mapa-de-un-nuevo-hogar\/#primaryimage","url":"https:\/\/positiveprints.com\/wp-content\/uploads\/2024\/10\/Packshot_ES_new-home-map-product-image.webp","contentUrl":"https:\/\/positiveprints.com\/wp-content\/uploads\/2024\/10\/Packshot_ES_new-home-map-product-image.webp","width":1450,"height":1450},{"@type":"BreadcrumbList","@id":"https:\/\/positiveprints.com\/es\/producto\/mapa-de-un-nuevo-hogar\/#breadcrumb","itemListElement":[{"@type":"ListItem","position":1,"name":"CASA","item":"https:\/\/positiveprints.com\/es\/"},{"@type":"ListItem","position":2,"name":"Productos","item":"https:\/\/positiveprints.com\/es\/shop\/"},{"@type":"ListItem","position":3,"name":"Mapa de un nuevo hogar"}]},{"@type":"WebSite","@id":"https:\/\/positiveprints.com\/es\/#website","url":"https:\/\/positiveprints.com\/es\/","name":"Positive Prints","description":"Custom Gifts for Special Occasions","publisher":{"@id":"https:\/\/positiveprints.com\/es\/#organization"},"potentialAction":[{"@type":"SearchAction","target":{"@type":"EntryPoint","urlTemplate":"https:\/\/positiveprints.com\/es\/?s={search_term_string}"},"query-input":{"@type":"PropertyValueSpecification","valueRequired":true,"valueName":"search_term_string"}}],"inLanguage":"es"},{"@type":"Organization","@id":"https:\/\/positiveprints.com\/es\/#organization","name":"Positive Prints","alternateName":"Positive Prints","url":"https:\/\/positiveprints.com\/es\/","logo":{"@type":"ImageObject","inLanguage":"es","@id":"https:\/\/positiveprints.com\/es\/#\/schema\/logo\/image\/","url":"https:\/\/positiveprints.com\/wp-content\/uploads\/2026\/03\/245815646_1337939713319158_5671353136411139666_n.png","contentUrl":"https:\/\/positiveprints.com\/wp-content\/uploads\/2026\/03\/245815646_1337939713319158_5671353136411139666_n.png","width":800,"height":800,"caption":"Positive Prints"},"image":{"@id":"https:\/\/positiveprints.com\/es\/#\/schema\/logo\/image\/"},"sameAs":["https:\/\/www.facebook.com\/positiveprintscom","https:\/\/www.instagram.com\/positiveprintscom\/","https:\/\/www.tiktok.com\/@positiveprintscom","https:\/\/www.pinterest.com\/positiveprintscom\/"]}]}},"jetpack_sharing_enabled":true,"_links":{"self":[{"href":"https:\/\/positiveprints.com\/es\/wp-json\/wp\/v2\/product\/642555","targetHints":{"allow":["GET"]}}],"collection":[{"href":"https:\/\/positiveprints.com\/es\/wp-json\/wp\/v2\/product"}],"about":[{"href":"https:\/\/positiveprints.com\/es\/wp-json\/wp\/v2\/types\/product"}],"wp:featuredmedia":[{"embeddable":true,"href":"https:\/\/positiveprints.com\/es\/wp-json\/wp\/v2\/media\/1213617"}],"wp:attachment":[{"href":"https:\/\/positiveprints.com\/es\/wp-json\/wp\/v2\/media?parent=642555"}],"wp:term":[{"taxonomy":"product_brand","embeddable":true,"href":"https:\/\/positiveprints.com\/es\/wp-json\/wp\/v2\/product_brand?post=642555"},{"taxonomy":"product_cat","embeddable":true,"href":"https:\/\/positiveprints.com\/es\/wp-json\/wp\/v2\/product_cat?post=642555"},{"taxonomy":"product_tag","embeddable":true,"href":"https:\/\/positiveprints.com\/es\/wp-json\/wp\/v2\/product_tag?post=642555"}],"curies":[{"name":"wp","href":"https:\/\/api.w.org\/{rel}","templated":true}]}}