{"id":642549,"date":"2023-03-08T10:21:24","date_gmt":"2023-03-08T09:21:24","guid":{"rendered":"https:\/\/positiveprints.com\/?post_type=product&#038;p=642549"},"modified":"2026-04-28T14:27:32","modified_gmt":"2026-04-28T13:27:32","slug":"mapa-doble-de-donde-nos-conocimos","status":"publish","type":"product","link":"https:\/\/positiveprints.com\/es\/producto\/mapa-doble-de-donde-nos-conocimos\/","title":{"rendered":"Mapa doble de donde nos conocimos"},"content":{"rendered":"<p style=\"margin-top: 1rem\">En la era fren\u00e9tica en la que vivimos, a menudo nos resulta desafiante detenernos y valorar los instantes especiales que compartimos con nuestros seres queridos. Ya sea un encuentro casual que florece en una amistad eterna o un romance que se convierte en una relaci\u00f3n llena de amor, son estos momentos los que dan aut\u00e9ntico sentido a nuestra existencia. Nuestro \u201cmapa doble personalizado de donde nos conocimos\u201d se encarga de capturar esos recuerdos y celebrar el v\u00ednculo especial que compartes con esa persona en tu vida.<\/p>\r\n\r\n\r\n\r\n<h2 class=\"grenB f24 cblue\" style=\"margin-top: 3rem\">\u00bfQu\u00e9 es el mapa doble de donde nos conocimos?<\/h2>\r\n\r\n\r\n<p style=\"margin-top: 1rem\">Un mapa doble de donde nos conocimos es una creaci\u00f3n personalizada que desvela los sitios exactos donde dos almas se encontraron o compartieron momentos memorables. Dos mapas en armon\u00eda, uno al lado del otro, cada uno con su propio indicador que resalta la ubicaci\u00f3n precisa de un lugar especial. Estos mapas, con frecuencia, se personalizan con colores y estilos \u00fanicos, representando as\u00ed las preferencias individuales de la pareja. Nuestra obra de arte en forma de mapa es un regalo lleno de significado, perfecto para celebrar aniversarios, bodas u otros momentos especiales en la vida.<\/p>\r\n\r\n<p style=\"margin-top: 1rem\">El factor distintivo entre un \u201cmapa de donde nos conocimos\u201d y un \u201cmapa doble de donde nos conocimos\u201d radica en la cantidad de ubicaciones que se pueden agregar. La primera opci\u00f3n solo resalta una sola ubicaci\u00f3n, como el lugar donde conociste a tu pareja por primera vez o donde tuvieron alguna cita especial. Por otro lado, el mapa doble de donde nos conocimos te permite incluir dos ubicaciones en una misma obra de arte, lo cual resulta perfecto para parejas que han compartido varios momentos importantes a lo largo de la relaci\u00f3n.<\/p>\r\n\r\n\r\n\r\n<h2 class=\"grenB f24 cblue\" style=\"margin-top: 3rem\">C\u00f3mo crear un mapa doble de donde nos conocimos<\/h2>\r\n\r\n\r\n<p style=\"margin-top: 1rem\">El camino hacia la creaci\u00f3n de un \u201cmapa doble de donde nos conocimos\u201d se despliega en tres sencillos pasos. Primero, elige el estilo de impresi\u00f3n y los colores que m\u00e1s te gusten de entre las opciones que ofrecemos. Deleita tu ojo al seleccionar una de nuestras paletas de colores predise\u00f1adas o elige tus colores para crear una obra verdaderamente \u00fanica.<\/p>\r\n\r\n\r\n\r\n<p style=\"margin-top: 1rem\">Luego, solo debes ingresar los dos lugares donde se conocieron o vivieron momentos memorables juntos. Selecciona el marcador que mejor simbolice su historia, siendo el coraz\u00f3n rojo la elecci\u00f3n m\u00e1s popular entre nuestros clientes. Adem\u00e1s, en este paso, tendr\u00e1s la oportunidad de agregar un mensaje personalizado debajo de cada mapa, d\u00e1ndole as\u00ed un significado a\u00fan m\u00e1s profundo.<\/p>\r\n\r\n\r\n\r\n<p style=\"margin-top: 1rem\">Por \u00faltimo, debes elegir c\u00f3mo deseas que presentemos tu mapa al mundo. Puedes optar por incluir un elegante marco o disfrutar de la simplicidad de un lienzo sin enmarcar. Si lo prefieres, tambi\u00e9n tenemos la opci\u00f3n de descargar un archivo digital para que puedas llevarlo a tu imprenta local. Siguiendo estos sencillos pasos, podr\u00e1s crear un mapa doble de donde nos conocimos, capturando a la perfecci\u00f3n la esencia de su historia de amor.<\/p>\r\n\r\n\r\n\r\n<h2 class=\"grenB f24 cblue\" style=\"margin-top: 3rem\">Regalos con significado<\/h2>\r\n\r\n\r\n<p style=\"margin-top: 1rem\">Un mapa doble de donde nos conocimos es un detalle muy significativo. Te brinda la oportunidad de capturar de manera \u00fanica y personalizada los recuerdos y momentos especiales que has compartido con tu ser amado. La posibilidad de personalizar los mapas con colores, marcadores y mensajes lo convierte en algo a\u00fan m\u00e1s especial, y le demuestra tu dedicaci\u00f3n y esmero al crear algo genuinamente \u00fanico para esa persona tan especial.<\/p>\r\n\r\n\r\n\r\n<p style=\"margin-top: 1rem\">Ya sea como regalo para un aniversario, una boda o simplemente porque s\u00ed, un mapa doble de donde nos conocimos sin duda ser\u00e1 apreciado y atesorado por cualquier persona que lo reciba.<\/p>","protected":false},"excerpt":{"rendered":"<ul class=\"check-list\">\n<li>Captura los momentos m\u00e1s importantes que has compartido con tu ser amado con un mapa personalizado y preciso<\/li>\n<li>Marca los dos lugares con los s\u00edmbolos de tu elecci\u00f3n<\/li>\n<li>Personal\u00edzalo en tres sencillos pasos<\/li>\n<li>Incluye un texto personalizado<\/li>\n<li>Ve el resultado de inmediato: la vista previa interactiva te permite perfeccionar cada detalle<\/li>\n<\/ul>\n","protected":false},"featured_media":1611106,"template":"","meta":[],"product_brand":[],"product_cat":[9117,8012,7693,106],"product_tag":[9094],"class_list":{"0":"post-642549","1":"product","2":"type-product","3":"status-publish","4":"has-post-thumbnail","6":"product_cat-double-maps-es","7":"product_cat-regalos-para-hombres","8":"product_cat-regalos-para-mujeres","9":"product_cat-todos-los-productos","10":"product_tag-where-we-met-es-2","12":"first","13":"instock","14":"sale","15":"taxable","16":"shipping-taxable","17":"purchasable","18":"product-type-variable"},"yoast_head":"<!-- This site is optimized with the Yoast SEO Premium plugin v27.2 (Yoast SEO v27.2) - https:\/\/yoast.com\/product\/yoast-seo-premium-wordpress\/ -->\n<title>Mapa doble de donde nos conocimos - Positive Prints<\/title>\n<meta name=\"robots\" content=\"index, follow, max-snippet:-1, max-image-preview:large, max-video-preview:-1\" \/>\n<link rel=\"canonical\" href=\"https:\/\/positiveprints.com\/es\/producto\/mapa-doble-de-donde-nos-conocimos\/\" \/>\n<meta property=\"og:locale\" content=\"es_ES\" \/>\n<meta property=\"og:type\" content=\"article\" \/>\n<meta property=\"og:title\" content=\"Mapa doble de donde nos conocimos\" \/>\n<meta property=\"og:description\" content=\"Captura los momentos m\u00e1s importantes que has compartido con tu ser amado con un mapa personalizado y preciso Marca los dos lugares con los s\u00edmbolos de tu elecci\u00f3n Personal\u00edzalo en tres sencillos pasos Incluye un texto personalizado Ve el resultado de inmediato: la vista previa interactiva te permite perfeccionar cada detalle\" \/>\n<meta property=\"og:url\" content=\"https:\/\/positiveprints.com\/es\/producto\/mapa-doble-de-donde-nos-conocimos\/\" \/>\n<meta property=\"og:site_name\" content=\"Positive Prints\" \/>\n<meta property=\"article:publisher\" content=\"https:\/\/www.facebook.com\/positiveprintscom\" \/>\n<meta property=\"article:modified_time\" content=\"2026-04-28T13:27:32+00:00\" \/>\n<meta property=\"og:image\" content=\"https:\/\/positiveprints.com\/wp-content\/uploads\/2023\/03\/Where-We-Met-Double-Map.jpg\" \/>\n\t<meta property=\"og:image:width\" content=\"1080\" \/>\n\t<meta property=\"og:image:height\" content=\"1080\" \/>\n\t<meta property=\"og:image:type\" content=\"image\/jpeg\" \/>\n<meta name=\"twitter:card\" content=\"summary_large_image\" \/>\n<!-- \/ Yoast SEO Premium plugin. -->","yoast_head_json":{"title":"Mapa doble de donde nos conocimos - Positive Prints","robots":{"index":"index","follow":"follow","max-snippet":"max-snippet:-1","max-image-preview":"max-image-preview:large","max-video-preview":"max-video-preview:-1"},"canonical":"https:\/\/positiveprints.com\/es\/producto\/mapa-doble-de-donde-nos-conocimos\/","og_locale":"es_ES","og_type":"article","og_title":"Mapa doble de donde nos conocimos","og_description":"Captura los momentos m\u00e1s importantes que has compartido con tu ser amado con un mapa personalizado y preciso Marca los dos lugares con los s\u00edmbolos de tu elecci\u00f3n Personal\u00edzalo en tres sencillos pasos Incluye un texto personalizado Ve el resultado de inmediato: la vista previa interactiva te permite perfeccionar cada detalle","og_url":"https:\/\/positiveprints.com\/es\/producto\/mapa-doble-de-donde-nos-conocimos\/","og_site_name":"Positive Prints","article_publisher":"https:\/\/www.facebook.com\/positiveprintscom","article_modified_time":"2026-04-28T13:27:32+00:00","og_image":[{"width":1080,"height":1080,"url":"https:\/\/positiveprints.com\/wp-content\/uploads\/2023\/03\/Where-We-Met-Double-Map.jpg","type":"image\/jpeg"}],"twitter_card":"summary_large_image","schema":{"@context":"https:\/\/schema.org","@graph":[{"@type":["WebPage","ItemPage"],"@id":"https:\/\/positiveprints.com\/es\/producto\/mapa-doble-de-donde-nos-conocimos\/","url":"https:\/\/positiveprints.com\/es\/producto\/mapa-doble-de-donde-nos-conocimos\/","name":"Mapa doble de donde nos conocimos - Positive Prints","isPartOf":{"@id":"https:\/\/positiveprints.com\/es\/#website"},"primaryImageOfPage":{"@id":"https:\/\/positiveprints.com\/es\/producto\/mapa-doble-de-donde-nos-conocimos\/#primaryimage"},"image":{"@id":"https:\/\/positiveprints.com\/es\/producto\/mapa-doble-de-donde-nos-conocimos\/#primaryimage"},"thumbnailUrl":"https:\/\/positiveprints.com\/wp-content\/uploads\/2026\/01\/Packshot_ES_Mapa-doble-de-donde-nos-conocimos.webp","datePublished":"2023-03-08T09:21:24+00:00","dateModified":"2026-04-28T13:27:32+00:00","breadcrumb":{"@id":"https:\/\/positiveprints.com\/es\/producto\/mapa-doble-de-donde-nos-conocimos\/#breadcrumb"},"inLanguage":"es","potentialAction":[{"@type":"ReadAction","target":["https:\/\/positiveprints.com\/es\/producto\/mapa-doble-de-donde-nos-conocimos\/"]}]},{"@type":"ImageObject","inLanguage":"es","@id":"https:\/\/positiveprints.com\/es\/producto\/mapa-doble-de-donde-nos-conocimos\/#primaryimage","url":"https:\/\/positiveprints.com\/wp-content\/uploads\/2026\/01\/Packshot_ES_Mapa-doble-de-donde-nos-conocimos.webp","contentUrl":"https:\/\/positiveprints.com\/wp-content\/uploads\/2026\/01\/Packshot_ES_Mapa-doble-de-donde-nos-conocimos.webp","width":1450,"height":1450},{"@type":"BreadcrumbList","@id":"https:\/\/positiveprints.com\/es\/producto\/mapa-doble-de-donde-nos-conocimos\/#breadcrumb","itemListElement":[{"@type":"ListItem","position":1,"name":"CASA","item":"https:\/\/positiveprints.com\/es\/"},{"@type":"ListItem","position":2,"name":"Productos","item":"https:\/\/positiveprints.com\/es\/shop\/"},{"@type":"ListItem","position":3,"name":"Mapa doble de donde nos conocimos"}]},{"@type":"WebSite","@id":"https:\/\/positiveprints.com\/es\/#website","url":"https:\/\/positiveprints.com\/es\/","name":"Positive Prints","description":"Custom Gifts for Special Occasions","publisher":{"@id":"https:\/\/positiveprints.com\/es\/#organization"},"potentialAction":[{"@type":"SearchAction","target":{"@type":"EntryPoint","urlTemplate":"https:\/\/positiveprints.com\/es\/?s={search_term_string}"},"query-input":{"@type":"PropertyValueSpecification","valueRequired":true,"valueName":"search_term_string"}}],"inLanguage":"es"},{"@type":"Organization","@id":"https:\/\/positiveprints.com\/es\/#organization","name":"Positive Prints","alternateName":"Positive Prints ","url":"https:\/\/positiveprints.com\/es\/","logo":{"@type":"ImageObject","inLanguage":"es","@id":"https:\/\/positiveprints.com\/es\/#\/schema\/logo\/image\/","url":"https:\/\/positiveprints.com\/wp-content\/uploads\/2026\/03\/245815646_1337939713319158_5671353136411139666_n.png","contentUrl":"https:\/\/positiveprints.com\/wp-content\/uploads\/2026\/03\/245815646_1337939713319158_5671353136411139666_n.png","width":800,"height":800,"caption":"Positive Prints"},"image":{"@id":"https:\/\/positiveprints.com\/es\/#\/schema\/logo\/image\/"},"sameAs":["https:\/\/www.facebook.com\/positiveprintscom","https:\/\/www.instagram.com\/positiveprintscom\/","https:\/\/www.tiktok.com\/@positiveprintscom","https:\/\/www.pinterest.com\/positiveprintscom\/"]}]}},"jetpack_sharing_enabled":true,"_links":{"self":[{"href":"https:\/\/positiveprints.com\/es\/wp-json\/wp\/v2\/product\/642549","targetHints":{"allow":["GET"]}}],"collection":[{"href":"https:\/\/positiveprints.com\/es\/wp-json\/wp\/v2\/product"}],"about":[{"href":"https:\/\/positiveprints.com\/es\/wp-json\/wp\/v2\/types\/product"}],"wp:featuredmedia":[{"embeddable":true,"href":"https:\/\/positiveprints.com\/es\/wp-json\/wp\/v2\/media\/1611106"}],"wp:attachment":[{"href":"https:\/\/positiveprints.com\/es\/wp-json\/wp\/v2\/media?parent=642549"}],"wp:term":[{"taxonomy":"product_brand","embeddable":true,"href":"https:\/\/positiveprints.com\/es\/wp-json\/wp\/v2\/product_brand?post=642549"},{"taxonomy":"product_cat","embeddable":true,"href":"https:\/\/positiveprints.com\/es\/wp-json\/wp\/v2\/product_cat?post=642549"},{"taxonomy":"product_tag","embeddable":true,"href":"https:\/\/positiveprints.com\/es\/wp-json\/wp\/v2\/product_tag?post=642549"}],"curies":[{"name":"wp","href":"https:\/\/api.w.org\/{rel}","templated":true}]}}