{"id":642546,"date":"2023-02-24T14:16:34","date_gmt":"2023-02-24T13:16:34","guid":{"rendered":"https:\/\/positiveprints.com\/product\/where-we-met-circle-map\/"},"modified":"2026-04-03T03:20:58","modified_gmt":"2026-04-03T02:20:58","slug":"mapa-circular-de-donde-nos-conocimos","status":"publish","type":"product","link":"https:\/\/positiveprints.com\/es\/producto\/mapa-circular-de-donde-nos-conocimos\/","title":{"rendered":"Mapa circular de donde nos conocimos"},"content":{"rendered":"<p style=\"margin-top: 1rem\">\u00bfBuscas algo especial para regal\u00e1rselo a tu pareja? \u00a1No busques m\u00e1s y reg\u00e1lale un mapa circular de donde se conocieron! Del\u00e9itate con el reino del arte exquisito con esta obra maestra \u00fanica en su tipo, meticulosamente dise\u00f1ada para encapsular momentos preciados entre almas gemelas. Esta obra de arte circular emana un aire de gracia refinada y sofisticaci\u00f3n, transformando sin esfuerzo cualquier espacio en un santuario imponente. Eleva tu entorno con una pieza llamativa que no solo captura la esencia de los preciados recuerdos, sino que tambi\u00e9n sirve como un testamento atemporal de la belleza de las conexiones significativas.<\/p>\r\n\r\n\r\n\r\n<h2 class=\"grenB f24 cblue\" style=\"margin-top: 3rem\">\u00bfQu\u00e9 es un mapa circular de donde nos conocimos?<\/h2>\r\n\r\n<p style=\"margin-top: 1rem\">Nuestro mapa circular donde nos conocimos es una variaci\u00f3n del mapa donde nos conocimos que tambi\u00e9n cuenta con un dise\u00f1o circular. Esta obra de arte personalizada es perfecta para aquellas personas que buscan un aspecto m\u00e1s moderno y elegante para decorar su hogar. Muestra el lugar m\u00e1gico donde dos personas se conocieron y decidieron pasar m\u00e1s tiempo juntos, en una forma circular que sin duda llama la atenci\u00f3n.<\/p>\r\n\r\n\r\n\r\n<p style=\"margin-top: 1rem\">El \u201cmapa circular donde nos conocimos\u201d es el regalo ideal para bodas, aniversarios o como un detalle que quieras dar del coraz\u00f3n. Puedes personalizarlo con un mont\u00f3n de paletas de colores y estilos para que se adapte perfecto a cualquier espacio de tu hogar. Tambi\u00e9n contamos con diferentes tama\u00f1os por si est\u00e1s buscando algo grande o peque\u00f1o.<\/p>\r\n\r\n\r\n\r\n<p style=\"margin-top: 1rem\">En general, nuestro mapa te ofrece una nueva visi\u00f3n sobre los mapas tradicionales y sirve como un maravilloso recordatorio de los recuerdos m\u00e1s preciados por dos almas gemelas.<\/p>\r\n\r\n\r\n\r\n<h2 class=\"grenB f24 cblue\" style=\"margin-top: 3rem\">Un regalo \u00fanico e invaluable<\/h2>\r\n\r\n<p style=\"margin-top: 1rem\">Si est\u00e1s buscando un regalo que tenga tanto valor sentimental como un impacto visual, nuestras impresiones personalizadas son ideales para cualquier ocasi\u00f3n. Seguro que cualquiera que lo reciba lo apreciar\u00e1 y servir\u00e1 como un preciado recuerdo en los a\u00f1os venideros. Ya sea que est\u00e9s celebrando un momento importante en tu relaci\u00f3n o solo deseas expresar cu\u00e1nto significa para ti esa persona, un mapa circular que resalte el lugar donde se conocieron es la manera ideal de lograrlo.<\/p>\r\n\r\n\r\n\r\n\r\n<p style=\"margin-top: 3rem\">Sorprende a esa persona especial con un regalo significativo y exquisito: nuestro mapa circular de donde nos conocimos. Nuestra creaci\u00f3n personalizada, un aut\u00e9ntico tesoro, seguramente perdurar\u00e1 en los a\u00f1os venideros. \u00a1No dudes en adquirirlo hoy mismo! Es la manera perfecta de inmortalizar su historia compartida por su dise\u00f1o \u00fanico y cientos de opciones de personalizaci\u00f3n. \u00a1No esperes m\u00e1s y demu\u00e9strale a tu ser amado cu\u00e1nto te importa con un \u201cmapa circular de donde nos conocimos\u201d!<\/p>","protected":false},"excerpt":{"rendered":"<ul class=\"check-list\">\n<li>Crea un mapa del lugar donde se conocieron por primera vez<\/li>\n<li>Marca un lugar especial con el s\u00edmbolo de tu elecci\u00f3n<\/li>\n<li>Personal\u00edzalo en tres sencillos pasos<\/li>\n<li>Incluye un texto personalizado<\/li>\n<li>Ve el resultado de inmediato: la vista previa interactiva te permite perfeccionar cada detalle<\/li>\n<\/ul>\n","protected":false},"featured_media":1478457,"template":"","meta":[],"product_brand":[],"product_cat":[106,7195,8012,7693],"product_tag":[9094],"class_list":{"0":"post-642546","1":"product","2":"type-product","3":"status-publish","4":"has-post-thumbnail","6":"product_cat-todos-los-productos","7":"product_cat-map-es","8":"product_cat-regalos-para-hombres","9":"product_cat-regalos-para-mujeres","10":"product_tag-where-we-met-es-2","12":"first","13":"instock","14":"sale","15":"taxable","16":"shipping-taxable","17":"purchasable","18":"product-type-variable"},"yoast_head":"<!-- This site is optimized with the Yoast SEO Premium plugin v27.2 (Yoast SEO v27.2) - https:\/\/yoast.com\/product\/yoast-seo-premium-wordpress\/ -->\n<title>Mapa circular de donde nos conocimos - Positive Prints<\/title>\n<meta name=\"robots\" content=\"index, follow, max-snippet:-1, max-image-preview:large, max-video-preview:-1\" \/>\n<link rel=\"canonical\" href=\"https:\/\/positiveprints.com\/es\/producto\/mapa-circular-de-donde-nos-conocimos\/\" \/>\n<meta property=\"og:locale\" content=\"es_ES\" \/>\n<meta property=\"og:type\" content=\"article\" \/>\n<meta property=\"og:title\" content=\"Mapa circular de donde nos conocimos\" \/>\n<meta property=\"og:description\" content=\"Crea un mapa del lugar donde se conocieron por primera vez Marca un lugar especial con el s\u00edmbolo de tu elecci\u00f3n Personal\u00edzalo en tres sencillos pasos Incluye un texto personalizado Ve el resultado de inmediato: la vista previa interactiva te permite perfeccionar cada detalle\" \/>\n<meta property=\"og:url\" content=\"https:\/\/positiveprints.com\/es\/producto\/mapa-circular-de-donde-nos-conocimos\/\" \/>\n<meta property=\"og:site_name\" content=\"Positive Prints\" \/>\n<meta property=\"article:publisher\" content=\"https:\/\/www.facebook.com\/positiveprintscom\" \/>\n<meta property=\"article:modified_time\" content=\"2026-04-03T02:20:58+00:00\" \/>\n<meta property=\"og:image\" content=\"https:\/\/positiveprints.com\/wp-content\/uploads\/2023\/09\/Mapa-circular-de-donde-nos-conocimos.jpg\" \/>\n\t<meta property=\"og:image:width\" content=\"1080\" \/>\n\t<meta property=\"og:image:height\" content=\"1080\" \/>\n\t<meta property=\"og:image:type\" content=\"image\/jpeg\" \/>\n<meta name=\"twitter:card\" content=\"summary_large_image\" \/>\n<meta name=\"twitter:label1\" content=\"Tiempo de lectura\" \/>\n\t<meta name=\"twitter:data1\" content=\"2 minutos\" \/>\n<!-- \/ Yoast SEO Premium plugin. -->","yoast_head_json":{"title":"Mapa circular de donde nos conocimos - Positive Prints","robots":{"index":"index","follow":"follow","max-snippet":"max-snippet:-1","max-image-preview":"max-image-preview:large","max-video-preview":"max-video-preview:-1"},"canonical":"https:\/\/positiveprints.com\/es\/producto\/mapa-circular-de-donde-nos-conocimos\/","og_locale":"es_ES","og_type":"article","og_title":"Mapa circular de donde nos conocimos","og_description":"Crea un mapa del lugar donde se conocieron por primera vez Marca un lugar especial con el s\u00edmbolo de tu elecci\u00f3n Personal\u00edzalo en tres sencillos pasos Incluye un texto personalizado Ve el resultado de inmediato: la vista previa interactiva te permite perfeccionar cada detalle","og_url":"https:\/\/positiveprints.com\/es\/producto\/mapa-circular-de-donde-nos-conocimos\/","og_site_name":"Positive Prints","article_publisher":"https:\/\/www.facebook.com\/positiveprintscom","article_modified_time":"2026-04-03T02:20:58+00:00","og_image":[{"width":1080,"height":1080,"url":"https:\/\/positiveprints.com\/wp-content\/uploads\/2023\/09\/Mapa-circular-de-donde-nos-conocimos.jpg","type":"image\/jpeg"}],"twitter_card":"summary_large_image","twitter_misc":{"Tiempo de lectura":"2 minutos"},"schema":{"@context":"https:\/\/schema.org","@graph":[{"@type":["WebPage","ItemPage"],"@id":"https:\/\/positiveprints.com\/es\/producto\/mapa-circular-de-donde-nos-conocimos\/","url":"https:\/\/positiveprints.com\/es\/producto\/mapa-circular-de-donde-nos-conocimos\/","name":"Mapa circular de donde nos conocimos - Positive Prints","isPartOf":{"@id":"https:\/\/positiveprints.com\/es\/#website"},"primaryImageOfPage":{"@id":"https:\/\/positiveprints.com\/es\/producto\/mapa-circular-de-donde-nos-conocimos\/#primaryimage"},"image":{"@id":"https:\/\/positiveprints.com\/es\/producto\/mapa-circular-de-donde-nos-conocimos\/#primaryimage"},"thumbnailUrl":"https:\/\/positiveprints.com\/wp-content\/uploads\/2025\/07\/Packshot_ES_Mapa-circular-de-donde-nos-conocimos.webp","datePublished":"2023-02-24T13:16:34+00:00","dateModified":"2026-04-03T02:20:58+00:00","breadcrumb":{"@id":"https:\/\/positiveprints.com\/es\/producto\/mapa-circular-de-donde-nos-conocimos\/#breadcrumb"},"inLanguage":"es","potentialAction":[{"@type":"ReadAction","target":["https:\/\/positiveprints.com\/es\/producto\/mapa-circular-de-donde-nos-conocimos\/"]}]},{"@type":"ImageObject","inLanguage":"es","@id":"https:\/\/positiveprints.com\/es\/producto\/mapa-circular-de-donde-nos-conocimos\/#primaryimage","url":"https:\/\/positiveprints.com\/wp-content\/uploads\/2025\/07\/Packshot_ES_Mapa-circular-de-donde-nos-conocimos.webp","contentUrl":"https:\/\/positiveprints.com\/wp-content\/uploads\/2025\/07\/Packshot_ES_Mapa-circular-de-donde-nos-conocimos.webp","width":1450,"height":1450},{"@type":"BreadcrumbList","@id":"https:\/\/positiveprints.com\/es\/producto\/mapa-circular-de-donde-nos-conocimos\/#breadcrumb","itemListElement":[{"@type":"ListItem","position":1,"name":"CASA","item":"https:\/\/positiveprints.com\/es\/"},{"@type":"ListItem","position":2,"name":"Productos","item":"https:\/\/positiveprints.com\/es\/shop\/"},{"@type":"ListItem","position":3,"name":"Mapa circular de donde nos conocimos"}]},{"@type":"WebSite","@id":"https:\/\/positiveprints.com\/es\/#website","url":"https:\/\/positiveprints.com\/es\/","name":"Positive Prints","description":"Custom Gifts for Special Occasions","publisher":{"@id":"https:\/\/positiveprints.com\/es\/#organization"},"potentialAction":[{"@type":"SearchAction","target":{"@type":"EntryPoint","urlTemplate":"https:\/\/positiveprints.com\/es\/?s={search_term_string}"},"query-input":{"@type":"PropertyValueSpecification","valueRequired":true,"valueName":"search_term_string"}}],"inLanguage":"es"},{"@type":"Organization","@id":"https:\/\/positiveprints.com\/es\/#organization","name":"Positive Prints","alternateName":"Positive Prints","url":"https:\/\/positiveprints.com\/es\/","logo":{"@type":"ImageObject","inLanguage":"es","@id":"https:\/\/positiveprints.com\/es\/#\/schema\/logo\/image\/","url":"https:\/\/positiveprints.com\/wp-content\/uploads\/2026\/03\/245815646_1337939713319158_5671353136411139666_n.png","contentUrl":"https:\/\/positiveprints.com\/wp-content\/uploads\/2026\/03\/245815646_1337939713319158_5671353136411139666_n.png","width":800,"height":800,"caption":"Positive Prints"},"image":{"@id":"https:\/\/positiveprints.com\/es\/#\/schema\/logo\/image\/"},"sameAs":["https:\/\/www.facebook.com\/positiveprintscom","https:\/\/www.instagram.com\/positiveprintscom\/","https:\/\/www.tiktok.com\/@positiveprintscom","https:\/\/www.pinterest.com\/positiveprintscom\/"]}]}},"jetpack_sharing_enabled":true,"_links":{"self":[{"href":"https:\/\/positiveprints.com\/es\/wp-json\/wp\/v2\/product\/642546","targetHints":{"allow":["GET"]}}],"collection":[{"href":"https:\/\/positiveprints.com\/es\/wp-json\/wp\/v2\/product"}],"about":[{"href":"https:\/\/positiveprints.com\/es\/wp-json\/wp\/v2\/types\/product"}],"wp:featuredmedia":[{"embeddable":true,"href":"https:\/\/positiveprints.com\/es\/wp-json\/wp\/v2\/media\/1478457"}],"wp:attachment":[{"href":"https:\/\/positiveprints.com\/es\/wp-json\/wp\/v2\/media?parent=642546"}],"wp:term":[{"taxonomy":"product_brand","embeddable":true,"href":"https:\/\/positiveprints.com\/es\/wp-json\/wp\/v2\/product_brand?post=642546"},{"taxonomy":"product_cat","embeddable":true,"href":"https:\/\/positiveprints.com\/es\/wp-json\/wp\/v2\/product_cat?post=642546"},{"taxonomy":"product_tag","embeddable":true,"href":"https:\/\/positiveprints.com\/es\/wp-json\/wp\/v2\/product_tag?post=642546"}],"curies":[{"name":"wp","href":"https:\/\/api.w.org\/{rel}","templated":true}]}}