{"id":642279,"date":"2023-02-24T13:00:29","date_gmt":"2023-02-24T11:00:29","guid":{"rendered":"https:\/\/positiveprints.com\/product\/where-we-met-heart-map\/"},"modified":"2026-04-18T06:09:35","modified_gmt":"2026-04-18T05:09:35","slug":"mapa-en-forma-de-corazon-de-donde-nos-conocimos","status":"publish","type":"product","link":"https:\/\/positiveprints.com\/es\/producto\/mapa-en-forma-de-corazon-de-donde-nos-conocimos\/","title":{"rendered":"Mapa en forma de coraz\u00f3n de donde nos conocimos"},"content":{"rendered":"<p style=\"margin-top: 1rem\">\u00a1Mu\u00e9strale al mundo d\u00f3nde se conocieron con un mapa en forma de coraz\u00f3n! Es un regalo \u00fanico y significativo para cualquier ocasi\u00f3n especial. Esta obra de arte personalizada conmemora el lugar exacto donde se cruzaron los caminos y sue\u00f1os de dos personas completamente desconocidas. Nuestro \u201cmapa en forma de coraz\u00f3n de donde nos conocimos\u201d sin duda traer\u00e1 sonrisas y dar\u00e1 de qu\u00e9 hablar en los a\u00f1os venideros.<\/p>\r\n\r\n\r\n<h2 class=\"grenB f24 cblue\" style=\"margin-top: 3rem\">\u00bfQu\u00e9 es el mapa en forma de coraz\u00f3n de donde nos conocimos?<\/h2>\r\n\r\n<p style=\"margin-top: 1rem\">El \u201cmapa en forma de coraz\u00f3n de donde nos conocimos\u201d es una obra de arte personalizada en forma de coraz\u00f3n que celebra algunos de los momentos m\u00e1s especiales en la vida de una pareja. Es un mapa que incluye la ubicaci\u00f3n de su primera cita marc\u00e1ndolo con un \u00edcono de coraz\u00f3n! Este regalo \u00fanico es perfecto para bodas o aniversarios, incluso como un gesto considerado para alguien especial. No solo sirve como una hermosa obra de arte que puede colgarse en una pared, sino que tambi\u00e9n tiene un valor sentimental que no se puede replicar con cualquier regalo que compres en una tienda. Sin duda, el \u201cmapa en forma de coraz\u00f3n de donde nos conocimos\u201d es la manera perfecta de celebrar por qu\u00e9 est\u00e1n juntos.<\/p>\r\n\r\n\r\n\r\n<h2 class=\"grenB f24 cblue\" style=\"margin-top: 3rem\">Un hermoso recordatorio de los momentos especiales<\/h2>\r\n\r\n<p style=\"margin-top: 1rem\">Puedes crear tu propio \u201cmapa en forma de coraz\u00f3n de donde nos conocimos\u201d por diferentes razones. Es un regalo \u00fanico e inolvidable para bodas, aniversarios u ocasiones especiales como el d\u00eda de San Valent\u00edn. Tambi\u00e9n es una excelente manera de recordar el lugar donde se conocieron, ya sea que fuera algo espont\u00e1neo o algo planificado. El mapa sirve como un hermoso recordatorio de todos los momentos especiales que han pasado juntos, e incluso le agrega un toque personal a cualquier espacio en el que se encuentre. Muchas veces las personas disfrutan tener obras de arte personalizadas que reflejen sus propias experiencias e historia \u00fanicas.<\/p>\r\n\r\n\r\n\r\n<h2 class=\"grenB f24 cblue\" style=\"margin-top: 3rem\">Regalos personalizados<\/h2>\r\n\r\n<p style=\"margin-top: 1rem\">Sin duda hay algo especial en la creaci\u00f3n de regalos personalizados, y el \u201cmapa en forma de coraz\u00f3n de donde nos conocimos\u201d claramente lo demuestra. Este tipo de detalles se adaptan espec\u00edficamente a la persona que lo va a recibir y reflejan tanto sus experiencias como sus recuerdos. Les demuestra que la persona que lo regala se ha tomado el tiempo para pensar en un detalle significativo, en lugar de solo comprar un regalo gen\u00e9rico en alguna tienda de regalos. Nuestro \u201cmapa en forma de coraz\u00f3n de donde nos conocimos\u201d tambi\u00e9n puede servir para iniciar una conversaci\u00f3n e incluso despertar buenos recuerdos o an\u00e9cdotas. En general, crear un regalo personalizado demuestra que eres una persona considerada y sensible que no puede dejar que un objeto tan vano sea digno de esa persona especial.<\/p>\r\n\r\n\r\n\r\n\r\n\r\n<p style=\"margin-top: 3rem\">Ya sea para una ocasi\u00f3n especial o solo como un detalle que quieres dar de coraz\u00f3n, este mapa celebra la ubicaci\u00f3n exacta donde se cruzaron sus caminos y ser\u00e1 un recordatorio eterno de todo lo que han pasado juntos como pareja.<\/p>\r\n\r\n\r\n\r\n<p style=\"margin-top: 1rem\">El \u201cmapa en forma de coraz\u00f3n de donde nos conocimos\u201d es la manera perfecta de demostrarle a alguien que te importa y que deseas estar siempre a su lado para crear nuevos recuerdos. \u00a1Crea un regalo inolvidable hoy mismo!<\/p>","protected":false},"excerpt":{"rendered":"<ul class=\"check-list\">\n<li>Crea un mapa del lugar donde os conoc\u00edsteis y regala una impresi\u00f3n personalizada \u00fanica<\/li>\n<li>Marca un lugar especial con el s\u00edmbolo de tu elecci\u00f3n<\/li>\n<li>Usa nuestro editor para personalizar tu dise\u00f1o en apenas tres pasos<\/li>\n<li>A\u00f1ade un mensaje personalizado para que\u00a0tu dise\u00f1o sea \u00fanico y especial<\/li>\n<li>Visualiza tu dise\u00f1o de forma r\u00e1pida usando la vista previa interactiva<\/li>\n<\/ul>\n","protected":false},"featured_media":1462637,"template":"","meta":[],"product_brand":[],"product_cat":[7195,8012,7693,106],"product_tag":[9094],"class_list":{"0":"post-642279","1":"product","2":"type-product","3":"status-publish","4":"has-post-thumbnail","6":"product_cat-map-es","7":"product_cat-regalos-para-hombres","8":"product_cat-regalos-para-mujeres","9":"product_cat-todos-los-productos","10":"product_tag-where-we-met-es-2","12":"first","13":"instock","14":"sale","15":"taxable","16":"shipping-taxable","17":"purchasable","18":"product-type-variable"},"yoast_head":"<!-- This site is optimized with the Yoast SEO Premium plugin v27.2 (Yoast SEO v27.2) - https:\/\/yoast.com\/product\/yoast-seo-premium-wordpress\/ -->\n<title>Mapa en forma de coraz\u00f3n de donde nos conocimos - Positive Prints<\/title>\n<meta name=\"robots\" content=\"index, follow, max-snippet:-1, max-image-preview:large, max-video-preview:-1\" \/>\n<link rel=\"canonical\" href=\"https:\/\/positiveprints.com\/es\/producto\/mapa-en-forma-de-corazon-de-donde-nos-conocimos\/\" \/>\n<meta property=\"og:locale\" content=\"es_ES\" \/>\n<meta property=\"og:type\" content=\"article\" \/>\n<meta property=\"og:title\" content=\"Mapa en forma de coraz\u00f3n de donde nos conocimos\" \/>\n<meta property=\"og:description\" content=\"Crea un mapa del lugar donde os conoc\u00edsteis y regala una impresi\u00f3n personalizada \u00fanica Marca un lugar especial con el s\u00edmbolo de tu elecci\u00f3n Usa nuestro editor para personalizar tu dise\u00f1o en apenas tres pasos A\u00f1ade un mensaje personalizado para que\u00a0tu dise\u00f1o sea \u00fanico y especial Visualiza tu dise\u00f1o de forma r\u00e1pida usando la vista previa interactiva\" \/>\n<meta property=\"og:url\" content=\"https:\/\/positiveprints.com\/es\/producto\/mapa-en-forma-de-corazon-de-donde-nos-conocimos\/\" \/>\n<meta property=\"og:site_name\" content=\"Positive Prints\" \/>\n<meta property=\"article:publisher\" content=\"https:\/\/www.facebook.com\/positiveprintscom\" \/>\n<meta property=\"article:modified_time\" content=\"2026-04-18T05:09:35+00:00\" \/>\n<meta property=\"og:image\" content=\"https:\/\/positiveprints.com\/wp-content\/uploads\/2023\/09\/Mapa-en-forma-de-corazon-de-donde-nos-conocimos.jpg\" \/>\n\t<meta property=\"og:image:width\" content=\"1080\" \/>\n\t<meta property=\"og:image:height\" content=\"1080\" \/>\n\t<meta property=\"og:image:type\" content=\"image\/jpeg\" \/>\n<meta name=\"twitter:card\" content=\"summary_large_image\" \/>\n<meta name=\"twitter:label1\" content=\"Tiempo de lectura\" \/>\n\t<meta name=\"twitter:data1\" content=\"3 minutos\" \/>\n<!-- \/ Yoast SEO Premium plugin. -->","yoast_head_json":{"title":"Mapa en forma de coraz\u00f3n de donde nos conocimos - Positive Prints","robots":{"index":"index","follow":"follow","max-snippet":"max-snippet:-1","max-image-preview":"max-image-preview:large","max-video-preview":"max-video-preview:-1"},"canonical":"https:\/\/positiveprints.com\/es\/producto\/mapa-en-forma-de-corazon-de-donde-nos-conocimos\/","og_locale":"es_ES","og_type":"article","og_title":"Mapa en forma de coraz\u00f3n de donde nos conocimos","og_description":"Crea un mapa del lugar donde os conoc\u00edsteis y regala una impresi\u00f3n personalizada \u00fanica Marca un lugar especial con el s\u00edmbolo de tu elecci\u00f3n Usa nuestro editor para personalizar tu dise\u00f1o en apenas tres pasos A\u00f1ade un mensaje personalizado para que\u00a0tu dise\u00f1o sea \u00fanico y especial Visualiza tu dise\u00f1o de forma r\u00e1pida usando la vista previa interactiva","og_url":"https:\/\/positiveprints.com\/es\/producto\/mapa-en-forma-de-corazon-de-donde-nos-conocimos\/","og_site_name":"Positive Prints","article_publisher":"https:\/\/www.facebook.com\/positiveprintscom","article_modified_time":"2026-04-18T05:09:35+00:00","og_image":[{"width":1080,"height":1080,"url":"https:\/\/positiveprints.com\/wp-content\/uploads\/2023\/09\/Mapa-en-forma-de-corazon-de-donde-nos-conocimos.jpg","type":"image\/jpeg"}],"twitter_card":"summary_large_image","twitter_misc":{"Tiempo de lectura":"3 minutos"},"schema":{"@context":"https:\/\/schema.org","@graph":[{"@type":["WebPage","ItemPage"],"@id":"https:\/\/positiveprints.com\/es\/producto\/mapa-en-forma-de-corazon-de-donde-nos-conocimos\/","url":"https:\/\/positiveprints.com\/es\/producto\/mapa-en-forma-de-corazon-de-donde-nos-conocimos\/","name":"Mapa en forma de coraz\u00f3n de donde nos conocimos - Positive Prints","isPartOf":{"@id":"https:\/\/positiveprints.com\/es\/#website"},"primaryImageOfPage":{"@id":"https:\/\/positiveprints.com\/es\/producto\/mapa-en-forma-de-corazon-de-donde-nos-conocimos\/#primaryimage"},"image":{"@id":"https:\/\/positiveprints.com\/es\/producto\/mapa-en-forma-de-corazon-de-donde-nos-conocimos\/#primaryimage"},"thumbnailUrl":"https:\/\/positiveprints.com\/wp-content\/uploads\/2025\/06\/Packshot_ES_Mapa-en-forma-de-corazo\u0301n-de-donde-nos-conocimos.webp","datePublished":"2023-02-24T11:00:29+00:00","dateModified":"2026-04-18T05:09:35+00:00","breadcrumb":{"@id":"https:\/\/positiveprints.com\/es\/producto\/mapa-en-forma-de-corazon-de-donde-nos-conocimos\/#breadcrumb"},"inLanguage":"es","potentialAction":[{"@type":"ReadAction","target":["https:\/\/positiveprints.com\/es\/producto\/mapa-en-forma-de-corazon-de-donde-nos-conocimos\/"]}]},{"@type":"ImageObject","inLanguage":"es","@id":"https:\/\/positiveprints.com\/es\/producto\/mapa-en-forma-de-corazon-de-donde-nos-conocimos\/#primaryimage","url":"https:\/\/positiveprints.com\/wp-content\/uploads\/2025\/06\/Packshot_ES_Mapa-en-forma-de-corazo\u0301n-de-donde-nos-conocimos.webp","contentUrl":"https:\/\/positiveprints.com\/wp-content\/uploads\/2025\/06\/Packshot_ES_Mapa-en-forma-de-corazo\u0301n-de-donde-nos-conocimos.webp","width":1450,"height":1450},{"@type":"BreadcrumbList","@id":"https:\/\/positiveprints.com\/es\/producto\/mapa-en-forma-de-corazon-de-donde-nos-conocimos\/#breadcrumb","itemListElement":[{"@type":"ListItem","position":1,"name":"CASA","item":"https:\/\/positiveprints.com\/es\/"},{"@type":"ListItem","position":2,"name":"Productos","item":"https:\/\/positiveprints.com\/es\/shop\/"},{"@type":"ListItem","position":3,"name":"Mapa en forma de coraz\u00f3n de donde nos conocimos"}]},{"@type":"WebSite","@id":"https:\/\/positiveprints.com\/es\/#website","url":"https:\/\/positiveprints.com\/es\/","name":"Positive Prints","description":"Custom Gifts for Special Occasions","publisher":{"@id":"https:\/\/positiveprints.com\/es\/#organization"},"potentialAction":[{"@type":"SearchAction","target":{"@type":"EntryPoint","urlTemplate":"https:\/\/positiveprints.com\/es\/?s={search_term_string}"},"query-input":{"@type":"PropertyValueSpecification","valueRequired":true,"valueName":"search_term_string"}}],"inLanguage":"es"},{"@type":"Organization","@id":"https:\/\/positiveprints.com\/es\/#organization","name":"Positive Prints","alternateName":"Positive Prints","url":"https:\/\/positiveprints.com\/es\/","logo":{"@type":"ImageObject","inLanguage":"es","@id":"https:\/\/positiveprints.com\/es\/#\/schema\/logo\/image\/","url":"https:\/\/positiveprints.com\/wp-content\/uploads\/2026\/03\/245815646_1337939713319158_5671353136411139666_n.png","contentUrl":"https:\/\/positiveprints.com\/wp-content\/uploads\/2026\/03\/245815646_1337939713319158_5671353136411139666_n.png","width":800,"height":800,"caption":"Positive Prints"},"image":{"@id":"https:\/\/positiveprints.com\/es\/#\/schema\/logo\/image\/"},"sameAs":["https:\/\/www.facebook.com\/positiveprintscom","https:\/\/www.instagram.com\/positiveprintscom\/","https:\/\/www.tiktok.com\/@positiveprintscom","https:\/\/www.pinterest.com\/positiveprintscom\/"]}]}},"jetpack_sharing_enabled":true,"_links":{"self":[{"href":"https:\/\/positiveprints.com\/es\/wp-json\/wp\/v2\/product\/642279","targetHints":{"allow":["GET"]}}],"collection":[{"href":"https:\/\/positiveprints.com\/es\/wp-json\/wp\/v2\/product"}],"about":[{"href":"https:\/\/positiveprints.com\/es\/wp-json\/wp\/v2\/types\/product"}],"wp:featuredmedia":[{"embeddable":true,"href":"https:\/\/positiveprints.com\/es\/wp-json\/wp\/v2\/media\/1462637"}],"wp:attachment":[{"href":"https:\/\/positiveprints.com\/es\/wp-json\/wp\/v2\/media?parent=642279"}],"wp:term":[{"taxonomy":"product_brand","embeddable":true,"href":"https:\/\/positiveprints.com\/es\/wp-json\/wp\/v2\/product_brand?post=642279"},{"taxonomy":"product_cat","embeddable":true,"href":"https:\/\/positiveprints.com\/es\/wp-json\/wp\/v2\/product_cat?post=642279"},{"taxonomy":"product_tag","embeddable":true,"href":"https:\/\/positiveprints.com\/es\/wp-json\/wp\/v2\/product_tag?post=642279"}],"curies":[{"name":"wp","href":"https:\/\/api.w.org\/{rel}","templated":true}]}}