{"id":642276,"date":"2021-07-31T20:22:49","date_gmt":"2021-07-31T19:22:49","guid":{"rendered":"https:\/\/positiveprints.com\/product\/our-first-kiss-map\/"},"modified":"2026-04-28T15:04:26","modified_gmt":"2026-04-28T14:04:26","slug":"mapa-de-nuestro-primer-beso","status":"publish","type":"product","link":"https:\/\/positiveprints.com\/es\/producto\/mapa-de-nuestro-primer-beso\/","title":{"rendered":"Mapa de nuestro primer beso"},"content":{"rendered":"<p>Su primer beso fue el inicio de toda su historia de amor. Aunque es posible que ya hayas perdido la cuenta, es divertido recordar el beso que comenz\u00f3 todo. Positive Prints te permite celebrar el amor con el mapa de nuestro primer beso.<\/p>\r\n\r\n<h2 class=\"grenB f24 cblue\" style=\"margin-top: 3rem\">\u00bfQu\u00e9 es un mapa de nuestro primer beso?<\/h2>\r\n\r\n<p style=\"margin-top: 1rem\">El primer beso de una pareja es m\u00e1gico. Es el momento en que llevas tu relaci\u00f3n a otro nivel y sientes esa conexi\u00f3n especial con esa persona: una que podr\u00eda durar toda la vida. El mapa de nuestro primer beso captura ese momento especial en sus vidas al mostrar la ubicaci\u00f3n exacta donde sucedi\u00f3 la magia. Convertimos este mapa en una obra de arte personalizada que puedes exhibir en tu hogar y recordar ese cap\u00edtulo de su relaci\u00f3n para siempre.<\/p>\r\n\r\n<h2 class=\"grenB f24 cblue\" style=\"margin-top: 3rem\">El regalo perfecto es un mapa de nuestro primer beso<\/h2>\r\n\r\n<p style=\"margin-top: 1rem\">Hay algo excepcional e indescriptible en dar y recibir un mapa personalizado como regalo. Es un detalle que esa persona nunca esperar\u00eda recibir. Es un regalo que no se puede comprar simplemente en una tienda; necesitas reflexionar y concentrarte para convertir tus ideas en una ilustraci\u00f3n.<\/p>\r\n\r\n<p style=\"margin-top: 1rem\">Si est\u00e1s buscando un regalo \u00fanico para celebrar el d\u00eda de San Valent\u00edn, un aniversario o incluso el d\u00eda de tu boda, \u00a1no busques m\u00e1s y sorprende a tu ser amado con un mapa que est\u00e1 dise\u00f1ado solo para tu pareja!<\/p>\r\n\r\n<p style=\"margin-top: 1rem\">En Positive Prints, nos hemos encargado de todo el trabajo pesado. Aunque el dise\u00f1o est\u00e1 casi terminado, \u00a1le falta tu toque personal! Incluye m\u00e1s detalles, como la ubicaci\u00f3n exacta de su primer beso, un momento especial, y nosotros nos encargaremos del resto. Agrega frases, letras de canciones, refranes o un texto personalizado y sentimental para que tu regalo sea a\u00fan m\u00e1s \u00fanico.<\/p>\r\n\r\n<h2 class=\"grenB f24 cblue\" style=\"margin-top: 3rem\">Personaliza tu mapa con Positive Prints<\/h2>\r\n\r\n<p style=\"margin-top: 1rem\">Positive Prints cuenta con muchas herramientas para que puedas personalizar tu \u201cmapa de nuestro primer beso\u201d y hacerlo realmente \u00fanico. Selecciona uno de nuestros dise\u00f1os y la paleta de colores que deseas utilizar en tu mapa. \u00a1Juega con todas las opciones y mira c\u00f3mo los cambios que vas haciendo van cobrando vida para crear algo verdaderamente \u00fanico!<\/p>\r\n\r\n<p style=\"margin-top: 1rem\">Personal\u00edzalo a\u00fan m\u00e1s eligiendo la ubicaci\u00f3n del primer beso con tu pareja. Agrega un mensaje \u00fanico que le infunda m\u00e1s vida a tu mapa: una fecha especial, el nombre del lugar, un poema o una canci\u00f3n, o alguna frase que solo ustedes entiendan.<\/p>\r\n\r\n<p style=\"margin-top: 1rem\">Nos encargaremos de imprimir tu mapa y envi\u00e1rtelo de forma gratuita hasta la puerta de tu hogar. Sin embargo, si necesitas tener tu regalo urgentemente en tus manos, selecciona la opci\u00f3n de descarga digital para que puedas recibirlo en tu bandeja de entrada e imprimirlo de forma local. Tambi\u00e9n contamos con impresiones sobre lienzo y p\u00f3steres enmarcados. \u00a1Tienes un mont\u00f3n de formas de personalizar tu regalo!<\/p>\r\n\r\n<h2 class=\"grenB f24 cblue\" style=\"margin-top: 3rem\">\u00a1Comienza a recrear uno de tus recuerdos m\u00e1s preciados!<\/h2>\r\n\r\n<p style=\"margin-top: 1rem\">Su primer beso fue clave para dar el siguiente paso en su relaci\u00f3n. Convierte ese recuerdo en uno que durar\u00e1 toda la vida. \u00a1Crea hoy mismo el \u201cmapa de nuestro primer beso\u201d de Positive Prints!<\/p>","protected":false},"excerpt":{"rendered":"<ul class=\"check-list\">\n<li>Crea un recuerdo especial con el mapa de nuestro primer beso y se\u00f1ala exactamente d\u00f3nde comenz\u00f3 vuestra historia de amor<\/li>\n<li>Marca un lugar especial con el s\u00edmbolo de tu elecci\u00f3n<\/li>\n<li>Usa nuestro editor para personalizar tu dise\u00f1o en apenas tres pasos<\/li>\n<li>A\u00f1ade un mensaje personalizado para que\u00a0tu dise\u00f1o sea \u00fanico y especial<\/li>\n<li>Visualiza tu dise\u00f1o  usando la vista previa interactiva<\/li>\n<\/ul>\n","protected":false},"featured_media":1461538,"template":"","meta":[],"product_brand":[],"product_cat":[7195,8012,7693,106],"product_tag":[9093],"class_list":{"0":"post-642276","1":"product","2":"type-product","3":"status-publish","4":"has-post-thumbnail","6":"product_cat-map-es","7":"product_cat-regalos-para-hombres","8":"product_cat-regalos-para-mujeres","9":"product_cat-todos-los-productos","10":"product_tag-couples-es-2","12":"first","13":"instock","14":"sale","15":"taxable","16":"shipping-taxable","17":"purchasable","18":"product-type-variable"},"yoast_head":"<!-- This site is optimized with the Yoast SEO Premium plugin v27.2 (Yoast SEO v27.2) - https:\/\/yoast.com\/product\/yoast-seo-premium-wordpress\/ -->\n<title>Mapa de nuestro primer beso - Positive Prints<\/title>\n<meta name=\"robots\" content=\"index, follow, max-snippet:-1, max-image-preview:large, max-video-preview:-1\" \/>\n<link rel=\"canonical\" href=\"https:\/\/positiveprints.com\/es\/producto\/mapa-de-nuestro-primer-beso\/\" \/>\n<meta property=\"og:locale\" content=\"es_ES\" \/>\n<meta property=\"og:type\" content=\"article\" \/>\n<meta property=\"og:title\" content=\"Mapa de nuestro primer beso\" \/>\n<meta property=\"og:description\" content=\"Crea un recuerdo especial con el mapa de nuestro primer beso y se\u00f1ala exactamente d\u00f3nde comenz\u00f3 vuestra historia de amor Marca un lugar especial con el s\u00edmbolo de tu elecci\u00f3n Usa nuestro editor para personalizar tu dise\u00f1o en apenas tres pasos A\u00f1ade un mensaje personalizado para que\u00a0tu dise\u00f1o sea \u00fanico y especial Visualiza tu dise\u00f1o usando la vista previa interactiva\" \/>\n<meta property=\"og:url\" content=\"https:\/\/positiveprints.com\/es\/producto\/mapa-de-nuestro-primer-beso\/\" \/>\n<meta property=\"og:site_name\" content=\"Positive Prints\" \/>\n<meta property=\"article:publisher\" content=\"https:\/\/www.facebook.com\/positiveprintscom\" \/>\n<meta property=\"article:modified_time\" content=\"2026-04-28T14:04:26+00:00\" \/>\n<meta property=\"og:image\" content=\"https:\/\/positiveprints.com\/wp-content\/uploads\/2023\/09\/Mapa-de-nuestro-primer-beso.jpg\" \/>\n\t<meta property=\"og:image:width\" content=\"1080\" \/>\n\t<meta property=\"og:image:height\" content=\"1080\" \/>\n\t<meta property=\"og:image:type\" content=\"image\/jpeg\" \/>\n<meta name=\"twitter:card\" content=\"summary_large_image\" \/>\n<!-- \/ Yoast SEO Premium plugin. -->","yoast_head_json":{"title":"Mapa de nuestro primer beso - Positive Prints","robots":{"index":"index","follow":"follow","max-snippet":"max-snippet:-1","max-image-preview":"max-image-preview:large","max-video-preview":"max-video-preview:-1"},"canonical":"https:\/\/positiveprints.com\/es\/producto\/mapa-de-nuestro-primer-beso\/","og_locale":"es_ES","og_type":"article","og_title":"Mapa de nuestro primer beso","og_description":"Crea un recuerdo especial con el mapa de nuestro primer beso y se\u00f1ala exactamente d\u00f3nde comenz\u00f3 vuestra historia de amor Marca un lugar especial con el s\u00edmbolo de tu elecci\u00f3n Usa nuestro editor para personalizar tu dise\u00f1o en apenas tres pasos A\u00f1ade un mensaje personalizado para que\u00a0tu dise\u00f1o sea \u00fanico y especial Visualiza tu dise\u00f1o usando la vista previa interactiva","og_url":"https:\/\/positiveprints.com\/es\/producto\/mapa-de-nuestro-primer-beso\/","og_site_name":"Positive Prints","article_publisher":"https:\/\/www.facebook.com\/positiveprintscom","article_modified_time":"2026-04-28T14:04:26+00:00","og_image":[{"width":1080,"height":1080,"url":"https:\/\/positiveprints.com\/wp-content\/uploads\/2023\/09\/Mapa-de-nuestro-primer-beso.jpg","type":"image\/jpeg"}],"twitter_card":"summary_large_image","schema":{"@context":"https:\/\/schema.org","@graph":[{"@type":["WebPage","ItemPage"],"@id":"https:\/\/positiveprints.com\/es\/producto\/mapa-de-nuestro-primer-beso\/","url":"https:\/\/positiveprints.com\/es\/producto\/mapa-de-nuestro-primer-beso\/","name":"Mapa de nuestro primer beso - Positive Prints","isPartOf":{"@id":"https:\/\/positiveprints.com\/es\/#website"},"primaryImageOfPage":{"@id":"https:\/\/positiveprints.com\/es\/producto\/mapa-de-nuestro-primer-beso\/#primaryimage"},"image":{"@id":"https:\/\/positiveprints.com\/es\/producto\/mapa-de-nuestro-primer-beso\/#primaryimage"},"thumbnailUrl":"https:\/\/positiveprints.com\/wp-content\/uploads\/2025\/06\/Packshot_ES_Mapa-de-nuestro-primer-beso.webp","datePublished":"2021-07-31T19:22:49+00:00","dateModified":"2026-04-28T14:04:26+00:00","breadcrumb":{"@id":"https:\/\/positiveprints.com\/es\/producto\/mapa-de-nuestro-primer-beso\/#breadcrumb"},"inLanguage":"es","potentialAction":[{"@type":"ReadAction","target":["https:\/\/positiveprints.com\/es\/producto\/mapa-de-nuestro-primer-beso\/"]}]},{"@type":"ImageObject","inLanguage":"es","@id":"https:\/\/positiveprints.com\/es\/producto\/mapa-de-nuestro-primer-beso\/#primaryimage","url":"https:\/\/positiveprints.com\/wp-content\/uploads\/2025\/06\/Packshot_ES_Mapa-de-nuestro-primer-beso.webp","contentUrl":"https:\/\/positiveprints.com\/wp-content\/uploads\/2025\/06\/Packshot_ES_Mapa-de-nuestro-primer-beso.webp","width":1450,"height":1450},{"@type":"BreadcrumbList","@id":"https:\/\/positiveprints.com\/es\/producto\/mapa-de-nuestro-primer-beso\/#breadcrumb","itemListElement":[{"@type":"ListItem","position":1,"name":"CASA","item":"https:\/\/positiveprints.com\/es\/"},{"@type":"ListItem","position":2,"name":"Productos","item":"https:\/\/positiveprints.com\/es\/shop\/"},{"@type":"ListItem","position":3,"name":"Mapa de nuestro primer beso"}]},{"@type":"WebSite","@id":"https:\/\/positiveprints.com\/es\/#website","url":"https:\/\/positiveprints.com\/es\/","name":"Positive Prints","description":"Custom Gifts for Special Occasions","publisher":{"@id":"https:\/\/positiveprints.com\/es\/#organization"},"potentialAction":[{"@type":"SearchAction","target":{"@type":"EntryPoint","urlTemplate":"https:\/\/positiveprints.com\/es\/?s={search_term_string}"},"query-input":{"@type":"PropertyValueSpecification","valueRequired":true,"valueName":"search_term_string"}}],"inLanguage":"es"},{"@type":"Organization","@id":"https:\/\/positiveprints.com\/es\/#organization","name":"Positive Prints","alternateName":"Positive Prints ","url":"https:\/\/positiveprints.com\/es\/","logo":{"@type":"ImageObject","inLanguage":"es","@id":"https:\/\/positiveprints.com\/es\/#\/schema\/logo\/image\/","url":"https:\/\/positiveprints.com\/wp-content\/uploads\/2026\/03\/245815646_1337939713319158_5671353136411139666_n.png","contentUrl":"https:\/\/positiveprints.com\/wp-content\/uploads\/2026\/03\/245815646_1337939713319158_5671353136411139666_n.png","width":800,"height":800,"caption":"Positive Prints"},"image":{"@id":"https:\/\/positiveprints.com\/es\/#\/schema\/logo\/image\/"},"sameAs":["https:\/\/www.facebook.com\/positiveprintscom","https:\/\/www.instagram.com\/positiveprintscom\/","https:\/\/www.tiktok.com\/@positiveprintscom","https:\/\/www.pinterest.com\/positiveprintscom\/"]}]}},"jetpack_sharing_enabled":true,"_links":{"self":[{"href":"https:\/\/positiveprints.com\/es\/wp-json\/wp\/v2\/product\/642276","targetHints":{"allow":["GET"]}}],"collection":[{"href":"https:\/\/positiveprints.com\/es\/wp-json\/wp\/v2\/product"}],"about":[{"href":"https:\/\/positiveprints.com\/es\/wp-json\/wp\/v2\/types\/product"}],"wp:featuredmedia":[{"embeddable":true,"href":"https:\/\/positiveprints.com\/es\/wp-json\/wp\/v2\/media\/1461538"}],"wp:attachment":[{"href":"https:\/\/positiveprints.com\/es\/wp-json\/wp\/v2\/media?parent=642276"}],"wp:term":[{"taxonomy":"product_brand","embeddable":true,"href":"https:\/\/positiveprints.com\/es\/wp-json\/wp\/v2\/product_brand?post=642276"},{"taxonomy":"product_cat","embeddable":true,"href":"https:\/\/positiveprints.com\/es\/wp-json\/wp\/v2\/product_cat?post=642276"},{"taxonomy":"product_tag","embeddable":true,"href":"https:\/\/positiveprints.com\/es\/wp-json\/wp\/v2\/product_tag?post=642276"}],"curies":[{"name":"wp","href":"https:\/\/api.w.org\/{rel}","templated":true}]}}