{"id":642269,"date":"2021-07-31T20:02:05","date_gmt":"2021-07-31T19:02:05","guid":{"rendered":"https:\/\/positiveprints.com\/product\/where-it-all-began-map\/"},"modified":"2026-04-18T08:30:47","modified_gmt":"2026-04-18T07:30:47","slug":"donde-todo-empezo","status":"publish","type":"product","link":"https:\/\/positiveprints.com\/es\/producto\/donde-todo-empezo\/","title":{"rendered":"Donde todo empez\u00f3"},"content":{"rendered":"<p><span style=\"font-weight: 400;\">Piensa en el lugar donde conociste a esa persona especial; el momento en que comenz\u00f3 una de las mayores aventuras de tu vida y ni siquiera lo sab\u00edas. Ahora, convierte ese recuerdo en un momento inolvidable con un mapa del lugar donde todo empez\u00f3.<\/span><\/p>\n<h2><b>\u00bfQu\u00e9 es el mapa del lugar \u201cDonde todo empez\u00f3\u201d?<\/b><\/h2>\n<p><span style=\"font-weight: 400;\">Nuestro mapa donde todo empez\u00f3 se\u00f1ala la ubicaci\u00f3n exacta del lugar donde tu ser amado y t\u00fa os conocisteis . Nuestros mapas usan datos GPS para recrear una vista a\u00e9rea del lugar que selecciones , desde las calles de la ciudad de Bogot\u00e1 hasta su peque\u00f1a ciudad natal en M\u00e9xico.<\/span><\/p>\n<p><span style=\"font-weight: 400;\">Toda historia de amor tiene un comienzo. Puede ser inesperado, como un encuentro casual en un concierto o evento, o incluso planificado, como una primera cita o una cita a ciegas organizada por alg\u00fan amigo . El lugar donde todo comenz\u00f3 siempre tendr\u00e1 un significado importante en sus vidas, y un mapa personalizado les ayudar\u00e1 a recordar ese momento m\u00e1gico para siempre.\u00a0<\/span><\/p>\n<h2><b>Regalos para recordar donde todo empez\u00f3<\/b><\/h2>\n<p><span style=\"font-weight: 400;\">Nuestros maravillosos mapas \u201cDonde todo empez\u00f3\u201d son el regalo de aniversario ideal para cualquier pareja. Es un peque\u00f1o testimonio\u00a0 de la historia que est\u00e1n escribiendo juntos y es una manera de compartir esa historia con otros. De hecho , cada mapa es una obra de arte y est\u00e1 completamente personalizado para esa persona especial.<\/span><\/p>\n<p><span style=\"font-weight: 400;\">\u00a1Personaliza tu mapa con sufrase favorita, la letra de una canci\u00f3n u otros textos importantes para ellos , para que su creaci\u00f3n sea a\u00fan m\u00e1s \u00fanica!<\/span><\/p>\n<h2><b>Personaliza tu mapa del lugar \u201cDonde todo empez\u00f3\u201d<\/b><\/h2>\n<p><span style=\"font-weight: 400;\">Positive Prints te permite tomar el papel de dise\u00f1ador y crear mapas personalizados que podr\u00e1s regalar a esa persona especial o incluso mostrarlos en tu propia casa. En tres sencillos pasos, nuestro creador en l\u00ednea te permitir\u00e1 darle vida a tus ideas.<\/span><\/p>\n<p><span style=\"font-weight: 400;\">Comienza con un dise\u00f1o b\u00e1sico y selecciona los colores que m\u00e1s te gusten. Contamos con varias paletas de colores para que las calles del mapa destaquen y proporcionen suficiente contraste para obtener una imagen clara de ese lugar.<\/span><\/p>\n<p><span style=\"font-weight: 400;\">Luego, coloca los detalles de d\u00f3nde todo comenz\u00f3 para que tu mapa sea a\u00fan m\u00e1s especial. Selecciona el lugar, arrastra y haz zoom en el editor de mapas para incluir los detalles que t\u00fa quieras poner. Incluso puedes incluir un mensaje personal, como por ejemplo un dicho, una canci\u00f3n o incluso la fecha en que decidisteis ser m\u00e1s que amigos.<\/span><\/p>\n<p><span style=\"font-weight: 400;\">Por \u00faltimo, pero no menos importante, selecciona c\u00f3mo deseas recibir tu impresi\u00f3n. Puedes aprovechar nuestro env\u00edo, que se encarga de empaquetar y enviar tu mapa, o si lo deseas, puedes seleccionar un archivo de descarga digital para que puedas imprimirlo t\u00fa mismo . \u00a1Tambi\u00e9n contamos con mapas impresos sobre lienzo!<\/span><\/p>\n<h2><b>\u00a1Crea tu propio mapa del lugar donde todo empez\u00f3!<\/b><\/h2>\n<p><span style=\"font-weight: 400;\">El lugar donde todo empez\u00f3 siempre tendr\u00e1 un lugar especial en vuestros\u00a0 corazones. Deleita a la persona que amas capturando uno de vuestros\u00a0 momentos favoritos juntos de una manera que resista al\u00a0 paso del tiempo.<\/span><\/p>\n<p><span style=\"font-weight: 400;\">Atesora los recuerdos m\u00e1s preciados que has tenido con tu pareja con un mapa del lugar donde todo empez\u00f3. \u00a1Pide el tuyo hoy mismo!<\/span><\/p><h2 class=\"wp-block-heading\" id=\"h-preguntas-frecuentes\"><strong>Preguntas Frecuentes<\/strong><\/h2><details class=\"wp-block-details is-layout-flow wp-block-details-is-layout-flow\"><summary><strong>\u00bfQu\u00e9 es un Mapa &#8220;Donde Todo Empez\u00f3&#8221;?<\/strong><\/summary><p>Un Mapa &#8220;Donde Todo Empez\u00f3&#8221; es un mapa personalizado del lugar exacto donde comenz\u00f3 vuestra historia de amor. Espec\u00edficamente, utiliza datos GPS para recrear una vista a\u00e9rea del lugar que seleccionaste. Por lo tanto, , inmortaliza el momento m\u00e1gico donde todo empez\u00f3.\u200b<\/p><\/details><details class=\"wp-block-details is-layout-flow wp-block-details-is-layout-flow\"><summary><strong>\u00bfEs un mapa personalizado?<\/strong><\/summary><p>S\u00ed, cada mapa es completamente personalizado. De hecho, seleccionas la ubicaci\u00f3n exacta, arrastras y haces zoom en el editor. Adem\u00e1s, a\u00f1ades un mensaje personalizado, frases, letras de canciones o fechas importantes. De hecho la vista previa interactiva te permite perfeccionar\u00a0 cada detalle en tiempo real.\u200b<\/p><\/details><details class=\"wp-block-details is-layout-flow wp-block-details-is-layout-flow\"><summary><strong>\u00bfPor qu\u00e9 es el regalo perfecto para parejas?<\/strong><\/summary><p>Es el regalo perfecto porque celebra un momento \u00fanico que siempre tendr\u00e1 un significado especial. Espec\u00edficamente, es una prueba rom\u00e1ntica\u00a0 de la historia que est\u00e1n escribiendo juntos. Por lo tanto , es un recuerdo precioso que conservar\u00e1n para siempre.\u200b<\/p><\/details><details class=\"wp-block-details is-layout-flow wp-block-details-is-layout-flow\"><summary><strong>\u00bfC\u00f3mo crear mi Mapa &#8220;Donde Todo Empez\u00f3&#8221;?<\/strong><\/summary><p>Crear tu mapa se hace en tres pasos. En primer lugar , selecciona el dise\u00f1o b\u00e1sico y paleta de colores preferida. Luego, coloca los detalles, ubicaci\u00f3n exacta y mensaje personalizado. Finalmente, elige el formato de impresi\u00f3n o descarga digital.\u200b<\/p><\/details><details class=\"wp-block-details is-layout-flow wp-block-details-is-layout-flow\"><summary><strong>\u00bfPara qu\u00e9 ocasiones es perfecto este mapa?<\/strong><\/summary><p>Este mapa es perfecto para aniversarios, San Valent\u00edn, bodas o\u00a0 compromiso. Adem\u00e1s, es ideal para Navidad, cumplea\u00f1os o la inauguraci\u00f3n de un hogar. Tambi\u00e9n es genial para celebrar un momento especial en pareja.<\/p><\/details><details class=\"wp-block-details is-layout-flow wp-block-details-is-layout-flow\"><summary><strong>\u00bfEn cu\u00e1nto tiempo recibir\u00e9\u00a0mi mapa?<\/strong><\/summary><p>Para un regalo r\u00e1pido , elige nuestra descarga digital instant\u00e1nea, un archivo JPEG de alta resoluci\u00f3n 300 dpi que puedes imprimir t\u00fa mismo . Sin embargo, contamos con productos f\u00edsicos que imprimimos y enviamos localmente desde nuestros centros en Australia, Canad\u00e1, Estados Unidos, Reino Unido y Europa. Esto garantiza una entrega r\u00e1pida y confiable, normalmente\u00a0 en pocos d\u00edas.<\/p><\/details>","protected":false},"excerpt":{"rendered":"<ul class=\"check-list\">\n<li>Marca un lugar especial con el s\u00edmbolo de tu elecci\u00f3n<\/li>\n<li>Usa nuestro editor para personalizar tu dise\u00f1o en apenas tres pasos<\/li>\n<li>A\u00f1ade un mensaje personalizado para que\u00a0tu dise\u00f1o sea \u00fanico y especial<\/li>\n<li>Visualiza tu dise\u00f1o de forma r\u00e1pida usando la vista previa interactiva<\/li>\n<\/ul>\n","protected":false},"featured_media":1214168,"template":"","meta":[],"product_brand":[],"product_cat":[15850,9280,8189,8215,106,7195,5334,11592,11603,11593,11589,11594,11590,11591,11187,11188,11189,3128,11595,11596,11597,11598,11640,11641,11642,11643,11219,11220,3124,7933,5270,11455,11456,11452,11448,11462,11457,8012,7678,7646,7693,7789,7757,7805,3119,11249,11250],"product_tag":[14933,14945,14931,14937,14183,14939,14922,14929,14940,14187,11826,11821,11757,11825,11820,11771,14947,14943,14925,14927,14944,14946,14948,14942,14924],"class_list":{"0":"post-642269","1":"product","2":"type-product","3":"status-publish","4":"has-post-thumbnail","6":"product_cat-shop-bestsellers-es","7":"product_cat-bestsellers-label-es","8":"product_cat-para-ella","9":"product_cat-para-el","10":"product_cat-todos-los-productos","11":"product_cat-map-es","12":"product_cat-regalos-de-aniversario","13":"product_cat-10-aniversario","14":"product_cat-50-aniversario","15":"product_cat-15-aniversario","16":"product_cat-1-aniversario","17":"product_cat-20-aniversario","18":"product_cat-2-aniversario","19":"product_cat-5-aniversario","20":"product_cat-regalos-de-aniversario-para-pareja","21":"product_cat-regalos-de-aniversario-para-ella","22":"product_cat-regalos-de-aniversario-para-el","23":"product_cat-regalos-de-cumpleanos","24":"product_cat-18-cumpleanos","25":"product_cat-21-cumpleanos","26":"product_cat-30-cumpleanos","27":"product_cat-40-cumpleanos","28":"product_cat-50-cumpleanos","29":"product_cat-60-cumpleanos","30":"product_cat-70-cumpleanos","31":"product_cat-80-cumpleanos","32":"product_cat-regalos-de-cumpleanos-para-mujeres","33":"product_cat-regalos-de-cumpleanos-para-hombres","34":"product_cat-regalos-de-boda","35":"product_cat-regalos-para-despedidas-de-soltera","36":"product_cat-regalos-de-navidad","37":"product_cat-regalos-de-navidad-para-mujer","38":"product_cat-regalos-de-navidad-para-hombre","39":"product_cat-regalos-de-navidad-para-la-novia","40":"product_cat-regalos-de-navidad-para-el-novio","41":"product_cat-regalos-de-navidad-para-la-esposa","42":"product_cat-regalos-de-navidad-para-el-marido","43":"product_cat-regalos-para-hombres","44":"product_cat-regalos-para-mi-novio","45":"product_cat-regalos-para-mi-esposo","46":"product_cat-regalos-para-mujeres","47":"product_cat-regalos-para-mi-novia","48":"product_cat-regalos-para-mi-esposa","49":"product_cat-regalos-para-parejas","50":"product_cat-regalos-de-san-valentin","51":"product_cat-regalos-de-san-valentin-mujeres","52":"product_cat-regalos-de-san-valentin-hombres","53":"product_tag-anniversary-gift-es","54":"product_tag-anniversary-gifts-es","55":"product_tag-anniversary-present-es","56":"product_tag-couple-gift-es-2","57":"product_tag-couple-gift-anniversary-es","58":"product_tag-gift-for-couple-es","59":"product_tag-love-es","60":"product_tag-love-gift-es","61":"product_tag-personalized-gift-es","62":"product_tag-regalo-romantico-es","63":"product_tag-regalos-de-navidad-para-el","64":"product_tag-regalos-de-navidad-para-el-marido","65":"product_tag-regalos-de-navidad-para-el-novio","66":"product_tag-regalos-de-navidad-para-ella","67":"product_tag-regalos-de-navidad-para-la-esposa","68":"product_tag-regalos-de-navidad-para-la-novia","69":"product_tag-romantic-gifts-es","70":"product_tag-sentimental-gift-es","71":"product_tag-special-occasion-es-2","72":"product_tag-thoughtful-gift-es","73":"product_tag-unique-gift-es","74":"product_tag-valentines-day-gifts-es","75":"product_tag-valentines-day-es","76":"product_tag-valentines-day-gift-es","77":"product_tag-wedding-anniversary-es","79":"first","80":"instock","81":"sale","82":"taxable","83":"shipping-taxable","84":"purchasable","85":"product-type-variable"},"yoast_head":"<!-- This site is optimized with the Yoast SEO Premium plugin v27.2 (Yoast SEO v27.2) - https:\/\/yoast.com\/product\/yoast-seo-premium-wordpress\/ -->\n<title>Donde todo empez\u00f3 - Positive Prints<\/title>\n<meta name=\"description\" content=\"Nuestros maravillosos mapas Donde todo empez\u00f3 son el regalo de aniversario perfecto para cualquier pareja.\" \/>\n<meta name=\"robots\" content=\"index, follow, max-snippet:-1, max-image-preview:large, max-video-preview:-1\" \/>\n<link rel=\"canonical\" href=\"https:\/\/positiveprints.com\/es\/producto\/donde-todo-empezo\/\" \/>\n<meta property=\"og:locale\" content=\"es_ES\" \/>\n<meta property=\"og:type\" content=\"article\" \/>\n<meta property=\"og:title\" content=\"Donde todo empez\u00f3\" \/>\n<meta property=\"og:description\" content=\"Marca un lugar especial con el s\u00edmbolo de tu elecci\u00f3n         Usa nuestro editor para personalizar tu dise\u00f1o en apenas tres pasos         A\u00f1ade un mensaje personalizado para que\u00a0tu dise\u00f1o sea \u00fanico y especial         Visualiza tu dise\u00f1o de forma r\u00e1pida usando la vista previa interactiva\" \/>\n<meta property=\"og:url\" content=\"https:\/\/positiveprints.com\/es\/producto\/donde-todo-empezo\/\" \/>\n<meta property=\"og:site_name\" content=\"Positive Prints\" \/>\n<meta property=\"article:publisher\" content=\"https:\/\/www.facebook.com\/positiveprintscom\" \/>\n<meta property=\"article:modified_time\" content=\"2026-04-18T07:30:47+00:00\" \/>\n<meta property=\"og:image\" content=\"https:\/\/positiveprints.com\/wp-content\/uploads\/2024\/10\/Packshot_ES_where-it-all-began-map-product-image.webp\" \/>\n\t<meta property=\"og:image:width\" content=\"1450\" \/>\n\t<meta property=\"og:image:height\" content=\"1450\" \/>\n\t<meta property=\"og:image:type\" content=\"image\/webp\" \/>\n<meta name=\"twitter:card\" content=\"summary_large_image\" \/>\n<meta name=\"twitter:label1\" content=\"Tiempo de lectura\" \/>\n\t<meta name=\"twitter:data1\" content=\"4 minutos\" \/>\n<!-- \/ Yoast SEO Premium plugin. -->","yoast_head_json":{"title":"Donde todo empez\u00f3 - Positive Prints","description":"Nuestros maravillosos mapas Donde todo empez\u00f3 son el regalo de aniversario perfecto para cualquier pareja.","robots":{"index":"index","follow":"follow","max-snippet":"max-snippet:-1","max-image-preview":"max-image-preview:large","max-video-preview":"max-video-preview:-1"},"canonical":"https:\/\/positiveprints.com\/es\/producto\/donde-todo-empezo\/","og_locale":"es_ES","og_type":"article","og_title":"Donde todo empez\u00f3","og_description":"Marca un lugar especial con el s\u00edmbolo de tu elecci\u00f3n         Usa nuestro editor para personalizar tu dise\u00f1o en apenas tres pasos         A\u00f1ade un mensaje personalizado para que\u00a0tu dise\u00f1o sea \u00fanico y especial         Visualiza tu dise\u00f1o de forma r\u00e1pida usando la vista previa interactiva","og_url":"https:\/\/positiveprints.com\/es\/producto\/donde-todo-empezo\/","og_site_name":"Positive Prints","article_publisher":"https:\/\/www.facebook.com\/positiveprintscom","article_modified_time":"2026-04-18T07:30:47+00:00","og_image":[{"width":1450,"height":1450,"url":"https:\/\/positiveprints.com\/wp-content\/uploads\/2024\/10\/Packshot_ES_where-it-all-began-map-product-image.webp","type":"image\/webp"}],"twitter_card":"summary_large_image","twitter_misc":{"Tiempo de lectura":"4 minutos"},"schema":{"@context":"https:\/\/schema.org","@graph":[{"@type":["WebPage","ItemPage"],"@id":"https:\/\/positiveprints.com\/es\/producto\/donde-todo-empezo\/","url":"https:\/\/positiveprints.com\/es\/producto\/donde-todo-empezo\/","name":"Donde todo empez\u00f3 - Positive Prints","isPartOf":{"@id":"https:\/\/positiveprints.com\/es\/#website"},"primaryImageOfPage":{"@id":"https:\/\/positiveprints.com\/es\/producto\/donde-todo-empezo\/#primaryimage"},"image":{"@id":"https:\/\/positiveprints.com\/es\/producto\/donde-todo-empezo\/#primaryimage"},"thumbnailUrl":"https:\/\/positiveprints.com\/wp-content\/uploads\/2024\/10\/Packshot_ES_where-it-all-began-map-product-image.webp","datePublished":"2021-07-31T19:02:05+00:00","dateModified":"2026-04-18T07:30:47+00:00","description":"Nuestros maravillosos mapas Donde todo empez\u00f3 son el regalo de aniversario perfecto para cualquier pareja.","breadcrumb":{"@id":"https:\/\/positiveprints.com\/es\/producto\/donde-todo-empezo\/#breadcrumb"},"inLanguage":"es","potentialAction":[{"@type":"ReadAction","target":["https:\/\/positiveprints.com\/es\/producto\/donde-todo-empezo\/"]}]},{"@type":"ImageObject","inLanguage":"es","@id":"https:\/\/positiveprints.com\/es\/producto\/donde-todo-empezo\/#primaryimage","url":"https:\/\/positiveprints.com\/wp-content\/uploads\/2024\/10\/Packshot_ES_where-it-all-began-map-product-image.webp","contentUrl":"https:\/\/positiveprints.com\/wp-content\/uploads\/2024\/10\/Packshot_ES_where-it-all-began-map-product-image.webp","width":1450,"height":1450},{"@type":"BreadcrumbList","@id":"https:\/\/positiveprints.com\/es\/producto\/donde-todo-empezo\/#breadcrumb","itemListElement":[{"@type":"ListItem","position":1,"name":"CASA","item":"https:\/\/positiveprints.com\/es\/"},{"@type":"ListItem","position":2,"name":"Productos","item":"https:\/\/positiveprints.com\/es\/shop\/"},{"@type":"ListItem","position":3,"name":"Donde todo empez\u00f3"}]},{"@type":"WebSite","@id":"https:\/\/positiveprints.com\/es\/#website","url":"https:\/\/positiveprints.com\/es\/","name":"Positive Prints","description":"Custom Gifts for Special Occasions","publisher":{"@id":"https:\/\/positiveprints.com\/es\/#organization"},"potentialAction":[{"@type":"SearchAction","target":{"@type":"EntryPoint","urlTemplate":"https:\/\/positiveprints.com\/es\/?s={search_term_string}"},"query-input":{"@type":"PropertyValueSpecification","valueRequired":true,"valueName":"search_term_string"}}],"inLanguage":"es"},{"@type":"Organization","@id":"https:\/\/positiveprints.com\/es\/#organization","name":"Positive Prints","alternateName":"Positive Prints","url":"https:\/\/positiveprints.com\/es\/","logo":{"@type":"ImageObject","inLanguage":"es","@id":"https:\/\/positiveprints.com\/es\/#\/schema\/logo\/image\/","url":"https:\/\/positiveprints.com\/wp-content\/uploads\/2026\/03\/245815646_1337939713319158_5671353136411139666_n.png","contentUrl":"https:\/\/positiveprints.com\/wp-content\/uploads\/2026\/03\/245815646_1337939713319158_5671353136411139666_n.png","width":800,"height":800,"caption":"Positive Prints"},"image":{"@id":"https:\/\/positiveprints.com\/es\/#\/schema\/logo\/image\/"},"sameAs":["https:\/\/www.facebook.com\/positiveprintscom","https:\/\/www.instagram.com\/positiveprintscom\/","https:\/\/www.tiktok.com\/@positiveprintscom","https:\/\/www.pinterest.com\/positiveprintscom\/"]}]}},"jetpack_sharing_enabled":true,"_links":{"self":[{"href":"https:\/\/positiveprints.com\/es\/wp-json\/wp\/v2\/product\/642269","targetHints":{"allow":["GET"]}}],"collection":[{"href":"https:\/\/positiveprints.com\/es\/wp-json\/wp\/v2\/product"}],"about":[{"href":"https:\/\/positiveprints.com\/es\/wp-json\/wp\/v2\/types\/product"}],"wp:featuredmedia":[{"embeddable":true,"href":"https:\/\/positiveprints.com\/es\/wp-json\/wp\/v2\/media\/1214168"}],"wp:attachment":[{"href":"https:\/\/positiveprints.com\/es\/wp-json\/wp\/v2\/media?parent=642269"}],"wp:term":[{"taxonomy":"product_brand","embeddable":true,"href":"https:\/\/positiveprints.com\/es\/wp-json\/wp\/v2\/product_brand?post=642269"},{"taxonomy":"product_cat","embeddable":true,"href":"https:\/\/positiveprints.com\/es\/wp-json\/wp\/v2\/product_cat?post=642269"},{"taxonomy":"product_tag","embeddable":true,"href":"https:\/\/positiveprints.com\/es\/wp-json\/wp\/v2\/product_tag?post=642269"}],"curies":[{"name":"wp","href":"https:\/\/api.w.org\/{rel}","templated":true}]}}