{"id":642259,"date":"2021-08-13T10:12:42","date_gmt":"2021-08-13T09:12:42","guid":{"rendered":"https:\/\/positiveprints.com\/product\/our-first-date-map\/"},"modified":"2026-04-18T08:23:04","modified_gmt":"2026-04-18T07:23:04","slug":"mapa-de-nuestra-primera-cita","status":"publish","type":"product","link":"https:\/\/positiveprints.com\/es\/producto\/mapa-de-nuestra-primera-cita\/","title":{"rendered":"Mapa de nuestra primera cita"},"content":{"rendered":"<p>Toda historia de amor comienza con una primera cita. Puede ser planeada o puede ser un momento inesperado. No importa c\u00f3mo sucedi\u00f3, el mapa de nuestra primera cita les permitir\u00e1 recordar el lugar donde todo comenz\u00f3.<\/p>\r\n\r\n<h2 class=\"grenB f24 cblue\" style=\"margin-top: 3rem\">\u00bfQu\u00e9 es el mapa de nuestra primera cita?<\/h2>\r\n\r\n<p style=\"margin-top: 1rem\">Cada paso y decisi\u00f3n que ustedes como pareja han dado en la vida los llev\u00f3 a encontrarse. El mapa de nuestra primera cita muestra un pedacito de donde ocurri\u00f3 la magia y el momento en que comenzaron ese viaje juntos.<\/p>\r\n\r\n<p style=\"margin-top: 1rem\">Quiz\u00e1s un amigo los present\u00f3 y planearon reunirse para tomar un caf\u00e9, cenar o dar un paseo por el parque. O tal vez el destino decidi\u00f3 poner cartas en el asunto y los puso en el lugar correcto, en el momento adecuado para que se encontraran. Independientemente de c\u00f3mo recuerden su primera cita, todos sus recuerdos ser\u00e1n atesorados en una hermosa obra de arte.<\/p>\r\n\r\n<h2 class=\"grenB f24 cblue\" style=\"margin-top: 3rem\">Regalos para compromisos y bodas<\/h2>\r\n\r\n<p style=\"margin-top: 1rem\">El \u201cmapa de nuestra primera cita\u201d es uno de los regalos de aniversario m\u00e1s populares. Muestra un mapa en forma de coraz\u00f3n con la ubicaci\u00f3n exacta donde fue su primera cita. Muchos de nuestros clientes en Positive Prints eligen regalar este mapa a su prometido o prometida el d\u00eda de su boda, aniversario o fiesta de compromiso. Es una manera dulce y considerada de recordar uno de los primeros recuerdos que compartieron juntos.<\/p>\r\n\r\n<p style=\"margin-top: 1rem\">Y aunque el regalo puede ser para alguien especial en tu vida, \u00a1es un regalo que tambi\u00e9n puedes disfrutar! Cuelga tu hermoso mapa personalizado en su nido de amor para que siempre puedan recordar el momento en que su amor comenz\u00f3 a construirse.<\/p>\r\n\r\n<p style=\"margin-top: 1rem\">Para completar el dise\u00f1o de tu mapa, agrega un mensaje personalizado que le d\u00e9 vida a ese momento especial. Puede ser la fecha y hora de su primera cita, detalles sobre ese lugar en particular, la pel\u00edcula o el concierto que vieron juntos, o incluso una frase o la letra de una canci\u00f3n. \u00a1Las posibilidades son infinitas!<\/p>\r\n\r\n<h2 class=\"grenB f24 cblue\" style=\"margin-top: 3rem\">C\u00f3mo personalizar el \u201cmapa de nuestra primera cita\u201d<\/h2>\r\n\r\n<p style=\"margin-top: 1rem\">Positive Prints te ayudar\u00e1 cuando quieras darle una obra de arte a esa persona especial, que sin duda la atesorar\u00e1 de por vida. Nuestro creador de mapas utiliza tecnolog\u00eda GPS de \u00faltima generaci\u00f3n para crear un mapa muy detallado y preciso del lugar donde se conocieron.<\/p>\r\n\r\n<p style=\"margin-top: 1rem\">Comienza eligiendo tu dise\u00f1o. Nuestros mapas personalizados pueden tener formas redondas, cuadradas o de coraz\u00f3n para que puedas expresar tus sentimientos de la mejor manera. Elige una de nuestras paletas de colores o crea la tuya para que coincida con el estilo de ambos.<\/p>\r\n\r\n<p style=\"margin-top: 1rem\">Personal\u00edzalo a\u00fan m\u00e1s seleccionando la ubicaci\u00f3n de su primera cita y colocando un pin en forma de coraz\u00f3n. Incluso puedes incluir un mensaje personalizado para resaltar la importancia del mapa.<\/p>\r\n\r\n<p style=\"margin-top: 1rem\">Por \u00faltimo, pero no menos importante, puedes seleccionar la forma en la que quieres recibir tu mapa: en forma impresa, en descarga digital para que puedas imprimirlo de forma local, en una impresi\u00f3n sobre lienzo o como p\u00f3ster enmarcado. \u00a1T\u00fa eliges!<\/p>\r\n\r\n<h2 class=\"grenB f24 cblue\" style=\"margin-top: 3rem\">Para que nunca olvides la primera cita<\/h2>\r\n\r\n<p style=\"margin-top: 1rem\">Recuerda tu primera cita con mucho cari\u00f1o. \u00a1Comienza a crear el \u201cmapa personalizado de nuestra primera cita\u201d hoy mismo!<\/p>","protected":false},"excerpt":{"rendered":"<ul class=\"check-list\">\n<li>Marca un lugar especial con el s\u00edmbolo de tu elecci\u00f3n<\/li>\n<li>Personal\u00edzalo en tres sencillos pasos<\/li>\n<li>Incluye un texto personalizado<\/li>\n<li>Ve el resultado de inmediato: la vista previa interactiva te permite perfeccionar cada detalle<\/li>\n<\/ul>\n","protected":false},"featured_media":1213704,"template":"","meta":[],"product_brand":[],"product_cat":[7195],"product_tag":[14923],"class_list":{"0":"post-642259","1":"product","2":"type-product","3":"status-publish","4":"has-post-thumbnail","6":"product_cat-map-es","7":"product_tag-anniversary-es","9":"first","10":"instock","11":"sale","12":"taxable","13":"shipping-taxable","14":"purchasable","15":"product-type-variable"},"yoast_head":"<!-- This site is optimized with the Yoast SEO Premium plugin v27.2 (Yoast SEO v27.2) - https:\/\/yoast.com\/product\/yoast-seo-premium-wordpress\/ -->\n<title>Mapa de nuestra primera cita - Positive Prints<\/title>\n<meta name=\"description\" content=\"Celebra el lugar donde comenz\u00f3 vuestra historia de amor con nuestro Mapa de Nuestra Primera Cita con Foto.\" \/>\n<meta name=\"robots\" content=\"index, follow, max-snippet:-1, max-image-preview:large, max-video-preview:-1\" \/>\n<link rel=\"canonical\" href=\"https:\/\/positiveprints.com\/es\/producto\/mapa-de-nuestra-primera-cita\/\" \/>\n<meta property=\"og:locale\" content=\"es_ES\" \/>\n<meta property=\"og:type\" content=\"article\" \/>\n<meta property=\"og:title\" content=\"Mapa de nuestra primera cita\" \/>\n<meta property=\"og:description\" content=\"Marca un lugar especial con el s\u00edmbolo de tu elecci\u00f3n  Personal\u00edzalo en tres sencillos pasos  Incluye un texto personalizado  Ve el resultado de inmediato: la vista previa interactiva te permite perfeccionar cada detalle\" \/>\n<meta property=\"og:url\" content=\"https:\/\/positiveprints.com\/es\/producto\/mapa-de-nuestra-primera-cita\/\" \/>\n<meta property=\"og:site_name\" content=\"Positive Prints\" \/>\n<meta property=\"article:publisher\" content=\"https:\/\/www.facebook.com\/positiveprintscom\" \/>\n<meta property=\"article:modified_time\" content=\"2026-04-18T07:23:04+00:00\" \/>\n<meta property=\"og:image\" content=\"https:\/\/positiveprints.com\/wp-content\/uploads\/2024\/10\/Packshot_ES_our-first-date-map-product-image.webp\" \/>\n\t<meta property=\"og:image:width\" content=\"1450\" \/>\n\t<meta property=\"og:image:height\" content=\"1450\" \/>\n\t<meta property=\"og:image:type\" content=\"image\/webp\" \/>\n<meta name=\"twitter:card\" content=\"summary_large_image\" \/>\n<meta name=\"twitter:label1\" content=\"Tiempo de lectura\" \/>\n\t<meta name=\"twitter:data1\" content=\"3 minutos\" \/>\n<!-- \/ Yoast SEO Premium plugin. -->","yoast_head_json":{"title":"Mapa de nuestra primera cita - Positive Prints","description":"Celebra el lugar donde comenz\u00f3 vuestra historia de amor con nuestro Mapa de Nuestra Primera Cita con Foto.","robots":{"index":"index","follow":"follow","max-snippet":"max-snippet:-1","max-image-preview":"max-image-preview:large","max-video-preview":"max-video-preview:-1"},"canonical":"https:\/\/positiveprints.com\/es\/producto\/mapa-de-nuestra-primera-cita\/","og_locale":"es_ES","og_type":"article","og_title":"Mapa de nuestra primera cita","og_description":"Marca un lugar especial con el s\u00edmbolo de tu elecci\u00f3n  Personal\u00edzalo en tres sencillos pasos  Incluye un texto personalizado  Ve el resultado de inmediato: la vista previa interactiva te permite perfeccionar cada detalle","og_url":"https:\/\/positiveprints.com\/es\/producto\/mapa-de-nuestra-primera-cita\/","og_site_name":"Positive Prints","article_publisher":"https:\/\/www.facebook.com\/positiveprintscom","article_modified_time":"2026-04-18T07:23:04+00:00","og_image":[{"width":1450,"height":1450,"url":"https:\/\/positiveprints.com\/wp-content\/uploads\/2024\/10\/Packshot_ES_our-first-date-map-product-image.webp","type":"image\/webp"}],"twitter_card":"summary_large_image","twitter_misc":{"Tiempo de lectura":"3 minutos"},"schema":{"@context":"https:\/\/schema.org","@graph":[{"@type":["WebPage","ItemPage"],"@id":"https:\/\/positiveprints.com\/es\/producto\/mapa-de-nuestra-primera-cita\/","url":"https:\/\/positiveprints.com\/es\/producto\/mapa-de-nuestra-primera-cita\/","name":"Mapa de nuestra primera cita - Positive Prints","isPartOf":{"@id":"https:\/\/positiveprints.com\/es\/#website"},"primaryImageOfPage":{"@id":"https:\/\/positiveprints.com\/es\/producto\/mapa-de-nuestra-primera-cita\/#primaryimage"},"image":{"@id":"https:\/\/positiveprints.com\/es\/producto\/mapa-de-nuestra-primera-cita\/#primaryimage"},"thumbnailUrl":"https:\/\/positiveprints.com\/wp-content\/uploads\/2024\/10\/Packshot_ES_our-first-date-map-product-image.webp","datePublished":"2021-08-13T09:12:42+00:00","dateModified":"2026-04-18T07:23:04+00:00","description":"Celebra el lugar donde comenz\u00f3 vuestra historia de amor con nuestro Mapa de Nuestra Primera Cita con Foto.","breadcrumb":{"@id":"https:\/\/positiveprints.com\/es\/producto\/mapa-de-nuestra-primera-cita\/#breadcrumb"},"inLanguage":"es","potentialAction":[{"@type":"ReadAction","target":["https:\/\/positiveprints.com\/es\/producto\/mapa-de-nuestra-primera-cita\/"]}]},{"@type":"ImageObject","inLanguage":"es","@id":"https:\/\/positiveprints.com\/es\/producto\/mapa-de-nuestra-primera-cita\/#primaryimage","url":"https:\/\/positiveprints.com\/wp-content\/uploads\/2024\/10\/Packshot_ES_our-first-date-map-product-image.webp","contentUrl":"https:\/\/positiveprints.com\/wp-content\/uploads\/2024\/10\/Packshot_ES_our-first-date-map-product-image.webp","width":1450,"height":1450},{"@type":"BreadcrumbList","@id":"https:\/\/positiveprints.com\/es\/producto\/mapa-de-nuestra-primera-cita\/#breadcrumb","itemListElement":[{"@type":"ListItem","position":1,"name":"CASA","item":"https:\/\/positiveprints.com\/es\/"},{"@type":"ListItem","position":2,"name":"Productos","item":"https:\/\/positiveprints.com\/es\/shop\/"},{"@type":"ListItem","position":3,"name":"Mapa de nuestra primera cita"}]},{"@type":"WebSite","@id":"https:\/\/positiveprints.com\/es\/#website","url":"https:\/\/positiveprints.com\/es\/","name":"Positive Prints","description":"Custom Gifts for Special Occasions","publisher":{"@id":"https:\/\/positiveprints.com\/es\/#organization"},"potentialAction":[{"@type":"SearchAction","target":{"@type":"EntryPoint","urlTemplate":"https:\/\/positiveprints.com\/es\/?s={search_term_string}"},"query-input":{"@type":"PropertyValueSpecification","valueRequired":true,"valueName":"search_term_string"}}],"inLanguage":"es"},{"@type":"Organization","@id":"https:\/\/positiveprints.com\/es\/#organization","name":"Positive Prints","alternateName":"Positive Prints","url":"https:\/\/positiveprints.com\/es\/","logo":{"@type":"ImageObject","inLanguage":"es","@id":"https:\/\/positiveprints.com\/es\/#\/schema\/logo\/image\/","url":"https:\/\/positiveprints.com\/wp-content\/uploads\/2026\/03\/245815646_1337939713319158_5671353136411139666_n.png","contentUrl":"https:\/\/positiveprints.com\/wp-content\/uploads\/2026\/03\/245815646_1337939713319158_5671353136411139666_n.png","width":800,"height":800,"caption":"Positive Prints"},"image":{"@id":"https:\/\/positiveprints.com\/es\/#\/schema\/logo\/image\/"},"sameAs":["https:\/\/www.facebook.com\/positiveprintscom","https:\/\/www.instagram.com\/positiveprintscom\/","https:\/\/www.tiktok.com\/@positiveprintscom","https:\/\/www.pinterest.com\/positiveprintscom\/"]}]}},"jetpack_sharing_enabled":true,"_links":{"self":[{"href":"https:\/\/positiveprints.com\/es\/wp-json\/wp\/v2\/product\/642259","targetHints":{"allow":["GET"]}}],"collection":[{"href":"https:\/\/positiveprints.com\/es\/wp-json\/wp\/v2\/product"}],"about":[{"href":"https:\/\/positiveprints.com\/es\/wp-json\/wp\/v2\/types\/product"}],"wp:featuredmedia":[{"embeddable":true,"href":"https:\/\/positiveprints.com\/es\/wp-json\/wp\/v2\/media\/1213704"}],"wp:attachment":[{"href":"https:\/\/positiveprints.com\/es\/wp-json\/wp\/v2\/media?parent=642259"}],"wp:term":[{"taxonomy":"product_brand","embeddable":true,"href":"https:\/\/positiveprints.com\/es\/wp-json\/wp\/v2\/product_brand?post=642259"},{"taxonomy":"product_cat","embeddable":true,"href":"https:\/\/positiveprints.com\/es\/wp-json\/wp\/v2\/product_cat?post=642259"},{"taxonomy":"product_tag","embeddable":true,"href":"https:\/\/positiveprints.com\/es\/wp-json\/wp\/v2\/product_tag?post=642259"}],"curies":[{"name":"wp","href":"https:\/\/api.w.org\/{rel}","templated":true}]}}