{"id":628223,"date":"2023-06-28T13:16:56","date_gmt":"2023-06-28T12:16:56","guid":{"rendered":"https:\/\/positiveprints.com\/?post_type=product&#038;p=628223"},"modified":"2026-04-12T22:00:32","modified_gmt":"2026-04-12T21:00:32","slug":"arte-zodiacal-de-capricornio","status":"publish","type":"product","link":"https:\/\/positiveprints.com\/es\/producto\/arte-zodiacal-de-capricornio\/","title":{"rendered":"Arte zodiacal de Capricornio"},"content":{"rendered":"<h2 class=\"grenB f24 cblue\" style=\"margin-top: 3rem\">Regala una obra de arte para tu Capricornio favorito<\/h2>\r\n\r\n<p style=\"margin-top: 1rem\">\u00bfEst\u00e1s buscando un regalo que haga su d\u00eda a\u00fan m\u00e1s especial? \u00a1No busques m\u00e1s y elige el incre\u00edble arte zodiacal de Capricornio! Es el regalo perfecto para aquellas personas cautivadas por las maravillas de los signos del zod\u00edaco y la astrolog\u00eda. Ya sea un cumplea\u00f1os, un d\u00eda especial o solo porque s\u00ed, el arte zodiacal de Capricornio har\u00e1 su d\u00eda a\u00fan m\u00e1s especial.<\/p>\r\n<p style=\"margin-top: 1rem\">Capricornio es el signo zodiacal que representa a las almas nacidas entre el 22 de diciembre y el 19 de enero. Dentro de su esencia misma cuentan con rasgos de personalidad \u00fanicos. Los Capricornio son famosos por su inquebrantable ambici\u00f3n y su implacable determinaci\u00f3n. Poseen una gran \u00e9tica de trabajo y siempre luchan por el \u00e9xito. La responsabilidad y la fiabilidad son virtudes que aprecian y gu\u00edan cada uno de sus pasos. La practicidad y un talento innato para la planificaci\u00f3n meticulosa adornan sus esfuerzos. Sin duda, el arte zodiacal de Capricornio es el mejor regalo para ellos.<\/p>\r\n\r\n<h2 class=\"grenB f24 cblue\" style=\"margin-top: 3rem\">Personaliza tu obra de arte zodiacal de Capricornio<\/h2>\r\n\r\n<p style=\"margin-top: 1rem\">Crear tu propio arte zodiacal de Capricornio es f\u00e1cil y divertido. Nuestro editor en l\u00ednea te permitir\u00e1 personalizar tu obra de arte en cuesti\u00f3n de minutos. Selecciona el estilo o dise\u00f1o que m\u00e1s te llame la atenci\u00f3n. Envuelve la obra de arte con una fascinante representaci\u00f3n del signo zodiacal de Capricornio o su et\u00e9rea constelaci\u00f3n. Da rienda suelta a tu imaginaci\u00f3n, armonizando colores u optando por paletas de colores predise\u00f1adas. Agr\u00e9gale un texto personalizado para hacerlo a\u00fan m\u00e1s especial o escribe datos interesantes sobre Capricornio, como informaci\u00f3n sobre la piedra de nacimiento o su planeta regente.<\/p>\r\n\r\n<p style=\"margin-top: 1rem\">Cuando llegue el momento de terminar tu pedido, tendr\u00e1s varias opciones. Elige entre un p\u00f3ster impreso o enmarcado, un lienzo de alta calidad o incluso una descarga digital instant\u00e1nea para imprimirlo de forma local. \u00a1La decisi\u00f3n es completamente tuya!<\/p>\r\n\r\n<h2 class=\"grenB f24 cblue\" style=\"margin-top: 3rem\">Haz una buena impresi\u00f3n con un regalo personalizado<\/h2>\r\n\r\n<p style=\"margin-top: 1rem\">El arte zodiacal de Capricornio es un regalo \u00fanico y significativo que le demuestra a esa persona cu\u00e1nto significa para ti. No es un detalle que puedas encontrar en una tienda de regalos y eso lo hace a\u00fan m\u00e1s especial. El toque personalizado y la conexi\u00f3n con su signo zodiacal le traer\u00e1n felicidad. Ellos aprecian la ambici\u00f3n, la confiabilidad y la planificaci\u00f3n, por lo que el arte zodiacal de Capricornio sin duda resonar\u00e1 con su esp\u00edritu. Es un regalo que ser\u00e1 apreciado y exhibido con orgullo, ya sea en su hogar u oficina. \u00a1No esperes m\u00e1s! Comienza a crear tu propio arte zodiacal de Capricornio y trae felicidad a esas personas especiales.<\/p>","protected":false},"excerpt":{"rendered":"<ul class=\"check-list\">\n<li>Si\u00e9ntete orgulloso de Capricornio con este incre\u00edble p\u00f3ster, que muestra el s\u00edmbolo, el elemento y los rasgos de su signo zodiacal.<\/li>\n<li>Conoce las cualidades que hacen que tu signo zodiacal sea especial<\/li>\n<li>Elige una plantilla o explota tu creatividad<\/li>\n<li>Escribe un texto personalizado<\/li>\n<li>Previsualiza tu dise\u00f1o en todo momento<\/li>\n<\/ul>\n","protected":false},"featured_media":653224,"template":"","meta":[],"product_brand":[],"product_cat":[9015,106],"product_tag":[9136],"class_list":{"0":"post-628223","1":"product","2":"type-product","3":"status-publish","4":"has-post-thumbnail","6":"product_cat-zodiac-es","7":"product_cat-todos-los-productos","8":"product_tag-zodiac-es","10":"first","11":"instock","12":"sale","13":"taxable","14":"shipping-taxable","15":"purchasable","16":"product-type-variable"},"yoast_head":"<!-- This site is optimized with the Yoast SEO Premium plugin v27.2 (Yoast SEO v27.2) - https:\/\/yoast.com\/product\/yoast-seo-premium-wordpress\/ -->\n<title>Arte zodiacal de Capricornio - Positive Prints<\/title>\n<meta name=\"description\" content=\"Descubre la belleza del arte zodiacal de Capricornio: un regalo \u00fanico para los Capricornio. Celebra su ambici\u00f3n y tr\u00e1eles alegr\u00eda con esta gran obra maestra.\" \/>\n<meta name=\"robots\" content=\"index, follow, max-snippet:-1, max-image-preview:large, max-video-preview:-1\" \/>\n<link rel=\"canonical\" href=\"https:\/\/positiveprints.com\/es\/producto\/arte-zodiacal-de-capricornio\/\" \/>\n<meta property=\"og:locale\" content=\"es_ES\" \/>\n<meta property=\"og:type\" content=\"article\" \/>\n<meta property=\"og:title\" content=\"Arte zodiacal de Capricornio\" \/>\n<meta property=\"og:description\" content=\"Si\u00e9ntete orgulloso de Capricornio con este incre\u00edble p\u00f3ster, que muestra el s\u00edmbolo, el elemento y los rasgos de su signo zodiacal. Conoce las cualidades que hacen que tu signo zodiacal sea especial Elige una plantilla o explota tu creatividad Escribe un texto personalizado Previsualiza tu dise\u00f1o en todo momento\" \/>\n<meta property=\"og:url\" content=\"https:\/\/positiveprints.com\/es\/producto\/arte-zodiacal-de-capricornio\/\" \/>\n<meta property=\"og:site_name\" content=\"Positive Prints\" \/>\n<meta property=\"article:publisher\" content=\"https:\/\/www.facebook.com\/positiveprintscom\" \/>\n<meta property=\"article:modified_time\" content=\"2026-04-12T21:00:32+00:00\" \/>\n<meta property=\"og:image\" content=\"https:\/\/positiveprints.com\/wp-content\/uploads\/2023\/08\/Capricorn-Zodiac-Art.jpg\" \/>\n\t<meta property=\"og:image:width\" content=\"1080\" \/>\n\t<meta property=\"og:image:height\" content=\"1080\" \/>\n\t<meta property=\"og:image:type\" content=\"image\/jpeg\" \/>\n<meta name=\"twitter:card\" content=\"summary_large_image\" \/>\n<!-- \/ Yoast SEO Premium plugin. -->","yoast_head_json":{"title":"Arte zodiacal de Capricornio - Positive Prints","description":"Descubre la belleza del arte zodiacal de Capricornio: un regalo \u00fanico para los Capricornio. Celebra su ambici\u00f3n y tr\u00e1eles alegr\u00eda con esta gran obra maestra.","robots":{"index":"index","follow":"follow","max-snippet":"max-snippet:-1","max-image-preview":"max-image-preview:large","max-video-preview":"max-video-preview:-1"},"canonical":"https:\/\/positiveprints.com\/es\/producto\/arte-zodiacal-de-capricornio\/","og_locale":"es_ES","og_type":"article","og_title":"Arte zodiacal de Capricornio","og_description":"Si\u00e9ntete orgulloso de Capricornio con este incre\u00edble p\u00f3ster, que muestra el s\u00edmbolo, el elemento y los rasgos de su signo zodiacal. Conoce las cualidades que hacen que tu signo zodiacal sea especial Elige una plantilla o explota tu creatividad Escribe un texto personalizado Previsualiza tu dise\u00f1o en todo momento","og_url":"https:\/\/positiveprints.com\/es\/producto\/arte-zodiacal-de-capricornio\/","og_site_name":"Positive Prints","article_publisher":"https:\/\/www.facebook.com\/positiveprintscom","article_modified_time":"2026-04-12T21:00:32+00:00","og_image":[{"width":1080,"height":1080,"url":"https:\/\/positiveprints.com\/wp-content\/uploads\/2023\/08\/Capricorn-Zodiac-Art.jpg","type":"image\/jpeg"}],"twitter_card":"summary_large_image","schema":{"@context":"https:\/\/schema.org","@graph":[{"@type":["WebPage","ItemPage"],"@id":"https:\/\/positiveprints.com\/es\/producto\/arte-zodiacal-de-capricornio\/","url":"https:\/\/positiveprints.com\/es\/producto\/arte-zodiacal-de-capricornio\/","name":"Arte zodiacal de Capricornio - Positive Prints","isPartOf":{"@id":"https:\/\/positiveprints.com\/es\/#website"},"primaryImageOfPage":{"@id":"https:\/\/positiveprints.com\/es\/producto\/arte-zodiacal-de-capricornio\/#primaryimage"},"image":{"@id":"https:\/\/positiveprints.com\/es\/producto\/arte-zodiacal-de-capricornio\/#primaryimage"},"thumbnailUrl":"https:\/\/positiveprints.com\/wp-content\/uploads\/2023\/08\/Capricorn-Zodiac-Art.jpg","datePublished":"2023-06-28T12:16:56+00:00","dateModified":"2026-04-12T21:00:32+00:00","description":"Descubre la belleza del arte zodiacal de Capricornio: un regalo \u00fanico para los Capricornio. Celebra su ambici\u00f3n y tr\u00e1eles alegr\u00eda con esta gran obra maestra.","breadcrumb":{"@id":"https:\/\/positiveprints.com\/es\/producto\/arte-zodiacal-de-capricornio\/#breadcrumb"},"inLanguage":"es","potentialAction":[{"@type":"ReadAction","target":["https:\/\/positiveprints.com\/es\/producto\/arte-zodiacal-de-capricornio\/"]}]},{"@type":"ImageObject","inLanguage":"es","@id":"https:\/\/positiveprints.com\/es\/producto\/arte-zodiacal-de-capricornio\/#primaryimage","url":"https:\/\/positiveprints.com\/wp-content\/uploads\/2023\/08\/Capricorn-Zodiac-Art.jpg","contentUrl":"https:\/\/positiveprints.com\/wp-content\/uploads\/2023\/08\/Capricorn-Zodiac-Art.jpg","width":1080,"height":1080,"caption":"Capricorn Zodiac Art"},{"@type":"BreadcrumbList","@id":"https:\/\/positiveprints.com\/es\/producto\/arte-zodiacal-de-capricornio\/#breadcrumb","itemListElement":[{"@type":"ListItem","position":1,"name":"CASA","item":"https:\/\/positiveprints.com\/es\/"},{"@type":"ListItem","position":2,"name":"Productos","item":"https:\/\/positiveprints.com\/es\/shop\/"},{"@type":"ListItem","position":3,"name":"Arte zodiacal de Capricornio"}]},{"@type":"WebSite","@id":"https:\/\/positiveprints.com\/es\/#website","url":"https:\/\/positiveprints.com\/es\/","name":"Positive Prints","description":"Custom Gifts for Special Occasions","publisher":{"@id":"https:\/\/positiveprints.com\/es\/#organization"},"potentialAction":[{"@type":"SearchAction","target":{"@type":"EntryPoint","urlTemplate":"https:\/\/positiveprints.com\/es\/?s={search_term_string}"},"query-input":{"@type":"PropertyValueSpecification","valueRequired":true,"valueName":"search_term_string"}}],"inLanguage":"es"},{"@type":"Organization","@id":"https:\/\/positiveprints.com\/es\/#organization","name":"Positive Prints","alternateName":"Positive Prints","url":"https:\/\/positiveprints.com\/es\/","logo":{"@type":"ImageObject","inLanguage":"es","@id":"https:\/\/positiveprints.com\/es\/#\/schema\/logo\/image\/","url":"https:\/\/positiveprints.com\/wp-content\/uploads\/2026\/03\/245815646_1337939713319158_5671353136411139666_n.png","contentUrl":"https:\/\/positiveprints.com\/wp-content\/uploads\/2026\/03\/245815646_1337939713319158_5671353136411139666_n.png","width":800,"height":800,"caption":"Positive Prints"},"image":{"@id":"https:\/\/positiveprints.com\/es\/#\/schema\/logo\/image\/"},"sameAs":["https:\/\/www.facebook.com\/positiveprintscom","https:\/\/www.instagram.com\/positiveprintscom\/","https:\/\/www.tiktok.com\/@positiveprintscom","https:\/\/www.pinterest.com\/positiveprintscom\/"]}]}},"jetpack_sharing_enabled":true,"_links":{"self":[{"href":"https:\/\/positiveprints.com\/es\/wp-json\/wp\/v2\/product\/628223","targetHints":{"allow":["GET"]}}],"collection":[{"href":"https:\/\/positiveprints.com\/es\/wp-json\/wp\/v2\/product"}],"about":[{"href":"https:\/\/positiveprints.com\/es\/wp-json\/wp\/v2\/types\/product"}],"wp:featuredmedia":[{"embeddable":true,"href":"https:\/\/positiveprints.com\/es\/wp-json\/wp\/v2\/media\/653224"}],"wp:attachment":[{"href":"https:\/\/positiveprints.com\/es\/wp-json\/wp\/v2\/media?parent=628223"}],"wp:term":[{"taxonomy":"product_brand","embeddable":true,"href":"https:\/\/positiveprints.com\/es\/wp-json\/wp\/v2\/product_brand?post=628223"},{"taxonomy":"product_cat","embeddable":true,"href":"https:\/\/positiveprints.com\/es\/wp-json\/wp\/v2\/product_cat?post=628223"},{"taxonomy":"product_tag","embeddable":true,"href":"https:\/\/positiveprints.com\/es\/wp-json\/wp\/v2\/product_tag?post=628223"}],"curies":[{"name":"wp","href":"https:\/\/api.w.org\/{rel}","templated":true}]}}