{"id":627821,"date":"2023-06-27T14:51:02","date_gmt":"2023-06-27T13:51:02","guid":{"rendered":"https:\/\/positiveprints.com\/?post_type=product&#038;p=627821"},"modified":"2026-04-12T22:01:48","modified_gmt":"2026-04-12T21:01:48","slug":"arte-zodiacal-de-cancer","status":"publish","type":"product","link":"https:\/\/positiveprints.com\/es\/producto\/arte-zodiacal-de-cancer\/","title":{"rendered":"Arte zodiacal de C\u00e1ncer"},"content":{"rendered":"<h2 class=\"grenB f24 cblue\" style=\"margin-top: 3rem\">Regala una obra de arte para tu C\u00e1ncer favorito<\/h2>\r\n\r\n<p style=\"margin-top: 1rem\">\u00bfEst\u00e1s buscando un regalo que grabe una impresi\u00f3n eterna en el alma de esa persona especial? \u00a1No busques m\u00e1s y elige el arte zodiacal de C\u00e1ncer! Es el detalle por excelencia para aquellas personas cautivadas por las maravillas de los signos del zod\u00edaco y la astrolog\u00eda. Ya sea un cumplea\u00f1os, un d\u00eda especial o solo porque s\u00ed, el arte zodiacal de C\u00e1ncer traer\u00e1 un mont\u00f3n de felicidad a su coraz\u00f3n.<\/p>\r\n<p style=\"margin-top: 1rem\">C\u00e1ncer es el signo zodiacal que representa a las almas nacidas entre el 21 de junio y el 22 de julio, y despliega un mont\u00f3n de rasgos de personalidad \u00fanicos. Abrazados por la sensibilidad y la compasi\u00f3n, los individuos nacidos bajo este signo encarnan la esencia de una profunda empat\u00eda. Muestran un aura protectora, siempre vigilando el bienestar de los dem\u00e1s. Una corriente emocional profunda fluye dentro de s\u00ed mismos, otorg\u00e1ndoles una intuici\u00f3n innata que ilumina su camino. Valorando la santidad del hogar y la familia, encuentran consuelo en los gestos sentimentales. Sin duda, el arte zodiacal de C\u00e1ncer es el regalo perfecto para ellos.<\/p>\r\n\r\n<h2 class=\"grenB f24 cblue\" style=\"margin-top: 3rem\">Personaliza tu obra de arte zodiacal de C\u00e1ncer<\/h2>\r\n\r\n<p style=\"margin-top: 1rem\">\u00a1Crear tu arte zodiacal de C\u00e1ncer es f\u00e1cil y divertido! Con nuestro editor en l\u00ednea, podr\u00e1s personalizar tu obra de arte de forma r\u00e1pida y efectiva. Tienes varios estilos y dise\u00f1os llamativos de d\u00f3nde elegir. Selecciona una imagen encantadora que represente a C\u00e1ncer o las constelaciones del mismo signo. Saca tu lado creativo eligiendo colores o una paleta de colores predise\u00f1ada por nuestros expertos. Incluso puedes agregar un texto para hacerlo a\u00fan m\u00e1s especial o incluir alg\u00fan dato curioso sobre C\u00e1ncer, como la descripci\u00f3n de su piedra de nacimiento o su planeta regente.<\/p>\r\n\r\n<p style=\"margin-top: 1rem\">Cuando llegue el momento de terminar tu pedido, tendr\u00e1s varias opciones. Elige entre un p\u00f3ster impreso o enmarcado, un lienzo de alta calidad o incluso una descarga digital instant\u00e1nea para imprimirlo de forma local. \u00a1La decisi\u00f3n es completamente tuya!<\/p>\r\n\r\n<h2 class=\"grenB f24 cblue\" style=\"margin-top: 3rem\">Haz una buena impresi\u00f3n con un regalo personalizado<\/h2>\r\n\r\n<p style=\"margin-top: 1rem\">El arte zodiacal de C\u00e1ncer da testimonio de cu\u00e1nto te importa esta persona. No es un detalle que puedas encontrar en una tienda de regalos y eso lo hace a\u00fan m\u00e1s especial. El toque personalizado y la conexi\u00f3n con su signo zodiacal traer\u00e1n felicidad. El arte zodiacal de C\u00e1ncer resonar\u00e1 profundamente en sus almas a aquellos que aprecian a la familia, que emanan compasi\u00f3n y aprecian lo sentimental. Un regalo apreciado y exhibido con orgullo, se convertir\u00e1 en un faro de belleza art\u00edstica y profundo significado. \u00a1No esperes m\u00e1s! Comienza a crear tu propio arte zodiacal de C\u00e1ncer y trae felicidad a esa persona especial.<\/p>","protected":false},"excerpt":{"rendered":"<ul class=\"check-list\">\n<li>Demu\u00e9strale tu amor a un C\u00e1ncer con un p\u00f3ster de su signo zodiacal: una manera perfecta de celebrar su personalidad y estilo<\/li>\n<li>Conoce las cualidades que hacen que tu signo zodiacal sea especial<\/li>\n<li>Elige una plantilla o explota tu creatividad<\/li>\n<li>Escribe un texto personalizado<\/li>\n<li>Previsualiza tu dise\u00f1o en todo momento<\/li>\n<\/ul>\n","protected":false},"featured_media":652700,"template":"","meta":[],"product_brand":[],"product_cat":[9015,106],"product_tag":[9136],"class_list":{"0":"post-627821","1":"product","2":"type-product","3":"status-publish","4":"has-post-thumbnail","6":"product_cat-zodiac-es","7":"product_cat-todos-los-productos","8":"product_tag-zodiac-es","10":"first","11":"instock","12":"sale","13":"taxable","14":"shipping-taxable","15":"purchasable","16":"product-type-variable"},"yoast_head":"<!-- This site is optimized with the Yoast SEO Premium plugin v27.2 (Yoast SEO v27.2) - https:\/\/yoast.com\/product\/yoast-seo-premium-wordpress\/ -->\n<title>Arte zodiacal de C\u00e1ncer - Positive Prints<\/title>\n<meta name=\"description\" content=\"Descubre el encanto del arte zodiacal de C\u00e1ncer: un regalo lleno de significado para los C\u00e1ncer. Celebra su cari\u00f1oso esp\u00edritu con esta especial obra maestra que nunca dejar\u00e1 de inspirar y traer alegr\u00eda.\" \/>\n<meta name=\"robots\" content=\"index, follow, max-snippet:-1, max-image-preview:large, max-video-preview:-1\" \/>\n<link rel=\"canonical\" href=\"https:\/\/positiveprints.com\/es\/producto\/arte-zodiacal-de-cancer\/\" \/>\n<meta property=\"og:locale\" content=\"es_ES\" \/>\n<meta property=\"og:type\" content=\"article\" \/>\n<meta property=\"og:title\" content=\"Arte zodiacal de C\u00e1ncer\" \/>\n<meta property=\"og:description\" content=\"Demu\u00e9strale tu amor a un C\u00e1ncer con un p\u00f3ster de su signo zodiacal: una manera perfecta de celebrar su personalidad y estilo Conoce las cualidades que hacen que tu signo zodiacal sea especial Elige una plantilla o explota tu creatividad Escribe un texto personalizado Previsualiza tu dise\u00f1o en todo momento\" \/>\n<meta property=\"og:url\" content=\"https:\/\/positiveprints.com\/es\/producto\/arte-zodiacal-de-cancer\/\" \/>\n<meta property=\"og:site_name\" content=\"Positive Prints\" \/>\n<meta property=\"article:publisher\" content=\"https:\/\/www.facebook.com\/positiveprintscom\" \/>\n<meta property=\"article:modified_time\" content=\"2026-04-12T21:01:48+00:00\" \/>\n<meta property=\"og:image\" content=\"https:\/\/positiveprints.com\/wp-content\/uploads\/2023\/08\/Cancer-Zodiac-Art.jpg\" \/>\n\t<meta property=\"og:image:width\" content=\"1080\" \/>\n\t<meta property=\"og:image:height\" content=\"1080\" \/>\n\t<meta property=\"og:image:type\" content=\"image\/jpeg\" \/>\n<meta name=\"twitter:card\" content=\"summary_large_image\" \/>\n<!-- \/ Yoast SEO Premium plugin. -->","yoast_head_json":{"title":"Arte zodiacal de C\u00e1ncer - Positive Prints","description":"Descubre el encanto del arte zodiacal de C\u00e1ncer: un regalo lleno de significado para los C\u00e1ncer. Celebra su cari\u00f1oso esp\u00edritu con esta especial obra maestra que nunca dejar\u00e1 de inspirar y traer alegr\u00eda.","robots":{"index":"index","follow":"follow","max-snippet":"max-snippet:-1","max-image-preview":"max-image-preview:large","max-video-preview":"max-video-preview:-1"},"canonical":"https:\/\/positiveprints.com\/es\/producto\/arte-zodiacal-de-cancer\/","og_locale":"es_ES","og_type":"article","og_title":"Arte zodiacal de C\u00e1ncer","og_description":"Demu\u00e9strale tu amor a un C\u00e1ncer con un p\u00f3ster de su signo zodiacal: una manera perfecta de celebrar su personalidad y estilo Conoce las cualidades que hacen que tu signo zodiacal sea especial Elige una plantilla o explota tu creatividad Escribe un texto personalizado Previsualiza tu dise\u00f1o en todo momento","og_url":"https:\/\/positiveprints.com\/es\/producto\/arte-zodiacal-de-cancer\/","og_site_name":"Positive Prints","article_publisher":"https:\/\/www.facebook.com\/positiveprintscom","article_modified_time":"2026-04-12T21:01:48+00:00","og_image":[{"width":1080,"height":1080,"url":"https:\/\/positiveprints.com\/wp-content\/uploads\/2023\/08\/Cancer-Zodiac-Art.jpg","type":"image\/jpeg"}],"twitter_card":"summary_large_image","schema":{"@context":"https:\/\/schema.org","@graph":[{"@type":["WebPage","ItemPage"],"@id":"https:\/\/positiveprints.com\/es\/producto\/arte-zodiacal-de-cancer\/","url":"https:\/\/positiveprints.com\/es\/producto\/arte-zodiacal-de-cancer\/","name":"Arte zodiacal de C\u00e1ncer - Positive Prints","isPartOf":{"@id":"https:\/\/positiveprints.com\/es\/#website"},"primaryImageOfPage":{"@id":"https:\/\/positiveprints.com\/es\/producto\/arte-zodiacal-de-cancer\/#primaryimage"},"image":{"@id":"https:\/\/positiveprints.com\/es\/producto\/arte-zodiacal-de-cancer\/#primaryimage"},"thumbnailUrl":"https:\/\/positiveprints.com\/wp-content\/uploads\/2023\/08\/Cancer-Zodiac-Art.jpg","datePublished":"2023-06-27T13:51:02+00:00","dateModified":"2026-04-12T21:01:48+00:00","description":"Descubre el encanto del arte zodiacal de C\u00e1ncer: un regalo lleno de significado para los C\u00e1ncer. Celebra su cari\u00f1oso esp\u00edritu con esta especial obra maestra que nunca dejar\u00e1 de inspirar y traer alegr\u00eda.","breadcrumb":{"@id":"https:\/\/positiveprints.com\/es\/producto\/arte-zodiacal-de-cancer\/#breadcrumb"},"inLanguage":"es","potentialAction":[{"@type":"ReadAction","target":["https:\/\/positiveprints.com\/es\/producto\/arte-zodiacal-de-cancer\/"]}]},{"@type":"ImageObject","inLanguage":"es","@id":"https:\/\/positiveprints.com\/es\/producto\/arte-zodiacal-de-cancer\/#primaryimage","url":"https:\/\/positiveprints.com\/wp-content\/uploads\/2023\/08\/Cancer-Zodiac-Art.jpg","contentUrl":"https:\/\/positiveprints.com\/wp-content\/uploads\/2023\/08\/Cancer-Zodiac-Art.jpg","width":1080,"height":1080,"caption":"Cancer Zodiac Art"},{"@type":"BreadcrumbList","@id":"https:\/\/positiveprints.com\/es\/producto\/arte-zodiacal-de-cancer\/#breadcrumb","itemListElement":[{"@type":"ListItem","position":1,"name":"CASA","item":"https:\/\/positiveprints.com\/es\/"},{"@type":"ListItem","position":2,"name":"Productos","item":"https:\/\/positiveprints.com\/es\/shop\/"},{"@type":"ListItem","position":3,"name":"Arte zodiacal de C\u00e1ncer"}]},{"@type":"WebSite","@id":"https:\/\/positiveprints.com\/es\/#website","url":"https:\/\/positiveprints.com\/es\/","name":"Positive Prints","description":"Custom Gifts for Special Occasions","publisher":{"@id":"https:\/\/positiveprints.com\/es\/#organization"},"potentialAction":[{"@type":"SearchAction","target":{"@type":"EntryPoint","urlTemplate":"https:\/\/positiveprints.com\/es\/?s={search_term_string}"},"query-input":{"@type":"PropertyValueSpecification","valueRequired":true,"valueName":"search_term_string"}}],"inLanguage":"es"},{"@type":"Organization","@id":"https:\/\/positiveprints.com\/es\/#organization","name":"Positive Prints","alternateName":"Positive Prints","url":"https:\/\/positiveprints.com\/es\/","logo":{"@type":"ImageObject","inLanguage":"es","@id":"https:\/\/positiveprints.com\/es\/#\/schema\/logo\/image\/","url":"https:\/\/positiveprints.com\/wp-content\/uploads\/2026\/03\/245815646_1337939713319158_5671353136411139666_n.png","contentUrl":"https:\/\/positiveprints.com\/wp-content\/uploads\/2026\/03\/245815646_1337939713319158_5671353136411139666_n.png","width":800,"height":800,"caption":"Positive Prints"},"image":{"@id":"https:\/\/positiveprints.com\/es\/#\/schema\/logo\/image\/"},"sameAs":["https:\/\/www.facebook.com\/positiveprintscom","https:\/\/www.instagram.com\/positiveprintscom\/","https:\/\/www.tiktok.com\/@positiveprintscom","https:\/\/www.pinterest.com\/positiveprintscom\/"]}]}},"jetpack_sharing_enabled":true,"_links":{"self":[{"href":"https:\/\/positiveprints.com\/es\/wp-json\/wp\/v2\/product\/627821","targetHints":{"allow":["GET"]}}],"collection":[{"href":"https:\/\/positiveprints.com\/es\/wp-json\/wp\/v2\/product"}],"about":[{"href":"https:\/\/positiveprints.com\/es\/wp-json\/wp\/v2\/types\/product"}],"wp:featuredmedia":[{"embeddable":true,"href":"https:\/\/positiveprints.com\/es\/wp-json\/wp\/v2\/media\/652700"}],"wp:attachment":[{"href":"https:\/\/positiveprints.com\/es\/wp-json\/wp\/v2\/media?parent=627821"}],"wp:term":[{"taxonomy":"product_brand","embeddable":true,"href":"https:\/\/positiveprints.com\/es\/wp-json\/wp\/v2\/product_brand?post=627821"},{"taxonomy":"product_cat","embeddable":true,"href":"https:\/\/positiveprints.com\/es\/wp-json\/wp\/v2\/product_cat?post=627821"},{"taxonomy":"product_tag","embeddable":true,"href":"https:\/\/positiveprints.com\/es\/wp-json\/wp\/v2\/product_tag?post=627821"}],"curies":[{"name":"wp","href":"https:\/\/api.w.org\/{rel}","templated":true}]}}