{"id":627762,"date":"2023-06-27T14:18:46","date_gmt":"2023-06-27T13:18:46","guid":{"rendered":"https:\/\/positiveprints.com\/?post_type=product&#038;p=627762"},"modified":"2026-04-12T22:01:50","modified_gmt":"2026-04-12T21:01:50","slug":"arte-zodiacal-de-geminis","status":"publish","type":"product","link":"https:\/\/positiveprints.com\/es\/producto\/arte-zodiacal-de-geminis\/","title":{"rendered":"Arte zodiacal de G\u00e9minis"},"content":{"rendered":"<h2 class=\"grenB f24 cblue\" style=\"margin-top: 3rem\">Regala una obra de arte para tu G\u00e9minis favorito<\/h2>\r\n\r\n<p style=\"margin-top: 1rem\">\u00bfEst\u00e1s buscando un regalo extraordinario que deje una huella eterna en el alma de una persona especial? \u00a1Contempla las fascinantes maravillas del arte zodiacal de G\u00e9minis! Es un detalle para los amantes de la m\u00edstica de los signos zodiacales y la astrolog\u00eda. Ya sea un cumplea\u00f1os, un d\u00eda especial o un tierno gesto, el arte zodiacal de G\u00e9minis revelar\u00e1 una radiante sonrisa en el rostro de esa persona.<\/p>\r\n<p style=\"margin-top: 1rem\">G\u00e9minis, el signo zodiacal que representa a las almas nacidas entre el 21 de mayo y el 20 de junio, desvela rasgos de personalidad \u00fanicos. Iluminados por una curiosidad insaciable y adornados con matices vers\u00e1tiles, los individuos nacidos bajo este signo encarnan la esencia de la exploraci\u00f3n perpetua. Su sed de conocimiento no conoce l\u00edmites, ya que se deleitan con las complejidades del mundo que los rodea. Son maestros de la comunicaci\u00f3n, ya que manejan las palabras con gracia y delicadeza; mariposas sociales por naturaleza que revolotean en reuniones y disfrutan la compa\u00f1\u00eda de los dem\u00e1s. Asimismo, son adaptables y \u00e1giles, navegan sin esfuerzo a trav\u00e9s del flujo y reflujo de las mareas cambiantes de la vida. El arte zodiacal de G\u00e9minis surge como el tributo perfecto a su esencia multifac\u00e9tica.<\/p>\r\n\r\n<h2 class=\"grenB f24 cblue\" style=\"margin-top: 3rem\">Personaliza tu obra de arte zodiacal de G\u00e9minis<\/h2>\r\n\r\n<p style=\"margin-top: 1rem\">\u00a1Crear tu arte zodiacal de G\u00e9minis es s\u00faper f\u00e1cil y divertido! Descubre el portal de tu creatividad con un editor en l\u00ednea que atrae tu destreza art\u00edstica y te gu\u00eda paso a paso para manifestar tu visi\u00f3n en una obra maestra tangible. Tienes varios estilos y dise\u00f1os llamativos de d\u00f3nde elegir. Selecciona una imagen encantadora que represente a G\u00e9minis o las constelaciones del mismo signo. Sum\u00e9rgete en la sinfon\u00eda de colores, donde se entrelazan la experimentaci\u00f3n l\u00fadica y los esquemas predise\u00f1ados. Dale vida a tu creaci\u00f3n con un texto para hacerlo a\u00fan m\u00e1s especial o incluye alg\u00fan dato curioso sobre G\u00e9minis, como el encanto de su piedra de nacimiento o la luz gu\u00eda del planeta regente.<\/p>\r\n\r\n<p style=\"margin-top: 1rem\">Cuando llegue el momento de terminar tu pedido, tendr\u00e1s varias opciones. Elige entre un p\u00f3ster impreso o enmarcado, un lienzo de alta calidad o incluso una descarga digital instant\u00e1nea. \u00a1La decisi\u00f3n es completamente tuya!<\/p>\r\n\r\n<h2 class=\"grenB f24 cblue\" style=\"margin-top: 3rem\">Haz una buena impresi\u00f3n con un regalo personalizado<\/h2>\r\n\r\n<p style=\"margin-top: 1rem\">El arte zodiacal de G\u00e9minis da testimonio de cu\u00e1nto te importa esta persona. No es un detalle que puedas encontrar en una tienda de regalos y eso lo hace a\u00fan m\u00e1s especial. El toque personalizado y la conexi\u00f3n con su signo zodiacal traer\u00e1n felicidad. Para aquellos que anhelan el conocimiento, que dominan con gracia el lenguaje de las palabras, el arte zodiacal de G\u00e9minis resonar\u00e1 profundamente en sus almas. Ser\u00e1 un regalo apreciado y exhibido con orgullo, y se convertir\u00e1 en un faro de belleza art\u00edstica y profundo significado. \u00a1An\u00edmate! Comienza a crear tu propio arte zodiacal de G\u00e9minis e ilumina el mundo de alguien de forma un poco m\u00e1s art\u00edstica y significativa.<\/p>","protected":false},"excerpt":{"rendered":"<ul class=\"check-list\">\n<li>Si\u00e9ntete orgulloso de G\u00e9minis con este maravilloso p\u00f3ster, que muestra el s\u00edmbolo, el elemento y los rasgos de su signo zodiacal.<\/li>\n<li>Conoce las cualidades que hacen que tu signo zodiacal sea especial<\/li>\n<li>Elige una plantilla o explota tu creatividad<\/li>\n<li>Escribe un texto personalizado<\/li>\n<li>Previsualiza tu dise\u00f1o en todo momento<\/li>\n<\/ul>\n","protected":false},"featured_media":652622,"template":"","meta":[],"product_brand":[],"product_cat":[106,9015],"product_tag":[9136],"class_list":{"0":"post-627762","1":"product","2":"type-product","3":"status-publish","4":"has-post-thumbnail","6":"product_cat-todos-los-productos","7":"product_cat-zodiac-es","8":"product_tag-zodiac-es","10":"first","11":"instock","12":"sale","13":"taxable","14":"shipping-taxable","15":"purchasable","16":"product-type-variable"},"yoast_head":"<!-- This site is optimized with the Yoast SEO Premium plugin v27.2 (Yoast SEO v27.2) - https:\/\/yoast.com\/product\/yoast-seo-premium-wordpress\/ -->\n<title>Arte zodiacal de G\u00e9minis - Positive Prints<\/title>\n<meta name=\"description\" content=\"Desvela la magia del arte zodiacal de G\u00e9minis: el regalo ideal para los G\u00e9minis. Celebra su dualidad con esta \u00fanica y cautivadora obra maestra que nunca dejar\u00e1 de inspirar y traer alegr\u00eda.\" \/>\n<meta name=\"robots\" content=\"index, follow, max-snippet:-1, max-image-preview:large, max-video-preview:-1\" \/>\n<link rel=\"canonical\" href=\"https:\/\/positiveprints.com\/es\/producto\/arte-zodiacal-de-geminis\/\" \/>\n<meta property=\"og:locale\" content=\"es_ES\" \/>\n<meta property=\"og:type\" content=\"article\" \/>\n<meta property=\"og:title\" content=\"Arte zodiacal de G\u00e9minis\" \/>\n<meta property=\"og:description\" content=\"Si\u00e9ntete orgulloso de G\u00e9minis con este maravilloso p\u00f3ster, que muestra el s\u00edmbolo, el elemento y los rasgos de su signo zodiacal. Conoce las cualidades que hacen que tu signo zodiacal sea especial Elige una plantilla o explota tu creatividad Escribe un texto personalizado Previsualiza tu dise\u00f1o en todo momento\" \/>\n<meta property=\"og:url\" content=\"https:\/\/positiveprints.com\/es\/producto\/arte-zodiacal-de-geminis\/\" \/>\n<meta property=\"og:site_name\" content=\"Positive Prints\" \/>\n<meta property=\"article:publisher\" content=\"https:\/\/www.facebook.com\/positiveprintscom\" \/>\n<meta property=\"article:modified_time\" content=\"2026-04-12T21:01:50+00:00\" \/>\n<meta property=\"og:image\" content=\"https:\/\/positiveprints.com\/wp-content\/uploads\/2023\/08\/Gemini-Zodiac-Art.jpg\" \/>\n\t<meta property=\"og:image:width\" content=\"1080\" \/>\n\t<meta property=\"og:image:height\" content=\"1080\" \/>\n\t<meta property=\"og:image:type\" content=\"image\/jpeg\" \/>\n<meta name=\"twitter:card\" content=\"summary_large_image\" \/>\n<!-- \/ Yoast SEO Premium plugin. -->","yoast_head_json":{"title":"Arte zodiacal de G\u00e9minis - Positive Prints","description":"Desvela la magia del arte zodiacal de G\u00e9minis: el regalo ideal para los G\u00e9minis. Celebra su dualidad con esta \u00fanica y cautivadora obra maestra que nunca dejar\u00e1 de inspirar y traer alegr\u00eda.","robots":{"index":"index","follow":"follow","max-snippet":"max-snippet:-1","max-image-preview":"max-image-preview:large","max-video-preview":"max-video-preview:-1"},"canonical":"https:\/\/positiveprints.com\/es\/producto\/arte-zodiacal-de-geminis\/","og_locale":"es_ES","og_type":"article","og_title":"Arte zodiacal de G\u00e9minis","og_description":"Si\u00e9ntete orgulloso de G\u00e9minis con este maravilloso p\u00f3ster, que muestra el s\u00edmbolo, el elemento y los rasgos de su signo zodiacal. Conoce las cualidades que hacen que tu signo zodiacal sea especial Elige una plantilla o explota tu creatividad Escribe un texto personalizado Previsualiza tu dise\u00f1o en todo momento","og_url":"https:\/\/positiveprints.com\/es\/producto\/arte-zodiacal-de-geminis\/","og_site_name":"Positive Prints","article_publisher":"https:\/\/www.facebook.com\/positiveprintscom","article_modified_time":"2026-04-12T21:01:50+00:00","og_image":[{"width":1080,"height":1080,"url":"https:\/\/positiveprints.com\/wp-content\/uploads\/2023\/08\/Gemini-Zodiac-Art.jpg","type":"image\/jpeg"}],"twitter_card":"summary_large_image","schema":{"@context":"https:\/\/schema.org","@graph":[{"@type":["WebPage","ItemPage"],"@id":"https:\/\/positiveprints.com\/es\/producto\/arte-zodiacal-de-geminis\/","url":"https:\/\/positiveprints.com\/es\/producto\/arte-zodiacal-de-geminis\/","name":"Arte zodiacal de G\u00e9minis - Positive Prints","isPartOf":{"@id":"https:\/\/positiveprints.com\/es\/#website"},"primaryImageOfPage":{"@id":"https:\/\/positiveprints.com\/es\/producto\/arte-zodiacal-de-geminis\/#primaryimage"},"image":{"@id":"https:\/\/positiveprints.com\/es\/producto\/arte-zodiacal-de-geminis\/#primaryimage"},"thumbnailUrl":"https:\/\/positiveprints.com\/wp-content\/uploads\/2023\/08\/Gemini-Zodiac-Art.jpg","datePublished":"2023-06-27T13:18:46+00:00","dateModified":"2026-04-12T21:01:50+00:00","description":"Desvela la magia del arte zodiacal de G\u00e9minis: el regalo ideal para los G\u00e9minis. Celebra su dualidad con esta \u00fanica y cautivadora obra maestra que nunca dejar\u00e1 de inspirar y traer alegr\u00eda.","breadcrumb":{"@id":"https:\/\/positiveprints.com\/es\/producto\/arte-zodiacal-de-geminis\/#breadcrumb"},"inLanguage":"es","potentialAction":[{"@type":"ReadAction","target":["https:\/\/positiveprints.com\/es\/producto\/arte-zodiacal-de-geminis\/"]}]},{"@type":"ImageObject","inLanguage":"es","@id":"https:\/\/positiveprints.com\/es\/producto\/arte-zodiacal-de-geminis\/#primaryimage","url":"https:\/\/positiveprints.com\/wp-content\/uploads\/2023\/08\/Gemini-Zodiac-Art.jpg","contentUrl":"https:\/\/positiveprints.com\/wp-content\/uploads\/2023\/08\/Gemini-Zodiac-Art.jpg","width":1080,"height":1080,"caption":"Gemini Zodiac Art"},{"@type":"BreadcrumbList","@id":"https:\/\/positiveprints.com\/es\/producto\/arte-zodiacal-de-geminis\/#breadcrumb","itemListElement":[{"@type":"ListItem","position":1,"name":"CASA","item":"https:\/\/positiveprints.com\/es\/"},{"@type":"ListItem","position":2,"name":"Productos","item":"https:\/\/positiveprints.com\/es\/shop\/"},{"@type":"ListItem","position":3,"name":"Arte zodiacal de G\u00e9minis"}]},{"@type":"WebSite","@id":"https:\/\/positiveprints.com\/es\/#website","url":"https:\/\/positiveprints.com\/es\/","name":"Positive Prints","description":"Custom Gifts for Special Occasions","publisher":{"@id":"https:\/\/positiveprints.com\/es\/#organization"},"potentialAction":[{"@type":"SearchAction","target":{"@type":"EntryPoint","urlTemplate":"https:\/\/positiveprints.com\/es\/?s={search_term_string}"},"query-input":{"@type":"PropertyValueSpecification","valueRequired":true,"valueName":"search_term_string"}}],"inLanguage":"es"},{"@type":"Organization","@id":"https:\/\/positiveprints.com\/es\/#organization","name":"Positive Prints","alternateName":"Positive Prints","url":"https:\/\/positiveprints.com\/es\/","logo":{"@type":"ImageObject","inLanguage":"es","@id":"https:\/\/positiveprints.com\/es\/#\/schema\/logo\/image\/","url":"https:\/\/positiveprints.com\/wp-content\/uploads\/2026\/03\/245815646_1337939713319158_5671353136411139666_n.png","contentUrl":"https:\/\/positiveprints.com\/wp-content\/uploads\/2026\/03\/245815646_1337939713319158_5671353136411139666_n.png","width":800,"height":800,"caption":"Positive Prints"},"image":{"@id":"https:\/\/positiveprints.com\/es\/#\/schema\/logo\/image\/"},"sameAs":["https:\/\/www.facebook.com\/positiveprintscom","https:\/\/www.instagram.com\/positiveprintscom\/","https:\/\/www.tiktok.com\/@positiveprintscom","https:\/\/www.pinterest.com\/positiveprintscom\/"]}]}},"jetpack_sharing_enabled":true,"_links":{"self":[{"href":"https:\/\/positiveprints.com\/es\/wp-json\/wp\/v2\/product\/627762","targetHints":{"allow":["GET"]}}],"collection":[{"href":"https:\/\/positiveprints.com\/es\/wp-json\/wp\/v2\/product"}],"about":[{"href":"https:\/\/positiveprints.com\/es\/wp-json\/wp\/v2\/types\/product"}],"wp:featuredmedia":[{"embeddable":true,"href":"https:\/\/positiveprints.com\/es\/wp-json\/wp\/v2\/media\/652622"}],"wp:attachment":[{"href":"https:\/\/positiveprints.com\/es\/wp-json\/wp\/v2\/media?parent=627762"}],"wp:term":[{"taxonomy":"product_brand","embeddable":true,"href":"https:\/\/positiveprints.com\/es\/wp-json\/wp\/v2\/product_brand?post=627762"},{"taxonomy":"product_cat","embeddable":true,"href":"https:\/\/positiveprints.com\/es\/wp-json\/wp\/v2\/product_cat?post=627762"},{"taxonomy":"product_tag","embeddable":true,"href":"https:\/\/positiveprints.com\/es\/wp-json\/wp\/v2\/product_tag?post=627762"}],"curies":[{"name":"wp","href":"https:\/\/api.w.org\/{rel}","templated":true}]}}