{"id":627719,"date":"2023-06-27T13:33:21","date_gmt":"2023-06-27T12:33:21","guid":{"rendered":"https:\/\/positiveprints.com\/?post_type=product&#038;p=627719"},"modified":"2026-04-12T22:01:51","modified_gmt":"2026-04-12T21:01:51","slug":"arte-zodiacal-de-tauro","status":"publish","type":"product","link":"https:\/\/positiveprints.com\/es\/producto\/arte-zodiacal-de-tauro\/","title":{"rendered":"Arte zodiacal de Tauro"},"content":{"rendered":"<h2 class=\"grenB f24 cblue\" style=\"margin-top: 3rem\">Regala una obra de arte para tu Tauro favorito<\/h2>\r\n\r\n<p style=\"margin-top: 1rem\">\u00bfEst\u00e1s buscando un regalo que trascienda lo ordinario, y est\u00e9 destinado a grabar un recuerdo imborrable en la vida de alguien? \u00a1No busques m\u00e1s! Nuestro arte zodiacal de Tauro se erige como el ep\u00edtome de la perfecci\u00f3n, un regalo impecable para aquellos que adoran los signos zodiacales y el reino celestial. Ya sea un cumplea\u00f1os, una celebraci\u00f3n o solo porque s\u00ed, el arte zodiacal de Tauro adornar\u00e1 su semblante con una sonrisa que resonar\u00e1 a trav\u00e9s de la eternidad.<\/p>\r\n<p style=\"margin-top: 1rem\">Tauro, el emblema celestial que abraza a las almas nacidas entre el 20 de abril y el 20 de mayo, es testimonio de rasgos \u00fanicos de personalidad. Dotados de una practicidad y una fiabilidad inquebrantables, las personas nacidas bajo este estandarte celestial encarnan la esencia del trabajo duro, la paciencia y una profunda conexi\u00f3n con el abrazo de la tierra. Anclados en su b\u00fasqueda de estabilidad, encuentran consuelo en las simplicidades que la vida les otorga. La visi\u00f3n creativa y un ojo exquisito para la belleza son los sellos distintivos de los Tauro, que tienen una apreciaci\u00f3n inquebrantable por el arte y la est\u00e9tica. As\u00ed, el arte zodiacal de Tauro se convierte en una ofrenda resplandeciente: un regalo que resuena armoniosamente con sus almas.<\/p>\r\n\r\n<h2 class=\"grenB f24 cblue\" style=\"margin-top: 3rem\">Personaliza tu obra de arte zodiacal de Tauro<\/h2>\r\n\r\n<p style=\"margin-top: 1rem\">Crear tu propio arte zodiacal de Tauro entrelaza la tranquilidad y la alegr\u00eda en perfecta armon\u00eda. Contempla la puerta de entrada a la creatividad: un editor en l\u00ednea que invita a personalizar y transformar tu visi\u00f3n en una obra maestra tangible. Tienes diferentes estilos y dise\u00f1os de donde elegir. Puedes seleccionar una hermosa imagen que represente a Tauro o su constelaci\u00f3n. Dale forma a tu creaci\u00f3n con una paleta de colores, ya sea eligiendo tus colores favoritos o una paleta previamente dise\u00f1ada por expertos. Infunde a tu obra de arte un toque personalizado, agreg\u00e1ndole un texto cautivador o hechos intrigantes sobre Tauro, detalles que abarcan la m\u00edstica de las piedras de nacimiento o la influencia gu\u00eda de los planetas regentes.<\/p>\r\n\r\n<p style=\"margin-top: 1rem\">Y cuando llega el momento de darle vida a tu creaci\u00f3n, un reino de posibilidades se despliega ante ti. Selecciona un p\u00f3ster impreso o enmarcado, un lienzo de alta calidad o una descarga digital instant\u00e1nea. La decisi\u00f3n est\u00e1 en tus manos.<\/p>\r\n\r\n<h2 class=\"grenB f24 cblue\" style=\"margin-top: 3rem\">Haz una buena impresi\u00f3n con un regalo personalizado<\/h2>\r\n\r\n<p style=\"margin-top: 1rem\">El arte zodiacal de Tauro es un regalo que trasciende lo ordinario porque da testimonio de lo mucho que te importa esa persona. No es algo que puedas encontrar en una tienda de regalos, y eso lo hace a\u00fan m\u00e1s especial. La conexi\u00f3n entre el signo zodiacal y el toque personalizado tejer\u00e1n una sinfon\u00eda de alegr\u00eda dentro de su ser. El arte zodiacal de Tauro resonar\u00e1 profundamente en el alma de aquellos que aman el arte. Es un obsequio atesorado, exhibido con orgullo y guardado para siempre. \u00a1No lo pienses m\u00e1s! Comienza a crear tu propio arte zodiacal de Tauro e ilumina el mundo de alguien con el resplandor del arte atemporal y significativo.<\/p>","protected":false},"excerpt":{"rendered":"<ul class=\"check-list\">\n<li>Celebra la generosidad, la lealtad y la paciencia de alg\u00fan Tauro con este p\u00f3ster de su signo zodiacal.<\/li>\n<li>Conoce las cualidades que hacen que tu signo zodiacal sea especial<\/li>\n<li>Elige una plantilla o explota tu creatividad<\/li>\n<li>Escribe un texto personalizado<\/li>\n<li>Previsualiza tu dise\u00f1o en todo momento<\/li>\n<\/ul>\n","protected":false},"featured_media":652573,"template":"","meta":[],"product_brand":[],"product_cat":[106,9015],"product_tag":[9136],"class_list":{"0":"post-627719","1":"product","2":"type-product","3":"status-publish","4":"has-post-thumbnail","6":"product_cat-todos-los-productos","7":"product_cat-zodiac-es","8":"product_tag-zodiac-es","10":"first","11":"instock","12":"sale","13":"taxable","14":"shipping-taxable","15":"purchasable","16":"product-type-variable"},"yoast_head":"<!-- This site is optimized with the Yoast SEO Premium plugin v27.2 (Yoast SEO v27.2) - https:\/\/yoast.com\/product\/yoast-seo-premium-wordpress\/ -->\n<title>Arte zodiacal de Tauro - Positive Prints<\/title>\n<meta name=\"description\" content=\"Descubre la belleza del arte zodiacal de Tauro: el regalo perfecto para los Tauro. Celebra su fortaleza y creatividad con esta incre\u00edble obra maestra que nunca dejar\u00e1 de inspirar y traer alegr\u00eda.\" \/>\n<meta name=\"robots\" content=\"index, follow, max-snippet:-1, max-image-preview:large, max-video-preview:-1\" \/>\n<link rel=\"canonical\" href=\"https:\/\/positiveprints.com\/es\/producto\/arte-zodiacal-de-tauro\/\" \/>\n<meta property=\"og:locale\" content=\"es_ES\" \/>\n<meta property=\"og:type\" content=\"article\" \/>\n<meta property=\"og:title\" content=\"Arte zodiacal de Tauro\" \/>\n<meta property=\"og:description\" content=\"Celebra la generosidad, la lealtad y la paciencia de alg\u00fan Tauro con este p\u00f3ster de su signo zodiacal. Conoce las cualidades que hacen que tu signo zodiacal sea especial Elige una plantilla o explota tu creatividad Escribe un texto personalizado Previsualiza tu dise\u00f1o en todo momento\" \/>\n<meta property=\"og:url\" content=\"https:\/\/positiveprints.com\/es\/producto\/arte-zodiacal-de-tauro\/\" \/>\n<meta property=\"og:site_name\" content=\"Positive Prints\" \/>\n<meta property=\"article:publisher\" content=\"https:\/\/www.facebook.com\/positiveprintscom\" \/>\n<meta property=\"article:modified_time\" content=\"2026-04-12T21:01:51+00:00\" \/>\n<meta property=\"og:image\" content=\"https:\/\/positiveprints.com\/wp-content\/uploads\/2023\/08\/Taurus-Zodiac-Art.jpg\" \/>\n\t<meta property=\"og:image:width\" content=\"1080\" \/>\n\t<meta property=\"og:image:height\" content=\"1080\" \/>\n\t<meta property=\"og:image:type\" content=\"image\/jpeg\" \/>\n<meta name=\"twitter:card\" content=\"summary_large_image\" \/>\n<!-- \/ Yoast SEO Premium plugin. -->","yoast_head_json":{"title":"Arte zodiacal de Tauro - Positive Prints","description":"Descubre la belleza del arte zodiacal de Tauro: el regalo perfecto para los Tauro. Celebra su fortaleza y creatividad con esta incre\u00edble obra maestra que nunca dejar\u00e1 de inspirar y traer alegr\u00eda.","robots":{"index":"index","follow":"follow","max-snippet":"max-snippet:-1","max-image-preview":"max-image-preview:large","max-video-preview":"max-video-preview:-1"},"canonical":"https:\/\/positiveprints.com\/es\/producto\/arte-zodiacal-de-tauro\/","og_locale":"es_ES","og_type":"article","og_title":"Arte zodiacal de Tauro","og_description":"Celebra la generosidad, la lealtad y la paciencia de alg\u00fan Tauro con este p\u00f3ster de su signo zodiacal. Conoce las cualidades que hacen que tu signo zodiacal sea especial Elige una plantilla o explota tu creatividad Escribe un texto personalizado Previsualiza tu dise\u00f1o en todo momento","og_url":"https:\/\/positiveprints.com\/es\/producto\/arte-zodiacal-de-tauro\/","og_site_name":"Positive Prints","article_publisher":"https:\/\/www.facebook.com\/positiveprintscom","article_modified_time":"2026-04-12T21:01:51+00:00","og_image":[{"width":1080,"height":1080,"url":"https:\/\/positiveprints.com\/wp-content\/uploads\/2023\/08\/Taurus-Zodiac-Art.jpg","type":"image\/jpeg"}],"twitter_card":"summary_large_image","schema":{"@context":"https:\/\/schema.org","@graph":[{"@type":["WebPage","ItemPage"],"@id":"https:\/\/positiveprints.com\/es\/producto\/arte-zodiacal-de-tauro\/","url":"https:\/\/positiveprints.com\/es\/producto\/arte-zodiacal-de-tauro\/","name":"Arte zodiacal de Tauro - Positive Prints","isPartOf":{"@id":"https:\/\/positiveprints.com\/es\/#website"},"primaryImageOfPage":{"@id":"https:\/\/positiveprints.com\/es\/producto\/arte-zodiacal-de-tauro\/#primaryimage"},"image":{"@id":"https:\/\/positiveprints.com\/es\/producto\/arte-zodiacal-de-tauro\/#primaryimage"},"thumbnailUrl":"https:\/\/positiveprints.com\/wp-content\/uploads\/2023\/08\/Taurus-Zodiac-Art.jpg","datePublished":"2023-06-27T12:33:21+00:00","dateModified":"2026-04-12T21:01:51+00:00","description":"Descubre la belleza del arte zodiacal de Tauro: el regalo perfecto para los Tauro. Celebra su fortaleza y creatividad con esta incre\u00edble obra maestra que nunca dejar\u00e1 de inspirar y traer alegr\u00eda.","breadcrumb":{"@id":"https:\/\/positiveprints.com\/es\/producto\/arte-zodiacal-de-tauro\/#breadcrumb"},"inLanguage":"es","potentialAction":[{"@type":"ReadAction","target":["https:\/\/positiveprints.com\/es\/producto\/arte-zodiacal-de-tauro\/"]}]},{"@type":"ImageObject","inLanguage":"es","@id":"https:\/\/positiveprints.com\/es\/producto\/arte-zodiacal-de-tauro\/#primaryimage","url":"https:\/\/positiveprints.com\/wp-content\/uploads\/2023\/08\/Taurus-Zodiac-Art.jpg","contentUrl":"https:\/\/positiveprints.com\/wp-content\/uploads\/2023\/08\/Taurus-Zodiac-Art.jpg","width":1080,"height":1080,"caption":"Taurus Zodiac Art"},{"@type":"BreadcrumbList","@id":"https:\/\/positiveprints.com\/es\/producto\/arte-zodiacal-de-tauro\/#breadcrumb","itemListElement":[{"@type":"ListItem","position":1,"name":"CASA","item":"https:\/\/positiveprints.com\/es\/"},{"@type":"ListItem","position":2,"name":"Productos","item":"https:\/\/positiveprints.com\/es\/shop\/"},{"@type":"ListItem","position":3,"name":"Arte zodiacal de Tauro"}]},{"@type":"WebSite","@id":"https:\/\/positiveprints.com\/es\/#website","url":"https:\/\/positiveprints.com\/es\/","name":"Positive Prints","description":"Custom Gifts for Special Occasions","publisher":{"@id":"https:\/\/positiveprints.com\/es\/#organization"},"potentialAction":[{"@type":"SearchAction","target":{"@type":"EntryPoint","urlTemplate":"https:\/\/positiveprints.com\/es\/?s={search_term_string}"},"query-input":{"@type":"PropertyValueSpecification","valueRequired":true,"valueName":"search_term_string"}}],"inLanguage":"es"},{"@type":"Organization","@id":"https:\/\/positiveprints.com\/es\/#organization","name":"Positive Prints","alternateName":"Positive Prints","url":"https:\/\/positiveprints.com\/es\/","logo":{"@type":"ImageObject","inLanguage":"es","@id":"https:\/\/positiveprints.com\/es\/#\/schema\/logo\/image\/","url":"https:\/\/positiveprints.com\/wp-content\/uploads\/2026\/03\/245815646_1337939713319158_5671353136411139666_n.png","contentUrl":"https:\/\/positiveprints.com\/wp-content\/uploads\/2026\/03\/245815646_1337939713319158_5671353136411139666_n.png","width":800,"height":800,"caption":"Positive Prints"},"image":{"@id":"https:\/\/positiveprints.com\/es\/#\/schema\/logo\/image\/"},"sameAs":["https:\/\/www.facebook.com\/positiveprintscom","https:\/\/www.instagram.com\/positiveprintscom\/","https:\/\/www.tiktok.com\/@positiveprintscom","https:\/\/www.pinterest.com\/positiveprintscom\/"]}]}},"jetpack_sharing_enabled":true,"_links":{"self":[{"href":"https:\/\/positiveprints.com\/es\/wp-json\/wp\/v2\/product\/627719","targetHints":{"allow":["GET"]}}],"collection":[{"href":"https:\/\/positiveprints.com\/es\/wp-json\/wp\/v2\/product"}],"about":[{"href":"https:\/\/positiveprints.com\/es\/wp-json\/wp\/v2\/types\/product"}],"wp:featuredmedia":[{"embeddable":true,"href":"https:\/\/positiveprints.com\/es\/wp-json\/wp\/v2\/media\/652573"}],"wp:attachment":[{"href":"https:\/\/positiveprints.com\/es\/wp-json\/wp\/v2\/media?parent=627719"}],"wp:term":[{"taxonomy":"product_brand","embeddable":true,"href":"https:\/\/positiveprints.com\/es\/wp-json\/wp\/v2\/product_brand?post=627719"},{"taxonomy":"product_cat","embeddable":true,"href":"https:\/\/positiveprints.com\/es\/wp-json\/wp\/v2\/product_cat?post=627719"},{"taxonomy":"product_tag","embeddable":true,"href":"https:\/\/positiveprints.com\/es\/wp-json\/wp\/v2\/product_tag?post=627719"}],"curies":[{"name":"wp","href":"https:\/\/api.w.org\/{rel}","templated":true}]}}