{"id":627670,"date":"2023-06-27T12:51:05","date_gmt":"2023-06-27T11:51:05","guid":{"rendered":"https:\/\/positiveprints.com\/?post_type=product&#038;p=627670"},"modified":"2026-04-12T22:03:08","modified_gmt":"2026-04-12T21:03:08","slug":"arte-zodiacal-de-aries","status":"publish","type":"product","link":"https:\/\/positiveprints.com\/es\/producto\/arte-zodiacal-de-aries\/","title":{"rendered":"Arte zodiacal de Aries"},"content":{"rendered":"<h2 class=\"grenB f24 cblue\" style=\"margin-top: 3rem\">Regala una obra de arte para tu Aries favorito<\/h2>\r\n\r\n<p style=\"margin-top: 1rem\">\u00bfEst\u00e1s buscando un regalo verdaderamente extraordinario y diferente? \u00a1No busques m\u00e1s! Nuestro arte zodiacal de Aries es el ep\u00edtome de la perfecci\u00f3n para quienes aprecian profundamente los signos del zod\u00edaco y el enigm\u00e1tico reino de la astrolog\u00eda. Ya se trate de una celebraci\u00f3n de cumplea\u00f1os, una reuni\u00f3n festiva de Navidad o simplemente un gesto sincero para mostrar tu afecto, el arte zodiacal de Aries har\u00e1 que los d\u00edas de esa persona sean m\u00e1s especiales.<\/p>\r\n<p style=\"margin-top: 1rem\">Las personas nacidas bajo el signo zodiacal de Aries, bendecidas por el cosmos entre el 21 de marzo y el 19 de abril, poseen una singularidad inherente. La personalidad de Aries es sin\u00f3nimo de confianza y vitalidad ilimitada. Tienen una inclinaci\u00f3n natural a tomar el mando y forjar su propio camino. Son l\u00edderes naturales que no le temen a ning\u00fan desaf\u00edo. Por lo tanto, el arte zodiacal de Aries sirve como un impecable tributo a sus notables cualidades, lo que lo convierte en un regalo excepcional que resuena profundamente en sus corazones.<\/p>\r\n\r\n<h2 class=\"grenB f24 cblue\" style=\"margin-top: 3rem\">Personaliza tu obra de arte zodiacal de Aries<\/h2>\r\n\r\n<p style=\"margin-top: 1rem\">\u00a1Crear tu propio arte zodiacal de Aries es s\u00faper f\u00e1cil! Aprovechando el poder de la tecnolog\u00eda moderna, puedes hacerlo a trav\u00e9s de nuestro editor f\u00e1cil de usar. Solo debes elegir el estilo y dise\u00f1o que refleje tu visi\u00f3n. Puedes elegir una imagen del signo zodiacal de Aries o un fascinante tapiz de constelaciones celestiales. Si la creatividad es lo tuyo, puedes jugar con diferentes colores o elegir entre una de nuestras paletas de colores predise\u00f1adas. Tambi\u00e9n puedes incluir informaci\u00f3n interesante como la piedra de nacimiento, el planeta regente o el s\u00edmbolo especial de Aries. Y para aquellos que no est\u00e1n seguros del signo zodiacal de esa persona en particular, \u00a1no teman! Solo ingresa su fecha de nacimiento y el editor te lo dir\u00e1 autom\u00e1ticamente.<\/p>\r\n\r\n<p style=\"margin-top: 1rem\">Cuando llegue el momento de finalizar el pedido, podr\u00e1s seleccionar un p\u00f3ster impreso o enmarcado, un lienzo de alta calidad o incluso una descarga digital instant\u00e1nea para imprimir tu dise\u00f1o de manera local. \u00a1Hay algo para todos los gustos!<\/p>\r\n\r\n<h2 class=\"grenB f24 cblue\" style=\"margin-top: 3rem\">Crea una impresi\u00f3n atemporal con un regalo personalizado<\/h2>\r\n\r\n<p style=\"margin-top: 1rem\">El arte zodiacal de Aries es un regalo que trasciende lo ordinario y es un testimonio de tu inquebrantable afecto. Esta obra de arte es un detalle que no se puede encontrar en ninguna tienda; es \u00fanica y est\u00e1 hecha solo para esa persona especial. Si su mirada se dirige a las fascinantes estrellas, reflexionando sobre los misterios ilimitados que se encuentran dentro del universo, este regalo encender\u00e1 una chispa efervescente de alegr\u00eda dentro de su alma. Es un tesoro para ser recordado y apreciado, y se grabar\u00e1 para siempre en su coraz\u00f3n. \u00a1No pierdas m\u00e1s tiempo! Aprovecha la oportunidad de dise\u00f1ar tu propio arte zodiacal de Aries hoy mismo e ilumina el mundo de un Aries con un brillo sin igual.<\/p>","protected":false},"excerpt":{"rendered":"<ul class=\"check-list\">\n<li>Celebra el esp\u00edritu intenso de Aries con este maravilloso p\u00f3ster de signos zodiacales: el regalo perfecto para ti o alguna persona especial.<\/li>\n<li>Conoce las cualidades que hacen que tu signo zodiacal sea especial<\/li>\n<li>Elige una plantilla o explota tu creatividad<\/li>\n<li>Escribe un texto personalizado<\/li>\n<li>Previsualiza tu dise\u00f1o en todo momento<\/li>\n<\/ul>\n","protected":false},"featured_media":652066,"template":"","meta":[],"product_brand":[],"product_cat":[106,9015],"product_tag":[9136],"class_list":{"0":"post-627670","1":"product","2":"type-product","3":"status-publish","4":"has-post-thumbnail","6":"product_cat-todos-los-productos","7":"product_cat-zodiac-es","8":"product_tag-zodiac-es","10":"first","11":"instock","12":"sale","13":"taxable","14":"shipping-taxable","15":"purchasable","16":"product-type-variable"},"yoast_head":"<!-- This site is optimized with the Yoast SEO Premium plugin v27.2 (Yoast SEO v27.2) - https:\/\/yoast.com\/product\/yoast-seo-premium-wordpress\/ -->\n<title>Arte zodiacal de Aries - Positive Prints<\/title>\n<meta name=\"description\" content=\"Descubre la magia del arte de los signos zodiacales: el regalo perfecto para los Aries. Conmemora su esp\u00edritu aventurero con esta extraordinaria obra maestra que inspira y trae alegr\u00eda.\" \/>\n<meta name=\"robots\" content=\"index, follow, max-snippet:-1, max-image-preview:large, max-video-preview:-1\" \/>\n<link rel=\"canonical\" href=\"https:\/\/positiveprints.com\/es\/producto\/arte-zodiacal-de-aries\/\" \/>\n<meta property=\"og:locale\" content=\"es_ES\" \/>\n<meta property=\"og:type\" content=\"article\" \/>\n<meta property=\"og:title\" content=\"Arte zodiacal de Aries\" \/>\n<meta property=\"og:description\" content=\"Celebra el esp\u00edritu intenso de Aries con este maravilloso p\u00f3ster de signos zodiacales: el regalo perfecto para ti o alguna persona especial. Conoce las cualidades que hacen que tu signo zodiacal sea especial Elige una plantilla o explota tu creatividad Escribe un texto personalizado Previsualiza tu dise\u00f1o en todo momento\" \/>\n<meta property=\"og:url\" content=\"https:\/\/positiveprints.com\/es\/producto\/arte-zodiacal-de-aries\/\" \/>\n<meta property=\"og:site_name\" content=\"Positive Prints\" \/>\n<meta property=\"article:publisher\" content=\"https:\/\/www.facebook.com\/positiveprintscom\" \/>\n<meta property=\"article:modified_time\" content=\"2026-04-12T21:03:08+00:00\" \/>\n<meta property=\"og:image\" content=\"https:\/\/positiveprints.com\/wp-content\/uploads\/2023\/08\/Aries-Zodiac-Art.jpg\" \/>\n\t<meta property=\"og:image:width\" content=\"1080\" \/>\n\t<meta property=\"og:image:height\" content=\"1080\" \/>\n\t<meta property=\"og:image:type\" content=\"image\/jpeg\" \/>\n<meta name=\"twitter:card\" content=\"summary_large_image\" \/>\n<meta name=\"twitter:label1\" content=\"Tiempo de lectura\" \/>\n\t<meta name=\"twitter:data1\" content=\"3 minutos\" \/>\n<!-- \/ Yoast SEO Premium plugin. -->","yoast_head_json":{"title":"Arte zodiacal de Aries - Positive Prints","description":"Descubre la magia del arte de los signos zodiacales: el regalo perfecto para los Aries. Conmemora su esp\u00edritu aventurero con esta extraordinaria obra maestra que inspira y trae alegr\u00eda.","robots":{"index":"index","follow":"follow","max-snippet":"max-snippet:-1","max-image-preview":"max-image-preview:large","max-video-preview":"max-video-preview:-1"},"canonical":"https:\/\/positiveprints.com\/es\/producto\/arte-zodiacal-de-aries\/","og_locale":"es_ES","og_type":"article","og_title":"Arte zodiacal de Aries","og_description":"Celebra el esp\u00edritu intenso de Aries con este maravilloso p\u00f3ster de signos zodiacales: el regalo perfecto para ti o alguna persona especial. Conoce las cualidades que hacen que tu signo zodiacal sea especial Elige una plantilla o explota tu creatividad Escribe un texto personalizado Previsualiza tu dise\u00f1o en todo momento","og_url":"https:\/\/positiveprints.com\/es\/producto\/arte-zodiacal-de-aries\/","og_site_name":"Positive Prints","article_publisher":"https:\/\/www.facebook.com\/positiveprintscom","article_modified_time":"2026-04-12T21:03:08+00:00","og_image":[{"width":1080,"height":1080,"url":"https:\/\/positiveprints.com\/wp-content\/uploads\/2023\/08\/Aries-Zodiac-Art.jpg","type":"image\/jpeg"}],"twitter_card":"summary_large_image","twitter_misc":{"Tiempo de lectura":"3 minutos"},"schema":{"@context":"https:\/\/schema.org","@graph":[{"@type":["WebPage","ItemPage"],"@id":"https:\/\/positiveprints.com\/es\/producto\/arte-zodiacal-de-aries\/","url":"https:\/\/positiveprints.com\/es\/producto\/arte-zodiacal-de-aries\/","name":"Arte zodiacal de Aries - Positive Prints","isPartOf":{"@id":"https:\/\/positiveprints.com\/es\/#website"},"primaryImageOfPage":{"@id":"https:\/\/positiveprints.com\/es\/producto\/arte-zodiacal-de-aries\/#primaryimage"},"image":{"@id":"https:\/\/positiveprints.com\/es\/producto\/arte-zodiacal-de-aries\/#primaryimage"},"thumbnailUrl":"https:\/\/positiveprints.com\/wp-content\/uploads\/2023\/08\/Aries-Zodiac-Art.jpg","datePublished":"2023-06-27T11:51:05+00:00","dateModified":"2026-04-12T21:03:08+00:00","description":"Descubre la magia del arte de los signos zodiacales: el regalo perfecto para los Aries. Conmemora su esp\u00edritu aventurero con esta extraordinaria obra maestra que inspira y trae alegr\u00eda.","breadcrumb":{"@id":"https:\/\/positiveprints.com\/es\/producto\/arte-zodiacal-de-aries\/#breadcrumb"},"inLanguage":"es","potentialAction":[{"@type":"ReadAction","target":["https:\/\/positiveprints.com\/es\/producto\/arte-zodiacal-de-aries\/"]}]},{"@type":"ImageObject","inLanguage":"es","@id":"https:\/\/positiveprints.com\/es\/producto\/arte-zodiacal-de-aries\/#primaryimage","url":"https:\/\/positiveprints.com\/wp-content\/uploads\/2023\/08\/Aries-Zodiac-Art.jpg","contentUrl":"https:\/\/positiveprints.com\/wp-content\/uploads\/2023\/08\/Aries-Zodiac-Art.jpg","width":1080,"height":1080,"caption":"Aries Zodiac Art"},{"@type":"BreadcrumbList","@id":"https:\/\/positiveprints.com\/es\/producto\/arte-zodiacal-de-aries\/#breadcrumb","itemListElement":[{"@type":"ListItem","position":1,"name":"CASA","item":"https:\/\/positiveprints.com\/es\/"},{"@type":"ListItem","position":2,"name":"Productos","item":"https:\/\/positiveprints.com\/es\/shop\/"},{"@type":"ListItem","position":3,"name":"Arte zodiacal de Aries"}]},{"@type":"WebSite","@id":"https:\/\/positiveprints.com\/es\/#website","url":"https:\/\/positiveprints.com\/es\/","name":"Positive Prints","description":"Custom Gifts for Special Occasions","publisher":{"@id":"https:\/\/positiveprints.com\/es\/#organization"},"potentialAction":[{"@type":"SearchAction","target":{"@type":"EntryPoint","urlTemplate":"https:\/\/positiveprints.com\/es\/?s={search_term_string}"},"query-input":{"@type":"PropertyValueSpecification","valueRequired":true,"valueName":"search_term_string"}}],"inLanguage":"es"},{"@type":"Organization","@id":"https:\/\/positiveprints.com\/es\/#organization","name":"Positive Prints","alternateName":"Positive Prints","url":"https:\/\/positiveprints.com\/es\/","logo":{"@type":"ImageObject","inLanguage":"es","@id":"https:\/\/positiveprints.com\/es\/#\/schema\/logo\/image\/","url":"https:\/\/positiveprints.com\/wp-content\/uploads\/2026\/03\/245815646_1337939713319158_5671353136411139666_n.png","contentUrl":"https:\/\/positiveprints.com\/wp-content\/uploads\/2026\/03\/245815646_1337939713319158_5671353136411139666_n.png","width":800,"height":800,"caption":"Positive Prints"},"image":{"@id":"https:\/\/positiveprints.com\/es\/#\/schema\/logo\/image\/"},"sameAs":["https:\/\/www.facebook.com\/positiveprintscom","https:\/\/www.instagram.com\/positiveprintscom\/","https:\/\/www.tiktok.com\/@positiveprintscom","https:\/\/www.pinterest.com\/positiveprintscom\/"]}]}},"jetpack_sharing_enabled":true,"_links":{"self":[{"href":"https:\/\/positiveprints.com\/es\/wp-json\/wp\/v2\/product\/627670","targetHints":{"allow":["GET"]}}],"collection":[{"href":"https:\/\/positiveprints.com\/es\/wp-json\/wp\/v2\/product"}],"about":[{"href":"https:\/\/positiveprints.com\/es\/wp-json\/wp\/v2\/types\/product"}],"wp:featuredmedia":[{"embeddable":true,"href":"https:\/\/positiveprints.com\/es\/wp-json\/wp\/v2\/media\/652066"}],"wp:attachment":[{"href":"https:\/\/positiveprints.com\/es\/wp-json\/wp\/v2\/media?parent=627670"}],"wp:term":[{"taxonomy":"product_brand","embeddable":true,"href":"https:\/\/positiveprints.com\/es\/wp-json\/wp\/v2\/product_brand?post=627670"},{"taxonomy":"product_cat","embeddable":true,"href":"https:\/\/positiveprints.com\/es\/wp-json\/wp\/v2\/product_cat?post=627670"},{"taxonomy":"product_tag","embeddable":true,"href":"https:\/\/positiveprints.com\/es\/wp-json\/wp\/v2\/product_tag?post=627670"}],"curies":[{"name":"wp","href":"https:\/\/api.w.org\/{rel}","templated":true}]}}