{"id":627467,"date":"2023-05-31T13:23:14","date_gmt":"2023-05-31T12:23:14","guid":{"rendered":"https:\/\/positiveprints.com\/?post_type=product&#038;p=627467"},"modified":"2026-04-18T05:44:48","modified_gmt":"2026-04-18T04:44:48","slug":"arte-de-signos-zodiacales","status":"publish","type":"product","link":"https:\/\/positiveprints.com\/es\/producto\/arte-de-signos-zodiacales\/","title":{"rendered":"Arte de signos zodiacales"},"content":{"rendered":"<h2 class=\"grenB f24 cblue\" style=\"margin-top: 3rem\">Arte personalizado de signos zodiacales para cualquier ocasi\u00f3n<\/h2>\r\n\r\n<p style=\"margin-top: 1rem\">Del\u00e9itate con el cautivador encanto del arte personalizado de los signos zodiacales, hecho a la medida para celebrar cualquier momento importante. Este extraordinario regalo es ideal para aquellos que les interesan los misterios de la astrolog\u00eda y las maravillas celestiales. Ya sea un cumplea\u00f1os, una reuni\u00f3n navide\u00f1a o simplemente un detalle inesperado, esta obra est\u00e1 destinada a llevar tu esp\u00edritu a un nuevo nivel. Con esta impresi\u00f3n o este lienzo personalizado, podr\u00e1s mostrar una representaci\u00f3n exquisita de su signo o constelaci\u00f3n zodiacal, y puedes adornarlos con un texto personalizable que le d\u00e9 un toque m\u00e1s personal para ti o esa persona especial.<\/p>\r\n\r\n<h2 class=\"grenB f24 cblue\" style=\"margin-top: 3rem\">Una creaci\u00f3n art\u00edstica simple pero personal<\/h2>\r\n\r\n<p style=\"margin-top: 1rem\">Emb\u00e1rcate en un viaje creativo y dise\u00f1a tu propio arte de signos zodiacales con nuestro intuitivo editor en l\u00ednea. Dise\u00f1ado para ser tan fluido tanto en dispositivos m\u00f3viles como en una computadora, esta plataforma f\u00e1cil de usar garantiza una experiencia placentera. Comienza seleccionando el estilo y el dise\u00f1o que resuene m\u00e1s con tu visi\u00f3n art\u00edstica. Hay varias opciones de d\u00f3nde elegir: selecciona una impresionante representaci\u00f3n de una constelaci\u00f3n repleta de estrellas o una fascinante ilustraci\u00f3n gr\u00e1fica de un signo zodiacal en espec\u00edfico. Si sientes que puedes explotar tu creatividad, puedes elegir los colores o elegir una de nuestras paletas de colores predise\u00f1adas para que solo tengas que hacer un solo clic.<\/p>\r\n\r\n<p style=\"margin-top: 1rem\">\u00a1Es tu turno! Personaliza tu creaci\u00f3n con elementos esenciales que hablen al coraz\u00f3n de esa persona especial. \u00bfTe gustar\u00eda contarle m\u00e1s sobre su piedra de nacimiento, su planeta regente o el s\u00edmbolo de su signo zodiacal? \u00a1El poder est\u00e1 en tus manos! Y si no conoces su signo, \u00a1no te preocupes! Solo debes ingresar su fecha de nacimiento y nuestro editor se encargar\u00e1 de revelar su identidad c\u00f3smica.<\/p>\r\n\r\n<p style=\"margin-top: 1rem\">Una vez que tu creatividad alcance su punto m\u00e1ximo, podr\u00e1s seleccionar el formato y tama\u00f1o que resuene armoniosamente con lo que est\u00e1s buscando. \u00bfAdornar\u00e1s las paredes con un p\u00f3ster impreso o enmarcado, irradiar\u00e1s elegancia con un lienzo de alta calidad o manifestar\u00e1s su esencia et\u00e9rea con una descarga digital instant\u00e1nea? \u00a1La decisi\u00f3n es tuya!<\/p>\r\n\r\n<h2 class=\"grenB f24 cblue\" style=\"margin-top: 3rem\">Un regalo extraordinario para los creyentes de la astrolog\u00eda<\/h2>\r\n\r\n<p style=\"margin-top: 1rem\">Permite que el arte de signos zodiacales ilumine el camino de los creyentes. Este es un regalo \u00fanico, testimonio de tu ilimitado afecto. Si existe una persona especial en tu vida, cuyos ojos bailan entre las constelaciones y su mente busca consuelo en el enigm\u00e1tico universo, este regalo es un catalizador innegable para su deleite. La exclusividad se convierte en el tejido mismo de este detalle, ya que no se puede encontrar en ninguna tienda del planeta. Adem\u00e1s, crear este extraordinario regalo con nuestro editor en l\u00ednea es muy f\u00e1cil. \u00a1No busques m\u00e1s! Crea una obra de arte zodiacal personalizada y dale vida al mundo de esa persona especial.<\/p>","protected":false},"excerpt":{"rendered":"<ul class=\"check-list\">\n<li>Muestra la personalidad y los rasgos astrol\u00f3gicos de esa persona con un p\u00f3ster de signos zodiacales<\/li>\n<li>Conoce las cualidades que hacen que tu signo zodiacal sea especial<\/li>\n<li>Elige una plantilla o explota tu creatividad<\/li>\n<li>Escribe un texto personalizado<\/li>\n<li>Previsualiza tu dise\u00f1o en todo momento<\/li>\n<\/ul>\n","protected":false},"featured_media":1527187,"template":"","meta":[],"product_brand":[],"product_cat":[11595,11596,11597,11598,11640,11641,11642,11643,15115,265,8250,106,9015],"product_tag":[14920,15533],"class_list":{"0":"post-627467","1":"product","2":"type-product","3":"status-publish","4":"has-post-thumbnail","6":"product_cat-18-cumpleanos","7":"product_cat-21-cumpleanos","8":"product_cat-30-cumpleanos","9":"product_cat-40-cumpleanos","10":"product_cat-50-cumpleanos","11":"product_cat-60-cumpleanos","12":"product_cat-70-cumpleanos","13":"product_cat-80-cumpleanos","14":"product_cat-bestsellers-menu-es","15":"product_cat-creators-es-2","16":"product_cat-digital-products-es","17":"product_cat-todos-los-productos","18":"product_cat-zodiac-es","19":"product_tag-creators-es-2","20":"product_tag-poster-signo-del-zodiaco","22":"first","23":"instock","24":"sale","25":"taxable","26":"shipping-taxable","27":"purchasable","28":"product-type-variable"},"yoast_head":"<!-- This site is optimized with the Yoast SEO Premium plugin v27.2 (Yoast SEO v27.2) - https:\/\/yoast.com\/product\/yoast-seo-premium-wordpress\/ -->\n<title>Arte de signos zodiacales - Positive Prints<\/title>\n<meta name=\"description\" content=\"Libera la magia del arte de los signos zodiacales: el regalo perfecto para los amantes de la astrolog\u00eda. Conmemora su distintiva personalidad con esta extraordinaria obra maestra que inspira y trae alegr\u00eda.\" \/>\n<meta name=\"robots\" content=\"index, follow, max-snippet:-1, max-image-preview:large, max-video-preview:-1\" \/>\n<link rel=\"canonical\" href=\"https:\/\/positiveprints.com\/es\/producto\/arte-de-signos-zodiacales\/\" \/>\n<meta property=\"og:locale\" content=\"es_ES\" \/>\n<meta property=\"og:type\" content=\"article\" \/>\n<meta property=\"og:title\" content=\"Arte de signos zodiacales\" \/>\n<meta property=\"og:description\" content=\"Muestra la personalidad y los rasgos astrol\u00f3gicos de esa persona con un p\u00f3ster de signos zodiacales  Conoce las cualidades que hacen que tu signo zodiacal sea especial  Elige una plantilla o explota tu creatividad  Escribe un texto personalizado  Previsualiza tu dise\u00f1o en todo momento\" \/>\n<meta property=\"og:url\" content=\"https:\/\/positiveprints.com\/es\/producto\/arte-de-signos-zodiacales\/\" \/>\n<meta property=\"og:site_name\" content=\"Positive Prints\" \/>\n<meta property=\"article:publisher\" content=\"https:\/\/www.facebook.com\/positiveprintscom\" \/>\n<meta property=\"article:modified_time\" content=\"2026-04-18T04:44:48+00:00\" \/>\n<meta property=\"og:image\" content=\"https:\/\/positiveprints.com\/wp-content\/uploads\/2023\/08\/Arte-de-signos-zodiacales.jpg\" \/>\n\t<meta property=\"og:image:width\" content=\"1080\" \/>\n\t<meta property=\"og:image:height\" content=\"1080\" \/>\n\t<meta property=\"og:image:type\" content=\"image\/jpeg\" \/>\n<meta name=\"twitter:card\" content=\"summary_large_image\" \/>\n<meta name=\"twitter:label1\" content=\"Tiempo de lectura\" \/>\n\t<meta name=\"twitter:data1\" content=\"3 minutos\" \/>\n<!-- \/ Yoast SEO Premium plugin. -->","yoast_head_json":{"title":"Arte de signos zodiacales - Positive Prints","description":"Libera la magia del arte de los signos zodiacales: el regalo perfecto para los amantes de la astrolog\u00eda. Conmemora su distintiva personalidad con esta extraordinaria obra maestra que inspira y trae alegr\u00eda.","robots":{"index":"index","follow":"follow","max-snippet":"max-snippet:-1","max-image-preview":"max-image-preview:large","max-video-preview":"max-video-preview:-1"},"canonical":"https:\/\/positiveprints.com\/es\/producto\/arte-de-signos-zodiacales\/","og_locale":"es_ES","og_type":"article","og_title":"Arte de signos zodiacales","og_description":"Muestra la personalidad y los rasgos astrol\u00f3gicos de esa persona con un p\u00f3ster de signos zodiacales  Conoce las cualidades que hacen que tu signo zodiacal sea especial  Elige una plantilla o explota tu creatividad  Escribe un texto personalizado  Previsualiza tu dise\u00f1o en todo momento","og_url":"https:\/\/positiveprints.com\/es\/producto\/arte-de-signos-zodiacales\/","og_site_name":"Positive Prints","article_publisher":"https:\/\/www.facebook.com\/positiveprintscom","article_modified_time":"2026-04-18T04:44:48+00:00","og_image":[{"width":1080,"height":1080,"url":"https:\/\/positiveprints.com\/wp-content\/uploads\/2023\/08\/Arte-de-signos-zodiacales.jpg","type":"image\/jpeg"}],"twitter_card":"summary_large_image","twitter_misc":{"Tiempo de lectura":"3 minutos"},"schema":{"@context":"https:\/\/schema.org","@graph":[{"@type":["WebPage","ItemPage"],"@id":"https:\/\/positiveprints.com\/es\/producto\/arte-de-signos-zodiacales\/","url":"https:\/\/positiveprints.com\/es\/producto\/arte-de-signos-zodiacales\/","name":"Arte de signos zodiacales - Positive Prints","isPartOf":{"@id":"https:\/\/positiveprints.com\/es\/#website"},"primaryImageOfPage":{"@id":"https:\/\/positiveprints.com\/es\/producto\/arte-de-signos-zodiacales\/#primaryimage"},"image":{"@id":"https:\/\/positiveprints.com\/es\/producto\/arte-de-signos-zodiacales\/#primaryimage"},"thumbnailUrl":"https:\/\/positiveprints.com\/wp-content\/uploads\/2025\/09\/Packshot_ES_Arte-de-signos-zodiacales.webp","datePublished":"2023-05-31T12:23:14+00:00","dateModified":"2026-04-18T04:44:48+00:00","description":"Libera la magia del arte de los signos zodiacales: el regalo perfecto para los amantes de la astrolog\u00eda. Conmemora su distintiva personalidad con esta extraordinaria obra maestra que inspira y trae alegr\u00eda.","breadcrumb":{"@id":"https:\/\/positiveprints.com\/es\/producto\/arte-de-signos-zodiacales\/#breadcrumb"},"inLanguage":"es","potentialAction":[{"@type":"ReadAction","target":["https:\/\/positiveprints.com\/es\/producto\/arte-de-signos-zodiacales\/"]}]},{"@type":"ImageObject","inLanguage":"es","@id":"https:\/\/positiveprints.com\/es\/producto\/arte-de-signos-zodiacales\/#primaryimage","url":"https:\/\/positiveprints.com\/wp-content\/uploads\/2025\/09\/Packshot_ES_Arte-de-signos-zodiacales.webp","contentUrl":"https:\/\/positiveprints.com\/wp-content\/uploads\/2025\/09\/Packshot_ES_Arte-de-signos-zodiacales.webp","width":1450,"height":1450},{"@type":"BreadcrumbList","@id":"https:\/\/positiveprints.com\/es\/producto\/arte-de-signos-zodiacales\/#breadcrumb","itemListElement":[{"@type":"ListItem","position":1,"name":"CASA","item":"https:\/\/positiveprints.com\/es\/"},{"@type":"ListItem","position":2,"name":"Productos","item":"https:\/\/positiveprints.com\/es\/shop\/"},{"@type":"ListItem","position":3,"name":"Arte de signos zodiacales"}]},{"@type":"WebSite","@id":"https:\/\/positiveprints.com\/es\/#website","url":"https:\/\/positiveprints.com\/es\/","name":"Positive Prints","description":"Custom Gifts for Special Occasions","publisher":{"@id":"https:\/\/positiveprints.com\/es\/#organization"},"potentialAction":[{"@type":"SearchAction","target":{"@type":"EntryPoint","urlTemplate":"https:\/\/positiveprints.com\/es\/?s={search_term_string}"},"query-input":{"@type":"PropertyValueSpecification","valueRequired":true,"valueName":"search_term_string"}}],"inLanguage":"es"},{"@type":"Organization","@id":"https:\/\/positiveprints.com\/es\/#organization","name":"Positive Prints","alternateName":"Positive Prints","url":"https:\/\/positiveprints.com\/es\/","logo":{"@type":"ImageObject","inLanguage":"es","@id":"https:\/\/positiveprints.com\/es\/#\/schema\/logo\/image\/","url":"https:\/\/positiveprints.com\/wp-content\/uploads\/2026\/03\/245815646_1337939713319158_5671353136411139666_n.png","contentUrl":"https:\/\/positiveprints.com\/wp-content\/uploads\/2026\/03\/245815646_1337939713319158_5671353136411139666_n.png","width":800,"height":800,"caption":"Positive Prints"},"image":{"@id":"https:\/\/positiveprints.com\/es\/#\/schema\/logo\/image\/"},"sameAs":["https:\/\/www.facebook.com\/positiveprintscom","https:\/\/www.instagram.com\/positiveprintscom\/","https:\/\/www.tiktok.com\/@positiveprintscom","https:\/\/www.pinterest.com\/positiveprintscom\/"]}]}},"jetpack_sharing_enabled":true,"_links":{"self":[{"href":"https:\/\/positiveprints.com\/es\/wp-json\/wp\/v2\/product\/627467","targetHints":{"allow":["GET"]}}],"collection":[{"href":"https:\/\/positiveprints.com\/es\/wp-json\/wp\/v2\/product"}],"about":[{"href":"https:\/\/positiveprints.com\/es\/wp-json\/wp\/v2\/types\/product"}],"wp:featuredmedia":[{"embeddable":true,"href":"https:\/\/positiveprints.com\/es\/wp-json\/wp\/v2\/media\/1527187"}],"wp:attachment":[{"href":"https:\/\/positiveprints.com\/es\/wp-json\/wp\/v2\/media?parent=627467"}],"wp:term":[{"taxonomy":"product_brand","embeddable":true,"href":"https:\/\/positiveprints.com\/es\/wp-json\/wp\/v2\/product_brand?post=627467"},{"taxonomy":"product_cat","embeddable":true,"href":"https:\/\/positiveprints.com\/es\/wp-json\/wp\/v2\/product_cat?post=627467"},{"taxonomy":"product_tag","embeddable":true,"href":"https:\/\/positiveprints.com\/es\/wp-json\/wp\/v2\/product_tag?post=627467"}],"curies":[{"name":"wp","href":"https:\/\/api.w.org\/{rel}","templated":true}]}}