{"id":621610,"date":"2023-05-12T11:56:53","date_gmt":"2023-05-12T10:56:53","guid":{"rendered":"https:\/\/positiveprints.com\/?post_type=product&#038;p=621610"},"modified":"2026-04-18T05:48:06","modified_gmt":"2026-04-18T04:48:06","slug":"producto-collage-fotografico-de-letras-para-tu-padrastro","status":"publish","type":"product","link":"https:\/\/positiveprints.com\/es\/producto\/producto-collage-fotografico-de-letras-para-tu-padrastro\/","title":{"rendered":"Collage de fotos para tu padrastro"},"content":{"rendered":"","protected":false},"excerpt":{"rendered":"<ul class=\"check-list\">\n<li>Incluye un mensaje especial que le recuerde cu\u00e1n importante \u00e9l es para ti<\/li>\n<li>Personal\u00edzalo en 3 simples pasos<\/li>\n<li>Elige una plantilla o deja fluir tu imaginaci\u00f3n y crea tu propio un dise\u00f1o desde cero<\/li>\n<li>Visualiza tu dise\u00f1o al instante con nuestra vista previa interactiva<\/li>\n<\/ul>\n","protected":false},"featured_media":1669697,"template":"","meta":[],"product_brand":[],"product_cat":[9124,106],"product_tag":[12792],"class_list":{"0":"post-621610","1":"product","2":"type-product","3":"status-publish","4":"has-post-thumbnail","6":"product_cat-photo-letter-es","7":"product_cat-todos-los-productos","8":"product_tag-bonus-dad-es","10":"first","11":"instock","12":"sale","13":"taxable","14":"shipping-taxable","15":"purchasable","16":"product-type-variable"},"yoast_head":"<!-- This site is optimized with the Yoast SEO Premium plugin v27.2 (Yoast SEO v27.2) - https:\/\/yoast.com\/product\/yoast-seo-premium-wordpress\/ -->\n<title>Collage de fotos para tu padrastro - Positive Prints<\/title>\n<meta name=\"description\" content=\"Agrad\u00e9cele a tu padrastro con un collage fotogr\u00e1fico de letras que muestre todos los momentos especiales que hab\u00e9is compartido juntos desde que se convirti\u00f3 en tu figura paterna.\" \/>\n<meta name=\"robots\" content=\"index, follow, max-snippet:-1, max-image-preview:large, max-video-preview:-1\" \/>\n<link rel=\"canonical\" href=\"https:\/\/positiveprints.com\/es\/producto\/producto-collage-fotografico-de-letras-para-tu-padrastro\/\" \/>\n<meta property=\"og:locale\" content=\"es_ES\" \/>\n<meta property=\"og:type\" content=\"article\" \/>\n<meta property=\"og:title\" content=\"Collage de fotos para tu padrastro\" \/>\n<meta property=\"og:description\" content=\"Incluye un mensaje especial que le recuerde cu\u00e1n importante \u00e9l es para ti  Personal\u00edzalo en 3 simples pasos  Elige una plantilla o deja fluir tu imaginaci\u00f3n y crea tu propio un dise\u00f1o desde cero  Visualiza tu dise\u00f1o al instante con nuestra vista previa interactiva\" \/>\n<meta property=\"og:url\" content=\"https:\/\/positiveprints.com\/es\/producto\/producto-collage-fotografico-de-letras-para-tu-padrastro\/\" \/>\n<meta property=\"og:site_name\" content=\"Positive Prints\" \/>\n<meta property=\"article:publisher\" content=\"https:\/\/www.facebook.com\/positiveprintscom\" \/>\n<meta property=\"article:modified_time\" content=\"2026-04-18T04:48:06+00:00\" \/>\n<meta property=\"og:image\" content=\"https:\/\/positiveprints.com\/wp-content\/uploads\/2025\/03\/Collage-de-fotos-para-tu-padre-postizo-1.webp\" \/>\n\t<meta property=\"og:image:width\" content=\"1450\" \/>\n\t<meta property=\"og:image:height\" content=\"1450\" \/>\n\t<meta property=\"og:image:type\" content=\"image\/webp\" \/>\n<meta name=\"twitter:card\" content=\"summary_large_image\" \/>\n<meta name=\"twitter:label1\" content=\"Tiempo de lectura\" \/>\n\t<meta name=\"twitter:data1\" content=\"1 minuto\" \/>\n<!-- \/ Yoast SEO Premium plugin. -->","yoast_head_json":{"title":"Collage de fotos para tu padrastro - Positive Prints","description":"Agrad\u00e9cele a tu padrastro con un collage fotogr\u00e1fico de letras que muestre todos los momentos especiales que hab\u00e9is compartido juntos desde que se convirti\u00f3 en tu figura paterna.","robots":{"index":"index","follow":"follow","max-snippet":"max-snippet:-1","max-image-preview":"max-image-preview:large","max-video-preview":"max-video-preview:-1"},"canonical":"https:\/\/positiveprints.com\/es\/producto\/producto-collage-fotografico-de-letras-para-tu-padrastro\/","og_locale":"es_ES","og_type":"article","og_title":"Collage de fotos para tu padrastro","og_description":"Incluye un mensaje especial que le recuerde cu\u00e1n importante \u00e9l es para ti  Personal\u00edzalo en 3 simples pasos  Elige una plantilla o deja fluir tu imaginaci\u00f3n y crea tu propio un dise\u00f1o desde cero  Visualiza tu dise\u00f1o al instante con nuestra vista previa interactiva","og_url":"https:\/\/positiveprints.com\/es\/producto\/producto-collage-fotografico-de-letras-para-tu-padrastro\/","og_site_name":"Positive Prints","article_publisher":"https:\/\/www.facebook.com\/positiveprintscom","article_modified_time":"2026-04-18T04:48:06+00:00","og_image":[{"width":1450,"height":1450,"url":"https:\/\/positiveprints.com\/wp-content\/uploads\/2025\/03\/Collage-de-fotos-para-tu-padre-postizo-1.webp","type":"image\/webp"}],"twitter_card":"summary_large_image","twitter_misc":{"Tiempo de lectura":"1 minuto"},"schema":{"@context":"https:\/\/schema.org","@graph":[{"@type":["WebPage","ItemPage"],"@id":"https:\/\/positiveprints.com\/es\/producto\/producto-collage-fotografico-de-letras-para-tu-padrastro\/","url":"https:\/\/positiveprints.com\/es\/producto\/producto-collage-fotografico-de-letras-para-tu-padrastro\/","name":"Collage de fotos para tu padrastro - Positive Prints","isPartOf":{"@id":"https:\/\/positiveprints.com\/es\/#website"},"primaryImageOfPage":{"@id":"https:\/\/positiveprints.com\/es\/producto\/producto-collage-fotografico-de-letras-para-tu-padrastro\/#primaryimage"},"image":{"@id":"https:\/\/positiveprints.com\/es\/producto\/producto-collage-fotografico-de-letras-para-tu-padrastro\/#primaryimage"},"thumbnailUrl":"https:\/\/positiveprints.com\/wp-content\/uploads\/2026\/03\/bonuspapa_ES.webp","datePublished":"2023-05-12T10:56:53+00:00","dateModified":"2026-04-18T04:48:06+00:00","description":"Agrad\u00e9cele a tu padrastro con un collage fotogr\u00e1fico de letras que muestre todos los momentos especiales que hab\u00e9is compartido juntos desde que se convirti\u00f3 en tu figura paterna.","breadcrumb":{"@id":"https:\/\/positiveprints.com\/es\/producto\/producto-collage-fotografico-de-letras-para-tu-padrastro\/#breadcrumb"},"inLanguage":"es","potentialAction":[{"@type":"ReadAction","target":["https:\/\/positiveprints.com\/es\/producto\/producto-collage-fotografico-de-letras-para-tu-padrastro\/"]}]},{"@type":"ImageObject","inLanguage":"es","@id":"https:\/\/positiveprints.com\/es\/producto\/producto-collage-fotografico-de-letras-para-tu-padrastro\/#primaryimage","url":"https:\/\/positiveprints.com\/wp-content\/uploads\/2026\/03\/bonuspapa_ES.webp","contentUrl":"https:\/\/positiveprints.com\/wp-content\/uploads\/2026\/03\/bonuspapa_ES.webp","width":1450,"height":1450},{"@type":"BreadcrumbList","@id":"https:\/\/positiveprints.com\/es\/producto\/producto-collage-fotografico-de-letras-para-tu-padrastro\/#breadcrumb","itemListElement":[{"@type":"ListItem","position":1,"name":"CASA","item":"https:\/\/positiveprints.com\/es\/"},{"@type":"ListItem","position":2,"name":"Productos","item":"https:\/\/positiveprints.com\/es\/shop\/"},{"@type":"ListItem","position":3,"name":"Collage de fotos para tu padrastro"}]},{"@type":"WebSite","@id":"https:\/\/positiveprints.com\/es\/#website","url":"https:\/\/positiveprints.com\/es\/","name":"Positive Prints","description":"Custom Gifts for Special Occasions","publisher":{"@id":"https:\/\/positiveprints.com\/es\/#organization"},"potentialAction":[{"@type":"SearchAction","target":{"@type":"EntryPoint","urlTemplate":"https:\/\/positiveprints.com\/es\/?s={search_term_string}"},"query-input":{"@type":"PropertyValueSpecification","valueRequired":true,"valueName":"search_term_string"}}],"inLanguage":"es"},{"@type":"Organization","@id":"https:\/\/positiveprints.com\/es\/#organization","name":"Positive Prints","alternateName":"Positive Prints","url":"https:\/\/positiveprints.com\/es\/","logo":{"@type":"ImageObject","inLanguage":"es","@id":"https:\/\/positiveprints.com\/es\/#\/schema\/logo\/image\/","url":"https:\/\/positiveprints.com\/wp-content\/uploads\/2026\/03\/245815646_1337939713319158_5671353136411139666_n.png","contentUrl":"https:\/\/positiveprints.com\/wp-content\/uploads\/2026\/03\/245815646_1337939713319158_5671353136411139666_n.png","width":800,"height":800,"caption":"Positive Prints"},"image":{"@id":"https:\/\/positiveprints.com\/es\/#\/schema\/logo\/image\/"},"sameAs":["https:\/\/www.facebook.com\/positiveprintscom","https:\/\/www.instagram.com\/positiveprintscom\/","https:\/\/www.tiktok.com\/@positiveprintscom","https:\/\/www.pinterest.com\/positiveprintscom\/"]}]}},"jetpack_sharing_enabled":true,"_links":{"self":[{"href":"https:\/\/positiveprints.com\/es\/wp-json\/wp\/v2\/product\/621610","targetHints":{"allow":["GET"]}}],"collection":[{"href":"https:\/\/positiveprints.com\/es\/wp-json\/wp\/v2\/product"}],"about":[{"href":"https:\/\/positiveprints.com\/es\/wp-json\/wp\/v2\/types\/product"}],"wp:featuredmedia":[{"embeddable":true,"href":"https:\/\/positiveprints.com\/es\/wp-json\/wp\/v2\/media\/1669697"}],"wp:attachment":[{"href":"https:\/\/positiveprints.com\/es\/wp-json\/wp\/v2\/media?parent=621610"}],"wp:term":[{"taxonomy":"product_brand","embeddable":true,"href":"https:\/\/positiveprints.com\/es\/wp-json\/wp\/v2\/product_brand?post=621610"},{"taxonomy":"product_cat","embeddable":true,"href":"https:\/\/positiveprints.com\/es\/wp-json\/wp\/v2\/product_cat?post=621610"},{"taxonomy":"product_tag","embeddable":true,"href":"https:\/\/positiveprints.com\/es\/wp-json\/wp\/v2\/product_tag?post=621610"}],"curies":[{"name":"wp","href":"https:\/\/api.w.org\/{rel}","templated":true}]}}