{"id":621593,"date":"2023-05-11T12:45:39","date_gmt":"2023-05-11T11:45:39","guid":{"rendered":"https:\/\/positiveprints.com\/?post_type=product&#038;p=621593"},"modified":"2026-04-28T14:20:06","modified_gmt":"2026-04-28T13:20:06","slug":"collage-de-letras-para-tu-hermano","status":"publish","type":"product","link":"https:\/\/positiveprints.com\/es\/producto\/collage-de-letras-para-tu-hermano\/","title":{"rendered":"Collage de letras para tu hermano"},"content":{"rendered":"<p style=\"margin-top: 1rem;\">Expresa tu creatividad y celebra los momentos especiales de tu hermano con un regalo personalizado: un collage fotogr\u00e1fico de letras para tu hermano. Ya sea su cumplea\u00f1os, Navidad o simplemente quieras regalarle algo espont\u00e1neo, nuestro collage fotogr\u00e1fico de letras para tu hermano es una gran manera de expresarle cu\u00e1nto lo quieres de forma creativa y \u00fanica. Elige una palabra personalizada como &#8220;hermano&#8221; o &#8220;amigo&#8221;, o elige las letras que m\u00e1s te gusten para colocar las fotos de ustedes dos. Ya que hay muchas opciones de personalizaci\u00f3n, puedes crear una obra de arte est\u00e9ticamente hermosa y sentimental.<\/p>\r\n<p style=\"margin-top: 1rem;\">Crear tu propio collage fotogr\u00e1fico de letras para tu hermano es f\u00e1cil y r\u00e1pido. Elige la palabra que mejor represente su relaci\u00f3n. Sube las fotos que m\u00e1s te gusten y elige las que quieras usar en cada letra. Puedes acercar o alejar la imagen y ajustar la posici\u00f3n para que se adapte a lo que tengas en mente. Personaliza tu dise\u00f1o a\u00fan m\u00e1s agreg\u00e1ndole un texto personal para darle un toque especial. En Positive Prints, tenemos una variedad de formatos y tama\u00f1os de donde elegir para que tengas el regalo perfecto en tus manos. Puedes pedirlo como p\u00f3ster impreso o enmarcado, lienzo, o como descarga digital instant\u00e1nea: \u00a1todos con la m\u00e1s alta calidad!<\/p>\r\n<p style=\"margin-top: 1rem;\">Los hermanos a menudo tienen lazos m\u00e1s fuertes y no merecen nada m\u00e1s que lo mejor para conmemorar ese v\u00ednculo. Entonces, \u00bfpor qu\u00e9 no elevar el arte de regalar y crear una obra inolvidable? Nuestro collage fotogr\u00e1fico de letras para tu hermano lo har\u00e1 sentir querido y considerado. Tu hermano se sentir\u00e1 tan agradecido de tener una obra de arte que conmemore todos los momentos especiales que han pasado juntos y podr\u00e1 atesorarlos en su coraz\u00f3n.<\/p>\r\n<p style=\"margin-top: 1rem;\">\u00a1Crea un collage fotogr\u00e1fico de letras para tu hermano y demu\u00e9strale a tu hermano cu\u00e1nto lo quieres! Es un regalo inolvidable que no se puede encontrar en cualquier lugar. \u00a1D\u00e9janos darle vida a tu creaci\u00f3n con un collage fotogr\u00e1fico de letras!<\/p>","protected":false},"excerpt":{"rendered":"<ul class=\"check-list\">\n<li>A\u00f1ade un mensaje personalizado para que\u00a0tu dise\u00f1o sea \u00fanico y especiall<\/li>\n<li>Usa nuestro editor para personalizar tu dise\u00f1o en apenas tres pasos<\/li>\n<li>Elige una plantilla o deja volar tu imaginaci\u00f3n y crea tu propio dise\u00f1o <\/li>\n<li>Visualiza tu dise\u00f1o de forma r\u00e1pida usando la vista previa interactiva<\/li>\n<\/ul>\n","protected":false},"featured_media":1668058,"template":"","meta":[],"product_brand":[],"product_cat":[9280,9124,106,5270,11449,7629],"product_tag":[12628,17190,12629,15267],"class_list":{"0":"post-621593","1":"product","2":"type-product","3":"status-publish","4":"has-post-thumbnail","6":"product_cat-bestsellers-label-es","7":"product_cat-photo-letter-es","8":"product_cat-todos-los-productos","9":"product_cat-regalos-de-navidad","10":"product_cat-regalos-de-navidad-para-el-hermano","11":"product_cat-regalos-para-mi-hermano","12":"product_tag-hermano","13":"product_tag-regalo-para-hermano","14":"product_tag-regalos-para-hermano","15":"product_tag-weihnachtsgeschenke-fuer-den-bruder","17":"first","18":"instock","19":"sale","20":"taxable","21":"shipping-taxable","22":"purchasable","23":"product-type-variable"},"yoast_head":"<!-- This site is optimized with the Yoast SEO Premium plugin v27.2 (Yoast SEO v27.2) - https:\/\/yoast.com\/product\/yoast-seo-premium-wordpress\/ -->\n<title>Collage de letras para tu hermano - Positive Prints<\/title>\n<meta name=\"description\" content=\"\u00a1Celebra tu cari\u00f1o y conexi\u00f3n que tienes con tu hermano con un regalo \u00fanico! Dise\u00f1a un collage de fotos personalizado lleno de recuerdos inolvidables en cada letra.\" \/>\n<meta name=\"robots\" content=\"index, follow, max-snippet:-1, max-image-preview:large, max-video-preview:-1\" \/>\n<link rel=\"canonical\" href=\"https:\/\/positiveprints.com\/es\/producto\/collage-de-letras-para-tu-hermano\/\" \/>\n<meta property=\"og:locale\" content=\"es_ES\" \/>\n<meta property=\"og:type\" content=\"article\" \/>\n<meta property=\"og:title\" content=\"Collage de letras para tu hermano\" \/>\n<meta property=\"og:description\" content=\"A\u00f1ade un mensaje personalizado para que\u00a0tu dise\u00f1o sea \u00fanico y especiall      Usa nuestro editor para personalizar tu dise\u00f1o en apenas tres pasos      Elige una plantilla o deja volar tu imaginaci\u00f3n y crea tu propio dise\u00f1o      Visualiza tu dise\u00f1o de forma r\u00e1pida usando la vista previa interactiva\" \/>\n<meta property=\"og:url\" content=\"https:\/\/positiveprints.com\/es\/producto\/collage-de-letras-para-tu-hermano\/\" \/>\n<meta property=\"og:site_name\" content=\"Positive Prints\" \/>\n<meta property=\"article:publisher\" content=\"https:\/\/www.facebook.com\/positiveprintscom\" \/>\n<meta property=\"article:modified_time\" content=\"2026-04-28T13:20:06+00:00\" \/>\n<meta property=\"og:image\" content=\"https:\/\/positiveprints.com\/wp-content\/uploads\/2025\/03\/Collage-fotografico-de-letras-para-tu-hermano-1.webp\" \/>\n\t<meta property=\"og:image:width\" content=\"1450\" \/>\n\t<meta property=\"og:image:height\" content=\"1450\" \/>\n\t<meta property=\"og:image:type\" content=\"image\/webp\" \/>\n<meta name=\"twitter:card\" content=\"summary_large_image\" \/>\n<!-- \/ Yoast SEO Premium plugin. -->","yoast_head_json":{"title":"Collage de letras para tu hermano - Positive Prints","description":"\u00a1Celebra tu cari\u00f1o y conexi\u00f3n que tienes con tu hermano con un regalo \u00fanico! Dise\u00f1a un collage de fotos personalizado lleno de recuerdos inolvidables en cada letra.","robots":{"index":"index","follow":"follow","max-snippet":"max-snippet:-1","max-image-preview":"max-image-preview:large","max-video-preview":"max-video-preview:-1"},"canonical":"https:\/\/positiveprints.com\/es\/producto\/collage-de-letras-para-tu-hermano\/","og_locale":"es_ES","og_type":"article","og_title":"Collage de letras para tu hermano","og_description":"A\u00f1ade un mensaje personalizado para que\u00a0tu dise\u00f1o sea \u00fanico y especiall      Usa nuestro editor para personalizar tu dise\u00f1o en apenas tres pasos      Elige una plantilla o deja volar tu imaginaci\u00f3n y crea tu propio dise\u00f1o      Visualiza tu dise\u00f1o de forma r\u00e1pida usando la vista previa interactiva","og_url":"https:\/\/positiveprints.com\/es\/producto\/collage-de-letras-para-tu-hermano\/","og_site_name":"Positive Prints","article_publisher":"https:\/\/www.facebook.com\/positiveprintscom","article_modified_time":"2026-04-28T13:20:06+00:00","og_image":[{"width":1450,"height":1450,"url":"https:\/\/positiveprints.com\/wp-content\/uploads\/2025\/03\/Collage-fotografico-de-letras-para-tu-hermano-1.webp","type":"image\/webp"}],"twitter_card":"summary_large_image","schema":{"@context":"https:\/\/schema.org","@graph":[{"@type":["WebPage","ItemPage"],"@id":"https:\/\/positiveprints.com\/es\/producto\/collage-de-letras-para-tu-hermano\/","url":"https:\/\/positiveprints.com\/es\/producto\/collage-de-letras-para-tu-hermano\/","name":"Collage de letras para tu hermano - Positive Prints","isPartOf":{"@id":"https:\/\/positiveprints.com\/es\/#website"},"primaryImageOfPage":{"@id":"https:\/\/positiveprints.com\/es\/producto\/collage-de-letras-para-tu-hermano\/#primaryimage"},"image":{"@id":"https:\/\/positiveprints.com\/es\/producto\/collage-de-letras-para-tu-hermano\/#primaryimage"},"thumbnailUrl":"https:\/\/positiveprints.com\/wp-content\/uploads\/2026\/03\/hermano-ES-packshot-.webp","datePublished":"2023-05-11T11:45:39+00:00","dateModified":"2026-04-28T13:20:06+00:00","description":"\u00a1Celebra tu cari\u00f1o y conexi\u00f3n que tienes con tu hermano con un regalo \u00fanico! Dise\u00f1a un collage de fotos personalizado lleno de recuerdos inolvidables en cada letra.","breadcrumb":{"@id":"https:\/\/positiveprints.com\/es\/producto\/collage-de-letras-para-tu-hermano\/#breadcrumb"},"inLanguage":"es","potentialAction":[{"@type":"ReadAction","target":["https:\/\/positiveprints.com\/es\/producto\/collage-de-letras-para-tu-hermano\/"]}]},{"@type":"ImageObject","inLanguage":"es","@id":"https:\/\/positiveprints.com\/es\/producto\/collage-de-letras-para-tu-hermano\/#primaryimage","url":"https:\/\/positiveprints.com\/wp-content\/uploads\/2026\/03\/hermano-ES-packshot-.webp","contentUrl":"https:\/\/positiveprints.com\/wp-content\/uploads\/2026\/03\/hermano-ES-packshot-.webp","width":1450,"height":1450},{"@type":"BreadcrumbList","@id":"https:\/\/positiveprints.com\/es\/producto\/collage-de-letras-para-tu-hermano\/#breadcrumb","itemListElement":[{"@type":"ListItem","position":1,"name":"CASA","item":"https:\/\/positiveprints.com\/es\/"},{"@type":"ListItem","position":2,"name":"Productos","item":"https:\/\/positiveprints.com\/es\/shop\/"},{"@type":"ListItem","position":3,"name":"Collage de letras para tu hermano"}]},{"@type":"WebSite","@id":"https:\/\/positiveprints.com\/es\/#website","url":"https:\/\/positiveprints.com\/es\/","name":"Positive Prints","description":"Custom Gifts for Special Occasions","publisher":{"@id":"https:\/\/positiveprints.com\/es\/#organization"},"potentialAction":[{"@type":"SearchAction","target":{"@type":"EntryPoint","urlTemplate":"https:\/\/positiveprints.com\/es\/?s={search_term_string}"},"query-input":{"@type":"PropertyValueSpecification","valueRequired":true,"valueName":"search_term_string"}}],"inLanguage":"es"},{"@type":"Organization","@id":"https:\/\/positiveprints.com\/es\/#organization","name":"Positive Prints","alternateName":"Positive Prints ","url":"https:\/\/positiveprints.com\/es\/","logo":{"@type":"ImageObject","inLanguage":"es","@id":"https:\/\/positiveprints.com\/es\/#\/schema\/logo\/image\/","url":"https:\/\/positiveprints.com\/wp-content\/uploads\/2026\/03\/245815646_1337939713319158_5671353136411139666_n.png","contentUrl":"https:\/\/positiveprints.com\/wp-content\/uploads\/2026\/03\/245815646_1337939713319158_5671353136411139666_n.png","width":800,"height":800,"caption":"Positive Prints"},"image":{"@id":"https:\/\/positiveprints.com\/es\/#\/schema\/logo\/image\/"},"sameAs":["https:\/\/www.facebook.com\/positiveprintscom","https:\/\/www.instagram.com\/positiveprintscom\/","https:\/\/www.tiktok.com\/@positiveprintscom","https:\/\/www.pinterest.com\/positiveprintscom\/"]}]}},"jetpack_sharing_enabled":true,"_links":{"self":[{"href":"https:\/\/positiveprints.com\/es\/wp-json\/wp\/v2\/product\/621593","targetHints":{"allow":["GET"]}}],"collection":[{"href":"https:\/\/positiveprints.com\/es\/wp-json\/wp\/v2\/product"}],"about":[{"href":"https:\/\/positiveprints.com\/es\/wp-json\/wp\/v2\/types\/product"}],"wp:featuredmedia":[{"embeddable":true,"href":"https:\/\/positiveprints.com\/es\/wp-json\/wp\/v2\/media\/1668058"}],"wp:attachment":[{"href":"https:\/\/positiveprints.com\/es\/wp-json\/wp\/v2\/media?parent=621593"}],"wp:term":[{"taxonomy":"product_brand","embeddable":true,"href":"https:\/\/positiveprints.com\/es\/wp-json\/wp\/v2\/product_brand?post=621593"},{"taxonomy":"product_cat","embeddable":true,"href":"https:\/\/positiveprints.com\/es\/wp-json\/wp\/v2\/product_cat?post=621593"},{"taxonomy":"product_tag","embeddable":true,"href":"https:\/\/positiveprints.com\/es\/wp-json\/wp\/v2\/product_tag?post=621593"}],"curies":[{"name":"wp","href":"https:\/\/api.w.org\/{rel}","templated":true}]}}