{"id":621108,"date":"2023-05-11T10:41:07","date_gmt":"2023-05-11T09:41:07","guid":{"rendered":"https:\/\/positiveprints.com\/?post_type=product&#038;p=621108"},"modified":"2026-04-03T03:16:12","modified_gmt":"2026-04-03T02:16:12","slug":"collage-fotografico-de-letras-para-tu-hermana","status":"publish","type":"product","link":"https:\/\/positiveprints.com\/es\/producto\/collage-fotografico-de-letras-para-tu-hermana\/","title":{"rendered":"Collage de letras para tu hermana"},"content":{"rendered":"<p style=\"margin-top: 1rem;\">Libera tu creatividad y celebra los momentos especiales de tu hermana con un regalo extraordinario y personalizado: un collage fotogr\u00e1fico de letras para tu hermana. Ya sea su cumplea\u00f1os, Navidad o simplemente quieras regalarle algo espont\u00e1neo, esta creaci\u00f3n es una forma hermosa de mostrar sus preciados recuerdos y celebrar el v\u00ednculo que comparten. T\u00fa eliges: selecciona una palabra que simbolice su relaci\u00f3n o escribe la palabra &#8220;hermana&#8221;. Hay muchas opciones de personalizaci\u00f3n y el nivel de creatividad depende totalmente de ti. Cada letra del collage est\u00e1 compuesta por tus propias fotos, lo que da como resultado un regalo verdaderamente inigualable y excepcional.<\/p>\r\n<p style=\"margin-top: 1rem;\">Crear tu propio collage fotogr\u00e1fico de letras para tu hermana es muy sencillo. Elige las fotos que quieras usar en tu collage. Puedes personalizarlo mucho m\u00e1s adapt\u00e1ndolo a tu gusto. Luego, sube tus fotos y selecciona las que quieres usar en cada una de las letras. Puedes hacer zoom, rotar y posicionar fotos con precisi\u00f3n, asegurando que cada elemento se alinee armoniosamente en tu dise\u00f1o.<\/p>\r\n<p style=\"margin-top: 1rem;\">Una vez que est\u00e9s feliz con tu collage fotogr\u00e1fico de letras para tu hermana, puedes agregar un mensaje personalizado debajo de las letras. Es una excelente forma de agregarle un toque personal a tu regalo y transmitirle cu\u00e1nto la quieres. Despu\u00e9s de esto, elige el formato y tama\u00f1o perfectos para tu collage fotogr\u00e1fico de letras para tu hermana. Puedes pedirlo como p\u00f3ster impreso o enmarcado, lienzo, o como una descarga digital instant\u00e1nea. En poco tiempo, tendr\u00e1s un regalo \u00fanico y creativo.<\/p>\r\n<p style=\"margin-top: 1rem;\">Las hermanas a menudo tienen lazos m\u00e1s fuertes y no merecen nada m\u00e1s que lo mejor. Entonces, \u00bfpor qu\u00e9 no elevar el arte de regalar y crear una obra inolvidable? Nuestro collage fotogr\u00e1fico de letras para tu hermana la har\u00e1 sentir amada en su entorno familiar. Pide el collage fotogr\u00e1fico de letras para tu hermana y reg\u00e1lale algo que perdure y simbolice el amor que comparten por la eternidad.<\/p>","protected":false},"excerpt":{"rendered":"<ul class=\"check-list\">\n<li>Incluye unas palabras que le lleguen al coraz\u00f3n<\/li>\n<li>Personal\u00edzalo en tres simples pasos<\/li>\n<li>Elige una plantilla o saca tus dotes creativos para hacer esta plantilla a\u00fan m\u00e1s especial<\/li>\n<li>Perfecciona cada detalle y visualiza tu dise\u00f1o durante el proceso<\/li>\n<\/ul>\n","protected":false},"featured_media":1669849,"template":"","meta":[],"product_brand":[],"product_cat":[9280,5270,11461,7742,9124,106],"product_tag":[12637,13429,17279,12638],"class_list":{"0":"post-621108","1":"product","2":"type-product","3":"status-publish","4":"has-post-thumbnail","6":"product_cat-bestsellers-label-es","7":"product_cat-regalos-de-navidad","8":"product_cat-regalos-de-navidad-para-la-hermana","9":"product_cat-regalos-para-mi-hermana","10":"product_cat-photo-letter-es","11":"product_cat-todos-los-productos","12":"product_tag-hermana","13":"product_tag-regalo-de-navidad-para-hermana","14":"product_tag-regalo-para-hermana","15":"product_tag-regalos-para-hermana","17":"first","18":"instock","19":"sale","20":"taxable","21":"shipping-taxable","22":"purchasable","23":"product-type-variable"},"yoast_head":"<!-- This site is optimized with the Yoast SEO Premium plugin v27.2 (Yoast SEO v27.2) - https:\/\/yoast.com\/product\/yoast-seo-premium-wordpress\/ -->\n<title>Collage de letras para tu hermana - Positive Prints<\/title>\n<meta name=\"description\" content=\"\u00a1Sorprende a tu hermana con un regalo que salga del coraz\u00f3n! Dise\u00f1a un collage fotogr\u00e1fico personalizado donde cada letra contenga los momentos m\u00e1s significativos que hab\u00e9is compartido.\" \/>\n<meta name=\"robots\" content=\"index, follow, max-snippet:-1, max-image-preview:large, max-video-preview:-1\" \/>\n<link rel=\"canonical\" href=\"https:\/\/positiveprints.com\/es\/producto\/collage-fotografico-de-letras-para-tu-hermana\/\" \/>\n<meta property=\"og:locale\" content=\"es_ES\" \/>\n<meta property=\"og:type\" content=\"article\" \/>\n<meta property=\"og:title\" content=\"Collage de letras para tu hermana\" \/>\n<meta property=\"og:description\" content=\"Incluye unas palabras que le lleguen al coraz\u00f3n  Personal\u00edzalo en tres simples pasos  Elige una plantilla o saca tus dotes creativos para hacer esta plantilla a\u00fan m\u00e1s especial  Perfecciona cada detalle y visualiza tu dise\u00f1o durante el proceso\" \/>\n<meta property=\"og:url\" content=\"https:\/\/positiveprints.com\/es\/producto\/collage-fotografico-de-letras-para-tu-hermana\/\" \/>\n<meta property=\"og:site_name\" content=\"Positive Prints\" \/>\n<meta property=\"article:publisher\" content=\"https:\/\/www.facebook.com\/positiveprintscom\" \/>\n<meta property=\"article:modified_time\" content=\"2026-04-03T02:16:12+00:00\" \/>\n<meta property=\"og:image\" content=\"https:\/\/positiveprints.com\/wp-content\/uploads\/2025\/03\/Collage-de-letras-para-tu-hermana-1-1.webp\" \/>\n\t<meta property=\"og:image:width\" content=\"1450\" \/>\n\t<meta property=\"og:image:height\" content=\"1450\" \/>\n\t<meta property=\"og:image:type\" content=\"image\/webp\" \/>\n<meta name=\"twitter:card\" content=\"summary_large_image\" \/>\n<meta name=\"twitter:label1\" content=\"Tiempo de lectura\" \/>\n\t<meta name=\"twitter:data1\" content=\"2 minutos\" \/>\n<!-- \/ Yoast SEO Premium plugin. -->","yoast_head_json":{"title":"Collage de letras para tu hermana - Positive Prints","description":"\u00a1Sorprende a tu hermana con un regalo que salga del coraz\u00f3n! Dise\u00f1a un collage fotogr\u00e1fico personalizado donde cada letra contenga los momentos m\u00e1s significativos que hab\u00e9is compartido.","robots":{"index":"index","follow":"follow","max-snippet":"max-snippet:-1","max-image-preview":"max-image-preview:large","max-video-preview":"max-video-preview:-1"},"canonical":"https:\/\/positiveprints.com\/es\/producto\/collage-fotografico-de-letras-para-tu-hermana\/","og_locale":"es_ES","og_type":"article","og_title":"Collage de letras para tu hermana","og_description":"Incluye unas palabras que le lleguen al coraz\u00f3n  Personal\u00edzalo en tres simples pasos  Elige una plantilla o saca tus dotes creativos para hacer esta plantilla a\u00fan m\u00e1s especial  Perfecciona cada detalle y visualiza tu dise\u00f1o durante el proceso","og_url":"https:\/\/positiveprints.com\/es\/producto\/collage-fotografico-de-letras-para-tu-hermana\/","og_site_name":"Positive Prints","article_publisher":"https:\/\/www.facebook.com\/positiveprintscom","article_modified_time":"2026-04-03T02:16:12+00:00","og_image":[{"width":1450,"height":1450,"url":"https:\/\/positiveprints.com\/wp-content\/uploads\/2025\/03\/Collage-de-letras-para-tu-hermana-1-1.webp","type":"image\/webp"}],"twitter_card":"summary_large_image","twitter_misc":{"Tiempo de lectura":"2 minutos"},"schema":{"@context":"https:\/\/schema.org","@graph":[{"@type":["WebPage","ItemPage"],"@id":"https:\/\/positiveprints.com\/es\/producto\/collage-fotografico-de-letras-para-tu-hermana\/","url":"https:\/\/positiveprints.com\/es\/producto\/collage-fotografico-de-letras-para-tu-hermana\/","name":"Collage de letras para tu hermana - Positive Prints","isPartOf":{"@id":"https:\/\/positiveprints.com\/es\/#website"},"primaryImageOfPage":{"@id":"https:\/\/positiveprints.com\/es\/producto\/collage-fotografico-de-letras-para-tu-hermana\/#primaryimage"},"image":{"@id":"https:\/\/positiveprints.com\/es\/producto\/collage-fotografico-de-letras-para-tu-hermana\/#primaryimage"},"thumbnailUrl":"https:\/\/positiveprints.com\/wp-content\/uploads\/2026\/03\/hermana_ES.webp","datePublished":"2023-05-11T09:41:07+00:00","dateModified":"2026-04-03T02:16:12+00:00","description":"\u00a1Sorprende a tu hermana con un regalo que salga del coraz\u00f3n! Dise\u00f1a un collage fotogr\u00e1fico personalizado donde cada letra contenga los momentos m\u00e1s significativos que hab\u00e9is compartido.","breadcrumb":{"@id":"https:\/\/positiveprints.com\/es\/producto\/collage-fotografico-de-letras-para-tu-hermana\/#breadcrumb"},"inLanguage":"es","potentialAction":[{"@type":"ReadAction","target":["https:\/\/positiveprints.com\/es\/producto\/collage-fotografico-de-letras-para-tu-hermana\/"]}]},{"@type":"ImageObject","inLanguage":"es","@id":"https:\/\/positiveprints.com\/es\/producto\/collage-fotografico-de-letras-para-tu-hermana\/#primaryimage","url":"https:\/\/positiveprints.com\/wp-content\/uploads\/2026\/03\/hermana_ES.webp","contentUrl":"https:\/\/positiveprints.com\/wp-content\/uploads\/2026\/03\/hermana_ES.webp","width":1450,"height":1450},{"@type":"BreadcrumbList","@id":"https:\/\/positiveprints.com\/es\/producto\/collage-fotografico-de-letras-para-tu-hermana\/#breadcrumb","itemListElement":[{"@type":"ListItem","position":1,"name":"CASA","item":"https:\/\/positiveprints.com\/es\/"},{"@type":"ListItem","position":2,"name":"Productos","item":"https:\/\/positiveprints.com\/es\/shop\/"},{"@type":"ListItem","position":3,"name":"Collage de letras para tu hermana"}]},{"@type":"WebSite","@id":"https:\/\/positiveprints.com\/es\/#website","url":"https:\/\/positiveprints.com\/es\/","name":"Positive Prints","description":"Custom Gifts for Special Occasions","publisher":{"@id":"https:\/\/positiveprints.com\/es\/#organization"},"potentialAction":[{"@type":"SearchAction","target":{"@type":"EntryPoint","urlTemplate":"https:\/\/positiveprints.com\/es\/?s={search_term_string}"},"query-input":{"@type":"PropertyValueSpecification","valueRequired":true,"valueName":"search_term_string"}}],"inLanguage":"es"},{"@type":"Organization","@id":"https:\/\/positiveprints.com\/es\/#organization","name":"Positive Prints","alternateName":"Positive Prints","url":"https:\/\/positiveprints.com\/es\/","logo":{"@type":"ImageObject","inLanguage":"es","@id":"https:\/\/positiveprints.com\/es\/#\/schema\/logo\/image\/","url":"https:\/\/positiveprints.com\/wp-content\/uploads\/2026\/03\/245815646_1337939713319158_5671353136411139666_n.png","contentUrl":"https:\/\/positiveprints.com\/wp-content\/uploads\/2026\/03\/245815646_1337939713319158_5671353136411139666_n.png","width":800,"height":800,"caption":"Positive Prints"},"image":{"@id":"https:\/\/positiveprints.com\/es\/#\/schema\/logo\/image\/"},"sameAs":["https:\/\/www.facebook.com\/positiveprintscom","https:\/\/www.instagram.com\/positiveprintscom\/","https:\/\/www.tiktok.com\/@positiveprintscom","https:\/\/www.pinterest.com\/positiveprintscom\/"]}]}},"jetpack_sharing_enabled":true,"_links":{"self":[{"href":"https:\/\/positiveprints.com\/es\/wp-json\/wp\/v2\/product\/621108","targetHints":{"allow":["GET"]}}],"collection":[{"href":"https:\/\/positiveprints.com\/es\/wp-json\/wp\/v2\/product"}],"about":[{"href":"https:\/\/positiveprints.com\/es\/wp-json\/wp\/v2\/types\/product"}],"wp:featuredmedia":[{"embeddable":true,"href":"https:\/\/positiveprints.com\/es\/wp-json\/wp\/v2\/media\/1669849"}],"wp:attachment":[{"href":"https:\/\/positiveprints.com\/es\/wp-json\/wp\/v2\/media?parent=621108"}],"wp:term":[{"taxonomy":"product_brand","embeddable":true,"href":"https:\/\/positiveprints.com\/es\/wp-json\/wp\/v2\/product_brand?post=621108"},{"taxonomy":"product_cat","embeddable":true,"href":"https:\/\/positiveprints.com\/es\/wp-json\/wp\/v2\/product_cat?post=621108"},{"taxonomy":"product_tag","embeddable":true,"href":"https:\/\/positiveprints.com\/es\/wp-json\/wp\/v2\/product_tag?post=621108"}],"curies":[{"name":"wp","href":"https:\/\/api.w.org\/{rel}","templated":true}]}}