{"id":621090,"date":"2023-05-11T09:03:07","date_gmt":"2023-06-15T15:46:08","guid":{"rendered":"https:\/\/positiveprints.com\/?post_type=product&#038;p=621090"},"modified":"2026-04-03T03:16:18","modified_gmt":"2026-04-03T02:16:18","slug":"collage-fotografico-de-letras-para-el-hogar","status":"publish","type":"product","link":"https:\/\/positiveprints.com\/es\/producto\/collage-fotografico-de-letras-para-el-hogar\/","title":{"rendered":"Collage fotogr\u00e1fico de letras para el hogar"},"content":{"rendered":"<p style=\"margin-top: 1rem\">Libera tu creatividad y regala nuestro collage fotogr\u00e1fico de letras para el hogar: una obra maestra personalizada que trasciende cualquier ocasi\u00f3n. Ya sea que est\u00e9s buscando un regalo para la inauguraci\u00f3n de una casa o un detalle sentimental para alg\u00fan ser querido, este exclusivo collage art\u00edstico te permite convertir tus fotograf\u00edas en una obra de arte. \u00a1Hay un mill\u00f3n de posibilidades! Elige letras o palabras que tengan un significado para esa persona especial, como &#8220;hogar&#8221;, &#8220;familia&#8221;, &#8220;bienvenidos&#8221;, o incluso las iniciales de los propietarios. Deja volar tu imaginaci\u00f3n y crea un regalo \u00fanico e incomparable que capture la esencia misma del hogar.<\/p>\r\n\r\n\r\n<p style=\"margin-top: 1rem\">Crear tu propio collage fotogr\u00e1fico de letras para el hogar es muy sencillo. Nuestra plataforma intuitiva te guiar\u00e1 paso a paso para que puedas cargar tus propias fotos y seleccionar el color de contorno perfecto para adornar tus preciados recuerdos. Mejora el collage con un mensaje personalizado para transformarlo en un recuerdo atemporal. Eleva a\u00fan m\u00e1s tu creaci\u00f3n con nuestras herramientas de edici\u00f3n, que te permiten hacer zoom, rotar y posicionar fotos con precisi\u00f3n, asegurando que cada elemento se alinee armoniosamente en tu dise\u00f1o.<\/p>\r\n\r\n\r\n<p style=\"margin-top: 1rem\">Una vez terminado tu dise\u00f1o, puedes elegir el tama\u00f1o y formato perfectos para tu collage fotogr\u00e1fico de letras para el hogar. Puedes imprimirlo en diversos tama\u00f1os o descargarlo para que puedas imprimirlo por tu cuenta. Ya sea la sala de estar, una habitaci\u00f3n o el pasillo, tu obra de arte es una maravillosa adici\u00f3n a cualquier espacio. Ya sea que lo regales para inaugurar una casa, quieras adquirir una obra de arte personalizada o una muestra \u00edntima de afecto, el collage fotogr\u00e1fico de letras para el hogar sin duda evocar\u00e1 alegr\u00eda y admiraci\u00f3n. Sirve como un recuerdo hermoso que conmemora un cap\u00edtulo especial en nuestras vidas.<\/p>\r\n\r\n\r\n<p style=\"margin-top: 1rem\">En pocas palabras, reg\u00e1lales a tus amigos, familiares y seres queridos el collage fotogr\u00e1fico de letras para el hogar. Es la forma perfecta de mostrar sus recuerdos m\u00e1s preciados, y recuerda: \u00a1las posibilidades son infinitas! Ya sea que est\u00e9s celebrando un momento especial o solo creando un detalle para alguien que amas, este regalo personalizado sin duda ser\u00e1 m\u00e1s que solo una impresi\u00f3n.<\/p>","protected":false},"excerpt":{"rendered":"<ul class=\"check-list\">\n<li>Haz que tu casa se sienta como hogar y agr\u00e9gale un toque de creatividad y personalidad a cualquier habitaci\u00f3n<\/li>\n<li>Personal\u00edzalo en 3 sencillos pasos<\/li>\n<li>Elige una plantilla o saca tus dotes creativos<\/li>\n<li>Previsualiza tu dise\u00f1o durante el proceso<\/li>\n<\/ul>\n","protected":false},"featured_media":1283544,"template":"","meta":[],"product_brand":[],"product_cat":[5293,8012,7693,9124,106],"product_tag":[14919,8511],"class_list":{"0":"post-621090","1":"product","2":"type-product","3":"status-publish","4":"has-post-thumbnail","6":"product_cat-regalos-para-mudanzas","7":"product_cat-regalos-para-hombres","8":"product_cat-regalos-para-mujeres","9":"product_cat-photo-letter-es","10":"product_cat-todos-los-productos","11":"product_tag-housewarming-es-2","12":"product_tag-housewarming-es","14":"first","15":"instock","16":"sale","17":"taxable","18":"shipping-taxable","19":"purchasable","20":"product-type-variable"},"yoast_head":"<!-- This site is optimized with the Yoast SEO Premium plugin v27.2 (Yoast SEO v27.2) - https:\/\/yoast.com\/product\/yoast-seo-premium-wordpress\/ -->\n<title>Collage fotogr\u00e1fico de letras - El hogar - Positive Prints<\/title>\n<meta name=\"description\" content=\"\u00bfEst\u00e1s buscando un regalo para inaugurar una casa o un detalle para un ser querido? Nuestro collage fotogr\u00e1fico de letras para el hogar es el regalo ideal.\" \/>\n<meta name=\"robots\" content=\"index, follow, max-snippet:-1, max-image-preview:large, max-video-preview:-1\" \/>\n<link rel=\"canonical\" href=\"https:\/\/positiveprints.com\/es\/producto\/collage-fotografico-de-letras-para-el-hogar\/\" \/>\n<meta property=\"og:locale\" content=\"es_ES\" \/>\n<meta property=\"og:type\" content=\"article\" \/>\n<meta property=\"og:title\" content=\"Collage fotogr\u00e1fico de letras para el hogar\" \/>\n<meta property=\"og:description\" content=\"Haz que tu casa se sienta como hogar y agr\u00e9gale un toque de creatividad y personalidad a cualquier habitaci\u00f3n Personal\u00edzalo en 3 sencillos pasos Elige una plantilla o saca tus dotes creativos Previsualiza tu dise\u00f1o durante el proceso\" \/>\n<meta property=\"og:url\" content=\"https:\/\/positiveprints.com\/es\/producto\/collage-fotografico-de-letras-para-el-hogar\/\" \/>\n<meta property=\"og:site_name\" content=\"Positive Prints\" \/>\n<meta property=\"article:publisher\" content=\"https:\/\/www.facebook.com\/positiveprintscom\" \/>\n<meta property=\"article:modified_time\" content=\"2026-04-03T02:16:18+00:00\" \/>\n<meta property=\"og:image\" content=\"https:\/\/positiveprints.com\/wp-content\/uploads\/2024\/11\/Packshot_ES_Home-Letter-Photo-Collage-product-image.webp\" \/>\n\t<meta property=\"og:image:width\" content=\"1450\" \/>\n\t<meta property=\"og:image:height\" content=\"1450\" \/>\n\t<meta property=\"og:image:type\" content=\"image\/webp\" \/>\n<meta name=\"twitter:card\" content=\"summary_large_image\" \/>\n<meta name=\"twitter:label1\" content=\"Tiempo de lectura\" \/>\n\t<meta name=\"twitter:data1\" content=\"2 minutos\" \/>\n<!-- \/ Yoast SEO Premium plugin. -->","yoast_head_json":{"title":"Collage fotogr\u00e1fico de letras - El hogar - Positive Prints","description":"\u00bfEst\u00e1s buscando un regalo para inaugurar una casa o un detalle para un ser querido? Nuestro collage fotogr\u00e1fico de letras para el hogar es el regalo ideal.","robots":{"index":"index","follow":"follow","max-snippet":"max-snippet:-1","max-image-preview":"max-image-preview:large","max-video-preview":"max-video-preview:-1"},"canonical":"https:\/\/positiveprints.com\/es\/producto\/collage-fotografico-de-letras-para-el-hogar\/","og_locale":"es_ES","og_type":"article","og_title":"Collage fotogr\u00e1fico de letras para el hogar","og_description":"Haz que tu casa se sienta como hogar y agr\u00e9gale un toque de creatividad y personalidad a cualquier habitaci\u00f3n Personal\u00edzalo en 3 sencillos pasos Elige una plantilla o saca tus dotes creativos Previsualiza tu dise\u00f1o durante el proceso","og_url":"https:\/\/positiveprints.com\/es\/producto\/collage-fotografico-de-letras-para-el-hogar\/","og_site_name":"Positive Prints","article_publisher":"https:\/\/www.facebook.com\/positiveprintscom","article_modified_time":"2026-04-03T02:16:18+00:00","og_image":[{"width":1450,"height":1450,"url":"https:\/\/positiveprints.com\/wp-content\/uploads\/2024\/11\/Packshot_ES_Home-Letter-Photo-Collage-product-image.webp","type":"image\/webp"}],"twitter_card":"summary_large_image","twitter_misc":{"Tiempo de lectura":"2 minutos"},"schema":{"@context":"https:\/\/schema.org","@graph":[{"@type":["WebPage","ItemPage"],"@id":"https:\/\/positiveprints.com\/es\/producto\/collage-fotografico-de-letras-para-el-hogar\/","url":"https:\/\/positiveprints.com\/es\/producto\/collage-fotografico-de-letras-para-el-hogar\/","name":"Collage fotogr\u00e1fico de letras - El hogar - Positive Prints","isPartOf":{"@id":"https:\/\/positiveprints.com\/es\/#website"},"primaryImageOfPage":{"@id":"https:\/\/positiveprints.com\/es\/producto\/collage-fotografico-de-letras-para-el-hogar\/#primaryimage"},"image":{"@id":"https:\/\/positiveprints.com\/es\/producto\/collage-fotografico-de-letras-para-el-hogar\/#primaryimage"},"thumbnailUrl":"https:\/\/positiveprints.com\/wp-content\/uploads\/2024\/11\/Packshot_ES_Home-Letter-Photo-Collage-product-image.webp","datePublished":"2023-06-15T15:46:08+00:00","dateModified":"2026-04-03T02:16:18+00:00","description":"\u00bfEst\u00e1s buscando un regalo para inaugurar una casa o un detalle para un ser querido? Nuestro collage fotogr\u00e1fico de letras para el hogar es el regalo ideal.","breadcrumb":{"@id":"https:\/\/positiveprints.com\/es\/producto\/collage-fotografico-de-letras-para-el-hogar\/#breadcrumb"},"inLanguage":"es","potentialAction":[{"@type":"ReadAction","target":["https:\/\/positiveprints.com\/es\/producto\/collage-fotografico-de-letras-para-el-hogar\/"]}]},{"@type":"ImageObject","inLanguage":"es","@id":"https:\/\/positiveprints.com\/es\/producto\/collage-fotografico-de-letras-para-el-hogar\/#primaryimage","url":"https:\/\/positiveprints.com\/wp-content\/uploads\/2024\/11\/Packshot_ES_Home-Letter-Photo-Collage-product-image.webp","contentUrl":"https:\/\/positiveprints.com\/wp-content\/uploads\/2024\/11\/Packshot_ES_Home-Letter-Photo-Collage-product-image.webp","width":1450,"height":1450},{"@type":"BreadcrumbList","@id":"https:\/\/positiveprints.com\/es\/producto\/collage-fotografico-de-letras-para-el-hogar\/#breadcrumb","itemListElement":[{"@type":"ListItem","position":1,"name":"CASA","item":"https:\/\/positiveprints.com\/es\/"},{"@type":"ListItem","position":2,"name":"Productos","item":"https:\/\/positiveprints.com\/es\/shop\/"},{"@type":"ListItem","position":3,"name":"Collage fotogr\u00e1fico de letras para el hogar"}]},{"@type":"WebSite","@id":"https:\/\/positiveprints.com\/es\/#website","url":"https:\/\/positiveprints.com\/es\/","name":"Positive Prints","description":"Custom Gifts for Special Occasions","publisher":{"@id":"https:\/\/positiveprints.com\/es\/#organization"},"potentialAction":[{"@type":"SearchAction","target":{"@type":"EntryPoint","urlTemplate":"https:\/\/positiveprints.com\/es\/?s={search_term_string}"},"query-input":{"@type":"PropertyValueSpecification","valueRequired":true,"valueName":"search_term_string"}}],"inLanguage":"es"},{"@type":"Organization","@id":"https:\/\/positiveprints.com\/es\/#organization","name":"Positive Prints","alternateName":"Positive Prints","url":"https:\/\/positiveprints.com\/es\/","logo":{"@type":"ImageObject","inLanguage":"es","@id":"https:\/\/positiveprints.com\/es\/#\/schema\/logo\/image\/","url":"https:\/\/positiveprints.com\/wp-content\/uploads\/2026\/03\/245815646_1337939713319158_5671353136411139666_n.png","contentUrl":"https:\/\/positiveprints.com\/wp-content\/uploads\/2026\/03\/245815646_1337939713319158_5671353136411139666_n.png","width":800,"height":800,"caption":"Positive Prints"},"image":{"@id":"https:\/\/positiveprints.com\/es\/#\/schema\/logo\/image\/"},"sameAs":["https:\/\/www.facebook.com\/positiveprintscom","https:\/\/www.instagram.com\/positiveprintscom\/","https:\/\/www.tiktok.com\/@positiveprintscom","https:\/\/www.pinterest.com\/positiveprintscom\/"]}]}},"jetpack_sharing_enabled":true,"_links":{"self":[{"href":"https:\/\/positiveprints.com\/es\/wp-json\/wp\/v2\/product\/621090","targetHints":{"allow":["GET"]}}],"collection":[{"href":"https:\/\/positiveprints.com\/es\/wp-json\/wp\/v2\/product"}],"about":[{"href":"https:\/\/positiveprints.com\/es\/wp-json\/wp\/v2\/types\/product"}],"wp:featuredmedia":[{"embeddable":true,"href":"https:\/\/positiveprints.com\/es\/wp-json\/wp\/v2\/media\/1283544"}],"wp:attachment":[{"href":"https:\/\/positiveprints.com\/es\/wp-json\/wp\/v2\/media?parent=621090"}],"wp:term":[{"taxonomy":"product_brand","embeddable":true,"href":"https:\/\/positiveprints.com\/es\/wp-json\/wp\/v2\/product_brand?post=621090"},{"taxonomy":"product_cat","embeddable":true,"href":"https:\/\/positiveprints.com\/es\/wp-json\/wp\/v2\/product_cat?post=621090"},{"taxonomy":"product_tag","embeddable":true,"href":"https:\/\/positiveprints.com\/es\/wp-json\/wp\/v2\/product_tag?post=621090"}],"curies":[{"name":"wp","href":"https:\/\/api.w.org\/{rel}","templated":true}]}}