{"id":620222,"date":"2023-05-09T10:10:30","date_gmt":"2023-06-14T15:00:30","guid":{"rendered":"https:\/\/positiveprints.com\/?post_type=product&#038;p=620222"},"modified":"2026-05-03T20:17:56","modified_gmt":"2026-05-03T19:17:56","slug":"collage-fotografico-de-letras-para-maestros","status":"publish","type":"product","link":"https:\/\/positiveprints.com\/es\/producto\/collage-fotografico-de-letras-para-maestros\/","title":{"rendered":"Collage de letras para el mejor Maestro del mundo"},"content":{"rendered":"<p style=\"margin-top: 1rem;\">\u00bfEst\u00e1s buscando un regalo \u00fanico y creativo para demostrar tu aprecio a un profesor\/a? \u00a1No busques m\u00e1s y elige nuestro collage fotogr\u00e1fico de letras para profesores! Este creativo collage personalizado mostrar\u00e1 las fotos que m\u00e1s te gusten en una obra de arte en forma de letras. Elige tus propias fotos y palabras para crear un detalle \u00fanico que podr\u00e1n atesorar por muchos a\u00f1os m\u00e1s.<\/p>\r\n<p style=\"margin-top: 1rem;\">El collage fotogr\u00e1fico de letras para profesores es perfecto para crear una obra de arte visualmente atractiva y significativa para tu profesor\/a favorito\/a. Tienes diversas opciones para escoger y ser tan creativo como desees. Puedes usar la palabra \u201cmaestro\u201d, \u201cmaestra\u201d, \u201cprofesor\u201d \u201cprofesora\u201d, palabras como \u201cgracias\u201d o incluso el nombre de tu docente. Con una impresi\u00f3n o lienzo personalizados, \u00a1las posibilidades son infinitas!<\/p>\r\n<p style=\"margin-top: 1rem;\">Crea tu propio collage fotogr\u00e1fico con letras eligiendo una palabra que represente a tu profesor\/a o la ocasi\u00f3n que est\u00e9s celebrando, y selecciona una paleta de colores que se adapte al tema de las fotos que est\u00e1s usando. Incluso puedes agregar un mensaje personal en tu collage para hacerlo a\u00fan m\u00e1s especial. Es un detalle inolvidable y valioso para cualquier maestro que te haya ayudado a crecer en la vida.<\/p>\r\n<p style=\"margin-top: 1rem;\">Subir tus fotos favoritas es f\u00e1cil y r\u00e1pido. Puedes seleccionar la resoluci\u00f3n y editarlas como t\u00fa quieras. Una vez que todo est\u00e9 listo, selecciona el tama\u00f1o y formato perfectos, y listo. Tendr\u00e1s tu collage impreso o descargable en poco tiempo.<\/p>\r\n<p style=\"margin-top: 1rem;\">Reg\u00e1lale a tu maestro o maestra un detalle personalizado, \u00a1como nuestro collage fotogr\u00e1fico de letras para profesores! Tu maestro\/a podr\u00e1 atesorar tu regalo por muchos a\u00f1os, y es una forma fant\u00e1stica de conmemorar un momento especial o celebrar lo agradecido que est\u00e1s con \u00e9l o ella. Regala algo que dar\u00e1 felicidad en el presente y en el futuro: \u00a1un collage fotogr\u00e1fico de letras para profesores!<\/p>","protected":false},"excerpt":{"rendered":"<ul class=\"check-list\">\n<li>Sube tus fotos favoritas y personaliza cada letra<\/li>\n<li>A\u00f1ade un mensaje para que tu dise\u00f1o sea \u00fanico y especial<\/li>\n<li>Usa nuestro editor para personal\u00edzar tu dise\u00f1o en apenas tres pasos<\/li>\n<li>Visualiza tu dise\u00f1o usando la vista previa interactiva<\/li>\n<\/ul>\n","protected":false},"featured_media":1411293,"template":"","meta":[],"product_brand":[],"product_cat":[9124,9766,106,7869],"product_tag":[16432,16430,16326,16431,16970,16888],"class_list":{"0":"post-620222","1":"product","2":"type-product","3":"status-publish","4":"has-post-thumbnail","6":"product_cat-photo-letter-es","7":"product_cat-trending-label-es","8":"product_cat-todos-los-productos","9":"product_cat-regalos-para-maestros","10":"product_tag-ideas-de-regalo-para-profesor","11":"product_tag-profesor","12":"product_tag-regalo-de-agradecimiento-para-profesor","13":"product_tag-regalo-de-agradecimiento-para-profesor-es","14":"product_tag-regalo-para-profesor","15":"product_tag-regalos-para-profesor","17":"first","18":"instock","19":"sale","20":"taxable","21":"shipping-taxable","22":"purchasable","23":"product-type-variable"},"yoast_head":"<!-- This site is optimized with the Yoast SEO Premium plugin v27.2 (Yoast SEO v27.2) - https:\/\/yoast.com\/product\/yoast-seo-premium-wordpress\/ -->\n<title>Collage de letras para el mejor Maestro del mundo - Positive Prints<\/title>\n<meta name=\"description\" content=\"Muestra tu respeto y cari\u00f1o al mejor profesor en el mundo con un collage fotogr\u00e1fico de letras que capture las mejores experiencias de la clase, as\u00ed como otros momentos que quedar\u00e1n grabados para siempre.\" \/>\n<meta name=\"robots\" content=\"index, follow, max-snippet:-1, max-image-preview:large, max-video-preview:-1\" \/>\n<link rel=\"canonical\" href=\"https:\/\/positiveprints.com\/es\/producto\/collage-fotografico-de-letras-para-maestros\/\" \/>\n<meta property=\"og:locale\" content=\"es_ES\" \/>\n<meta property=\"og:type\" content=\"article\" \/>\n<meta property=\"og:title\" content=\"Collage de letras para el mejor Maestro del mundo\" \/>\n<meta property=\"og:description\" content=\"Sube tus fotos favoritas y personaliza cada letra  A\u00f1ade un mensaje para que tu dise\u00f1o sea \u00fanico y especial  Usa nuestro editor para personal\u00edzar tu dise\u00f1o en apenas tres pasos  Visualiza tu dise\u00f1o usando la vista previa interactiva\" \/>\n<meta property=\"og:url\" content=\"https:\/\/positiveprints.com\/es\/producto\/collage-fotografico-de-letras-para-maestros\/\" \/>\n<meta property=\"og:site_name\" content=\"Positive Prints\" \/>\n<meta property=\"article:publisher\" content=\"https:\/\/www.facebook.com\/positiveprintscom\" \/>\n<meta property=\"article:modified_time\" content=\"2026-05-03T19:17:56+00:00\" \/>\n<meta property=\"og:image\" content=\"https:\/\/positiveprints.com\/wp-content\/uploads\/2025\/04\/Packshot_ES_MAESTRO.webp\" \/>\n\t<meta property=\"og:image:width\" content=\"1450\" \/>\n\t<meta property=\"og:image:height\" content=\"1450\" \/>\n\t<meta property=\"og:image:type\" content=\"image\/webp\" \/>\n<meta name=\"twitter:card\" content=\"summary_large_image\" \/>\n<!-- \/ Yoast SEO Premium plugin. -->","yoast_head_json":{"title":"Collage de letras para el mejor Maestro del mundo - Positive Prints","description":"Muestra tu respeto y cari\u00f1o al mejor profesor en el mundo con un collage fotogr\u00e1fico de letras que capture las mejores experiencias de la clase, as\u00ed como otros momentos que quedar\u00e1n grabados para siempre.","robots":{"index":"index","follow":"follow","max-snippet":"max-snippet:-1","max-image-preview":"max-image-preview:large","max-video-preview":"max-video-preview:-1"},"canonical":"https:\/\/positiveprints.com\/es\/producto\/collage-fotografico-de-letras-para-maestros\/","og_locale":"es_ES","og_type":"article","og_title":"Collage de letras para el mejor Maestro del mundo","og_description":"Sube tus fotos favoritas y personaliza cada letra  A\u00f1ade un mensaje para que tu dise\u00f1o sea \u00fanico y especial  Usa nuestro editor para personal\u00edzar tu dise\u00f1o en apenas tres pasos  Visualiza tu dise\u00f1o usando la vista previa interactiva","og_url":"https:\/\/positiveprints.com\/es\/producto\/collage-fotografico-de-letras-para-maestros\/","og_site_name":"Positive Prints","article_publisher":"https:\/\/www.facebook.com\/positiveprintscom","article_modified_time":"2026-05-03T19:17:56+00:00","og_image":[{"width":1450,"height":1450,"url":"https:\/\/positiveprints.com\/wp-content\/uploads\/2025\/04\/Packshot_ES_MAESTRO.webp","type":"image\/webp"}],"twitter_card":"summary_large_image","schema":{"@context":"https:\/\/schema.org","@graph":[{"@type":["WebPage","ItemPage"],"@id":"https:\/\/positiveprints.com\/es\/producto\/collage-fotografico-de-letras-para-maestros\/","url":"https:\/\/positiveprints.com\/es\/producto\/collage-fotografico-de-letras-para-maestros\/","name":"Collage de letras para el mejor Maestro del mundo - Positive Prints","isPartOf":{"@id":"https:\/\/positiveprints.com\/es\/#website"},"primaryImageOfPage":{"@id":"https:\/\/positiveprints.com\/es\/producto\/collage-fotografico-de-letras-para-maestros\/#primaryimage"},"image":{"@id":"https:\/\/positiveprints.com\/es\/producto\/collage-fotografico-de-letras-para-maestros\/#primaryimage"},"thumbnailUrl":"https:\/\/positiveprints.com\/wp-content\/uploads\/2025\/04\/Packshot_ES_MAESTRO.webp","datePublished":"2023-06-14T15:00:30+00:00","dateModified":"2026-05-03T19:17:56+00:00","description":"Muestra tu respeto y cari\u00f1o al mejor profesor en el mundo con un collage fotogr\u00e1fico de letras que capture las mejores experiencias de la clase, as\u00ed como otros momentos que quedar\u00e1n grabados para siempre.","breadcrumb":{"@id":"https:\/\/positiveprints.com\/es\/producto\/collage-fotografico-de-letras-para-maestros\/#breadcrumb"},"inLanguage":"es","potentialAction":[{"@type":"ReadAction","target":["https:\/\/positiveprints.com\/es\/producto\/collage-fotografico-de-letras-para-maestros\/"]}]},{"@type":"ImageObject","inLanguage":"es","@id":"https:\/\/positiveprints.com\/es\/producto\/collage-fotografico-de-letras-para-maestros\/#primaryimage","url":"https:\/\/positiveprints.com\/wp-content\/uploads\/2025\/04\/Packshot_ES_MAESTRO.webp","contentUrl":"https:\/\/positiveprints.com\/wp-content\/uploads\/2025\/04\/Packshot_ES_MAESTRO.webp","width":1450,"height":1450,"caption":"Packshot_ES_MAESTRO"},{"@type":"BreadcrumbList","@id":"https:\/\/positiveprints.com\/es\/producto\/collage-fotografico-de-letras-para-maestros\/#breadcrumb","itemListElement":[{"@type":"ListItem","position":1,"name":"CASA","item":"https:\/\/positiveprints.com\/es\/"},{"@type":"ListItem","position":2,"name":"Productos","item":"https:\/\/positiveprints.com\/es\/shop\/"},{"@type":"ListItem","position":3,"name":"Collage de letras para el mejor Maestro del mundo"}]},{"@type":"WebSite","@id":"https:\/\/positiveprints.com\/es\/#website","url":"https:\/\/positiveprints.com\/es\/","name":"Positive Prints","description":"Custom Gifts for Special Occasions","publisher":{"@id":"https:\/\/positiveprints.com\/es\/#organization"},"potentialAction":[{"@type":"SearchAction","target":{"@type":"EntryPoint","urlTemplate":"https:\/\/positiveprints.com\/es\/?s={search_term_string}"},"query-input":{"@type":"PropertyValueSpecification","valueRequired":true,"valueName":"search_term_string"}}],"inLanguage":"es"},{"@type":"Organization","@id":"https:\/\/positiveprints.com\/es\/#organization","name":"Positive Prints","alternateName":"Positive Prints ","url":"https:\/\/positiveprints.com\/es\/","logo":{"@type":"ImageObject","inLanguage":"es","@id":"https:\/\/positiveprints.com\/es\/#\/schema\/logo\/image\/","url":"https:\/\/positiveprints.com\/wp-content\/uploads\/2026\/03\/245815646_1337939713319158_5671353136411139666_n.png","contentUrl":"https:\/\/positiveprints.com\/wp-content\/uploads\/2026\/03\/245815646_1337939713319158_5671353136411139666_n.png","width":800,"height":800,"caption":"Positive Prints"},"image":{"@id":"https:\/\/positiveprints.com\/es\/#\/schema\/logo\/image\/"},"sameAs":["https:\/\/www.facebook.com\/positiveprintscom","https:\/\/www.instagram.com\/positiveprintscom\/","https:\/\/www.tiktok.com\/@positiveprintscom","https:\/\/www.pinterest.com\/positiveprintscom\/"]}]}},"jetpack_sharing_enabled":true,"_links":{"self":[{"href":"https:\/\/positiveprints.com\/es\/wp-json\/wp\/v2\/product\/620222","targetHints":{"allow":["GET"]}}],"collection":[{"href":"https:\/\/positiveprints.com\/es\/wp-json\/wp\/v2\/product"}],"about":[{"href":"https:\/\/positiveprints.com\/es\/wp-json\/wp\/v2\/types\/product"}],"wp:featuredmedia":[{"embeddable":true,"href":"https:\/\/positiveprints.com\/es\/wp-json\/wp\/v2\/media\/1411293"}],"wp:attachment":[{"href":"https:\/\/positiveprints.com\/es\/wp-json\/wp\/v2\/media?parent=620222"}],"wp:term":[{"taxonomy":"product_brand","embeddable":true,"href":"https:\/\/positiveprints.com\/es\/wp-json\/wp\/v2\/product_brand?post=620222"},{"taxonomy":"product_cat","embeddable":true,"href":"https:\/\/positiveprints.com\/es\/wp-json\/wp\/v2\/product_cat?post=620222"},{"taxonomy":"product_tag","embeddable":true,"href":"https:\/\/positiveprints.com\/es\/wp-json\/wp\/v2\/product_tag?post=620222"}],"curies":[{"name":"wp","href":"https:\/\/api.w.org\/{rel}","templated":true}]}}