{"id":619262,"date":"2023-05-04T15:39:51","date_gmt":"2023-05-04T14:39:51","guid":{"rendered":"https:\/\/positiveprints.com\/?post_type=product&#038;p=619262"},"modified":"2026-04-12T22:23:06","modified_gmt":"2026-04-12T21:23:06","slug":"collage-fotografico-de-amor-con-letras","status":"publish","type":"product","link":"https:\/\/positiveprints.com\/es\/producto\/collage-fotografico-de-amor-con-letras\/","title":{"rendered":"Collage de letras para tu pareja"},"content":{"rendered":"","protected":false},"excerpt":{"rendered":"<ul class=\"check-list\">\n<li>Incluye un mensaje lleno de amor y significado, que le hable directamente al coraz\u00f3n<\/li>\n<li>Personal\u00edzalo en 3 simples pasos<\/li>\n<li>Elige una plantilla o crea tu propio dise\u00f1o<\/li>\n<li>Visualiza tu dise\u00f1o al instante con nuestra vista previa interactiva<\/li>\n<\/ul>\n","protected":false},"featured_media":1672088,"template":"","meta":[],"product_brand":[],"product_cat":[8189,9124,106,5270,11455,11456,11452,11448,11462,11457,8012,7678,7646,7693,7789,7757,7805,3119,11249,11250],"product_tag":[14923,11826,11821,11757,11825,11820,11771],"class_list":{"0":"post-619262","1":"product","2":"type-product","3":"status-publish","4":"has-post-thumbnail","6":"product_cat-para-ella","7":"product_cat-photo-letter-es","8":"product_cat-todos-los-productos","9":"product_cat-regalos-de-navidad","10":"product_cat-regalos-de-navidad-para-mujer","11":"product_cat-regalos-de-navidad-para-hombre","12":"product_cat-regalos-de-navidad-para-la-novia","13":"product_cat-regalos-de-navidad-para-el-novio","14":"product_cat-regalos-de-navidad-para-la-esposa","15":"product_cat-regalos-de-navidad-para-el-marido","16":"product_cat-regalos-para-hombres","17":"product_cat-regalos-para-mi-novio","18":"product_cat-regalos-para-mi-esposo","19":"product_cat-regalos-para-mujeres","20":"product_cat-regalos-para-mi-novia","21":"product_cat-regalos-para-mi-esposa","22":"product_cat-regalos-para-parejas","23":"product_cat-regalos-de-san-valentin","24":"product_cat-regalos-de-san-valentin-mujeres","25":"product_cat-regalos-de-san-valentin-hombres","26":"product_tag-anniversary-es","27":"product_tag-regalos-de-navidad-para-el","28":"product_tag-regalos-de-navidad-para-el-marido","29":"product_tag-regalos-de-navidad-para-el-novio","30":"product_tag-regalos-de-navidad-para-ella","31":"product_tag-regalos-de-navidad-para-la-esposa","32":"product_tag-regalos-de-navidad-para-la-novia","34":"first","35":"instock","36":"sale","37":"taxable","38":"shipping-taxable","39":"purchasable","40":"product-type-variable"},"yoast_head":"<!-- This site is optimized with the Yoast SEO Premium plugin v27.2 (Yoast SEO v27.2) - https:\/\/yoast.com\/product\/yoast-seo-premium-wordpress\/ -->\n<title>Collage de letras para tu pareja - Positive Prints<\/title>\n<meta name=\"description\" content=\"Expresa tu amor con un detalle que hable desde el coraz\u00f3n: un collage fotogr\u00e1fico de letras que celebre todos los momentos m\u00e1s importantes de tu relaci\u00f3n.\" \/>\n<meta name=\"robots\" content=\"index, follow, max-snippet:-1, max-image-preview:large, max-video-preview:-1\" \/>\n<link rel=\"canonical\" href=\"https:\/\/positiveprints.com\/es\/producto\/collage-fotografico-de-amor-con-letras\/\" \/>\n<meta property=\"og:locale\" content=\"es_ES\" \/>\n<meta property=\"og:type\" content=\"article\" \/>\n<meta property=\"og:title\" content=\"Collage de letras para tu pareja\" \/>\n<meta property=\"og:description\" content=\"Incluye un mensaje lleno de amor y significado, que le hable directamente al coraz\u00f3n  Personal\u00edzalo en 3 simples pasos  Elige una plantilla o crea tu propio dise\u00f1o  Visualiza tu dise\u00f1o al instante con nuestra vista previa interactiva\" \/>\n<meta property=\"og:url\" content=\"https:\/\/positiveprints.com\/es\/producto\/collage-fotografico-de-amor-con-letras\/\" \/>\n<meta property=\"og:site_name\" content=\"Positive Prints\" \/>\n<meta property=\"article:publisher\" content=\"https:\/\/www.facebook.com\/positiveprintscom\" \/>\n<meta property=\"article:modified_time\" content=\"2026-04-12T21:23:06+00:00\" \/>\n<meta property=\"og:image\" content=\"https:\/\/positiveprints.com\/wp-content\/uploads\/2025\/03\/Collage-de-letras-para-tu-pareja-1.webp\" \/>\n\t<meta property=\"og:image:width\" content=\"1450\" \/>\n\t<meta property=\"og:image:height\" content=\"1450\" \/>\n\t<meta property=\"og:image:type\" content=\"image\/webp\" \/>\n<meta name=\"twitter:card\" content=\"summary_large_image\" \/>\n<meta name=\"twitter:label1\" content=\"Tiempo de lectura\" \/>\n\t<meta name=\"twitter:data1\" content=\"1 minuto\" \/>\n<!-- \/ Yoast SEO Premium plugin. -->","yoast_head_json":{"title":"Collage de letras para tu pareja - Positive Prints","description":"Expresa tu amor con un detalle que hable desde el coraz\u00f3n: un collage fotogr\u00e1fico de letras que celebre todos los momentos m\u00e1s importantes de tu relaci\u00f3n.","robots":{"index":"index","follow":"follow","max-snippet":"max-snippet:-1","max-image-preview":"max-image-preview:large","max-video-preview":"max-video-preview:-1"},"canonical":"https:\/\/positiveprints.com\/es\/producto\/collage-fotografico-de-amor-con-letras\/","og_locale":"es_ES","og_type":"article","og_title":"Collage de letras para tu pareja","og_description":"Incluye un mensaje lleno de amor y significado, que le hable directamente al coraz\u00f3n  Personal\u00edzalo en 3 simples pasos  Elige una plantilla o crea tu propio dise\u00f1o  Visualiza tu dise\u00f1o al instante con nuestra vista previa interactiva","og_url":"https:\/\/positiveprints.com\/es\/producto\/collage-fotografico-de-amor-con-letras\/","og_site_name":"Positive Prints","article_publisher":"https:\/\/www.facebook.com\/positiveprintscom","article_modified_time":"2026-04-12T21:23:06+00:00","og_image":[{"width":1450,"height":1450,"url":"https:\/\/positiveprints.com\/wp-content\/uploads\/2025\/03\/Collage-de-letras-para-tu-pareja-1.webp","type":"image\/webp"}],"twitter_card":"summary_large_image","twitter_misc":{"Tiempo de lectura":"1 minuto"},"schema":{"@context":"https:\/\/schema.org","@graph":[{"@type":["WebPage","ItemPage"],"@id":"https:\/\/positiveprints.com\/es\/producto\/collage-fotografico-de-amor-con-letras\/","url":"https:\/\/positiveprints.com\/es\/producto\/collage-fotografico-de-amor-con-letras\/","name":"Collage de letras para tu pareja - Positive Prints","isPartOf":{"@id":"https:\/\/positiveprints.com\/es\/#website"},"primaryImageOfPage":{"@id":"https:\/\/positiveprints.com\/es\/producto\/collage-fotografico-de-amor-con-letras\/#primaryimage"},"image":{"@id":"https:\/\/positiveprints.com\/es\/producto\/collage-fotografico-de-amor-con-letras\/#primaryimage"},"thumbnailUrl":"https:\/\/positiveprints.com\/wp-content\/uploads\/2026\/03\/collage-de-fotos-de-amor_ES.webp","datePublished":"2023-05-04T14:39:51+00:00","dateModified":"2026-04-12T21:23:06+00:00","description":"Expresa tu amor con un detalle que hable desde el coraz\u00f3n: un collage fotogr\u00e1fico de letras que celebre todos los momentos m\u00e1s importantes de tu relaci\u00f3n.","breadcrumb":{"@id":"https:\/\/positiveprints.com\/es\/producto\/collage-fotografico-de-amor-con-letras\/#breadcrumb"},"inLanguage":"es","potentialAction":[{"@type":"ReadAction","target":["https:\/\/positiveprints.com\/es\/producto\/collage-fotografico-de-amor-con-letras\/"]}]},{"@type":"ImageObject","inLanguage":"es","@id":"https:\/\/positiveprints.com\/es\/producto\/collage-fotografico-de-amor-con-letras\/#primaryimage","url":"https:\/\/positiveprints.com\/wp-content\/uploads\/2026\/03\/collage-de-fotos-de-amor_ES.webp","contentUrl":"https:\/\/positiveprints.com\/wp-content\/uploads\/2026\/03\/collage-de-fotos-de-amor_ES.webp","width":1450,"height":1450},{"@type":"BreadcrumbList","@id":"https:\/\/positiveprints.com\/es\/producto\/collage-fotografico-de-amor-con-letras\/#breadcrumb","itemListElement":[{"@type":"ListItem","position":1,"name":"CASA","item":"https:\/\/positiveprints.com\/es\/"},{"@type":"ListItem","position":2,"name":"Productos","item":"https:\/\/positiveprints.com\/es\/shop\/"},{"@type":"ListItem","position":3,"name":"Collage de letras para tu pareja"}]},{"@type":"WebSite","@id":"https:\/\/positiveprints.com\/es\/#website","url":"https:\/\/positiveprints.com\/es\/","name":"Positive Prints","description":"Custom Gifts for Special Occasions","publisher":{"@id":"https:\/\/positiveprints.com\/es\/#organization"},"potentialAction":[{"@type":"SearchAction","target":{"@type":"EntryPoint","urlTemplate":"https:\/\/positiveprints.com\/es\/?s={search_term_string}"},"query-input":{"@type":"PropertyValueSpecification","valueRequired":true,"valueName":"search_term_string"}}],"inLanguage":"es"},{"@type":"Organization","@id":"https:\/\/positiveprints.com\/es\/#organization","name":"Positive Prints","alternateName":"Positive Prints","url":"https:\/\/positiveprints.com\/es\/","logo":{"@type":"ImageObject","inLanguage":"es","@id":"https:\/\/positiveprints.com\/es\/#\/schema\/logo\/image\/","url":"https:\/\/positiveprints.com\/wp-content\/uploads\/2026\/03\/245815646_1337939713319158_5671353136411139666_n.png","contentUrl":"https:\/\/positiveprints.com\/wp-content\/uploads\/2026\/03\/245815646_1337939713319158_5671353136411139666_n.png","width":800,"height":800,"caption":"Positive Prints"},"image":{"@id":"https:\/\/positiveprints.com\/es\/#\/schema\/logo\/image\/"},"sameAs":["https:\/\/www.facebook.com\/positiveprintscom","https:\/\/www.instagram.com\/positiveprintscom\/","https:\/\/www.tiktok.com\/@positiveprintscom","https:\/\/www.pinterest.com\/positiveprintscom\/"]}]}},"jetpack_sharing_enabled":true,"_links":{"self":[{"href":"https:\/\/positiveprints.com\/es\/wp-json\/wp\/v2\/product\/619262","targetHints":{"allow":["GET"]}}],"collection":[{"href":"https:\/\/positiveprints.com\/es\/wp-json\/wp\/v2\/product"}],"about":[{"href":"https:\/\/positiveprints.com\/es\/wp-json\/wp\/v2\/types\/product"}],"wp:featuredmedia":[{"embeddable":true,"href":"https:\/\/positiveprints.com\/es\/wp-json\/wp\/v2\/media\/1672088"}],"wp:attachment":[{"href":"https:\/\/positiveprints.com\/es\/wp-json\/wp\/v2\/media?parent=619262"}],"wp:term":[{"taxonomy":"product_brand","embeddable":true,"href":"https:\/\/positiveprints.com\/es\/wp-json\/wp\/v2\/product_brand?post=619262"},{"taxonomy":"product_cat","embeddable":true,"href":"https:\/\/positiveprints.com\/es\/wp-json\/wp\/v2\/product_cat?post=619262"},{"taxonomy":"product_tag","embeddable":true,"href":"https:\/\/positiveprints.com\/es\/wp-json\/wp\/v2\/product_tag?post=619262"}],"curies":[{"name":"wp","href":"https:\/\/api.w.org\/{rel}","templated":true}]}}