{"id":610004,"date":"2023-04-24T13:44:47","date_gmt":"2023-04-24T12:44:47","guid":{"rendered":"https:\/\/positiveprints.com\/?post_type=product&#038;p=610004"},"modified":"2026-04-03T03:16:57","modified_gmt":"2026-04-03T02:16:57","slug":"mapa-estelar-triple-nuestra-historia-de-amor","status":"publish","type":"product","link":"https:\/\/positiveprints.com\/es\/producto\/mapa-estelar-triple-nuestra-historia-de-amor\/","title":{"rendered":"Mapa estelar triple: \u201cNuestra historia de amor\u201d"},"content":{"rendered":"<p style=\"margin-top: 1rem\">Si est\u00e1s buscando un regalo distintivo y emotivo para tu pareja, entonces \u201cNuestra historia de amor\u201d es la opci\u00f3n perfecta para ti. Esta impresi\u00f3n personalizada conmemora tres momentos \u00fanicos en su relaci\u00f3n, lo que la convierte en un regalo ideal para aniversarios, bodas, San Valent\u00edn, Navidad o cualquier otra festividad importante.<\/p>\r\n\r\n\r\n<p style=\"margin-top: 1rem\">Esta impresi\u00f3n personalizada te permitir\u00e1 mostrar el d\u00eda en que se conocieron por primera vez, el d\u00eda en que se comprometieron y el d\u00eda en que se casaron. Incluso puedes elegir varios momentos especiales dentro de su relaci\u00f3n, como el d\u00eda de una cita inolvidable, el d\u00eda en que se besaron por primera vez o el d\u00eda que compraron una casa. \u00a1Las opciones son ilimitadas! Personaliza tus mapas estelares y comparte su incre\u00edble historia de amor con el mundo.<\/p>\r\n\r\n\r\n<p style=\"margin-top: 1rem\">\u00a1Crear tu mapa estelar triple de \u201cnuestra historia de amor\u201d es muy f\u00e1cil! Con nuestro editor en l\u00ednea, puedes elegir el dise\u00f1o y los colores que m\u00e1s te gusten. \u00a1Tenemos dise\u00f1os circulares o en forma de coraz\u00f3n! Selecciona las fechas y ubicaciones de cada uno de tus mapas y podr\u00e1s obtener una vista previa de tu obra de arte en cada paso del proceso de dise\u00f1o. Por \u00faltimo, elige entre una variedad de formatos y tama\u00f1os para que tu regalo sea el detalle perfecto para conmemorar alguna ocasi\u00f3n especial.<\/p>\r\n\r\n\r\n<p style=\"margin-top: 1rem\">Sin duda, este conmovedor regalo ser\u00e1 un hermoso recuerdo encapsulado en la pared. Pide tu mapa estelar triple de \u201cnuestra historia de amor\u201d y sorprende a tu pareja con un regalo \u00fanico que viene del coraz\u00f3n.<\/p>","protected":false},"excerpt":{"rendered":"<ul class=\"check-list\">\n<li>Dise\u00f1a un mapa estelar que muestre el cielo nocturno de tres lugares y fechas diferentes<\/li>\n<li>Agrega las constelaciones y la V\u00eda L\u00e1ctea<\/li>\n<li>Personal\u00edzalo en tres sencillos pasos<\/li>\n<li>Agrega un texto personalizado<\/li>\n<li>Ve el resultado de inmediato: la vista previa interactiva te permite perfeccionar cada detalle<\/li>\n<\/ul>\n","protected":false},"featured_media":1262228,"template":"","meta":[],"product_brand":[],"product_cat":[8189,9103,106,5277,5270,11455,11456,11452,11448,11462,11457,8012,7693,7757,7805,3119,11249,11250],"product_tag":[15522,9187,11826,11821,11757,11825,11820,11771],"class_list":{"0":"post-610004","1":"product","2":"type-product","3":"status-publish","4":"has-post-thumbnail","6":"product_cat-para-ella","7":"product_cat-trio-stars-es","8":"product_cat-todos-los-productos","9":"product_cat-regalos-de-compromiso","10":"product_cat-regalos-de-navidad","11":"product_cat-regalos-de-navidad-para-mujer","12":"product_cat-regalos-de-navidad-para-hombre","13":"product_cat-regalos-de-navidad-para-la-novia","14":"product_cat-regalos-de-navidad-para-el-novio","15":"product_cat-regalos-de-navidad-para-la-esposa","16":"product_cat-regalos-de-navidad-para-el-marido","17":"product_cat-regalos-para-hombres","18":"product_cat-regalos-para-mujeres","19":"product_cat-regalos-para-mi-esposa","20":"product_cat-regalos-para-parejas","21":"product_cat-regalos-de-san-valentin","22":"product_cat-regalos-de-san-valentin-mujeres","23":"product_cat-regalos-de-san-valentin-hombres","24":"product_tag-nuestra-historia-de-amor","25":"product_tag-pareja","26":"product_tag-regalos-de-navidad-para-el","27":"product_tag-regalos-de-navidad-para-el-marido","28":"product_tag-regalos-de-navidad-para-el-novio","29":"product_tag-regalos-de-navidad-para-ella","30":"product_tag-regalos-de-navidad-para-la-esposa","31":"product_tag-regalos-de-navidad-para-la-novia","33":"first","34":"instock","35":"sale","36":"taxable","37":"shipping-taxable","38":"purchasable","39":"product-type-variable"},"yoast_head":"<!-- This site is optimized with the Yoast SEO Premium plugin v27.2 (Yoast SEO v27.2) - https:\/\/yoast.com\/product\/yoast-seo-premium-wordpress\/ -->\n<title>Mapa estelar Nuestra historia de amor - Positive Prints<\/title>\n<meta name=\"description\" content=\"\u201cNuestra historia de amor\u201d conmemora tres momentos especiales en su relaci\u00f3n, lo que lo convierte en el regalo ideal para aniversarios, bodas o San Valent\u00edn.\" \/>\n<meta name=\"robots\" content=\"index, follow, max-snippet:-1, max-image-preview:large, max-video-preview:-1\" \/>\n<link rel=\"canonical\" href=\"https:\/\/positiveprints.com\/es\/producto\/mapa-estelar-triple-nuestra-historia-de-amor\/\" \/>\n<meta property=\"og:locale\" content=\"es_ES\" \/>\n<meta property=\"og:type\" content=\"article\" \/>\n<meta property=\"og:title\" content=\"Mapa estelar triple: \u201cNuestra historia de amor\u201d\" \/>\n<meta property=\"og:description\" content=\"Dise\u00f1a un mapa estelar que muestre el cielo nocturno de tres lugares y fechas diferentes Agrega las constelaciones y la V\u00eda L\u00e1ctea Personal\u00edzalo en tres sencillos pasos Agrega un texto personalizado Ve el resultado de inmediato: la vista previa interactiva te permite perfeccionar cada detalle\" \/>\n<meta property=\"og:url\" content=\"https:\/\/positiveprints.com\/es\/producto\/mapa-estelar-triple-nuestra-historia-de-amor\/\" \/>\n<meta property=\"og:site_name\" content=\"Positive Prints\" \/>\n<meta property=\"article:publisher\" content=\"https:\/\/www.facebook.com\/positiveprintscom\" \/>\n<meta property=\"article:modified_time\" content=\"2026-04-03T02:16:57+00:00\" \/>\n<meta property=\"og:image\" content=\"https:\/\/positiveprints.com\/wp-content\/uploads\/2024\/11\/Packshot_ES_Our-Love-Story-Triple-Star-Map-product-image-.webp\" \/>\n\t<meta property=\"og:image:width\" content=\"1450\" \/>\n\t<meta property=\"og:image:height\" content=\"1450\" \/>\n\t<meta property=\"og:image:type\" content=\"image\/webp\" \/>\n<meta name=\"twitter:card\" content=\"summary_large_image\" \/>\n<meta name=\"twitter:label1\" content=\"Tiempo de lectura\" \/>\n\t<meta name=\"twitter:data1\" content=\"2 minutos\" \/>\n<!-- \/ Yoast SEO Premium plugin. -->","yoast_head_json":{"title":"Mapa estelar Nuestra historia de amor - Positive Prints","description":"\u201cNuestra historia de amor\u201d conmemora tres momentos especiales en su relaci\u00f3n, lo que lo convierte en el regalo ideal para aniversarios, bodas o San Valent\u00edn.","robots":{"index":"index","follow":"follow","max-snippet":"max-snippet:-1","max-image-preview":"max-image-preview:large","max-video-preview":"max-video-preview:-1"},"canonical":"https:\/\/positiveprints.com\/es\/producto\/mapa-estelar-triple-nuestra-historia-de-amor\/","og_locale":"es_ES","og_type":"article","og_title":"Mapa estelar triple: \u201cNuestra historia de amor\u201d","og_description":"Dise\u00f1a un mapa estelar que muestre el cielo nocturno de tres lugares y fechas diferentes Agrega las constelaciones y la V\u00eda L\u00e1ctea Personal\u00edzalo en tres sencillos pasos Agrega un texto personalizado Ve el resultado de inmediato: la vista previa interactiva te permite perfeccionar cada detalle","og_url":"https:\/\/positiveprints.com\/es\/producto\/mapa-estelar-triple-nuestra-historia-de-amor\/","og_site_name":"Positive Prints","article_publisher":"https:\/\/www.facebook.com\/positiveprintscom","article_modified_time":"2026-04-03T02:16:57+00:00","og_image":[{"width":1450,"height":1450,"url":"https:\/\/positiveprints.com\/wp-content\/uploads\/2024\/11\/Packshot_ES_Our-Love-Story-Triple-Star-Map-product-image-.webp","type":"image\/webp"}],"twitter_card":"summary_large_image","twitter_misc":{"Tiempo de lectura":"2 minutos"},"schema":{"@context":"https:\/\/schema.org","@graph":[{"@type":["WebPage","ItemPage"],"@id":"https:\/\/positiveprints.com\/es\/producto\/mapa-estelar-triple-nuestra-historia-de-amor\/","url":"https:\/\/positiveprints.com\/es\/producto\/mapa-estelar-triple-nuestra-historia-de-amor\/","name":"Mapa estelar Nuestra historia de amor - Positive Prints","isPartOf":{"@id":"https:\/\/positiveprints.com\/es\/#website"},"primaryImageOfPage":{"@id":"https:\/\/positiveprints.com\/es\/producto\/mapa-estelar-triple-nuestra-historia-de-amor\/#primaryimage"},"image":{"@id":"https:\/\/positiveprints.com\/es\/producto\/mapa-estelar-triple-nuestra-historia-de-amor\/#primaryimage"},"thumbnailUrl":"https:\/\/positiveprints.com\/wp-content\/uploads\/2024\/11\/Packshot_ES_Our-Love-Story-Triple-Star-Map-product-image-.webp","datePublished":"2023-04-24T12:44:47+00:00","dateModified":"2026-04-03T02:16:57+00:00","description":"\u201cNuestra historia de amor\u201d conmemora tres momentos especiales en su relaci\u00f3n, lo que lo convierte en el regalo ideal para aniversarios, bodas o San Valent\u00edn.","breadcrumb":{"@id":"https:\/\/positiveprints.com\/es\/producto\/mapa-estelar-triple-nuestra-historia-de-amor\/#breadcrumb"},"inLanguage":"es","potentialAction":[{"@type":"ReadAction","target":["https:\/\/positiveprints.com\/es\/producto\/mapa-estelar-triple-nuestra-historia-de-amor\/"]}]},{"@type":"ImageObject","inLanguage":"es","@id":"https:\/\/positiveprints.com\/es\/producto\/mapa-estelar-triple-nuestra-historia-de-amor\/#primaryimage","url":"https:\/\/positiveprints.com\/wp-content\/uploads\/2024\/11\/Packshot_ES_Our-Love-Story-Triple-Star-Map-product-image-.webp","contentUrl":"https:\/\/positiveprints.com\/wp-content\/uploads\/2024\/11\/Packshot_ES_Our-Love-Story-Triple-Star-Map-product-image-.webp","width":1450,"height":1450},{"@type":"BreadcrumbList","@id":"https:\/\/positiveprints.com\/es\/producto\/mapa-estelar-triple-nuestra-historia-de-amor\/#breadcrumb","itemListElement":[{"@type":"ListItem","position":1,"name":"CASA","item":"https:\/\/positiveprints.com\/es\/"},{"@type":"ListItem","position":2,"name":"Productos","item":"https:\/\/positiveprints.com\/es\/shop\/"},{"@type":"ListItem","position":3,"name":"Mapa estelar triple: \u201cNuestra historia de amor\u201d"}]},{"@type":"WebSite","@id":"https:\/\/positiveprints.com\/es\/#website","url":"https:\/\/positiveprints.com\/es\/","name":"Positive Prints","description":"Custom Gifts for Special Occasions","publisher":{"@id":"https:\/\/positiveprints.com\/es\/#organization"},"potentialAction":[{"@type":"SearchAction","target":{"@type":"EntryPoint","urlTemplate":"https:\/\/positiveprints.com\/es\/?s={search_term_string}"},"query-input":{"@type":"PropertyValueSpecification","valueRequired":true,"valueName":"search_term_string"}}],"inLanguage":"es"},{"@type":"Organization","@id":"https:\/\/positiveprints.com\/es\/#organization","name":"Positive Prints","alternateName":"Positive Prints","url":"https:\/\/positiveprints.com\/es\/","logo":{"@type":"ImageObject","inLanguage":"es","@id":"https:\/\/positiveprints.com\/es\/#\/schema\/logo\/image\/","url":"https:\/\/positiveprints.com\/wp-content\/uploads\/2026\/03\/245815646_1337939713319158_5671353136411139666_n.png","contentUrl":"https:\/\/positiveprints.com\/wp-content\/uploads\/2026\/03\/245815646_1337939713319158_5671353136411139666_n.png","width":800,"height":800,"caption":"Positive Prints"},"image":{"@id":"https:\/\/positiveprints.com\/es\/#\/schema\/logo\/image\/"},"sameAs":["https:\/\/www.facebook.com\/positiveprintscom","https:\/\/www.instagram.com\/positiveprintscom\/","https:\/\/www.tiktok.com\/@positiveprintscom","https:\/\/www.pinterest.com\/positiveprintscom\/"]}]}},"jetpack_sharing_enabled":true,"_links":{"self":[{"href":"https:\/\/positiveprints.com\/es\/wp-json\/wp\/v2\/product\/610004","targetHints":{"allow":["GET"]}}],"collection":[{"href":"https:\/\/positiveprints.com\/es\/wp-json\/wp\/v2\/product"}],"about":[{"href":"https:\/\/positiveprints.com\/es\/wp-json\/wp\/v2\/types\/product"}],"wp:featuredmedia":[{"embeddable":true,"href":"https:\/\/positiveprints.com\/es\/wp-json\/wp\/v2\/media\/1262228"}],"wp:attachment":[{"href":"https:\/\/positiveprints.com\/es\/wp-json\/wp\/v2\/media?parent=610004"}],"wp:term":[{"taxonomy":"product_brand","embeddable":true,"href":"https:\/\/positiveprints.com\/es\/wp-json\/wp\/v2\/product_brand?post=610004"},{"taxonomy":"product_cat","embeddable":true,"href":"https:\/\/positiveprints.com\/es\/wp-json\/wp\/v2\/product_cat?post=610004"},{"taxonomy":"product_tag","embeddable":true,"href":"https:\/\/positiveprints.com\/es\/wp-json\/wp\/v2\/product_tag?post=610004"}],"curies":[{"name":"wp","href":"https:\/\/api.w.org\/{rel}","templated":true}]}}