{"id":609950,"date":"2023-04-24T12:10:41","date_gmt":"2023-04-24T11:10:41","guid":{"rendered":"https:\/\/positiveprints.com\/?post_type=product&#038;p=609950"},"modified":"2026-04-18T05:53:04","modified_gmt":"2026-04-18T04:53:04","slug":"mapa-estelar-nos-conocimos-nos-comprometimos-nos-casamos","status":"publish","type":"product","link":"https:\/\/positiveprints.com\/es\/producto\/mapa-estelar-nos-conocimos-nos-comprometimos-nos-casamos\/","title":{"rendered":"Mapa estelar: \u201cNos conocimos. Nos comprometimos. \u201cNos casamos.\u201d"},"content":{"rendered":"<p style=\"margin-top: 1rem\">\u00bfEst\u00e1s buscando el regalo de bodas perfecto que capture su historia de amor? \u201cNos conocimos. Nos comprometimos. \u201cNos casamos.\u201d es un mapa estelar personalizado que te permitir\u00e1 celebrar su amor de mil maneras.<\/p>\r\n\r\n\r\n<p style=\"margin-top: 1rem\">Esta impresi\u00f3n muestra tres mapas estelares personalizados que capturan tres momentos m\u00e1gicos en su vida como pareja. El primer mapa estelar representa el momento en que se conocieron, con las palabras &#8220;nos conocimos&#8221; escritas debajo. El segundo mapa muestra el cielo estrellado del d\u00eda en que se comprometieron, con las palabras &#8220;nos comprometimos&#8221; debajo. Y por \u00faltimo, el tercer mapa estelar muestra c\u00f3mo se ve\u00edan las estrellas en su noche de bodas, con las palabras &#8220;nos casamos&#8221;.<\/p>\r\n\r\n\r\n<p style=\"margin-top: 1rem\">\u00a1Crear tu mapa estelar es muy f\u00e1cil! Abre nuestro editor en l\u00ednea y elige un dise\u00f1o. Puedes elegir mapas circulares o en forma de coraz\u00f3n. Incluso puedes personalizar los colores a tu gusto. Solo debes seleccionar las fechas y ubicaciones para cada uno de los tres mapas estelares. Puedes visualizar tu obra de arte personalizada en cada paso. Una vez que est\u00e9s satisfecho con el dise\u00f1o, elige el formato y tama\u00f1o que m\u00e1s te convengan. Ya sea que elijas un p\u00f3ster impreso o enmarcado, un lienzo o un archivo de descarga digital, \u00a1tenemos la opci\u00f3n perfecta para satisfacer todas tus necesidades!<\/p>\r\n\r\n\r\n<p style=\"margin-top: 1rem\">\u00a1Pide tu mapa estelar \u201cNos conocimos. Nos comprometimos. \u201cNos casamos.\u201d hoy mismo! Celebren su amor con un detalle que podr\u00e1n atesorar hasta que la muerte los separe.<\/p>","protected":false},"excerpt":{"rendered":"<ul class=\"check-list\">\n<li>Dise\u00f1a un mapa estelar que muestre el cielo nocturno de tres lugares y fechas diferentes<\/li>\n<li>Agrega las constelaciones y la V\u00eda L\u00e1ctea<\/li>\n<li>Personal\u00edzalo en tres sencillos pasos<\/li>\n<li>Agrega un texto personalizado<\/li>\n<li>Ve el resultado de inmediato: la vista previa interactiva te permite perfeccionar cada detalle<\/li>\n<\/ul>\n","protected":false},"featured_media":1258044,"template":"","meta":[],"product_brand":[],"product_cat":[5334,3124,7933,7646,11189,11188,11187,106,9103],"product_tag":[15522,15081],"class_list":{"0":"post-609950","1":"product","2":"type-product","3":"status-publish","4":"has-post-thumbnail","6":"product_cat-regalos-de-aniversario","7":"product_cat-regalos-de-boda","8":"product_cat-regalos-para-despedidas-de-soltera","9":"product_cat-regalos-para-mi-esposo","10":"product_cat-regalos-de-aniversario-para-el","11":"product_cat-regalos-de-aniversario-para-ella","12":"product_cat-regalos-de-aniversario-para-pareja","13":"product_cat-todos-los-productos","14":"product_cat-trio-stars-es","15":"product_tag-nuestra-historia-de-amor","16":"product_tag-wedding-es-2","18":"first","19":"instock","20":"sale","21":"taxable","22":"shipping-taxable","23":"purchasable","24":"product-type-variable"},"yoast_head":"<!-- This site is optimized with the Yoast SEO Premium plugin v27.2 (Yoast SEO v27.2) - https:\/\/yoast.com\/product\/yoast-seo-premium-wordpress\/ -->\n<title>Conocimos Comprometimos Casamos Mapa Estelar - Positive Prints<\/title>\n<meta name=\"description\" content=\"\u00a1Pide tu mapa estelar \u201cNos conocimos. Nos comprometimos. \u201cNos casamos.\u201d hoy mismo! Celebren su amor con un detalle que podr\u00e1n atesorar hasta que la muerte los separe.\" \/>\n<meta name=\"robots\" content=\"index, follow, max-snippet:-1, max-image-preview:large, max-video-preview:-1\" \/>\n<link rel=\"canonical\" href=\"https:\/\/positiveprints.com\/es\/producto\/mapa-estelar-nos-conocimos-nos-comprometimos-nos-casamos\/\" \/>\n<meta property=\"og:locale\" content=\"es_ES\" \/>\n<meta property=\"og:type\" content=\"article\" \/>\n<meta property=\"og:title\" content=\"Mapa estelar: \u201cNos conocimos. Nos comprometimos. \u201cNos casamos.\u201d\" \/>\n<meta property=\"og:description\" content=\"Dise\u00f1a un mapa estelar que muestre el cielo nocturno de tres lugares y fechas diferentes Agrega las constelaciones y la V\u00eda L\u00e1ctea Personal\u00edzalo en tres sencillos pasos Agrega un texto personalizado Ve el resultado de inmediato: la vista previa interactiva te permite perfeccionar cada detalle\" \/>\n<meta property=\"og:url\" content=\"https:\/\/positiveprints.com\/es\/producto\/mapa-estelar-nos-conocimos-nos-comprometimos-nos-casamos\/\" \/>\n<meta property=\"og:site_name\" content=\"Positive Prints\" \/>\n<meta property=\"article:publisher\" content=\"https:\/\/www.facebook.com\/positiveprintscom\" \/>\n<meta property=\"article:modified_time\" content=\"2026-04-18T04:53:04+00:00\" \/>\n<meta property=\"og:image\" content=\"https:\/\/positiveprints.com\/wp-content\/uploads\/2024\/11\/Packshot_ES_Met-Engaged-Married-Star-Map-product-image-.webp\" \/>\n\t<meta property=\"og:image:width\" content=\"1450\" \/>\n\t<meta property=\"og:image:height\" content=\"1450\" \/>\n\t<meta property=\"og:image:type\" content=\"image\/webp\" \/>\n<meta name=\"twitter:card\" content=\"summary_large_image\" \/>\n<meta name=\"twitter:label1\" content=\"Tiempo de lectura\" \/>\n\t<meta name=\"twitter:data1\" content=\"2 minutos\" \/>\n<!-- \/ Yoast SEO Premium plugin. -->","yoast_head_json":{"title":"Conocimos Comprometimos Casamos Mapa Estelar - Positive Prints","description":"\u00a1Pide tu mapa estelar \u201cNos conocimos. Nos comprometimos. \u201cNos casamos.\u201d hoy mismo! Celebren su amor con un detalle que podr\u00e1n atesorar hasta que la muerte los separe.","robots":{"index":"index","follow":"follow","max-snippet":"max-snippet:-1","max-image-preview":"max-image-preview:large","max-video-preview":"max-video-preview:-1"},"canonical":"https:\/\/positiveprints.com\/es\/producto\/mapa-estelar-nos-conocimos-nos-comprometimos-nos-casamos\/","og_locale":"es_ES","og_type":"article","og_title":"Mapa estelar: \u201cNos conocimos. Nos comprometimos. \u201cNos casamos.\u201d","og_description":"Dise\u00f1a un mapa estelar que muestre el cielo nocturno de tres lugares y fechas diferentes Agrega las constelaciones y la V\u00eda L\u00e1ctea Personal\u00edzalo en tres sencillos pasos Agrega un texto personalizado Ve el resultado de inmediato: la vista previa interactiva te permite perfeccionar cada detalle","og_url":"https:\/\/positiveprints.com\/es\/producto\/mapa-estelar-nos-conocimos-nos-comprometimos-nos-casamos\/","og_site_name":"Positive Prints","article_publisher":"https:\/\/www.facebook.com\/positiveprintscom","article_modified_time":"2026-04-18T04:53:04+00:00","og_image":[{"width":1450,"height":1450,"url":"https:\/\/positiveprints.com\/wp-content\/uploads\/2024\/11\/Packshot_ES_Met-Engaged-Married-Star-Map-product-image-.webp","type":"image\/webp"}],"twitter_card":"summary_large_image","twitter_misc":{"Tiempo de lectura":"2 minutos"},"schema":{"@context":"https:\/\/schema.org","@graph":[{"@type":["WebPage","ItemPage"],"@id":"https:\/\/positiveprints.com\/es\/producto\/mapa-estelar-nos-conocimos-nos-comprometimos-nos-casamos\/","url":"https:\/\/positiveprints.com\/es\/producto\/mapa-estelar-nos-conocimos-nos-comprometimos-nos-casamos\/","name":"Conocimos Comprometimos Casamos Mapa Estelar - Positive Prints","isPartOf":{"@id":"https:\/\/positiveprints.com\/es\/#website"},"primaryImageOfPage":{"@id":"https:\/\/positiveprints.com\/es\/producto\/mapa-estelar-nos-conocimos-nos-comprometimos-nos-casamos\/#primaryimage"},"image":{"@id":"https:\/\/positiveprints.com\/es\/producto\/mapa-estelar-nos-conocimos-nos-comprometimos-nos-casamos\/#primaryimage"},"thumbnailUrl":"https:\/\/positiveprints.com\/wp-content\/uploads\/2024\/11\/Packshot_ES_Met-Engaged-Married-Star-Map-product-image-.webp","datePublished":"2023-04-24T11:10:41+00:00","dateModified":"2026-04-18T04:53:04+00:00","description":"\u00a1Pide tu mapa estelar \u201cNos conocimos. Nos comprometimos. \u201cNos casamos.\u201d hoy mismo! Celebren su amor con un detalle que podr\u00e1n atesorar hasta que la muerte los separe.","breadcrumb":{"@id":"https:\/\/positiveprints.com\/es\/producto\/mapa-estelar-nos-conocimos-nos-comprometimos-nos-casamos\/#breadcrumb"},"inLanguage":"es","potentialAction":[{"@type":"ReadAction","target":["https:\/\/positiveprints.com\/es\/producto\/mapa-estelar-nos-conocimos-nos-comprometimos-nos-casamos\/"]}]},{"@type":"ImageObject","inLanguage":"es","@id":"https:\/\/positiveprints.com\/es\/producto\/mapa-estelar-nos-conocimos-nos-comprometimos-nos-casamos\/#primaryimage","url":"https:\/\/positiveprints.com\/wp-content\/uploads\/2024\/11\/Packshot_ES_Met-Engaged-Married-Star-Map-product-image-.webp","contentUrl":"https:\/\/positiveprints.com\/wp-content\/uploads\/2024\/11\/Packshot_ES_Met-Engaged-Married-Star-Map-product-image-.webp","width":1450,"height":1450,"caption":"Packshot_ES_Met Engaged Married Star Map product image"},{"@type":"BreadcrumbList","@id":"https:\/\/positiveprints.com\/es\/producto\/mapa-estelar-nos-conocimos-nos-comprometimos-nos-casamos\/#breadcrumb","itemListElement":[{"@type":"ListItem","position":1,"name":"CASA","item":"https:\/\/positiveprints.com\/es\/"},{"@type":"ListItem","position":2,"name":"Productos","item":"https:\/\/positiveprints.com\/es\/shop\/"},{"@type":"ListItem","position":3,"name":"Mapa estelar: \u201cNos conocimos. Nos comprometimos. \u201cNos casamos.\u201d"}]},{"@type":"WebSite","@id":"https:\/\/positiveprints.com\/es\/#website","url":"https:\/\/positiveprints.com\/es\/","name":"Positive Prints","description":"Custom Gifts for Special Occasions","publisher":{"@id":"https:\/\/positiveprints.com\/es\/#organization"},"potentialAction":[{"@type":"SearchAction","target":{"@type":"EntryPoint","urlTemplate":"https:\/\/positiveprints.com\/es\/?s={search_term_string}"},"query-input":{"@type":"PropertyValueSpecification","valueRequired":true,"valueName":"search_term_string"}}],"inLanguage":"es"},{"@type":"Organization","@id":"https:\/\/positiveprints.com\/es\/#organization","name":"Positive Prints","alternateName":"Positive Prints","url":"https:\/\/positiveprints.com\/es\/","logo":{"@type":"ImageObject","inLanguage":"es","@id":"https:\/\/positiveprints.com\/es\/#\/schema\/logo\/image\/","url":"https:\/\/positiveprints.com\/wp-content\/uploads\/2026\/03\/245815646_1337939713319158_5671353136411139666_n.png","contentUrl":"https:\/\/positiveprints.com\/wp-content\/uploads\/2026\/03\/245815646_1337939713319158_5671353136411139666_n.png","width":800,"height":800,"caption":"Positive Prints"},"image":{"@id":"https:\/\/positiveprints.com\/es\/#\/schema\/logo\/image\/"},"sameAs":["https:\/\/www.facebook.com\/positiveprintscom","https:\/\/www.instagram.com\/positiveprintscom\/","https:\/\/www.tiktok.com\/@positiveprintscom","https:\/\/www.pinterest.com\/positiveprintscom\/"]}]}},"jetpack_sharing_enabled":true,"_links":{"self":[{"href":"https:\/\/positiveprints.com\/es\/wp-json\/wp\/v2\/product\/609950","targetHints":{"allow":["GET"]}}],"collection":[{"href":"https:\/\/positiveprints.com\/es\/wp-json\/wp\/v2\/product"}],"about":[{"href":"https:\/\/positiveprints.com\/es\/wp-json\/wp\/v2\/types\/product"}],"wp:featuredmedia":[{"embeddable":true,"href":"https:\/\/positiveprints.com\/es\/wp-json\/wp\/v2\/media\/1258044"}],"wp:attachment":[{"href":"https:\/\/positiveprints.com\/es\/wp-json\/wp\/v2\/media?parent=609950"}],"wp:term":[{"taxonomy":"product_brand","embeddable":true,"href":"https:\/\/positiveprints.com\/es\/wp-json\/wp\/v2\/product_brand?post=609950"},{"taxonomy":"product_cat","embeddable":true,"href":"https:\/\/positiveprints.com\/es\/wp-json\/wp\/v2\/product_cat?post=609950"},{"taxonomy":"product_tag","embeddable":true,"href":"https:\/\/positiveprints.com\/es\/wp-json\/wp\/v2\/product_tag?post=609950"}],"curies":[{"name":"wp","href":"https:\/\/api.w.org\/{rel}","templated":true}]}}